{"id":42179,"date":"2025-12-17T01:38:18","date_gmt":"2025-12-17T09:38:18","guid":{"rendered":"https:\/\/tangooled.com\/?post_type=product&#038;p=42179"},"modified":"2026-02-02T02:10:42","modified_gmt":"2026-02-02T10:10:42","slug":"60mm-round-led-aluminum-housing-large-diameter-rs60","status":"publish","type":"product","link":"https:\/\/tangooled.com\/es\/product\/60mm-round-led-aluminum-housing-large-diameter-rs60\/","title":{"rendered":"Carcasa de aluminio LED redonda de 60 mm para suspensi\u00f3n a gran escala"},"content":{"rendered":"<div class=\"wp-block-group is-vertical is-layout-flex wp-container-core-group-is-layout-d255d7c4 wp-block-group-is-layout-flex\" style=\"padding-top:var(--wp--preset--spacing--80);padding-bottom:var(--wp--preset--spacing--80)\">\n<p>La carcasa de aluminio LED redonda de 60 mm para suspensi\u00f3n es un robusto artefacto de luz circular compuesto de un canal de aluminio y un difusor de luz de PC. Con kits de suspensi\u00f3n, este perfil se puede colgar hermosamente del techo.<\/p>\n\n\n\n<p>El difusor LED curvado es la parte m\u00e1s importante. Cubre gran parte de la circunferencia y emite luz en un \u00e1ngulo de aproximadamente 270 grados. El dise\u00f1o mantiene la tira de luz LED en su lugar y proporciona luz brillante y uniforme sin puntos.<\/p>\n\n\n\n<p>Su gran tama\u00f1o y dise\u00f1o redondo lo convierten en una opci\u00f3n perfecta para iluminaci\u00f3n principal o decorativa en espacios grandes y modernos. Luce maravilloso en vest\u00edbulos con techos altos, oficinas enormes, tiendas y proyectos arquitect\u00f3nicos que requieren un dise\u00f1o lineal flotante \u00fanico.<\/p>\n<\/div>\n\n\n\n<div class=\"wp-block-group has-background is-vertical is-layout-flex wp-container-core-group-is-layout-d255d7c4 wp-block-group-is-layout-flex\" style=\"background-color:#f1f1f1;padding-top:var(--wp--preset--spacing--80);padding-bottom:var(--wp--preset--spacing--80)\">\n<div class=\"wp-block-group is-vertical is-layout-flex wp-container-core-group-is-layout-8cf370e7 wp-block-group-is-layout-flex\">\n<h2 class=\"wp-block-heading\" style=\"padding-top:var(--wp--preset--spacing--40);padding-bottom:var(--wp--preset--spacing--40);font-size:25px;font-style:normal;font-weight:600;text-transform:capitalize\">Caracter\u00edsticas clave de la carcasa de aluminio LED redonda de 60 mm<\/h2>\n\n\n\n<ul class=\"wp-block-list\">\n<li>El aluminio 6063-T5 es robusto y mantiene tu luz LED segura y fresca.<\/li>\n\n\n\n<li>El ancho m\u00e1ximo de una tira LED puede ser de 20 mm, lo que funciona tanto para tiras simples como dobles.<\/li>\n\n\n\n<li>La luz es m\u00e1s suave porque tiene una parte superior de policarbonato opal.<\/li>\n\n\n\n<li>El conjunto de suspensi\u00f3n incluye grippers de lat\u00f3n y alambre de acero.<\/li>\n\n\n\n<li>Puedes controlar la luz con controladores LED regulables como DALI o 0-10V.<\/li>\n\n\n\n<li>Caracter\u00edsticas de tapas finales y conexiones de uni\u00f3n de perfil que facilitan el ensamblaje.<\/li>\n<\/ul>\n<\/div>\n<\/div>\n\n\n\n<div class=\"wp-block-group\" style=\"padding-top:var(--wp--preset--spacing--80);padding-bottom:var(--wp--preset--spacing--80)\"><div class=\"wp-block-group__inner-container is-layout-constrained wp-block-group-is-layout-constrained\">\n<div class=\"wp-block-media-text has-media-on-the-right is-stacked-on-mobile\" style=\"grid-template-columns:auto 40%\"><div class=\"wp-block-media-text__content\">\n<h2 class=\"wp-block-heading\" style=\"padding-top:var(--wp--preset--spacing--40);padding-bottom:var(--wp--preset--spacing--40);font-size:25px;font-style:normal;font-weight:600;text-transform:capitalize\">D\u00f3nde usar el perfil LED RS60<\/h2>\n\n\n\n<ul class=\"wp-block-list\">\n<li>Iluminaci\u00f3n de oficina: cuelga sobre escritorios en oficinas abiertas o salas de juntas.<\/li>\n\n\n\n<li>Iluminaci\u00f3n para salas de exhibici\u00f3n minorista: usa luz brillante y clara para mostrar tu mercanc\u00eda.<\/li>\n\n\n\n<li>Un artefacto de luz para la sala de conferencias que a\u00f1ade estilo y atrae la atenci\u00f3n.<\/li>\n\n\n\n<li>Una l\u00e1mpara colgante para el comedor hace que las comidas sean m\u00e1s c\u00f3modas y elegantes.<\/li>\n<\/ul>\n<\/div><figure class=\"wp-block-media-text__media\"><img loading=\"lazy\" decoding=\"async\" width=\"500\" height=\"500\" src=\"https:\/\/tangooled.com\/wp-content\/uploads\/2025\/12\/rs60-ins.webp\" alt=\"60mm round led aluminum profile for suspension\" class=\"wp-image-42362 size-full\" srcset=\"https:\/\/tangooled.com\/wp-content\/uploads\/2025\/12\/rs60-ins.webp 500w, https:\/\/tangooled.com\/wp-content\/uploads\/2025\/12\/rs60-ins-300x300.webp 300w, https:\/\/tangooled.com\/wp-content\/uploads\/2025\/12\/rs60-ins-150x150.webp 150w\" sizes=\"auto, (max-width: 500px) 100vw, 500px\" \/><\/figure><\/div>\n<\/div><\/div>\n\n\n\n<div class=\"wp-block-group has-background\" style=\"background-color:#f1f1f1f2;padding-top:var(--wp--preset--spacing--80);padding-bottom:var(--wp--preset--spacing--80)\"><div class=\"wp-block-group__inner-container is-layout-constrained wp-block-group-is-layout-constrained\">\n<h2 class=\"wp-block-heading\" style=\"padding-top:var(--wp--preset--spacing--40);padding-bottom:var(--wp--preset--spacing--40);font-size:25px;font-style:normal;font-weight:600\">\u00bfQu\u00e9 obtienes con el TG-RS60?<\/h2>\n\n\n\n<ul class=\"wp-block-list\">\n<li>Perfil de aluminio en el acabado de tu elecci\u00f3n: plata, negro o blanco.<\/li>\n\n\n\n<li>Un difusor opal&nbsp;que se ajusta a presi\u00f3n para luz suave y constante.<\/li>\n\n\n\n<li>Kits de suspensi\u00f3n con alambres de acero que se pueden ajustar y grippers que facilitan colgar.<\/li>\n\n\n\n<li>Tapas finales&nbsp;para extremos limpios y terminados.<\/li>\n<\/ul>\n<\/div><\/div>\n\n\n\n<div class=\"wp-block-group is-vertical is-layout-flex wp-container-core-group-is-layout-d255d7c4 wp-block-group-is-layout-flex\" style=\"padding-top:var(--wp--preset--spacing--80);padding-bottom:var(--wp--preset--spacing--80)\">\n<h2 class=\"wp-block-heading\" style=\"padding-top:var(--wp--preset--spacing--40);padding-bottom:var(--wp--preset--spacing--40);font-size:25px;font-style:normal;font-weight:600;text-transform:capitalize\">Resumen<\/h2>\n\n\n\n<p>La forma ideal de colgar hermosas luces colgantes es usando la carcasa de aluminio LED redonda de 60 mm para suspensi\u00f3n TG-RS60. Est\u00e1 compuesta de aluminio resistente, tiene un difusor suave sin puntos y se puede utilizar en muchos lugares, como cocinas y oficinas. \u00dasala con tiras LED de alta calidad, controladores regulables y sistemas de control de iluminaci\u00f3n inteligente para obtener una luz brillante, eficiente y hermosa.<\/p>\n<\/div>\n\n\n\n<p><\/p>","protected":false},"featured_media":13383,"template":"","meta":{"_acf_changed":true,"_seopress_robots_primary_cat":"none","_seopress_titles_title":"60mm Round LED Aluminum Housing RS60 | TANGOOLED","_seopress_titles_desc":"The RS60 is a heavy-duty 60mm round led aluminum housing with an opal light diffuser for suspension use.","_seopress_robots_index":""},"pcb-width":[229],"product-cat":[234],"class_list":{"0":"post-42179","1":"product","2":"type-product","3":"status-publish","4":"has-post-thumbnail","6":"pcb-width-15-20mm","7":"product-cat-round-tube-profile"},"acf":[],"_links":{"self":[{"href":"https:\/\/tangooled.com\/es\/wp-json\/wp\/v2\/product\/42179","targetHints":{"allow":["GET"]}}],"collection":[{"href":"https:\/\/tangooled.com\/es\/wp-json\/wp\/v2\/product"}],"about":[{"href":"https:\/\/tangooled.com\/es\/wp-json\/wp\/v2\/types\/product"}],"wp:featuredmedia":[{"embeddable":true,"href":"https:\/\/tangooled.com\/es\/wp-json\/wp\/v2\/media\/13383"}],"wp:attachment":[{"href":"https:\/\/tangooled.com\/es\/wp-json\/wp\/v2\/media?parent=42179"}],"wp:term":[{"taxonomy":"pcb-width","embeddable":true,"href":"https:\/\/tangooled.com\/es\/wp-json\/wp\/v2\/pcb-width?post=42179"},{"taxonomy":"product-cat","embeddable":true,"href":"https:\/\/tangooled.com\/es\/wp-json\/wp\/v2\/product-cat?post=42179"}],"curies":[{"name":"wp","href":"https:\/\/api.w.org\/{rel}","templated":true}]}}