{"id":42175,"date":"2025-12-17T01:30:12","date_gmt":"2025-12-17T09:30:12","guid":{"rendered":"https:\/\/tangooled.com\/?post_type=product&#038;p=42175"},"modified":"2026-02-02T02:11:52","modified_gmt":"2026-02-02T10:11:52","slug":"40mm-round-led-aluminum-profile-30mm-inner-rs40","status":"publish","type":"product","link":"https:\/\/tangooled.com\/es\/product\/40mm-round-led-aluminum-profile-30mm-inner-rs40\/","title":{"rendered":"Perfil LED redondo de 40 mm de di\u00e1metro con 30 mm de ancho interior"},"content":{"rendered":"<div class=\"wp-block-group is-vertical is-layout-flex wp-container-core-group-is-layout-d255d7c4 wp-block-group-is-layout-flex\" style=\"padding-top:var(--wp--preset--spacing--80);padding-bottom:var(--wp--preset--spacing--80)\">\n<p>Este perfil de aluminio LED redondo de 40 mm est\u00e1 dise\u00f1ado exclusivamente para iluminaci\u00f3n colgante. El perfil tiene una carcasa de aluminio robusta que mide 40 mm de ancho por fuera y 30,7 mm de ancho por dentro para la tira de LED.<\/p>\n\n\n\n<p>El espacio hueco dentro de la secci\u00f3n curvada de iluminaci\u00f3n es una parte importante de la estructura. Funciona muy bien para ocultar cables de alimentaci\u00f3n o controladores muy delgados. La parte inferior tiene un difusor de LED curvado que dispersa la luz de manera uniforme en una amplia \u00e1rea.<\/p>\n\n\n\n<p>Este perfil LED redondo de 40 mm es perfecto para iluminaci\u00f3n ambiental y de tareas de alta calidad en una amplia gama de entornos modernos, como oficinas corporativas, salas de conferencias, espacios comerciales y galer\u00edas. Tambi\u00e9n funciona bien como iluminaci\u00f3n de acento sobre islas de cocina o \u00e1reas de comedor.<\/p>\n<\/div>\n\n\n\n<div class=\"wp-block-group has-background is-vertical is-layout-flex wp-container-core-group-is-layout-d255d7c4 wp-block-group-is-layout-flex\" style=\"background-color:#f1f1f1;padding-top:var(--wp--preset--spacing--80);padding-bottom:var(--wp--preset--spacing--80)\">\n<div class=\"wp-block-group is-vertical is-layout-flex wp-container-core-group-is-layout-8cf370e7 wp-block-group-is-layout-flex\">\n<h2 class=\"wp-block-heading\" style=\"padding-top:var(--wp--preset--spacing--40);padding-bottom:var(--wp--preset--spacing--40);font-size:25px;font-style:normal;font-weight:600;text-transform:capitalize\">\u00bfPor qu\u00e9 deber\u00edas elegir nuestro perfil de aluminio LED redondo de 40 mm?<\/h2>\n\n\n\n<ul class=\"wp-block-list\">\n<li>Fuerte y ligero: Hecho de aluminio 6063-T5, que disipa bien el calor y tiene una larga vida \u00fatil.<\/li>\n\n\n\n<li>Compatible con tiras LED anchas: El ancho interno de 30 mm puede manejar dos filas de tiras LED o una tira ancha.<\/li>\n\n\n\n<li>Luz suave: El difusor esmerilado que lo acompa\u00f1a hace que la luz sea suave y uniforme, sin puntos.<\/li>\n\n\n\n<li>F\u00e1cil de usar: La suspensi\u00f3n viene con todas las piezas necesarias para fijarla f\u00e1cilmente.<\/li>\n\n\n\n<li>Apariencia atractiva: Puedes elegir entre acabados en plata anodizada, negra o blanca.<\/li>\n<\/ul>\n<\/div>\n<\/div>\n\n\n\n<div class=\"wp-block-group\" style=\"padding-top:var(--wp--preset--spacing--80);padding-bottom:var(--wp--preset--spacing--80)\"><div class=\"wp-block-group__inner-container is-layout-constrained wp-block-group-is-layout-constrained\">\n<div class=\"wp-block-media-text has-media-on-the-right is-stacked-on-mobile\" style=\"grid-template-columns:auto 40%\"><div class=\"wp-block-media-text__content\">\n<h2 class=\"wp-block-heading\" style=\"padding-top:var(--wp--preset--spacing--40);padding-bottom:var(--wp--preset--spacing--40);font-size:25px;font-style:normal;font-weight:600;text-transform:capitalize\">Compatibilidad de iluminaci\u00f3n e instalaci\u00f3n<\/h2>\n\n\n\n<ul class=\"wp-block-list\">\n<li>Funciona con tiras LED de hasta 30 mm de ancho, que son perfectas para LED SMD o COB de doble fila.<\/li>\n\n\n\n<li>Funciona perfectamente con tiras LED que son bastante densas para evitar puntos.<\/li>\n\n\n\n<li>Puedes utilizar cables de suspensi\u00f3n para colgarlo o clips de montaje para fijarlo a paredes y techos.<\/li>\n\n\n\n<li>El difusor suaviza la luz para que se disperse uniformemente por tu habitaci\u00f3n sin puntos.<\/li>\n<\/ul>\n<\/div><figure class=\"wp-block-media-text__media\"><img loading=\"lazy\" decoding=\"async\" width=\"500\" height=\"500\" src=\"https:\/\/tangooled.com\/wp-content\/uploads\/2025\/12\/rs40-ins.webp\" alt=\"diameter 40mm round aluminum profile for led strips with inner width 30mm\" class=\"wp-image-42296 size-full\" srcset=\"https:\/\/tangooled.com\/wp-content\/uploads\/2025\/12\/rs40-ins.webp 500w, https:\/\/tangooled.com\/wp-content\/uploads\/2025\/12\/rs40-ins-300x300.webp 300w, https:\/\/tangooled.com\/wp-content\/uploads\/2025\/12\/rs40-ins-150x150.webp 150w\" sizes=\"auto, (max-width: 500px) 100vw, 500px\" \/><\/figure><\/div>\n<\/div><\/div>\n\n\n\n<div class=\"wp-block-group has-background is-vertical is-layout-flex wp-container-core-group-is-layout-b429018a wp-block-group-is-layout-flex\" style=\"background-color:#f1f1f1f2;padding-top:var(--wp--preset--spacing--70);padding-bottom:var(--wp--preset--spacing--70)\">\n<h2 class=\"wp-block-heading\" style=\"padding-top:var(--wp--preset--spacing--40);padding-bottom:var(--wp--preset--spacing--40);font-size:25px;font-style:normal;font-weight:600;text-transform:capitalize\">D\u00f3nde puedes usar el perfil de aluminio redondo de 40 mm<\/h2>\n\n\n\n<p>Este perfil es fuerte y adaptable al mismo tiempo. \u00dasalo para una multitud de trabajos de iluminaci\u00f3n, como:<\/p>\n\n\n\n<ul class=\"wp-block-list\">\n<li>Iluminaci\u00f3n para islas de cocina, salas de estar y armarios para establecer el ambiente y ayudarte a realizar tareas.<\/li>\n\n\n\n<li>Empresas: oficinas, tiendas y restaurantes que son limpios, luminosos y modernos.<\/li>\n\n\n\n<li>Dise\u00f1o: Crea luces colgantes que sean circulares y est\u00e9n bien alineadas.<\/li>\n\n\n\n<li>Utiliza con tiras LED de doble fila para hacer que armarios y estantes sean m\u00e1s brillantes.<\/li>\n<\/ul>\n<\/div>\n\n\n\n<div class=\"wp-block-group\" style=\"padding-top:var(--wp--preset--spacing--80);padding-bottom:var(--wp--preset--spacing--80)\"><div class=\"wp-block-group__inner-container is-layout-constrained wp-block-group-is-layout-constrained\">\n<h2 class=\"wp-block-heading\" style=\"padding-top:var(--wp--preset--spacing--40);padding-bottom:var(--wp--preset--spacing--40);font-size:25px;font-style:normal;font-weight:600;text-transform:capitalize\">\u00bfQu\u00e9 hay en la caja?<\/h2>\n\n\n\n<ul class=\"wp-block-list\">\n<li>Un perfil de aluminio circular de 40 mm en la longitud y acabado que elijas<\/li>\n\n\n\n<li>Un difusor opal de LED a presi\u00f3n<\/li>\n\n\n\n<li>Dos tapas met\u00e1licas para un acabado completo<\/li>\n\n\n\n<li>Dos kits de cable de suspensi\u00f3n para colgar<\/li>\n<\/ul>\n<\/div><\/div>\n\n\n\n<div class=\"wp-block-group has-background\" style=\"background-color:#f1f1f1;padding-top:var(--wp--preset--spacing--80);padding-bottom:var(--wp--preset--spacing--80)\"><div class=\"wp-block-group__inner-container is-layout-constrained wp-block-group-is-layout-constrained\">\n<h2 class=\"wp-block-heading\" style=\"padding-top:var(--wp--preset--spacing--40);padding-bottom:var(--wp--preset--spacing--40);font-size:25px;font-style:normal;font-weight:600;text-transform:capitalize\">Ver otros perfiles que te pueden gustar<\/h2>\n\n\n\n<ul class=\"wp-block-list\">\n<li>Consulta nuestro <a href=\"https:\/\/tangooled.com\/es\/product\/black-led-profile-with-black-diffuser-for-10mm-led-strip-light\/\"><mark style=\"background-color:rgba(0, 0, 0, 0)\" class=\"has-inline-color has-vivid-red-color\">Perfil LED negro con difusor negro para tira de LED de 10 mm<\/mark><\/a> para tiras de LED m\u00e1s peque\u00f1as.<\/li>\n\n\n\n<li>Ver <a href=\"https:\/\/tangooled.com\/es\/product\/surface-mount-led-profile-with-frosted-diffuser-for-10mm-rope-lights\/\"><mark style=\"background-color:rgba(0, 0, 0, 0)\" class=\"has-inline-color has-vivid-red-color\">Perfil LED de montaje en superficie con difusor esmerilado para luces de cuerda de 10 mm<\/mark><\/a> para opciones de montaje en techo f\u00e1ciles.<\/li>\n\n\n\n<li>Explora nuestro <a href=\"https:\/\/tangooled.com\/es\/product\/25x14m-surface-mounted-led-light-aluminum-profile\/\"><mark style=\"background-color:rgba(0, 0, 0, 0)\" class=\"has-inline-color has-vivid-red-color\">Perfil de aluminio para luz LED montado en superficie de 25x14m<\/mark><\/a> para estilos de montaje vers\u00e1tiles.<\/li>\n<\/ul>\n<\/div><\/div>\n\n\n\n<p><\/p>","protected":false},"featured_media":13366,"template":"","meta":{"_acf_changed":true,"_seopress_robots_primary_cat":"none","_seopress_titles_title":"40mm Round LED Aluminum Profile 30mm Inner Width RS40 | TANGOOLED","_seopress_titles_desc":"The RS40 is a heavy-duty 40mm round led aluminum profile with a wide 30mm inner channel. Perfect for high-output lighting and custom pendant fixtures in commercial spaces.","_seopress_robots_index":""},"pcb-width":[230],"product-cat":[234],"class_list":{"0":"post-42175","1":"product","2":"type-product","3":"status-publish","4":"has-post-thumbnail","6":"pcb-width-20-25mm","7":"product-cat-round-tube-profile"},"acf":[],"_links":{"self":[{"href":"https:\/\/tangooled.com\/es\/wp-json\/wp\/v2\/product\/42175","targetHints":{"allow":["GET"]}}],"collection":[{"href":"https:\/\/tangooled.com\/es\/wp-json\/wp\/v2\/product"}],"about":[{"href":"https:\/\/tangooled.com\/es\/wp-json\/wp\/v2\/types\/product"}],"wp:featuredmedia":[{"embeddable":true,"href":"https:\/\/tangooled.com\/es\/wp-json\/wp\/v2\/media\/13366"}],"wp:attachment":[{"href":"https:\/\/tangooled.com\/es\/wp-json\/wp\/v2\/media?parent=42175"}],"wp:term":[{"taxonomy":"pcb-width","embeddable":true,"href":"https:\/\/tangooled.com\/es\/wp-json\/wp\/v2\/pcb-width?post=42175"},{"taxonomy":"product-cat","embeddable":true,"href":"https:\/\/tangooled.com\/es\/wp-json\/wp\/v2\/product-cat?post=42175"}],"curies":[{"name":"wp","href":"https:\/\/api.w.org\/{rel}","templated":true}]}}