{"id":42174,"date":"2025-12-17T01:22:46","date_gmt":"2025-12-17T09:22:46","guid":{"rendered":"https:\/\/tangooled.com\/?post_type=product&#038;p=42174"},"modified":"2026-02-02T02:12:17","modified_gmt":"2026-02-02T10:12:17","slug":"30mm-round-led-extrusion-channel-for-ceiling-hanging","status":"publish","type":"product","link":"https:\/\/tangooled.com\/es\/product\/30mm-round-led-extrusion-channel-for-ceiling-hanging\/","title":{"rendered":"Canal de extrusi\u00f3n LED redondo de 30 mm para colgar del techo"},"content":{"rendered":"<div class=\"wp-block-group is-vertical is-layout-flex wp-container-core-group-is-layout-d255d7c4 wp-block-group-is-layout-flex\" style=\"padding-top:var(--wp--preset--spacing--80);padding-bottom:var(--wp--preset--spacing--80)\">\n<p>Nuestro canal de extrusi\u00f3n LED redondo de 30 mm es una forma ideal de mejorar su \u00e1rea colg\u00e1ndolo del techo. Este elegante alojamiento de aluminio LED transforma las luces de tira LED tradicionales en modernas l\u00e1mparas colgantes con estilo. Este canal LED redondo proporciona luz \u00fatil y de alta calidad a hogares, oficinas y negocios.<\/p>\n\n\n\n<p>Este canal LED redondo est\u00e1 hecho de aluminio anodizado de alta calidad y est\u00e1 dise\u00f1ado para colgarse de un sistema robusto. El canal asegura de forma segura su cinta LED y permite que el calor se escape mejor, lo que hace que sus LED duren m\u00e1s tiempo. Cuando lo usa con un difusor opalino de PC, produce la iluminaci\u00f3n perfecta sin puntos y una distribuci\u00f3n de luz suave y profesional.<\/p>\n<\/div>\n\n\n\n<div class=\"wp-block-group has-background is-vertical is-layout-flex wp-container-core-group-is-layout-d255d7c4 wp-block-group-is-layout-flex\" style=\"background-color:#f1f1f1;padding-top:var(--wp--preset--spacing--80);padding-bottom:var(--wp--preset--spacing--80)\">\n<div class=\"wp-block-group is-vertical is-layout-flex wp-container-core-group-is-layout-8cf370e7 wp-block-group-is-layout-flex\">\n<h2 class=\"wp-block-heading\" style=\"padding-top:var(--wp--preset--spacing--40);padding-bottom:var(--wp--preset--spacing--40);font-size:25px;font-style:normal;font-weight:600;text-transform:capitalize\">Caracter\u00edsticas y Ventajas Importantes<\/h2>\n<\/div>\n\n\n\n<ul class=\"wp-block-list\">\n<li>The profile&#8217;s inner width is 22.8 mm, so it can fit a lot of different sizes of LED strips.<\/li>\n\n\n\n<li>Material: Extrusi\u00f3n de aluminio 6063-T5 que es resistente y capaz de manejar mucho calor.<\/li>\n\n\n\n<li>Opciones de Color: Puede elegir entre plateado, negro o blanco para que coincida con su dise\u00f1o.<\/li>\n\n\n\n<li>Difusor: Una cubierta de policarbonato que suaviza la luz y elimina puntos calientes.<\/li>\n\n\n\n<li>Instalaci\u00f3n: El montaje colgante es simple de ensamblar y viene con un kit para colgarlo.<\/li>\n\n\n\n<li>Longitudes Personalizadas: Generalmente se puede obtener en piezas de 1m, 2m o 3m que se cortan a medida seg\u00fan sus necesidades.<\/li>\n\n\n\n<li>Tiras LED que Funcionan: Compatible con tiras LED de un solo color, RGB, RGBW o blanco ajustable.<\/li>\n<\/ul>\n<\/div>\n\n\n\n<div class=\"wp-block-group\" style=\"padding-top:var(--wp--preset--spacing--80);padding-bottom:var(--wp--preset--spacing--80)\"><div class=\"wp-block-group__inner-container is-layout-constrained wp-block-group-is-layout-constrained\">\n<div class=\"wp-block-media-text has-media-on-the-right is-stacked-on-mobile\" style=\"grid-template-columns:auto 40%\"><div class=\"wp-block-media-text__content\">\n<h2 class=\"wp-block-heading\" style=\"padding-top:var(--wp--preset--spacing--40);padding-bottom:var(--wp--preset--spacing--40);font-size:25px;font-style:normal;font-weight:600;text-transform:capitalize\">C\u00f3mo Instalar Su Canal de Extrusi\u00f3n LED Redondo de 30 mm<\/h2>\n\n\n\n<ul class=\"wp-block-list\">\n<li>Coloque la Tira de Luz LED en el canal: Use la cinta que desea colocar dentro del canal.<\/li>\n\n\n\n<li>Coloque el Difusor: Para obtener una luz suave y uniforme, coloque la cubierta difusora opal sobre el canal.<\/li>\n\n\n\n<li>Asegure las Tapas Finales: Coloque las tapas finales para evitar que los cables estorben y para que se vea atractivo.<\/li>\n\n\n\n<li>Conecte los Cables de Suspensi\u00f3n: Conecte los cables de acero al canal de aluminio y ajuste su longitud.<\/li>\n\n\n\n<li>Cambie la Altura: Cu\u00e9lguelo y ajuste su altura a su gusto.<\/li>\n\n\n\n<li>Conecte la Alimentaci\u00f3n: Conecte las tiras LED a un driver y fuente de alimentaci\u00f3n que sean compatibles con ellas.<\/li>\n<\/ul>\n<\/div><figure class=\"wp-block-media-text__media\"><img loading=\"lazy\" decoding=\"async\" width=\"500\" height=\"500\" src=\"https:\/\/tangooled.com\/wp-content\/uploads\/2025\/12\/rs30-ins.webp\" alt=\"Canal de extrusi\u00f3n LED redondo de 30 mm para colgar del techo\" class=\"wp-image-42294 size-full\" srcset=\"https:\/\/tangooled.com\/wp-content\/uploads\/2025\/12\/rs30-ins.webp 500w, https:\/\/tangooled.com\/wp-content\/uploads\/2025\/12\/rs30-ins-300x300.webp 300w, https:\/\/tangooled.com\/wp-content\/uploads\/2025\/12\/rs30-ins-150x150.webp 150w\" sizes=\"auto, (max-width: 500px) 100vw, 500px\" \/><\/figure><\/div>\n<\/div><\/div>\n\n\n\n<div class=\"wp-block-group has-background is-vertical is-layout-flex wp-container-core-group-is-layout-b429018a wp-block-group-is-layout-flex\" style=\"background-color:#f1f1f1f2;padding-top:var(--wp--preset--spacing--70);padding-bottom:var(--wp--preset--spacing--70)\">\n<h2 class=\"wp-block-heading\" style=\"padding-top:var(--wp--preset--spacing--40);padding-bottom:var(--wp--preset--spacing--40);font-size:25px;font-style:normal;font-weight:600\">Usos y Aplicaciones<\/h2>\n\n\n\n<p>El canal de extrusi\u00f3n LED redondo de 30 mm para colgar del techo se adapta a muchos espacios y prop\u00f3sitos:<\/p>\n\n\n\n<ul class=\"wp-block-list\">\n<li>Espacios Comerciales: Oficinas y salas de reuniones, vest\u00edbulos y \u00e1reas de recepci\u00f3n de hoteles, tiendas minoristas y atrios de centros comerciales.  <\/li>\n\n\n\n<li>Iluminaci\u00f3n para hogares: Islas de cocina y mesas de comedor, salas de estar con techos altos, lugares para estudiar y trabajar desde casa.<\/li>\n\n\n\n<li>Caracter\u00edsticas decorativas: Grupos de l\u00e1mparas colgantes modernas, buena iluminaci\u00f3n para tareas en escritorios y mostradores.<\/li>\n<\/ul>\n<\/div>\n\n\n\n<div class=\"wp-block-group is-vertical is-layout-flex wp-container-core-group-is-layout-d255d7c4 wp-block-group-is-layout-flex\" style=\"padding-top:var(--wp--preset--spacing--80);padding-bottom:var(--wp--preset--spacing--80)\">\n<h2 class=\"wp-block-heading\" style=\"padding-top:var(--wp--preset--spacing--40);padding-bottom:var(--wp--preset--spacing--40);font-size:25px;font-style:normal;font-weight:600;text-transform:capitalize\">Productos Relacionados en Tangooled<\/h2>\n\n\n\n<ul class=\"wp-block-list\">\n<li><a href=\"https:\/\/tangooled.com\/es\/product\/black-led-profile-with-black-diffuser-for-10mm-led-strip-light\/\"><mark style=\"background-color:rgba(0, 0, 0, 0)\" class=\"has-inline-color has-vivid-red-color\">Perfil LED negro con difusor negro para luz de tira LED de 10mm<\/mark><\/a> \u2014 Great for narrow LED tapes.<\/li>\n\n\n\n<li><a href=\"https:\/\/tangooled.com\/es\/product\/surface-mount-led-profile-with-frosted-diffuser-for-10mm-rope-lights\/\"><mark style=\"background-color:rgba(0, 0, 0, 0)\" class=\"has-inline-color has-vivid-red-color\">Perfil LED de montaje en superficie con difusor esmerilado para luces de cuerda de 10 mm<\/mark><\/a> \u2014 Surface mount option for rope lights.<\/li>\n\n\n\n<li><a href=\"https:\/\/tangooled.com\/es\/product\/25mm-u-shape-led-mounting-channel-for-15mm-double-row-led-strip-lights\/\"><mark style=\"background-color:rgba(0, 0, 0, 0)\" class=\"has-inline-color has-vivid-red-color\">Canal de montaje LED en forma de U de 25 mm para tiras LED de doble fila de 15 mm<\/mark> <\/a>\u2014 Wider channel for double-row strips.<\/li>\n\n\n\n<li><a href=\"https:\/\/tangooled.com\/es\/product\/22x10mm-led-profile-light-channel-for-15mm-flexible-led-strips\/\"><mark style=\"background-color:rgba(0, 0, 0, 0)\" class=\"has-inline-color has-vivid-red-color\">Canal de luz LED de perfil de 22x10mm para tiras LED flexibles de 15mm<\/mark><\/a> \u2014 For flexible LED tapes with high brightness.<\/li>\n\n\n\n<li><a href=\"https:\/\/tangooled.com\/es\/product\/aluminum-profile-with-60-degree-lens-led-diffuser\/\"><mark style=\"background-color:rgba(0, 0, 0, 0)\" class=\"has-inline-color has-vivid-red-color\">Perfil de aluminio con difusor LED de lente de 60 grados<\/mark><\/a> \u2014 For directional lighting needs.<\/li>\n<\/ul>\n<\/div>\n\n\n\n<div class=\"wp-block-group has-background\" style=\"background-color:#f1f1f1;padding-top:var(--wp--preset--spacing--80);padding-bottom:var(--wp--preset--spacing--80)\"><div class=\"wp-block-group__inner-container is-layout-constrained wp-block-group-is-layout-constrained\">\n<h2 class=\"wp-block-heading\" style=\"padding-top:var(--wp--preset--spacing--40);padding-bottom:var(--wp--preset--spacing--40);font-size:25px;font-style:normal;font-weight:600;text-transform:capitalize\">informaci\u00f3n sobre productos y servicios<\/h2>\n\n\n\n<p style=\"padding-right:var(--wp--preset--spacing--50);padding-left:var(--wp--preset--spacing--50)\">The 30mm round led extrusion channel for ceiling hanging is the best option for anyone who wants pendant lighting that is modern, stylish, and can be used in many ways. Its study aluminum channel\u00a0makes it a great heat sink, and the opal diffuser makes sure that the light is gentle and even. This modular profile is great for commercial, residential, or decorative architectural LED extrusion projects. It makes installing LED strips neat and professional.<\/p>\n<\/div><\/div>\n\n\n\n<p><\/p>","protected":false},"featured_media":13362,"template":"","meta":{"_acf_changed":true,"_seopress_robots_primary_cat":"none","_seopress_titles_title":"30mm Round LED Extrusion Channel Hanging Profile RS30 | TANGOOLED","_seopress_titles_desc":"The RS30 is a 30mm round led extrusion channel designed for professional ceiling hanging. Ideal for modern office and commercial lighting.","_seopress_robots_index":""},"pcb-width":[229],"product-cat":[234],"class_list":{"0":"post-42174","1":"product","2":"type-product","3":"status-publish","4":"has-post-thumbnail","6":"pcb-width-15-20mm","7":"product-cat-round-tube-profile"},"acf":[],"_links":{"self":[{"href":"https:\/\/tangooled.com\/es\/wp-json\/wp\/v2\/product\/42174","targetHints":{"allow":["GET"]}}],"collection":[{"href":"https:\/\/tangooled.com\/es\/wp-json\/wp\/v2\/product"}],"about":[{"href":"https:\/\/tangooled.com\/es\/wp-json\/wp\/v2\/types\/product"}],"wp:featuredmedia":[{"embeddable":true,"href":"https:\/\/tangooled.com\/es\/wp-json\/wp\/v2\/media\/13362"}],"wp:attachment":[{"href":"https:\/\/tangooled.com\/es\/wp-json\/wp\/v2\/media?parent=42174"}],"wp:term":[{"taxonomy":"pcb-width","embeddable":true,"href":"https:\/\/tangooled.com\/es\/wp-json\/wp\/v2\/pcb-width?post=42174"},{"taxonomy":"product-cat","embeddable":true,"href":"https:\/\/tangooled.com\/es\/wp-json\/wp\/v2\/product-cat?post=42174"}],"curies":[{"name":"wp","href":"https:\/\/api.w.org\/{rel}","templated":true}]}}