{"id":42171,"date":"2025-12-17T01:17:40","date_gmt":"2025-12-17T09:17:40","guid":{"rendered":"https:\/\/tangooled.com\/?post_type=product&#038;p=42171"},"modified":"2026-02-02T02:12:37","modified_gmt":"2026-02-02T10:12:37","slug":"wardrobe-closet-hanging-rod-led-profile-12mm-ar05","status":"publish","type":"product","link":"https:\/\/tangooled.com\/es\/product\/wardrobe-closet-hanging-rod-led-profile-12mm-ar05\/","title":{"rendered":"Perfil de barra colgante LED para armarios para tiras de 12 mm"},"content":{"rendered":"<div class=\"wp-block-group is-vertical is-layout-flex wp-container-core-group-is-layout-d255d7c4 wp-block-group-is-layout-flex\" style=\"padding-top:var(--wp--preset--spacing--80);padding-bottom:var(--wp--preset--spacing--80)\">\n<p>Nuestro perfil de barra colgante LED para armarios est\u00e1 hecho para luces de tira LED de 12 mm, para que puedas hacer que tu armario sea inteligente y brillante. Esta barra tiene un dise\u00f1o el\u00edptico elegante y mide 29 mm de alto y 14.7 mm de ancho. El perfil se mantiene en su lugar horizontalmente entre dos paneles laterales mediante soportes de montaje en forma de anillo fuertes. Esto hace que sea un buen perchero de inmediato. Mantiene bien tus prendas y ilumina tu armario con una luz suave y clara que puede dirigirse hacia las prendas o hacia abajo para la iluminaci\u00f3n general. Siempre podr\u00e1s ver los colores claramente, encontrar lo que necesitas de inmediato y mantener tu armario ordenado y elegante. Esta soluci\u00f3n todo en uno es perfecta para vestidores modernos, armarios de lujo y sistemas de exhibici\u00f3n en tiendas.<\/p>\n<\/div>\n\n\n\n<div class=\"wp-block-group has-background is-vertical is-layout-flex wp-container-core-group-is-layout-d255d7c4 wp-block-group-is-layout-flex\" style=\"background-color:#f1f1f1;padding-top:var(--wp--preset--spacing--80);padding-bottom:var(--wp--preset--spacing--80)\">\n<div class=\"wp-block-group is-vertical is-layout-flex wp-container-core-group-is-layout-8cf370e7 wp-block-group-is-layout-flex\">\n<h2 class=\"wp-block-heading\" style=\"padding-top:var(--wp--preset--spacing--40);padding-bottom:var(--wp--preset--spacing--40);font-size:25px;font-style:normal;font-weight:600;text-transform:capitalize\">\u00bfPor qu\u00e9 elegir nuestro perfil LED para barra colgante de armario?<\/h2>\n\n\n\n<ul class=\"wp-block-list\">\n<li>Construcci\u00f3n de aluminio resistente: Hecho de aluminio anodizado 6063-T5 que mantiene tu tira LED fresca y segura. Tambi\u00e9n sostiene tu ropa sin doblarse ni romperse.<\/li>\n\n\n\n<li>Se adapta perfectamente a tiras LED de 12 mm: El perfil tiene un ancho interno de 12 mm, lo que es el mismo que todas las luces de tira LED regulares de 12 mm, como las versiones 5050, 2835 o 5630.<\/li>\n\n\n\n<li>Difusor de luz suave: El difusor de policarbonato mate distribuye la luz de manera uniforme y minimiza el deslumbramiento, haciendo que tus prendas se vean brillantes y verdaderas.<\/li>\n\n\n\n<li>F\u00e1cil de instalar: Viene con soportes de montaje, tapas finales y clips colgantes para una f\u00e1cil instalaci\u00f3n en la parte superior o lateral.<\/li>\n\n\n\n<li>Dise\u00f1o moderno: Puedes elegir entre formas ovaladas y circulares para que coincidan con la decoraci\u00f3n de tu armario y iluminar bien tu ropa.<\/li>\n<\/ul>\n<\/div>\n<\/div>\n\n\n\n<div class=\"wp-block-group\" style=\"padding-top:var(--wp--preset--spacing--60);padding-bottom:var(--wp--preset--spacing--60)\"><div class=\"wp-block-group__inner-container is-layout-constrained wp-block-group-is-layout-constrained\">\n<div class=\"wp-block-media-text has-media-on-the-right is-stacked-on-mobile\" style=\"grid-template-columns:auto 40%\"><div class=\"wp-block-media-text__content\">\n<h2 class=\"wp-block-heading\" style=\"padding-top:var(--wp--preset--spacing--40);padding-bottom:var(--wp--preset--spacing--40);font-size:25px;font-style:normal;font-weight:600;text-transform:capitalize\">C\u00f3mo usar este canal de luz para armarios aR05<\/h2>\n\n\n\n<ul class=\"wp-block-list\">\n<li>Coloca el perfil LED de aluminio en las paredes del armario para instalarlo.<\/li>\n\n\n\n<li>Coloca tu tira LED de 12 mm dentro, encaja el difusor en su lugar y luego conecta la fuente de alimentaci\u00f3n (que se ofrece por separado).<\/li>\n\n\n\n<li>Elige tiras LED blancas c\u00e1lidas o naturales para obtener una luz suave o fuerte que se vea genial en tu armario.<\/li>\n<\/ul>\n<\/div><figure class=\"wp-block-media-text__media\"><img loading=\"lazy\" decoding=\"async\" width=\"500\" height=\"500\" src=\"https:\/\/tangooled.com\/wp-content\/uploads\/2025\/12\/ar05-ins.webp\" alt=\"wardrobe closet hanging rod aluminum led profile for 12mm led strip lights\" class=\"wp-image-42289 size-full\" srcset=\"https:\/\/tangooled.com\/wp-content\/uploads\/2025\/12\/ar05-ins.webp 500w, https:\/\/tangooled.com\/wp-content\/uploads\/2025\/12\/ar05-ins-300x300.webp 300w, https:\/\/tangooled.com\/wp-content\/uploads\/2025\/12\/ar05-ins-150x150.webp 150w\" sizes=\"auto, (max-width: 500px) 100vw, 500px\" \/><\/figure><\/div>\n<\/div><\/div>\n\n\n\n<div class=\"wp-block-group has-background is-vertical is-layout-flex wp-container-core-group-is-layout-b429018a wp-block-group-is-layout-flex\" style=\"background-color:#f1f1f1f2;padding-top:var(--wp--preset--spacing--70);padding-bottom:var(--wp--preset--spacing--70)\">\n<h2 class=\"wp-block-heading\" style=\"padding-top:var(--wp--preset--spacing--40);padding-bottom:var(--wp--preset--spacing--40);font-size:25px;font-style:normal;font-weight:600;text-transform:capitalize\">D\u00f3nde usar el perfil LED colgante para armarios<\/h2>\n\n\n\n<p>Este perfil LED para barra colgante de armario funciona en muchos lugares:<\/p>\n\n\n\n<ul class=\"wp-block-list\">\n<li>Walk-in Closets \u2013 Brighten your entire walk-in with lighted rails.<\/li>\n\n\n\n<li>Wardrobe Cabinets \u2013 Add with your existing closet rods for neat, hidden lighting.<\/li>\n\n\n\n<li>Exhibiciones de ropa en tiendas: Usa iluminaci\u00f3n profesional para mostrar tu ropa.<\/li>\n\n\n\n<li>Lavaderos y entradas: A\u00f1ade luz y espacio para colgar cosas en lugares peque\u00f1os o oscuros.<\/li>\n<\/ul>\n<\/div>\n\n\n\n<div class=\"wp-block-group is-vertical is-layout-flex wp-container-core-group-is-layout-d255d7c4 wp-block-group-is-layout-flex\" style=\"padding-top:var(--wp--preset--spacing--80);padding-bottom:var(--wp--preset--spacing--80)\">\n<h2 class=\"wp-block-heading\" style=\"padding-top:var(--wp--preset--spacing--40);padding-bottom:var(--wp--preset--spacing--40);font-size:25px;font-style:normal;font-weight:600;text-transform:capitalize\">Accesorios incluidos<\/h2>\n\n\n\n<ul class=\"wp-block-list\">\n<li>1 x barra de perfil LED de aluminio (elige la longitud que desees)<\/li>\n\n\n\n<li>1 \u00d7 Cover for the frosted diffuser<\/li>\n\n\n\n<li>2 soportes de montaje para una f\u00e1cil configuraci\u00f3n<\/li>\n\n\n\n<li>2 tapas finales para un acabado limpio<\/li>\n<\/ul>\n<\/div>\n\n\n\n<div class=\"wp-block-group has-background\" style=\"background-color:#f1f1f1;padding-top:var(--wp--preset--spacing--80);padding-bottom:var(--wp--preset--spacing--80)\"><div class=\"wp-block-group__inner-container is-layout-constrained wp-block-group-is-layout-constrained\">\n<h2 class=\"wp-block-heading\" style=\"padding-top:var(--wp--preset--spacing--40);padding-bottom:var(--wp--preset--spacing--40);font-size:25px;font-style:normal;font-weight:600;text-transform:capitalize\">productos relacionados que te pueden gustar<\/h2>\n\n\n\n<ul class=\"wp-block-list\">\n<li><a href=\"https:\/\/tangooled.com\/es\/product\/black-led-diffuser-aluminum-channel-for-12mm-tape-lights\/\"><mark style=\"background-color:rgba(0, 0, 0, 0)\" class=\"has-inline-color has-vivid-red-color\">Canal de aluminio difusor LED negro para luces de cinta de 12 mm<\/mark><\/a><\/li>\n\n\n\n<li><a href=\"https:\/\/tangooled.com\/es\/product\/18mm-flexible-led-profile-for-12mm-led-strips\/\"><mark style=\"background-color:rgba(0, 0, 0, 0)\" class=\"has-inline-color has-vivid-red-color\">Perfil LED flexible de 18mm para tiras LED de 12mm<\/mark><\/a><\/li>\n\n\n\n<li><a href=\"https:\/\/tangooled.com\/es\/product\/cabinet-lighting-aluminum-led-diffuser-profile-for-12mm-strips\/\"><mark style=\"background-color:rgba(0, 0, 0, 0)\" class=\"has-inline-color has-vivid-red-color\">Perfil difusor LED de aluminio para iluminaci\u00f3n de armarios de tiras de 12 mm<\/mark><\/a><\/li>\n\n\n\n<li><a href=\"https:\/\/tangooled.com\/es\/product\/recessed-17mm-led-profile-aluminum-channel-for-12mm-led-strips\/\"><mark style=\"background-color:rgba(0, 0, 0, 0)\" class=\"has-inline-color has-vivid-red-color\">Canal de perfil LED de aluminio empotrado de 17 mm para tiras LED de 12 mm<\/mark><\/a><\/li>\n\n\n\n<li><a href=\"https:\/\/tangooled.com\/es\/product\/wardrobe-closet-hanging-rod-aluminum-led-profile-for-12mm-led-strip-lights\/\"><mark style=\"background-color:rgba(0, 0, 0, 0)\" class=\"has-inline-color has-vivid-red-color\">Perfil de barra colgante LED de aluminio para armarios para luces de tira LED de 12 mm<\/mark><\/a><\/li>\n<\/ul>\n<\/div><\/div>\n\n\n\n<div class=\"wp-block-group\" style=\"padding-top:var(--wp--preset--spacing--80);padding-bottom:var(--wp--preset--spacing--80)\"><div class=\"wp-block-group__inner-container is-layout-constrained wp-block-group-is-layout-constrained\">\n<h2 class=\"wp-block-heading\" style=\"padding-top:var(--wp--preset--spacing--40);padding-bottom:var(--wp--preset--spacing--40);font-size:25px;font-style:normal;font-weight:600;text-transform:capitalize\">Resumen<\/h2>\n\n\n\n<p style=\"padding-right:var(--wp--preset--spacing--50);padding-left:var(--wp--preset--spacing--50)\">El perfil de barra colgante LED para armarios est\u00e1 hecho de aluminio de alta calidad y viene en diferentes longitudes. Tambi\u00e9n incluye un kit de instalaci\u00f3n f\u00e1cil de usar. Tiene un difusor mate que transforma la luz dura en un brillo suave y agradable. Puede sostener tiras LED est\u00e1ndar de 12 mm de hasta 20W\/m. Este perfil hace que sea m\u00e1s f\u00e1cil que nunca lograr una organizaci\u00f3n brillante y elegante en un armario vestidor, un lavadero o una exhibici\u00f3n en una tienda de alta gama.<br>\u00a1Consigue nuestro perfil de aluminio para tiras LED de 12 mm para colgar en tu armario hoy y mejora tu espacio!<\/p>\n<\/div><\/div>\n\n\n\n<p><\/p>","protected":false},"featured_media":14299,"template":"","meta":{"_acf_changed":true,"_seopress_robots_primary_cat":"none","_seopress_titles_title":"LED Wardrobe Hanging Rod Profile | Closet Light Channel AR05","_seopress_titles_desc":"The AR05 is a heavy-duty wardrobe closet hanging rod led profile for 12mm strips. Combine storage and illumination with this durable aluminum profile.","_seopress_robots_index":""},"pcb-width":[228],"product-cat":[234],"class_list":{"0":"post-42171","1":"product","2":"type-product","3":"status-publish","4":"has-post-thumbnail","6":"pcb-width-6-12mm","7":"product-cat-round-tube-profile"},"acf":[],"_links":{"self":[{"href":"https:\/\/tangooled.com\/es\/wp-json\/wp\/v2\/product\/42171","targetHints":{"allow":["GET"]}}],"collection":[{"href":"https:\/\/tangooled.com\/es\/wp-json\/wp\/v2\/product"}],"about":[{"href":"https:\/\/tangooled.com\/es\/wp-json\/wp\/v2\/types\/product"}],"wp:featuredmedia":[{"embeddable":true,"href":"https:\/\/tangooled.com\/es\/wp-json\/wp\/v2\/media\/14299"}],"wp:attachment":[{"href":"https:\/\/tangooled.com\/es\/wp-json\/wp\/v2\/media?parent=42171"}],"wp:term":[{"taxonomy":"pcb-width","embeddable":true,"href":"https:\/\/tangooled.com\/es\/wp-json\/wp\/v2\/pcb-width?post=42171"},{"taxonomy":"product-cat","embeddable":true,"href":"https:\/\/tangooled.com\/es\/wp-json\/wp\/v2\/product-cat?post=42171"}],"curies":[{"name":"wp","href":"https:\/\/api.w.org\/{rel}","templated":true}]}}