{"id":42166,"date":"2025-12-17T01:09:39","date_gmt":"2025-12-17T09:09:39","guid":{"rendered":"https:\/\/tangooled.com\/?post_type=product&#038;p=42166"},"modified":"2026-02-02T02:13:25","modified_gmt":"2026-02-02T10:13:25","slug":"round-led-aluminum-profile-dia-24mm-suspended-ar03","status":"publish","type":"product","link":"https:\/\/tangooled.com\/es\/product\/round-led-aluminum-profile-dia-24mm-suspended-ar03\/","title":{"rendered":"Perfil LED redondo suspendido de 24 mm para tiras de 12 mm"},"content":{"rendered":"<div class=\"wp-block-group is-vertical is-layout-flex wp-container-core-group-is-layout-d255d7c4 wp-block-group-is-layout-flex\" style=\"padding-top:var(--wp--preset--spacing--80);padding-bottom:var(--wp--preset--spacing--80)\">\n<p>Brighten your space with our round led aluminum profile dia 24mm designed for flexible LED strips up to 12mm wide. This strong channel has a 24.0 mm outer\u00a0diameter and a 12.2 mm internal width.<\/p>\n\n\n\n<p>This profile\u00a0works well for surface mounting using a tilt-and-swivel bracket, but it can also be used for pendant lighting that hangs down. This bracket installation holds the fixture in place while letting you move and turn the complete channel, which enables you point the light exactly where you want it.<\/p>\n\n\n\n<p>This profile keeps LED strips\u00a0cool, protects them, and spreads light evenly so there are no hot spots. This feature that changes makes it perfect for directing accent lighting, lighting up retail displays, museum exhibits, or any other function that needs controlled, focused wall washing.<\/p>\n<\/div>\n\n\n\n<div class=\"wp-block-group has-background is-vertical is-layout-flex wp-container-core-group-is-layout-d255d7c4 wp-block-group-is-layout-flex\" style=\"background-color:#f1f1f1;padding-top:var(--wp--preset--spacing--80);padding-bottom:var(--wp--preset--spacing--80)\">\n<div class=\"wp-block-group is-vertical is-layout-flex wp-container-core-group-is-layout-8cf370e7 wp-block-group-is-layout-flex\">\n<h2 class=\"wp-block-heading\" style=\"padding-top:var(--wp--preset--spacing--40);padding-bottom:var(--wp--preset--spacing--40);font-size:25px;font-style:normal;font-weight:600;text-transform:capitalize\">Caracter\u00edsticas y Beneficios<\/h2>\n\n\n\n<ul class=\"wp-block-list\">\n<li>Fabricado con aleaci\u00f3n de aluminio 6063-T5 duradera, que ofrece una gran gesti\u00f3n del calor para enfriar tus tiras LED.<\/li>\n\n\n\n<li>El perfil redondo de 24 mm encaja perfectamente para tiras LED flexibles, maximizando el rendimiento de luz y el atractivo est\u00e9tico.<\/li>\n\n\n\n<li>El difusor opalina suaviza la luz, previene puntos duros y protege la cinta LED del polvo y da\u00f1os.<\/li>\n\n\n\n<li>El soporte ajustable te permite dirigir la luz en la direcci\u00f3n deseada.<\/li>\n\n\n\n<li>Compatible con diferentes tiras LED, incluyendo SMD 5050, tira LED COB y cintas LED blancas ajustables.<\/li>\n\n\n\n<li>Disponible en m\u00faltiples acabados para dise\u00f1o de iluminaci\u00f3n profesional, comercial o dom\u00e9stico.<\/li>\n<\/ul>\n<\/div>\n<\/div>\n\n\n\n<div class=\"wp-block-group\" style=\"padding-top:var(--wp--preset--spacing--60);padding-bottom:var(--wp--preset--spacing--60)\"><div class=\"wp-block-group__inner-container is-layout-constrained wp-block-group-is-layout-constrained\">\n<div class=\"wp-block-media-text has-media-on-the-right is-stacked-on-mobile\" style=\"grid-template-columns:auto 40%\"><div class=\"wp-block-media-text__content\">\n<h2 class=\"wp-block-heading\" style=\"padding-top:var(--wp--preset--spacing--40);padding-bottom:var(--wp--preset--spacing--40);font-size:25px;font-style:normal;font-weight:600;text-transform:capitalize\">Pasos sencillos para la instalaci\u00f3n<\/h2>\n\n\n\n<ul class=\"wp-block-list\">\n<li>Corta este perfil LED de aluminio redondo a la longitud requerida<\/li>\n\n\n\n<li>Elige y coloca una tira LED adecuada (m\u00e1x. 12 mm) dentro del perfil<\/li>\n\n\n\n<li>Coloca el difusor de luz opalina<\/li>\n\n\n\n<li>Sella las tapas de extremo en ambos extremos y conecta la fuente de alimentaci\u00f3n.<\/li>\n<\/ul>\n<\/div><figure class=\"wp-block-media-text__media\"><img loading=\"lazy\" decoding=\"async\" width=\"500\" height=\"500\" src=\"https:\/\/tangooled.com\/wp-content\/uploads\/2025\/12\/ar03-ins.webp\" alt=\"suspended round led aluminum profile dia 24mm for 12mm flexible led strip\" class=\"wp-image-42284 size-full\" srcset=\"https:\/\/tangooled.com\/wp-content\/uploads\/2025\/12\/ar03-ins.webp 500w, https:\/\/tangooled.com\/wp-content\/uploads\/2025\/12\/ar03-ins-300x300.webp 300w, https:\/\/tangooled.com\/wp-content\/uploads\/2025\/12\/ar03-ins-150x150.webp 150w\" sizes=\"auto, (max-width: 500px) 100vw, 500px\" \/><\/figure><\/div>\n<\/div><\/div>\n\n\n\n<div class=\"wp-block-group has-background is-vertical is-layout-flex wp-container-core-group-is-layout-b429018a wp-block-group-is-layout-flex\" style=\"background-color:#f1f1f1f2;padding-top:var(--wp--preset--spacing--70);padding-bottom:var(--wp--preset--spacing--70)\">\n<h2 class=\"wp-block-heading\" style=\"padding-top:var(--wp--preset--spacing--40);padding-bottom:var(--wp--preset--spacing--40);font-size:25px;font-style:normal;font-weight:600\">Usos y Aplicaciones<\/h2>\n\n\n\n<p>Puedes usar el perfil de aluminio LED redondo de 24 mm en muchos lugares diferentes:<\/p>\n\n\n\n<ul class=\"wp-block-list\">\n<li>Una luz brillante y clara para la isla de la cocina.<\/li>\n\n\n\n<li>Las luces en oficinas y salas de conferencias deben ser limpias, organizadas y uniformes.<\/li>\n\n\n\n<li>Exhibiciones de tienda que atraen la atenci\u00f3n hacia mercanc\u00edas bien iluminadas.<\/li>\n\n\n\n<li>Barras de armario con tiras LED que iluminan el espacio incorporado.<\/li>\n<\/ul>\n<\/div>\n\n\n\n<div class=\"wp-block-group is-vertical is-layout-flex wp-container-core-group-is-layout-d255d7c4 wp-block-group-is-layout-flex\" style=\"padding-top:var(--wp--preset--spacing--80);padding-bottom:var(--wp--preset--spacing--80)\">\n<h2 class=\"wp-block-heading\" style=\"padding-top:var(--wp--preset--spacing--40);padding-bottom:var(--wp--preset--spacing--40);font-size:25px;font-style:normal;font-weight:600;text-transform:capitalize\">Compara y explora productos relacionados<\/h2>\n\n\n\n<ul class=\"wp-block-list\">\n<li>Para una opci\u00f3n m\u00e1s delgada, consulta el <a href=\"https:\/\/tangooled.com\/es\/product\/18mm-flexible-led-profile-for-12mm-led-strips\/\"><mark style=\"background-color:rgba(0, 0, 0, 0)\" class=\"has-inline-color has-vivid-red-color\">perfil LED flexible de 18 mm para tiras LED de 12 mm<\/mark><\/a> que se adapta a la mayor\u00eda de las cintas LED est\u00e1ndar.<\/li>\n\n\n\n<li>Si necesitas un aspecto completamente negro, revisa el <a href=\"https:\/\/tangooled.com\/es\/product\/black-led-diffuser-aluminum-channel-for-12mm-tape-lights\/\"><mark style=\"background-color:rgba(0, 0, 0, 0)\" class=\"has-inline-color has-vivid-red-color\">canal de aluminio difusor de led negro para luces de cinta de 12 mm<\/mark><\/a>.<\/li>\n\n\n\n<li>Explora diferentes estilos con nuestro <a href=\"https:\/\/tangooled.com\/es\/product\/25x14m-surface-mounted-led-light-aluminum-profile\/\"><mark style=\"background-color:rgba(0, 0, 0, 0)\" class=\"has-inline-color has-vivid-red-color\">perfil de luz LED de aluminio montado en superficie de 25x14 mm <\/mark><\/a>para necesidades de montaje alternativo.<\/li>\n<\/ul>\n<\/div>\n\n\n\n<p><\/p>","protected":false},"featured_media":14288,"template":"","meta":{"_acf_changed":true,"_seopress_robots_primary_cat":"none","_seopress_titles_title":"Dia 24mm Round LED Aluminum Profile for Suspension AR03 | TANGOOLED","_seopress_titles_desc":"The AR03 is a dia 24mm round led aluminum profile optimized for 12mm strips. Ideal for creating architectural suspended pendant lights.","_seopress_robots_index":""},"pcb-width":[228],"product-cat":[234],"class_list":{"0":"post-42166","1":"product","2":"type-product","3":"status-publish","4":"has-post-thumbnail","6":"pcb-width-6-12mm","7":"product-cat-round-tube-profile"},"acf":[],"_links":{"self":[{"href":"https:\/\/tangooled.com\/es\/wp-json\/wp\/v2\/product\/42166","targetHints":{"allow":["GET"]}}],"collection":[{"href":"https:\/\/tangooled.com\/es\/wp-json\/wp\/v2\/product"}],"about":[{"href":"https:\/\/tangooled.com\/es\/wp-json\/wp\/v2\/types\/product"}],"wp:featuredmedia":[{"embeddable":true,"href":"https:\/\/tangooled.com\/es\/wp-json\/wp\/v2\/media\/14288"}],"wp:attachment":[{"href":"https:\/\/tangooled.com\/es\/wp-json\/wp\/v2\/media?parent=42166"}],"wp:term":[{"taxonomy":"pcb-width","embeddable":true,"href":"https:\/\/tangooled.com\/es\/wp-json\/wp\/v2\/pcb-width?post=42166"},{"taxonomy":"product-cat","embeddable":true,"href":"https:\/\/tangooled.com\/es\/wp-json\/wp\/v2\/product-cat?post=42166"}],"curies":[{"name":"wp","href":"https:\/\/api.w.org\/{rel}","templated":true}]}}