{"id":42122,"date":"2025-12-16T02:03:58","date_gmt":"2025-12-16T10:03:58","guid":{"rendered":"https:\/\/tangooled.com\/?post_type=product&#038;p=42122"},"modified":"2026-02-02T22:15:24","modified_gmt":"2026-02-03T06:15:24","slug":"https-tangooled-com-product-plaster-drywall-aluminum-skirting-board-for-12mm-led-strip-sk12","status":"publish","type":"product","link":"https:\/\/tangooled.com\/es\/product\/https-tangooled-com-product-plaster-drywall-aluminum-skirting-board-for-12mm-led-strip-sk12\/","title":{"rendered":"z\u00f3calo de aluminio para placa de yeso para tira LED de 12 mm sk12"},"content":{"rendered":"<div class=\"wp-block-group is-vertical is-layout-flex wp-container-core-group-is-layout-d255d7c4 wp-block-group-is-layout-flex\" style=\"padding-top:var(--wp--preset--spacing--80);padding-bottom:var(--wp--preset--spacing--80)\">\n<p>Our plaster drywall aluminum skirting board for 12mm LED strip is made of 6063-T5 extruded aluminum and is designed to fit perfectly inside a plaster drywall wall or skirting. It works like a hidden baseboard that can hold\u00a0a 12mm LED strip. When turned on, it makes a gentle, even light on the floor that adds to the room&#8217;s atmosphere.<br>Cuando se utiliza con un buen difusor, el perfil crea una luz ambiente continua en el suelo o un efecto de acento que oculta todos los puntos LED. Este perfil tambi\u00e9n ayuda a que las luces LED duren m\u00e1s al actuar como un disipador de calor.<br>Este perfil de z\u00f3calo SK12 ayuda a crear una iluminaci\u00f3n limpia y continua con tiras LED adecuadamente empotradas en la placa de yeso. Sin molduras voluminosas, solo luz suave y sin puntos todo el d\u00eda y la noche.<\/p>\n<\/div>\n\n\n\n<div class=\"wp-block-group has-background is-vertical is-layout-flex wp-container-core-group-is-layout-d255d7c4 wp-block-group-is-layout-flex\" style=\"background-color:#f1f1f1;padding-top:var(--wp--preset--spacing--80);padding-bottom:var(--wp--preset--spacing--80)\">\n<div class=\"wp-block-group is-vertical is-layout-flex wp-container-core-group-is-layout-8cf370e7 wp-block-group-is-layout-flex\">\n<h2 class=\"wp-block-heading\" style=\"padding-top:var(--wp--preset--spacing--40);padding-bottom:var(--wp--preset--spacing--40);font-size:25px;font-style:normal;font-weight:600;text-transform:capitalize\">\u00bfPor qu\u00e9 deber\u00edas elegir nuestra Z\u00f3calo LED de Yeso SK12?<\/h2>\n\n\n\n<ul class=\"wp-block-list\">\n<li>-Canal LED sin recortes: El ala de enyesado permite que el perfil se fusione perfectamente con la placa de yeso, creando una ilusi\u00f3n de pared flotante.<\/li>\n\n\n\n<li>Sin puntos: Un difusor de alta calidad elimina los puntos LED para un dise\u00f1o de iluminaci\u00f3n profesional.<\/li>\n\n\n\n<li>Gesti\u00f3n de calor: El aluminio es un gran disipador de calor que hace que los LED duren m\u00e1s.<\/li>\n\n\n\n<li>Funciona con tiras LED de 12 mm de ancho, incluidas tiras LED COB que crean una l\u00ednea de luz muy limpia.<\/li>\n\n\n\n<li>\u00dasalo en pasillos de hogares, negocios y hoteles para iluminar el suelo o el camino.<\/li>\n<\/ul>\n<\/div>\n<\/div>\n\n\n\n<div class=\"wp-block-group is-vertical is-layout-flex wp-container-core-group-is-layout-d255d7c4 wp-block-group-is-layout-flex\" style=\"padding-top:var(--wp--preset--spacing--80);padding-bottom:var(--wp--preset--spacing--80)\">\n<hr class=\"wp-block-separator has-alpha-channel-opacity\"\/>\n\n\n\n<div class=\"wp-block-media-text has-media-on-the-right is-stacked-on-mobile\" style=\"grid-template-columns:auto 40%\"><div class=\"wp-block-media-text__content\">\n<h2 class=\"wp-block-heading\" style=\"padding-top:var(--wp--preset--spacing--40);padding-bottom:var(--wp--preset--spacing--40);font-size:25px;font-style:normal;font-weight:600;text-transform:capitalize\">C\u00f3mo usar el perfil de z\u00f3calo SK12<\/h2>\n\n\n\n<ul class=\"wp-block-list\">\n<li>Coloca la extrusi\u00f3n de aluminio en el marco de la pared o del suelo.<\/li>\n\n\n\n<li>Coloca las l\u00e1minas de yeso contra el ala del perfil.<\/li>\n\n\n\n<li>Aplica una capa delgada de yeso sobre el ala para que la transici\u00f3n de la pared a la luz se vea suave.<\/li>\n\n\n\n<li>Coloca la tira LED en el canal.<\/li>\n\n\n\n<li>Conecta la tira LED a una fuente de alimentaci\u00f3n de bajo voltaje.<\/li>\n\n\n\n<li>Coloca la tapa difusora opal para obtener una iluminaci\u00f3n suave y sin puntos.<\/li>\n<\/ul>\n<\/div><figure class=\"wp-block-media-text__media\"><img loading=\"lazy\" decoding=\"async\" width=\"500\" height=\"500\" src=\"https:\/\/tangooled.com\/wp-content\/uploads\/2025\/12\/sk12-ins.webp\" alt=\"z\u00f3calo de aluminio para placa de yeso para tira LED de 12 mm sk12\" class=\"wp-image-42160 size-full\" srcset=\"https:\/\/tangooled.com\/wp-content\/uploads\/2025\/12\/sk12-ins.webp 500w, https:\/\/tangooled.com\/wp-content\/uploads\/2025\/12\/sk12-ins-300x300.webp 300w, https:\/\/tangooled.com\/wp-content\/uploads\/2025\/12\/sk12-ins-150x150.webp 150w\" sizes=\"auto, (max-width: 500px) 100vw, 500px\" \/><\/figure><\/div>\n<\/div>\n\n\n\n<div class=\"wp-block-group has-background is-vertical is-layout-flex wp-container-core-group-is-layout-b429018a wp-block-group-is-layout-flex\" style=\"background-color:#f1f1f1f2;padding-top:var(--wp--preset--spacing--70);padding-bottom:var(--wp--preset--spacing--70)\">\n<h2 class=\"wp-block-heading\" style=\"padding-top:var(--wp--preset--spacing--40);padding-bottom:var(--wp--preset--spacing--40);font-size:25px;font-style:normal;font-weight:600;text-transform:capitalize\">\u00bfQu\u00e9 puedes obtener de los kits?<\/h2>\n\n\n\n<ul class=\"wp-block-list\">\n<li>Perfil de yeso de aluminio.<\/li>\n\n\n\n<li>Difusor opal de policarbonato.<\/li>\n\n\n\n<li>Tapas de extremo para cerrar los extremos del perfil de manera ordenada.<\/li>\n\n\n\n<li>Conectores rectos para conexiones de l\u00ednea interminables.<\/li>\n<\/ul>\n<\/div>\n\n\n\n<div class=\"wp-block-group is-vertical is-layout-flex wp-container-core-group-is-layout-d255d7c4 wp-block-group-is-layout-flex\" style=\"padding-top:var(--wp--preset--spacing--80);padding-bottom:var(--wp--preset--spacing--80)\">\n<h2 class=\"wp-block-heading\" style=\"padding-top:var(--wp--preset--spacing--40);padding-bottom:var(--wp--preset--spacing--40);font-size:25px;font-style:normal;font-weight:600;text-transform:capitalize\">Lugares Ideales para Instalar el perfil de z\u00f3calo SK12<\/h2>\n\n\n\n<ul class=\"wp-block-list\">\n<li>Pasillos y corredores en hogares y hoteles que necesitan iluminaci\u00f3n de camino LED segura y estilosa a nivel del suelo.<\/li>\n\n\n\n<li>\u00c1reas de estar y dormitorios con efectos de iluminaci\u00f3n ambiental frescos.<\/li>\n\n\n\n<li>Iluminaci\u00f3n en la pared en tiendas y salas de exhibici\u00f3n para mostrar caracter\u00edsticas arquitect\u00f3nicas.<\/li>\n\n\n\n<li>Teatros en casa y salones utilizan iluminaci\u00f3n indirecta para crear ambiente.<\/li>\n\n\n\n<li>La iluminaci\u00f3n para arquitectura puede hacer que los lugares de trabajo y las salas de recepci\u00f3n se vean ordenados y profesionales.<\/li>\n<\/ul>\n\n\n\n<p>Agrega los toques finales perfectos usando accesorios como el <mark style=\"background-color:rgba(0, 0, 0, 0)\" class=\"has-inline-color has-vivid-red-color\"><a href=\"https:\/\/tangooled.com\/es\/product\/18x18mm-led-strip-corner-profile-for-12mm-led-strips\/\">perfil de esquina de tira LED de 18x18mm para tiras LED de 12 mm<\/a>.<\/mark><\/p>\n<\/div>\n\n\n\n<p><\/p>","protected":false},"featured_media":13698,"template":"","meta":{"_acf_changed":true,"_seopress_robots_primary_cat":"none","_seopress_titles_title":"Plaster-in LED Skirting Channel for12mm Strip SK12 | TANGOOLED","_seopress_titles_desc":"The SK12 is a professional plaster-in led skirting channel optimized for 12mm strips. Achieve a seamless, trimless baseboard lighting effect in drywall projects with this recessed aluminum profile.","_seopress_robots_index":""},"pcb-width":[228],"product-cat":[198],"class_list":{"0":"post-42122","1":"product","2":"type-product","3":"status-publish","4":"has-post-thumbnail","6":"pcb-width-6-12mm","7":"product-cat-skirting-profile"},"acf":[],"_links":{"self":[{"href":"https:\/\/tangooled.com\/es\/wp-json\/wp\/v2\/product\/42122","targetHints":{"allow":["GET"]}}],"collection":[{"href":"https:\/\/tangooled.com\/es\/wp-json\/wp\/v2\/product"}],"about":[{"href":"https:\/\/tangooled.com\/es\/wp-json\/wp\/v2\/types\/product"}],"wp:featuredmedia":[{"embeddable":true,"href":"https:\/\/tangooled.com\/es\/wp-json\/wp\/v2\/media\/13698"}],"wp:attachment":[{"href":"https:\/\/tangooled.com\/es\/wp-json\/wp\/v2\/media?parent=42122"}],"wp:term":[{"taxonomy":"pcb-width","embeddable":true,"href":"https:\/\/tangooled.com\/es\/wp-json\/wp\/v2\/pcb-width?post=42122"},{"taxonomy":"product-cat","embeddable":true,"href":"https:\/\/tangooled.com\/es\/wp-json\/wp\/v2\/product-cat?post=42122"}],"curies":[{"name":"wp","href":"https:\/\/api.w.org\/{rel}","templated":true}]}}