{"id":42120,"date":"2025-12-16T01:58:37","date_gmt":"2025-12-16T09:58:37","guid":{"rendered":"https:\/\/tangooled.com\/?post_type=product&#038;p=42120"},"modified":"2026-02-02T22:15:00","modified_gmt":"2026-02-03T06:15:00","slug":"waist-line-in-wall-stair-lighting-aluminum-led-profile","status":"publish","type":"product","link":"https:\/\/tangooled.com\/es\/product\/waist-line-in-wall-stair-lighting-aluminum-led-profile\/","title":{"rendered":"L\u00ednea de Cintura en Iluminaci\u00f3n de Escaleras de Aluminio LED en Pared"},"content":{"rendered":"<div class=\"wp-block-group is-vertical is-layout-flex wp-container-core-group-is-layout-d255d7c4 wp-block-group-is-layout-flex\" style=\"padding-top:var(--wp--preset--spacing--80);padding-bottom:var(--wp--preset--spacing--80)\">\n<p>Nuestro perfil de iluminaci\u00f3n en la pared para escaleras es un canal LED de aluminio que est\u00e1 retranqueado. Se puede instalar en drywall o yeso para crear una iluminaci\u00f3n sin marco y empotrada. Esto le da a tus paredes y escaleras un resplandor sutil pero brillante.<\/p>\n\n\n\n<p>It&#8217;s made to light up stairs, but it also works well for lighting up waistlines along corridors or skirting boards. The aluminum case functions as a heat sink, which keeps the LED strips cool and makes them live longer.<\/p>\n\n\n\n<p>This aluminum LED profile gives out a gentle, clear, and even glow that changes the look of walls and staircases with a modern, safe, and smooth light. It&#8217;s great for updating homes, offices, commercial halls, and retail areas.<\/p>\n<\/div>\n\n\n\n<div class=\"wp-block-group has-background is-vertical is-layout-flex wp-container-core-group-is-layout-d255d7c4 wp-block-group-is-layout-flex\" style=\"background-color:#f1f1f1;padding-top:var(--wp--preset--spacing--80);padding-bottom:var(--wp--preset--spacing--80)\">\n<div class=\"wp-block-group is-vertical is-layout-flex wp-container-core-group-is-layout-8cf370e7 wp-block-group-is-layout-flex\">\n<h2 class=\"wp-block-heading\" style=\"padding-top:var(--wp--preset--spacing--40);padding-bottom:var(--wp--preset--spacing--40);font-size:25px;font-style:normal;font-weight:600;text-transform:capitalize\">\u00bfPor qu\u00e9 elegir este perfil?<\/h2>\n\n\n\n<ul class=\"wp-block-list\">\n<li>Looks like it&#8217;s flush with the wall\u2014no frames or corners are apparent.<\/li>\n\n\n\n<li>Iluminaci\u00f3n suave y sin deslumbramiento que es excelente para resaltar paredes o hacer que las escaleras sean m\u00e1s seguras.<\/li>\n\n\n\n<li>Hecho de una aleaci\u00f3n de aluminio 6063 de alta calidad que permite que el calor se disipe f\u00e1cilmente.<\/li>\n\n\n\n<li>Viene con un difusor de policarbonato esmerilado que hace que la luz sea suave sin puntos LED distractores.<\/li>\n\n\n\n<li>Se puede utilizar con tiras de luz LED de 12V o 24V y hasta 12mm de ancho.<\/li>\n\n\n\n<li>Disponible en acabados anodizados en negro, blanco o plata.<\/li>\n<\/ul>\n<\/div>\n<\/div>\n\n\n\n<div class=\"wp-block-group\" style=\"padding-top:var(--wp--preset--spacing--60);padding-bottom:var(--wp--preset--spacing--60)\"><div class=\"wp-block-group__inner-container is-layout-constrained wp-block-group-is-layout-constrained\">\n<div class=\"wp-block-media-text has-media-on-the-right is-stacked-on-mobile\" style=\"grid-template-columns:auto 40%\"><div class=\"wp-block-media-text__content\">\n<h2 class=\"wp-block-heading\" style=\"padding-top:var(--wp--preset--spacing--40);padding-bottom:var(--wp--preset--spacing--40);font-size:25px;font-style:normal;font-weight:600;text-transform:capitalize\">C\u00f3mo usarlo<\/h2>\n\n\n\n<ul class=\"wp-block-list\">\n<li>Haz un canal en el drywall o yeso a lo largo de tu pared o escalera que sea aproximadamente del mismo tama\u00f1o que el perfil.<\/li>\n\n\n\n<li>Coloca el perfil LED de aluminio en el canal y aseg\u00farate de que se mantenga en su lugar.<\/li>\n\n\n\n<li>Coloca compuesto para drywall o yeso sobre los lados con agujeros (instalaci\u00f3n empotrada) para que el acabado sea liso.<\/li>\n\n\n\n<li>Coloca la tira de luz LED dentro del perfil.<\/li>\n\n\n\n<li>Coloca el difusor esmerilado para hacer que la luz sea m\u00e1s uniforme y suave.<\/li>\n<\/ul>\n<\/div><figure class=\"wp-block-media-text__media\"><img loading=\"lazy\" decoding=\"async\" width=\"500\" height=\"500\" src=\"https:\/\/tangooled.com\/wp-content\/uploads\/2025\/12\/sk11-ins.webp\" alt=\"waist line in wall stair lighting aluminum led profile\" class=\"wp-image-42158 size-full\" srcset=\"https:\/\/tangooled.com\/wp-content\/uploads\/2025\/12\/sk11-ins.webp 500w, https:\/\/tangooled.com\/wp-content\/uploads\/2025\/12\/sk11-ins-300x300.webp 300w, https:\/\/tangooled.com\/wp-content\/uploads\/2025\/12\/sk11-ins-150x150.webp 150w\" sizes=\"auto, (max-width: 500px) 100vw, 500px\" \/><\/figure><\/div>\n<\/div><\/div>\n\n\n\n<div class=\"wp-block-group has-background is-vertical is-layout-flex wp-container-core-group-is-layout-b429018a wp-block-group-is-layout-flex\" style=\"background-color:#f1f1f1f2;padding-top:var(--wp--preset--spacing--70);padding-bottom:var(--wp--preset--spacing--70)\">\n<h2 class=\"wp-block-heading\" style=\"padding-top:var(--wp--preset--spacing--40);padding-bottom:var(--wp--preset--spacing--40);font-size:25px;font-style:normal;font-weight:600;text-transform:capitalize\">what&#8217;s in the kit\uff1f<\/h2>\n\n\n\n<ul class=\"wp-block-list\">\n<li>Canal de aluminio anodizado para l\u00ednea de cintura<\/li>\n\n\n\n<li>Difusor LED opalino <\/li>\n\n\n\n<li>Tapas finales<\/li>\n<\/ul>\n<\/div>\n\n\n\n<div class=\"wp-block-group is-vertical is-layout-flex wp-container-core-group-is-layout-d255d7c4 wp-block-group-is-layout-flex\" style=\"padding-top:var(--wp--preset--spacing--80);padding-bottom:var(--wp--preset--spacing--80)\">\n<h2 class=\"wp-block-heading\" style=\"padding-top:var(--wp--preset--spacing--40);padding-bottom:var(--wp--preset--spacing--40);font-size:25px;font-style:normal;font-weight:600;text-transform:capitalize\">Enlaces internos que te pueden interesar<\/h2>\n\n\n\n<ul class=\"wp-block-list\">\n<li>Explora m\u00e1s sobre <a href=\"https:\/\/tangooled.com\/es\/product\/black-led-profile-with-black-diffuser-for-10mm-led-strip-light\/\"><mark style=\"background-color:rgba(0, 0, 0, 0)\" class=\"has-inline-color has-vivid-red-color\">perfil LED negro con difusor negro para tira LED de 10 mm<\/mark><\/a><\/li>\n\n\n\n<li>Echa un vistazo a la <a href=\"https:\/\/tangooled.com\/es\/product\/led-strip-light-channel-aluminum-profile-with-diffused-cover-6mm-height\/\"><mark style=\"background-color:rgba(0, 0, 0, 0)\" class=\"has-inline-color has-vivid-red-color\">Perfil de aluminio para canal de luz LED con cubierta difusa de 6 mm de altura<\/mark><\/a><\/li>\n\n\n\n<li>Ver nuestro <a href=\"https:\/\/tangooled.com\/es\/product\/surface-mount-led-profile-with-frosted-diffuser-for-10mm-rope-lights\/\"><mark style=\"background-color:rgba(0, 0, 0, 0)\" class=\"has-inline-color has-vivid-red-color\">perfil LED de montaje superficial con difusor esmerilado para luces de cuerda de 10 mm<\/mark><\/a><\/li>\n\n\n\n<li>Aprende sobre el <a href=\"https:\/\/tangooled.com\/es\/product\/side-lighting-2-in-1-aluminum-led-baseboard-for-15mm-strips\/\"><mark style=\"background-color:rgba(0, 0, 0, 0)\" class=\"has-inline-color has-vivid-red-color\">perfil de iluminaci\u00f3n lateral de aluminio LED 2 en 1 para tiras de 15mm<\/mark><\/a><\/li>\n\n\n\n<li>Descubre los detalles completos del producto en <a href=\"https:\/\/tangooled.com\/es\/product\/waist-line-in-wall-stair-lighting-aluminum-led-profile\/\"><mark style=\"background-color:rgba(0, 0, 0, 0)\" class=\"has-inline-color has-vivid-red-color\">L\u00ednea de Cintura en Iluminaci\u00f3n de Escaleras de Aluminio LED en Pared<\/mark><\/a><\/li>\n<\/ul>\n<\/div>\n\n\n\n<div class=\"wp-block-group has-background\" style=\"background-color:#f1f1f1;padding-top:var(--wp--preset--spacing--80);padding-bottom:var(--wp--preset--spacing--80)\"><div class=\"wp-block-group__inner-container is-layout-constrained wp-block-group-is-layout-constrained\">\n<h2 class=\"wp-block-heading\" style=\"padding-top:var(--wp--preset--spacing--40);padding-right:0;padding-bottom:var(--wp--preset--spacing--40);padding-left:0;font-size:25px;font-style:normal;font-weight:600;text-transform:capitalize\">resumen<\/h2>\n\n\n\n<p style=\"padding-right:var(--wp--preset--spacing--50);padding-left:var(--wp--preset--spacing--50)\">Nuestro perfil de iluminaci\u00f3n en la pared para escaleras es una forma segura y hermosa de iluminar pasillos, escaleras y z\u00f3calos. Incluye una instalaci\u00f3n empotrada, un alojamiento de aluminio de alta calidad y un difusor de policarbonato que proporciona una hermosa l\u00ednea de luz sin deslumbramiento. Puedes elegir entre una gama de acabados y longitudes, y puedes cortarlos a medida para un ajuste perfecto. Este perfil es ideal para crear iluminaci\u00f3n para hogares, negocios, tiendas y hoteles. Se ve incre\u00edble y tiene una larga durabilidad.<\/p>\n<\/div><\/div>\n\n\n\n<p><\/p>","protected":false},"featured_media":13693,"template":"","meta":{"_acf_changed":true,"_seopress_robots_primary_cat":"none","_seopress_titles_title":"Waist Line In-wall Stair Lighting Profile SK11 | TANGOOLED","_seopress_titles_desc":"The SK11 is a professional waist line in-wall stair lighting profile designed for seamless linear light. Create safe and elegant recessed guidance lighting along stairs and hallways.","_seopress_robots_index":""},"pcb-width":[228],"product-cat":[198],"class_list":{"0":"post-42120","1":"product","2":"type-product","3":"status-publish","4":"has-post-thumbnail","6":"pcb-width-6-12mm","7":"product-cat-skirting-profile"},"acf":[],"_links":{"self":[{"href":"https:\/\/tangooled.com\/es\/wp-json\/wp\/v2\/product\/42120","targetHints":{"allow":["GET"]}}],"collection":[{"href":"https:\/\/tangooled.com\/es\/wp-json\/wp\/v2\/product"}],"about":[{"href":"https:\/\/tangooled.com\/es\/wp-json\/wp\/v2\/types\/product"}],"wp:featuredmedia":[{"embeddable":true,"href":"https:\/\/tangooled.com\/es\/wp-json\/wp\/v2\/media\/13693"}],"wp:attachment":[{"href":"https:\/\/tangooled.com\/es\/wp-json\/wp\/v2\/media?parent=42120"}],"wp:term":[{"taxonomy":"pcb-width","embeddable":true,"href":"https:\/\/tangooled.com\/es\/wp-json\/wp\/v2\/pcb-width?post=42120"},{"taxonomy":"product-cat","embeddable":true,"href":"https:\/\/tangooled.com\/es\/wp-json\/wp\/v2\/product-cat?post=42120"}],"curies":[{"name":"wp","href":"https:\/\/api.w.org\/{rel}","templated":true}]}}