{"id":42118,"date":"2025-12-16T01:53:41","date_gmt":"2025-12-16T09:53:41","guid":{"rendered":"https:\/\/tangooled.com\/?post_type=product&#038;p=42118"},"modified":"2026-02-02T22:09:04","modified_gmt":"2026-02-03T06:09:04","slug":"waist-line-wall-recessed-lighting-indirect-ceiling-cove-12mm-led-strip-profile","status":"publish","type":"product","link":"https:\/\/tangooled.com\/es\/product\/waist-line-wall-recessed-lighting-indirect-ceiling-cove-12mm-led-strip-profile\/","title":{"rendered":"L\u00ednea de Cintura Iluminaci\u00f3n Empotrada en Pared Cove Indirecta Perfil para Tira LED de 12 mm"},"content":{"rendered":"<div class=\"wp-block-group is-vertical is-layout-flex wp-container-core-group-is-layout-d255d7c4 wp-block-group-is-layout-flex\" style=\"padding-top:var(--wp--preset--spacing--80);padding-bottom:var(--wp--preset--spacing--80)\">\n<p>Nuestro perfil LED empotrado para l\u00ednea de cintura es un canal de aluminio elegante que iluminar\u00e1 tus paredes y techos con una luz suave y brillante. Se adapta perfectamente a paneles de yeso o yeso sin necesidad de molduras, lo que oculta la fuente de luz y le da un aspecto limpio y moderno. Esta t\u00e9cnica hace que la luz parezca salir directamente de la superficie.<\/p>\n\n\n\n<p>El perfil puede aceptar tiras LED de hasta 12mm de ancho, y funciona mejor para iluminaci\u00f3n indirecta. Puedes colocarlo en una uni\u00f3n de pared a techo o a nivel de la cintura en las paredes para crear un suave y c\u00e1lido resplandor que transforma y mejora la atm\u00f3sfera de cualquier habitaci\u00f3n.<\/p>\n<\/div>\n\n\n\n<div class=\"wp-block-group has-background is-vertical is-layout-flex wp-container-core-group-is-layout-d255d7c4 wp-block-group-is-layout-flex\" style=\"background-color:#f1f1f1;padding-top:var(--wp--preset--spacing--80);padding-bottom:var(--wp--preset--spacing--80)\">\n<div class=\"wp-block-group is-vertical is-layout-flex wp-container-core-group-is-layout-8cf370e7 wp-block-group-is-layout-flex\">\n<h2 class=\"wp-block-heading\" style=\"padding-top:var(--wp--preset--spacing--40);padding-bottom:var(--wp--preset--spacing--40);font-size:25px;font-style:normal;font-weight:600;text-transform:capitalize\">\u00bfPor qu\u00e9 elegir nuestro perfil LED empotrado para l\u00ednea de cintura?<\/h2>\n\n\n\n<ul class=\"wp-block-list\">\n<li>La iluminaci\u00f3n es continua y sin puntos, con una cubierta opal difusa que proporciona un resplandor suave y uniforme.<\/li>\n\n\n\n<li>Fabricado en aluminio anodizado 6063-T5 para un fuerte disipador de calor y una larga vida \u00fatil.&nbsp;<\/li>\n\n\n\n<li>Se adapta a tiras LED est\u00e1ndar de 12mm y funciona con muchas marcas para que elijas el brillo y los colores que desees.<\/li>\n\n\n\n<li>F\u00e1cil de instalar en paneles de yeso de 15mm.&nbsp;<\/li>\n\n\n\n<li>Ofrece una apariencia arquitect\u00f3nica limpia sin biseles visibles.&nbsp;<\/li>\n\n\n\n<li>Admite tramos continuos y conexiones en esquina.<\/li>\n<\/ul>\n<\/div>\n<\/div>\n\n\n\n<div class=\"wp-block-group is-vertical is-layout-flex wp-container-core-group-is-layout-d255d7c4 wp-block-group-is-layout-flex\" style=\"padding-top:var(--wp--preset--spacing--80);padding-bottom:var(--wp--preset--spacing--80)\">\n<hr class=\"wp-block-separator has-alpha-channel-opacity\"\/>\n\n\n\n<div class=\"wp-block-media-text has-media-on-the-right is-stacked-on-mobile\" style=\"grid-template-columns:auto 40%\"><div class=\"wp-block-media-text__content\">\n<h2 class=\"wp-block-heading\" style=\"padding-top:var(--wp--preset--spacing--40);padding-bottom:var(--wp--preset--spacing--40);font-size:25px;font-style:normal;font-weight:600;text-transform:capitalize\">Consejos de instalaci\u00f3n<\/h2>\n\n\n\n<ul class=\"wp-block-list\">\n<li>Fija el perfil directamente al armaz\u00f3n antes de instalar el panel de yeso o el yeso.<\/li>\n\n\n\n<li>Aplica compuesto para juntas o yeso sobre la brida y alisa.<\/li>\n\n\n\n<li>Coloca tu tira LED de 12mm elegida dentro y c\u00fabrela con el difusor incluido.<\/li>\n\n\n\n<li>Usa controladores y atenuadores LED para cambiar el brillo y la temperatura del color.<\/li>\n<\/ul>\n<\/div><figure class=\"wp-block-media-text__media\"><img loading=\"lazy\" decoding=\"async\" width=\"500\" height=\"500\" src=\"https:\/\/tangooled.com\/wp-content\/uploads\/2025\/12\/sk10-ins.webp\" alt=\"waist line wall recessed lighting indirect ceiling cove 12mm led strip profile\" class=\"wp-image-42154 size-full\" srcset=\"https:\/\/tangooled.com\/wp-content\/uploads\/2025\/12\/sk10-ins.webp 500w, https:\/\/tangooled.com\/wp-content\/uploads\/2025\/12\/sk10-ins-300x300.webp 300w, https:\/\/tangooled.com\/wp-content\/uploads\/2025\/12\/sk10-ins-150x150.webp 150w\" sizes=\"auto, (max-width: 500px) 100vw, 500px\" \/><\/figure><\/div>\n<\/div>\n\n\n\n<div class=\"wp-block-group has-background is-vertical is-layout-flex wp-container-core-group-is-layout-b429018a wp-block-group-is-layout-flex\" style=\"background-color:#f1f1f1f2;padding-top:var(--wp--preset--spacing--70);padding-bottom:var(--wp--preset--spacing--70)\">\n<h2 class=\"wp-block-heading\" style=\"padding-top:var(--wp--preset--spacing--40);padding-bottom:var(--wp--preset--spacing--40);font-size:25px;font-style:normal;font-weight:600\">C\u00f3mo usar: Escenarios de uso<\/h2>\n\n\n\n<ul class=\"wp-block-list\">\n<li>Cove lighting for the ceiling: To make a glowing cove light, put this profile where the wall and ceiling meet. This can make the ceiling look like it&#8217;s floating, which makes spaces feel bigger and gentler.<\/li>\n\n\n\n<li>Iluminaci\u00f3n empotrada en la pared a la altura de la cintura: Para una iluminaci\u00f3n de acento colorida y moderna en corredores o para ayudar a las personas a orientarse en hoteles y oficinas, col\u00f3calos horizontalmente a la altura de la cintura.<\/li>\n\n\n\n<li>Iluminaci\u00f3n en la base y a nivel del suelo: Puedes usarlo a nivel del suelo para iluminar suavemente un camino o para resaltar caracter\u00edsticas arquitect\u00f3nicas con una suave l\u00ednea de luz LED indirecta.<\/li>\n\n\n\n<li>Acentos en la pared: Utiliza este perfil verticalmente para iluminar paredes o resaltar detalles arquitect\u00f3nicos sin deslumbrar ni \u00e1reas duras.<\/li>\n<\/ul>\n<\/div>\n\n\n\n<div class=\"wp-block-group is-vertical is-layout-flex wp-container-core-group-is-layout-d255d7c4 wp-block-group-is-layout-flex\" style=\"padding-top:var(--wp--preset--spacing--80);padding-bottom:var(--wp--preset--spacing--80)\">\n<h2 class=\"wp-block-heading\" style=\"padding-top:var(--wp--preset--spacing--40);padding-bottom:var(--wp--preset--spacing--40);font-size:25px;font-style:normal;font-weight:600;text-transform:capitalize\">Explora Productos Relacionados<\/h2>\n\n\n\n<p>Te podr\u00edan gustar estos otros perfiles para tus proyectos LED:<\/p>\n\n\n\n<ul class=\"wp-block-list\">\n<li><a href=\"https:\/\/tangooled.com\/es\/product\/black-led-diffuser-aluminum-channel-for-12mm-tape-lights\/\"><mark style=\"background-color:rgba(0, 0, 0, 0)\" class=\"has-inline-color has-vivid-red-color\">Canal de aluminio difusor LED negro para luces de cinta de 12 mm<\/mark><\/a><\/li>\n\n\n\n<li><a href=\"https:\/\/tangooled.com\/es\/product\/18x18mm-led-strip-corner-profile-for-12mm-led-strips\/\"><mark style=\"background-color:rgba(0, 0, 0, 0)\" class=\"has-inline-color has-vivid-red-color\">Perfil de esquina para tira LED de 18x18mm para tiras LED de 12mm<\/mark><\/a><\/li>\n\n\n\n<li><a href=\"https:\/\/tangooled.com\/es\/product\/aluminum-drywall-led-skirting-profile-for-12mm-tape-light\/\"><mark style=\"background-color:rgba(0, 0, 0, 0)\" class=\"has-inline-color has-vivid-red-color\">Perfil de aluminio para rodapi\u00e9 LED de yeso para cinta de luz de 12 mm<\/mark><\/a><\/li>\n\n\n\n<li><a href=\"https:\/\/tangooled.com\/es\/product\/recessed-led-aluminum-profile-up-and-down-lighting-channel-for-cabinet\/\"><mark style=\"background-color:rgba(0, 0, 0, 0)\" class=\"has-inline-color has-vivid-red-color\">Canal de perfil de aluminio LED empotrado para iluminaci\u00f3n ascendente y descendente para gabinete<\/mark><\/a><\/li>\n<\/ul>\n<\/div>\n\n\n\n<div class=\"wp-block-group has-background\" style=\"background-color:#f1f1f1;padding-top:var(--wp--preset--spacing--80);padding-bottom:var(--wp--preset--spacing--80)\"><div class=\"wp-block-group__inner-container is-layout-constrained wp-block-group-is-layout-constrained\">\n<h2 class=\"wp-block-heading\" style=\"padding-top:var(--wp--preset--spacing--40);padding-right:0;padding-bottom:var(--wp--preset--spacing--40);padding-left:0;font-size:25px;font-style:normal;font-weight:600;text-transform:capitalize\">resumen<\/h2>\n\n\n\n<p style=\"padding-right:var(--wp--preset--spacing--50);padding-left:var(--wp--preset--spacing--50)\">Nuestro perfil LED empotrado para l\u00ednea de cintura es el enfoque ideal para obtener una iluminaci\u00f3n de c\u00fapula de techo limpia, suave e indirecta y iluminaci\u00f3n de acento. Este perfil de aluminio de grado arquitect\u00f3nico es f\u00e1cil de instalar en paneles de yeso. Se adapta a tiras LED de 12mm y crea una luz suave y sin puntos. \u00dasalo en paredes, techos, z\u00f3calos o nichos para agregar luz estilosa y sin deslumbramiento a cualquier habitaci\u00f3n.<\/p>\n<\/div><\/div>\n\n\n\n<p><\/p>","protected":false},"featured_media":13688,"template":"","meta":{"_acf_changed":true,"_seopress_robots_primary_cat":"none","_seopress_titles_title":"Waist Line Wall Recessed LED Profile for Indirect Lighting SK10 | TANGOOLED","_seopress_titles_desc":"The SK10 is a versatile waist line wall recessed led profile for 12mm strips. Create seamless horizontal light accents or small ceiling coves with this architectural aluminum channel.","_seopress_robots_index":""},"pcb-width":[228],"product-cat":[198],"class_list":{"0":"post-42118","1":"product","2":"type-product","3":"status-publish","4":"has-post-thumbnail","6":"pcb-width-6-12mm","7":"product-cat-skirting-profile"},"acf":[],"_links":{"self":[{"href":"https:\/\/tangooled.com\/es\/wp-json\/wp\/v2\/product\/42118","targetHints":{"allow":["GET"]}}],"collection":[{"href":"https:\/\/tangooled.com\/es\/wp-json\/wp\/v2\/product"}],"about":[{"href":"https:\/\/tangooled.com\/es\/wp-json\/wp\/v2\/types\/product"}],"wp:featuredmedia":[{"embeddable":true,"href":"https:\/\/tangooled.com\/es\/wp-json\/wp\/v2\/media\/13688"}],"wp:attachment":[{"href":"https:\/\/tangooled.com\/es\/wp-json\/wp\/v2\/media?parent=42118"}],"wp:term":[{"taxonomy":"pcb-width","embeddable":true,"href":"https:\/\/tangooled.com\/es\/wp-json\/wp\/v2\/pcb-width?post=42118"},{"taxonomy":"product-cat","embeddable":true,"href":"https:\/\/tangooled.com\/es\/wp-json\/wp\/v2\/product-cat?post=42118"}],"curies":[{"name":"wp","href":"https:\/\/api.w.org\/{rel}","templated":true}]}}