{"id":42116,"date":"2025-12-16T01:45:06","date_gmt":"2025-12-16T09:45:06","guid":{"rendered":"https:\/\/tangooled.com\/?post_type=product&#038;p=42116"},"modified":"2026-02-02T22:08:49","modified_gmt":"2026-02-03T06:08:49","slug":"low-lighting-led-strip-skirting-board-trim-channel-for-10mm-led-strip","status":"publish","type":"product","link":"https:\/\/tangooled.com\/es\/product\/low-lighting-led-strip-skirting-board-trim-channel-for-10mm-led-strip\/","title":{"rendered":"Canal de z\u00f3calo de tira LED de baja iluminaci\u00f3n para tira LED de 10 mm"},"content":{"rendered":"<div class=\"wp-block-group is-vertical is-layout-flex wp-container-core-group-is-layout-d255d7c4 wp-block-group-is-layout-flex\" style=\"padding-top:var(--wp--preset--spacing--80);padding-bottom:var(--wp--preset--spacing--80)\">\n<p>Nuestra moldura de rodapi\u00e9 LED de baja iluminaci\u00f3n funciona con paredes de cer\u00e1mica y madera chapada. El canal de LED de aluminio est\u00e1 oculto donde la pared de cer\u00e1mica se encuentra con el suelo. No solo proporciona una agradable luz ambiental en espacios peque\u00f1os, sino que tambi\u00e9n se integra en diferentes estilos de habitaciones.\u00a0<\/p>\n\n\n\n<p>This low lighting led skirting channel is 10 mm wide and 70 mm tall. It\u2019s suitable for compact spaces, such as kitchens and bathrooms, where space is relatively small. Its slim size won\u2019t take up too much space.<\/p>\n\n\n\n<p>La luz de este perfil de rodapi\u00e9 LED brilla hacia abajo y se refleja a trav\u00e9s de los arcos de los perfiles hacia el \u00e1rea del suelo, evitando problemas de deslumbramiento y mejorando la comodidad de la iluminaci\u00f3n del rodapi\u00e9 LED.<\/p>\n<\/div>\n\n\n\n<div class=\"wp-block-group has-background is-vertical is-layout-flex wp-container-core-group-is-layout-d255d7c4 wp-block-group-is-layout-flex\" style=\"background-color:#f1f1f1;padding-top:var(--wp--preset--spacing--80);padding-bottom:var(--wp--preset--spacing--80)\">\n<div class=\"wp-block-group is-vertical is-layout-flex wp-container-core-group-is-layout-8cf370e7 wp-block-group-is-layout-flex\">\n<h2 class=\"wp-block-heading\" style=\"padding-top:var(--wp--preset--spacing--40);padding-bottom:var(--wp--preset--spacing--40);font-size:25px;font-style:normal;font-weight:600;text-transform:capitalize\">\u00bfPor qu\u00e9 elegir nuestro canal de moldura para rodapi\u00e9 LED de baja iluminaci\u00f3n?<\/h2>\n\n\n\n<ul class=\"wp-block-list\">\n<li>Se adapta perfectamente a tiras LED de 10 mm, as\u00ed puedes tener un dise\u00f1o limpio sin luces o cables visibles.<\/li>\n\n\n\n<li>Hecho de una resistente aleaci\u00f3n de aluminio 6063-T5, que mantiene tus tiras LED frescas y seguras.<\/li>\n\n\n\n<li>Cuenta con una cubierta difusora esmerilada que suaviza la luz, evitando puntos duros o deslumbramiento.<\/li>\n\n\n\n<li>Dise\u00f1ado para ser instalado de forma empotrada o enyesada, para que se integre perfectamente con tus paredes o rodapi\u00e9s, logrando un aspecto ordenado.<\/li>\n\n\n\n<li>Disponible en acabados en polvo plateado, blanco y negro, para complementar el dise\u00f1o de tu espacio.\u00a0<\/li>\n\n\n\n<li>Puedes cortarlo f\u00e1cilmente a la longitud que necesites.<\/li>\n<\/ul>\n<\/div>\n<\/div>\n\n\n\n<div class=\"wp-block-group is-vertical is-layout-flex wp-container-core-group-is-layout-d255d7c4 wp-block-group-is-layout-flex\" style=\"padding-top:var(--wp--preset--spacing--80);padding-bottom:var(--wp--preset--spacing--80)\">\n<hr class=\"wp-block-separator has-alpha-channel-opacity\"\/>\n\n\n\n<div class=\"wp-block-media-text has-media-on-the-right is-stacked-on-mobile\" style=\"grid-template-columns:auto 40%\"><div class=\"wp-block-media-text__content\">\n<h2 class=\"wp-block-heading\" style=\"padding-top:var(--wp--preset--spacing--40);padding-bottom:var(--wp--preset--spacing--40);font-size:25px;font-style:normal;font-weight:600;text-transform:capitalize\">Pasos para la instalaci\u00f3n<\/h2>\n\n\n\n<ul class=\"wp-block-list\">\n<li>Corta el canal y la cubierta difusora a la longitud de tu rodapi\u00e9.<\/li>\n\n\n\n<li>Set the aluminum\u00a0profile back into drywall, plasterboard, or already-installed skirting trimmings.<\/li>\n\n\n\n<li>Para que la pared luzca limpia y a nivel, cubre las alas de montaje con yeso.<\/li>\n\n\n\n<li>Coloca tu cinta LED de 10 mm en el canal.<\/li>\n\n\n\n<li>Para suavizar la luz, coloca la cubierta difusora sobre el canal.<\/li>\n\n\n\n<li>Con\u00e9ctalo y disfruta de tus nuevas luces ambientales.<\/li>\n<\/ul>\n<\/div><figure class=\"wp-block-media-text__media\"><img loading=\"lazy\" decoding=\"async\" width=\"500\" height=\"500\" src=\"https:\/\/tangooled.com\/wp-content\/uploads\/2025\/12\/sk09-ins.webp\" alt=\"low lighting led strip skirting board trim channel for 10mm led strip\" class=\"wp-image-42153 size-full\" srcset=\"https:\/\/tangooled.com\/wp-content\/uploads\/2025\/12\/sk09-ins.webp 500w, https:\/\/tangooled.com\/wp-content\/uploads\/2025\/12\/sk09-ins-300x300.webp 300w, https:\/\/tangooled.com\/wp-content\/uploads\/2025\/12\/sk09-ins-150x150.webp 150w\" sizes=\"auto, (max-width: 500px) 100vw, 500px\" \/><\/figure><\/div>\n<\/div>\n\n\n\n<div class=\"wp-block-group has-background is-vertical is-layout-flex wp-container-core-group-is-layout-b429018a wp-block-group-is-layout-flex\" style=\"background-color:#f1f1f1f2;padding-top:var(--wp--preset--spacing--70);padding-bottom:var(--wp--preset--spacing--70)\">\n<h2 class=\"wp-block-heading\" style=\"padding-top:var(--wp--preset--spacing--40);padding-bottom:var(--wp--preset--spacing--40);font-size:25px;font-style:normal;font-weight:600\">\u00bfD\u00f3nde usarlo?<\/h2>\n\n\n\n<p>Nuestro canal de moldura para rodapi\u00e9 LED de baja iluminaci\u00f3n es excelente para muchos espacios:<\/p>\n\n\n\n<ul class=\"wp-block-list\">\n<li>Pasillos y corredores: La iluminaci\u00f3n LED suave en la moldura har\u00e1 que caminar de noche sea seguro y elegante.<\/li>\n\n\n\n<li>Salones y dormitorios: Usa iluminaci\u00f3n ambiental que siga tus paredes para que el espacio se sienta c\u00e1lido y acogedor.<\/li>\n\n\n\n<li>Cines en casa: Utiliza efectos de iluminaci\u00f3n teatral en los pasillos para brindar a tu sala de medios un suave brillo ambiental.<\/li>\n\n\n\n<li>Oficinas y negocios: Usa extrusiones arquitect\u00f3nicas LED elegantes para guiar a las personas y mejorar la apariencia de la habitaci\u00f3n.<\/li>\n<\/ul>\n<\/div>\n\n\n\n<div class=\"wp-block-group is-vertical is-layout-flex wp-container-core-group-is-layout-d255d7c4 wp-block-group-is-layout-flex\" style=\"padding-top:var(--wp--preset--spacing--80);padding-bottom:var(--wp--preset--spacing--80)\">\n<h2 class=\"wp-block-heading\" style=\"padding-top:var(--wp--preset--spacing--40);padding-bottom:var(--wp--preset--spacing--40);font-size:25px;font-style:normal;font-weight:600;text-transform:capitalize\">Productos relacionados que podr\u00edan gustarte<\/h2>\n\n\n\n<ul class=\"wp-block-list\">\n<li><a href=\"https:\/\/tangooled.com\/es\/product\/black-led-profile-with-black-diffuser-for-10mm-led-strip-light\/\"><mark style=\"background-color:rgba(0, 0, 0, 0)\" class=\"has-inline-color has-vivid-red-color\">Perfil LED negro con difusor negro para tira de LED de 10mm<\/mark><\/a> \u2014 For a sleek, modern black aluminum finish with excellent light control.<\/li>\n\n\n\n<li><a href=\"https:\/\/tangooled.com\/es\/product\/led-light-diffuser-channel-aluminum-15x12mm-for-10mm-led-strips\/\"><mark style=\"background-color:rgba(0, 0, 0, 0)\" class=\"has-inline-color has-vivid-red-color\">Canal de difusor de luz LED de aluminio 15x12mm para tiras LED de 10mm<\/mark><\/a> \u2014 Extra sturdy profiles with great diffusion for 10mm LEDs.<\/li>\n\n\n\n<li><a href=\"https:\/\/tangooled.com\/es\/product\/25x6mm-low-profile-led-strip-channel-for-10mm-led-strip-light\/\"><mark style=\"background-color:rgba(0, 0, 0, 0)\" class=\"has-inline-color has-vivid-red-color\">Canal de tira LED de perfil bajo de 25x6 mm para luz LED de 10 mm <\/mark><\/a>\u2014 Ideal for slim spaces needing hidden LED lighting.<\/li>\n\n\n\n<li><a href=\"https:\/\/tangooled.com\/es\/product\/surface-mount-led-profile-with-frosted-diffuser-for-10mm-rope-lights\/\"><mark style=\"background-color:rgba(0, 0, 0, 0)\" class=\"has-inline-color has-vivid-red-color\">Perfil LED de montaje en superficie con difusor mate para luces de cuerda de 10mm<\/mark><\/a> \u2014 Perfect for surface installations with soft light spread.<\/li>\n\n\n\n<li><a href=\"https:\/\/tangooled.com\/es\/product\/recessed-led-baseboard-molding-for-5mm-strip-lighting\/\"><mark style=\"background-color:rgba(0, 0, 0, 0)\" class=\"has-inline-color has-vivid-red-color\">Moldura de rodapi\u00e9 LED empotrada para iluminaci\u00f3n de tira de 5mm<\/mark><\/a> \u2014 A complementary choice for smaller, narrow LED strips.<\/li>\n<\/ul>\n<\/div>\n\n\n\n<p><\/p>","protected":false},"featured_media":13657,"template":"","meta":{"_acf_changed":true,"_seopress_robots_primary_cat":"none","_seopress_titles_title":"Low Lighting LED Skirting Board Trim Channel SK09 | TANGOOLED","_seopress_titles_desc":"The SK09 is a professional low lighting led skirting board optimized for 10mm strips. Create a soft, atmospheric glow at floor level with this durable aluminum trim channel.","_seopress_robots_index":""},"pcb-width":[228],"product-cat":[198],"class_list":{"0":"post-42116","1":"product","2":"type-product","3":"status-publish","4":"has-post-thumbnail","6":"pcb-width-6-12mm","7":"product-cat-skirting-profile"},"acf":[],"_links":{"self":[{"href":"https:\/\/tangooled.com\/es\/wp-json\/wp\/v2\/product\/42116","targetHints":{"allow":["GET"]}}],"collection":[{"href":"https:\/\/tangooled.com\/es\/wp-json\/wp\/v2\/product"}],"about":[{"href":"https:\/\/tangooled.com\/es\/wp-json\/wp\/v2\/types\/product"}],"wp:featuredmedia":[{"embeddable":true,"href":"https:\/\/tangooled.com\/es\/wp-json\/wp\/v2\/media\/13657"}],"wp:attachment":[{"href":"https:\/\/tangooled.com\/es\/wp-json\/wp\/v2\/media?parent=42116"}],"wp:term":[{"taxonomy":"pcb-width","embeddable":true,"href":"https:\/\/tangooled.com\/es\/wp-json\/wp\/v2\/pcb-width?post=42116"},{"taxonomy":"product-cat","embeddable":true,"href":"https:\/\/tangooled.com\/es\/wp-json\/wp\/v2\/product-cat?post=42116"}],"curies":[{"name":"wp","href":"https:\/\/api.w.org\/{rel}","templated":true}]}}