{"id":42114,"date":"2025-12-16T01:39:52","date_gmt":"2025-12-16T09:39:52","guid":{"rendered":"https:\/\/tangooled.com\/?post_type=product&#038;p=42114"},"modified":"2026-02-02T22:08:31","modified_gmt":"2026-02-03T06:08:31","slug":"recessed-led-baseboard-molding-for-5mm-strip-lighting","status":"publish","type":"product","link":"https:\/\/tangooled.com\/es\/product\/recessed-led-baseboard-molding-for-5mm-strip-lighting\/","title":{"rendered":"Moldura de Z\u00f3calo LED Empotrado para Iluminaci\u00f3n de Tira de 5 mm"},"content":{"rendered":"<div class=\"wp-block-group is-vertical is-layout-flex wp-container-core-group-is-layout-d255d7c4 wp-block-group-is-layout-flex\" style=\"padding-top:var(--wp--preset--spacing--80);padding-bottom:var(--wp--preset--spacing--80)\">\n<p>Este moldeado de z\u00f3calo LED empotrado es un canal delgado construido de una aleaci\u00f3n de aluminio resistente. Funciona muy bien para iluminar el suelo. El dise\u00f1o est\u00e1 hecho para sostener luces LED en tiras que son seguras de 5 mm de ancho. No hay deslumbramiento intenso ya que el difusor esmerilado mantiene la luz constante, suave y libre de manchas.<\/p>\n\n\n\n<p>Este canal de z\u00f3calo es de solo 10 mm de ancho y 40 mm de alto, por lo que puede encajar en \u00e1reas peque\u00f1as como cocinas y ba\u00f1os sin ocupar demasiado espacio. Se puede instalar sin molduras donde la pared se encuentra con el suelo, lo que significa que funciona con paredes de chapa de madera y paredes alicatadas. La forma se integra con el entorno sin soportes o bordes visibles, d\u00e1ndole un aspecto limpio y moderno.<\/p>\n<\/div>\n\n\n\n<div class=\"wp-block-group has-background is-vertical is-layout-flex wp-container-core-group-is-layout-d255d7c4 wp-block-group-is-layout-flex\" style=\"background-color:#f1f1f1;padding-top:var(--wp--preset--spacing--80);padding-bottom:var(--wp--preset--spacing--80)\">\n<div class=\"wp-block-group is-vertical is-layout-flex wp-container-core-group-is-layout-8cf370e7 wp-block-group-is-layout-flex\">\n<h2 class=\"wp-block-heading\" style=\"padding-top:var(--wp--preset--spacing--40);padding-bottom:var(--wp--preset--spacing--40);font-size:25px;font-style:normal;font-weight:600;text-transform:capitalize\">Caracter\u00edsticas clave y beneficios<\/h2>\n\n\n\n<ul class=\"wp-block-list\">\n<li>Dise\u00f1o de montaje a ras: El moldeado empotrado se asienta al nivel de tu pared para un aspecto ordenado.\u00a0<\/li>\n\n\n\n<li>Funciona con tiras LED de 5 mm: Mantiene tiras LED estrechas en su lugar sin espacios ni movimiento.<\/li>\n\n\n\n<li>Luz uniforme y sin puntos: El lente difusor esmerilado hace que la luz sea m\u00e1s suave, por lo que brilla de manera uniforme todo el tiempo.<\/li>\n\n\n\n<li>Hecho de aluminio resistente: Protege las tiras LED y sirve como disipador de calor para hacerlas durar m\u00e1s.<\/li>\n\n\n\n<li>Diferentes acabados: Puedes obtenerlo en plata anodizada, negro recubierto en polvo o blanco pintable.<\/li>\n\n\n\n<li>Funciona para nueva construcci\u00f3n y renovaciones: se puede instalar f\u00e1cilmente en paneles de yeso o estuco.<\/li>\n<\/ul>\n<\/div>\n<\/div>\n\n\n\n<div class=\"wp-block-group\" style=\"padding-top:var(--wp--preset--spacing--60);padding-bottom:var(--wp--preset--spacing--60)\"><div class=\"wp-block-group__inner-container is-layout-constrained wp-block-group-is-layout-constrained\">\n<div class=\"wp-block-media-text has-media-on-the-right is-stacked-on-mobile\" style=\"grid-template-columns:auto 40%\"><div class=\"wp-block-media-text__content\">\n<h2 class=\"wp-block-heading\" style=\"padding-top:var(--wp--preset--spacing--40);padding-bottom:var(--wp--preset--spacing--40);font-size:25px;font-style:normal;font-weight:600;text-transform:capitalize\">C\u00f3mo instalar el moldeado de z\u00f3calo LED empotrado<\/h2>\n\n\n\n<ul class=\"wp-block-list\">\n<li>Haz un corte en el panel de yeso o estuco donde ir\u00e1 el moldeado.<\/li>\n\n\n\n<li>Coloca el moldeado de aluminio de manera que est\u00e9 nivelado con la pared.<\/li>\n\n\n\n<li>Coloca tu tira LED de 5 mm dentro del canal.<\/li>\n\n\n\n<li>Coloca el difusor esmerilado y cierra los extremos del perfil con tapas de extremo. <\/li>\n\n\n\n<li>Para que parezca una sola pieza, termina el estuco o pinta alrededor del moldeado.<\/li>\n\n\n\n<li>Con\u00e9ctalo a un controlador LED que funcione a 12V o 24V (se vende por separado).<\/li>\n<\/ul>\n<\/div><figure class=\"wp-block-media-text__media\"><img loading=\"lazy\" decoding=\"async\" width=\"500\" height=\"500\" src=\"https:\/\/tangooled.com\/wp-content\/uploads\/2025\/12\/sk08-ins.webp\" alt=\"recessed led baseboard molding for 5mm strip lighting\" class=\"wp-image-42152 size-full\" srcset=\"https:\/\/tangooled.com\/wp-content\/uploads\/2025\/12\/sk08-ins.webp 500w, https:\/\/tangooled.com\/wp-content\/uploads\/2025\/12\/sk08-ins-300x300.webp 300w, https:\/\/tangooled.com\/wp-content\/uploads\/2025\/12\/sk08-ins-150x150.webp 150w\" sizes=\"auto, (max-width: 500px) 100vw, 500px\" \/><\/figure><\/div>\n<\/div><\/div>\n\n\n\n<div class=\"wp-block-group has-background is-vertical is-layout-flex wp-container-core-group-is-layout-b429018a wp-block-group-is-layout-flex\" style=\"background-color:#f1f1f1f2;padding-top:var(--wp--preset--spacing--70);padding-bottom:var(--wp--preset--spacing--70)\">\n<h2 class=\"wp-block-heading\" style=\"padding-top:var(--wp--preset--spacing--40);padding-bottom:var(--wp--preset--spacing--40);font-size:25px;font-style:normal;font-weight:600\">\u00bfD\u00f3nde usarlo?<\/h2>\n\n\n\n<p>Nuestro moldeado de z\u00f3calo LED empotrado es ideal para:<\/p>\n\n\n\n<ul class=\"wp-block-list\">\n<li>Pasillos y corredores: Apariencia moderna y una iluminaci\u00f3n nocturna segura.<\/li>\n\n\n\n<li>Salones y dormitorios: Agrega un resplandor c\u00e1lido al suelo que hace que el lugar se sienta acogedor.<\/li>\n\n\n\n<li>Cocinas y ba\u00f1os: La iluminaci\u00f3n debajo del mueble es una forma limpia y elegante de iluminar tareas.<\/li>\n\n\n\n<li>Espacios comerciales: Hoteles, restaurantes y lugares de trabajo adoran la iluminaci\u00f3n indirecta que es tan elegante.<\/li>\n<\/ul>\n<\/div>\n\n\n\n<div class=\"wp-block-group is-vertical is-layout-flex wp-container-core-group-is-layout-d255d7c4 wp-block-group-is-layout-flex\" style=\"padding-top:var(--wp--preset--spacing--80);padding-bottom:var(--wp--preset--spacing--80)\">\n<h2 class=\"wp-block-heading\" style=\"padding-top:var(--wp--preset--spacing--40);padding-bottom:var(--wp--preset--spacing--40);font-size:25px;font-style:normal;font-weight:600;text-transform:capitalize\">Productos relacionados<\/h2>\n\n\n\n<ul class=\"wp-block-list\">\n<li>Explora la<a href=\"https:\/\/tangooled.com\/es\/product\/8x9mm-led-profile-aluminum-channel-rigid-bar-for-5mm-led-strips\/\"><mark style=\"background-color:rgba(0, 0, 0, 0)\" class=\"has-inline-color has-vivid-red-color\"> Canal de aluminio LED perfilado de 8x9mm para tiras LED de 5mm<\/mark><\/a> para dise\u00f1os de canales alternativos.<\/li>\n\n\n\n<li>\u00bfBuscas m\u00e1s canales de iluminaci\u00f3n? Prueba el <a href=\"https:\/\/tangooled.com\/es\/product\/recessed-aluminum-profile-17x8mm-for-led-strip-lighting\/\"><mark style=\"background-color:rgba(0, 0, 0, 0)\" class=\"has-inline-color has-vivid-red-color\">Perfil de aluminio LED empotrado 17x8mm para iluminaci\u00f3n con tira LED<\/mark> <\/a>para tama\u00f1os diferentes.<\/li>\n\n\n\n<li>\u00bfNecesitas un difusor para tiras m\u00e1s anchas? Consulta <mark style=\"background-color:rgba(0, 0, 0, 0)\" class=\"has-inline-color has-vivid-red-color\"><a href=\"https:\/\/tangooled.com\/es\/product\/black-led-diffuser-aluminum-channel-for-12mm-tape-lights\/\">Canal de aluminio difusor LED negro para luces de cinta de 12 mm<\/a><\/mark><mark style=\"background-color:rgba(0, 0, 0, 0)\" class=\"has-inline-color has-black-color\">.<\/mark><\/li>\n<\/ul>\n<\/div>\n\n\n\n<div class=\"wp-block-group has-background\" style=\"background-color:#f1f1f1;padding-top:var(--wp--preset--spacing--80);padding-bottom:var(--wp--preset--spacing--80)\"><div class=\"wp-block-group__inner-container is-layout-constrained wp-block-group-is-layout-constrained\">\n<h2 class=\"wp-block-heading\" style=\"padding-top:var(--wp--preset--spacing--40);padding-right:0;padding-bottom:var(--wp--preset--spacing--40);padding-left:0;font-size:25px;font-style:normal;font-weight:600;text-transform:capitalize\">Resumen<\/h2>\n\n\n\n<p style=\"padding-right:var(--wp--preset--spacing--50);padding-left:var(--wp--preset--spacing--50)\">Nuestro moldeado de z\u00f3calo LED empotrado para iluminaci\u00f3n con tira de 5 mm agrega iluminaci\u00f3n elegante y discreta a hogares y negocios modernos. Proporciona una luz hermosa y uniforme a lo largo de paredes y suelos con su resistente moldura de z\u00f3calo de aluminio, construcci\u00f3n de montaje a ras y lente difusora esmerilada. Ofrece seguridad y estilo a corredores, cocinas, espacios de vida y oficinas.<\/p>\n<\/div><\/div>\n\n\n\n<p><\/p>","protected":false},"featured_media":13655,"template":"","meta":{"_acf_changed":true,"_seopress_robots_primary_cat":"none","_seopress_titles_title":"Recessed LED Baseboard Molding for 5mm Strip SK08 | TANGOOLED","_seopress_titles_desc":"The SK08 is a premium recessed led baseboard molding specifically designed for ultra-narrow 5mm strips. Create a subtle, minimalist glowing line at the floor level with this slim aluminum profile.","_seopress_robots_index":""},"pcb-width":[228],"product-cat":[198],"class_list":{"0":"post-42114","1":"product","2":"type-product","3":"status-publish","4":"has-post-thumbnail","6":"pcb-width-6-12mm","7":"product-cat-skirting-profile"},"acf":[],"_links":{"self":[{"href":"https:\/\/tangooled.com\/es\/wp-json\/wp\/v2\/product\/42114","targetHints":{"allow":["GET"]}}],"collection":[{"href":"https:\/\/tangooled.com\/es\/wp-json\/wp\/v2\/product"}],"about":[{"href":"https:\/\/tangooled.com\/es\/wp-json\/wp\/v2\/types\/product"}],"wp:featuredmedia":[{"embeddable":true,"href":"https:\/\/tangooled.com\/es\/wp-json\/wp\/v2\/media\/13655"}],"wp:attachment":[{"href":"https:\/\/tangooled.com\/es\/wp-json\/wp\/v2\/media?parent=42114"}],"wp:term":[{"taxonomy":"pcb-width","embeddable":true,"href":"https:\/\/tangooled.com\/es\/wp-json\/wp\/v2\/pcb-width?post=42114"},{"taxonomy":"product-cat","embeddable":true,"href":"https:\/\/tangooled.com\/es\/wp-json\/wp\/v2\/product-cat?post=42114"}],"curies":[{"name":"wp","href":"https:\/\/api.w.org\/{rel}","templated":true}]}}