{"id":42112,"date":"2025-12-16T01:34:52","date_gmt":"2025-12-16T09:34:52","guid":{"rendered":"https:\/\/tangooled.com\/?post_type=product&#038;p=42112"},"modified":"2026-02-02T22:08:15","modified_gmt":"2026-02-03T06:08:15","slug":"aluminum-drywall-led-skirting-profile-for-12mm-tape-light","status":"publish","type":"product","link":"https:\/\/tangooled.com\/es\/product\/aluminum-drywall-led-skirting-profile-for-12mm-tape-light\/","title":{"rendered":"Perfil de rodapi\u00e9 LED de yeso de aluminio para tira de 12 mm"},"content":{"rendered":"<div class=\"wp-block-group is-vertical is-layout-flex wp-container-core-group-is-layout-d255d7c4 wp-block-group-is-layout-flex\" style=\"padding-top:var(--wp--preset--spacing--80);padding-bottom:var(--wp--preset--spacing--80)\">\n<p>Este perfil de rodapi\u00e9 LED de yeso de aluminio para tira de 12 mm es un elemento de moldura simple y altamente flexible, perfecto para crear una iluminaci\u00f3n de acento limpia y oculta. Hecho de aluminio resistente, proporciona un aspecto minimalista y duradero para crear l\u00edneas rectas de luz donde lo desees. A diferencia de muchos otros perfiles, este dise\u00f1o se deja intencionalmente sin difusor, manteniendo la estructura simple para que puedas obtener la luz m\u00e1s directa posible de tu tira LED.<\/p>\n\n\n\n<p>Este canal se puede incrustar f\u00e1cilmente en yeso o cart\u00f3n yeso, ya sea como un z\u00f3calo LED moderno cerca del suelo o como un perfil sutil en la cintura de la pared cuando se instala m\u00e1s alto en la pared. Su dise\u00f1o est\u00e1 enfocado en la colocaci\u00f3n en la parte baja o media de la pared para proporcionar luz indirecta limpia sin extenderse a uniones altas en la pared o el techo.<\/p>\n\n\n\n<p>Since it&#8217;s designed to be trimless, the whole profile hides completely inside the wall. This provides an incredibly clean and modern finish, with no visible aluminum edges once installation and plastering are complete. The channel is compatible with a range of common strip light widths, fitting LED tapes that are 8 mm, 10 mm, and up to 12 mm wide, ensuring broad flexibility in your choice of lighting.<\/p>\n<\/div>\n\n\n\n<div class=\"wp-block-group has-background is-vertical is-layout-flex wp-container-core-group-is-layout-d255d7c4 wp-block-group-is-layout-flex\" style=\"background-color:#f1f1f1;padding-top:var(--wp--preset--spacing--80);padding-bottom:var(--wp--preset--spacing--80)\">\n<div class=\"wp-block-group is-vertical is-layout-flex wp-container-core-group-is-layout-8cf370e7 wp-block-group-is-layout-flex\">\n<h2 class=\"wp-block-heading\" style=\"padding-top:var(--wp--preset--spacing--40);padding-bottom:var(--wp--preset--spacing--40);font-size:25px;font-style:normal;font-weight:600;text-transform:capitalize\">Por qu\u00e9 elegir nuestro perfil de rodapi\u00e9 LED de yeso<\/h2>\n\n\n\n<ul class=\"wp-block-list\">\n<li>Acabado liso y sin moldura: Este perfil se coloca directamente en tu yeso. Lo enlucas sin huecos ni juntas.<\/li>\n\n\n\n<li>Construcci\u00f3n de aluminio resistente: Hecho de aluminio anodizado 6063-T5 de alta calidad, enfr\u00eda tus tiras LED para que duren m\u00e1s.<\/li>\n\n\n\n<li>Compatible con tiras de LED de 12mm: Tama\u00f1o perfecto para la mayor\u00eda de las tiras LED disponibles en el mercado.<\/li>\n\n\n\n<li>Uso vers\u00e1til: Ideal para pasillos, escaleras, salas de estar, hoteles, tiendas u oficinas.<\/li>\n<\/ul>\n<\/div>\n<\/div>\n\n\n\n<div class=\"wp-block-group\" style=\"padding-top:var(--wp--preset--spacing--60);padding-bottom:var(--wp--preset--spacing--60)\"><div class=\"wp-block-group__inner-container is-layout-constrained wp-block-group-is-layout-constrained\">\n<div class=\"wp-block-media-text has-media-on-the-right is-stacked-on-mobile\" style=\"grid-template-columns:auto 40%\"><div class=\"wp-block-media-text__content\">\n<h2 class=\"wp-block-heading\" style=\"padding-top:var(--wp--preset--spacing--40);padding-bottom:var(--wp--preset--spacing--40);font-size:25px;font-style:normal;font-weight:600;text-transform:capitalize\">Pasos sencillos para instalar<\/h2>\n\n\n\n<ul class=\"wp-block-list\">\n<li>Atornilla el canal de aluminio a tu yeso o listones de madera.<\/li>\n\n\n\n<li>Cubre las leng\u00fcetas con yeso o masilla.<\/li>\n\n\n\n<li>Lijalo suave y pinta tu pared.<\/li>\n\n\n\n<li>Coloca tu tira LED de 12 mm dentro.<\/li>\n\n\n\n<li>Conecta la tira LED a una fuente de alimentaci\u00f3n de bajo voltaje.<\/li>\n<\/ul>\n<\/div><figure class=\"wp-block-media-text__media\"><img loading=\"lazy\" decoding=\"async\" width=\"500\" height=\"500\" src=\"https:\/\/tangooled.com\/wp-content\/uploads\/2025\/12\/sk07-ins.webp\" alt=\"aluminum drywall led skirting profile for 12mm tape light\" class=\"wp-image-42147 size-full\" srcset=\"https:\/\/tangooled.com\/wp-content\/uploads\/2025\/12\/sk07-ins.webp 500w, https:\/\/tangooled.com\/wp-content\/uploads\/2025\/12\/sk07-ins-300x300.webp 300w, https:\/\/tangooled.com\/wp-content\/uploads\/2025\/12\/sk07-ins-150x150.webp 150w\" sizes=\"auto, (max-width: 500px) 100vw, 500px\" \/><\/figure><\/div>\n<\/div><\/div>\n\n\n\n<div class=\"wp-block-group has-background is-vertical is-layout-flex wp-container-core-group-is-layout-b429018a wp-block-group-is-layout-flex\" style=\"background-color:#f1f1f1f2;padding-top:var(--wp--preset--spacing--70);padding-bottom:var(--wp--preset--spacing--70)\">\n<h2 class=\"wp-block-heading\" style=\"padding-top:var(--wp--preset--spacing--40);padding-bottom:var(--wp--preset--spacing--40);font-size:25px;font-style:normal;font-weight:600\">Perfecto para muchos lugares<\/h2>\n\n\n\n<p>Este z\u00f3calo LED de aluminio se puede usar en muchas habitaciones y \u00e1reas diferentes:<\/p>\n\n\n\n<ul class=\"wp-block-list\">\n<li>Hogar: Salas de estar, escaleras y pasillos<\/li>\n\n\n\n<li>Hoteles: vest\u00edbulos, pasillos y habitaciones de hu\u00e9spedes<\/li>\n\n\n\n<li>Tiendas: Iluminaci\u00f3n de acento para resaltar paredes<\/li>\n\n\n\n<li>Oficinas: Bajo escritorios o a lo largo de caminos para una iluminaci\u00f3n suave.<\/li>\n\n\n\n<li>Hospitales y teatros: Iluminaci\u00f3n segura y de bajo deslumbramiento<\/li>\n<\/ul>\n<\/div>\n\n\n\n<div class=\"wp-block-group\" style=\"padding-top:var(--wp--preset--spacing--80);padding-bottom:var(--wp--preset--spacing--80)\"><div class=\"wp-block-group__inner-container is-layout-constrained wp-block-group-is-layout-constrained\">\n<h2 class=\"wp-block-heading\" style=\"padding-top:var(--wp--preset--spacing--40);padding-bottom:var(--wp--preset--spacing--40);font-size:25px;font-style:normal;font-weight:600;text-transform:capitalize\">Productos relacionados que podr\u00edan gustarte<\/h2>\n\n\n\n<ul class=\"wp-block-list\">\n<li>Black LED diffuser aluminum channel for 12mm tape lights \u2014 <a href=\"https:\/\/tangooled.com\/es\/product\/black-led-diffuser-aluminum-channel-for-12mm-tape-lights\/\"><mark style=\"background-color:rgba(0, 0, 0, 0)\" class=\"has-inline-color has-vivid-red-color\">Ver producto<\/mark><\/a><\/li>\n\n\n\n<li>Surface mount LED profile with frosted diffuser for 10mm rope lights \u2014 <a href=\"https:\/\/tangooled.com\/es\/product\/surface-mount-led-profile-with-frosted-diffuser-for-10mm-rope-lights\/\"><mark style=\"background-color:rgba(0, 0, 0, 0)\" class=\"has-inline-color has-vivid-red-color\">Ver producto<\/mark><\/a><\/li>\n\n\n\n<li>18mm flexible LED profile for 12mm LED strips \u2014 <a href=\"https:\/\/tangooled.com\/es\/product\/18mm-flexible-led-profile-for-12mm-led-strips\/\"><mark style=\"background-color:rgba(0, 0, 0, 0)\" class=\"has-inline-color has-vivid-red-color\">Ver producto<\/mark><\/a><\/li>\n<\/ul>\n<\/div><\/div>\n\n\n\n<div class=\"wp-block-group has-background\" style=\"background-color:#f1f1f1;padding-top:var(--wp--preset--spacing--80);padding-bottom:var(--wp--preset--spacing--80)\"><div class=\"wp-block-group__inner-container is-layout-constrained wp-block-group-is-layout-constrained\">\n<h2 class=\"wp-block-heading\" style=\"padding-top:var(--wp--preset--spacing--40);padding-right:0;padding-bottom:var(--wp--preset--spacing--40);padding-left:0;font-size:25px;font-style:normal;font-weight:600;text-transform:capitalize\">Resumen<\/h2>\n\n\n\n<p style=\"padding-right:var(--wp--preset--spacing--50);padding-left:var(--wp--preset--spacing--50)\">El perfil de rodapi\u00e9 LED de yeso de aluminio para tira de 12 mm es una forma inteligente de colocar iluminaci\u00f3n indirecta en tus paredes que es limpia y suave. Funciona perfectamente con luces de tira LED de 12 mm y se oculta en tu yeso para un aspecto limpio. \u00dasalo en hogares, negocios, hoteles o comercio para a\u00f1adir iluminaci\u00f3n moderna y elegante que encaje a la perfecci\u00f3n.<\/p>\n<\/div><\/div>\n\n\n\n<p><\/p>","protected":false},"featured_media":13653,"template":"","meta":{"_acf_changed":true,"_seopress_robots_primary_cat":"none","_seopress_titles_title":"Aluminum Drywall LED Skirting Profile for 12mm Tape Light SK07 | TANGOOLED","_seopress_titles_desc":"The SK07 is a durable aluminum drywall led skirting profile optimized for 12mm tape lights. Achieve a clean, integrated linear light finish in plasterboard walls with this recessed baseboard.","_seopress_robots_index":""},"pcb-width":[228],"product-cat":[198],"class_list":{"0":"post-42112","1":"product","2":"type-product","3":"status-publish","4":"has-post-thumbnail","6":"pcb-width-6-12mm","7":"product-cat-skirting-profile"},"acf":[],"_links":{"self":[{"href":"https:\/\/tangooled.com\/es\/wp-json\/wp\/v2\/product\/42112","targetHints":{"allow":["GET"]}}],"collection":[{"href":"https:\/\/tangooled.com\/es\/wp-json\/wp\/v2\/product"}],"about":[{"href":"https:\/\/tangooled.com\/es\/wp-json\/wp\/v2\/types\/product"}],"wp:featuredmedia":[{"embeddable":true,"href":"https:\/\/tangooled.com\/es\/wp-json\/wp\/v2\/media\/13653"}],"wp:attachment":[{"href":"https:\/\/tangooled.com\/es\/wp-json\/wp\/v2\/media?parent=42112"}],"wp:term":[{"taxonomy":"pcb-width","embeddable":true,"href":"https:\/\/tangooled.com\/es\/wp-json\/wp\/v2\/pcb-width?post=42112"},{"taxonomy":"product-cat","embeddable":true,"href":"https:\/\/tangooled.com\/es\/wp-json\/wp\/v2\/product-cat?post=42112"}],"curies":[{"name":"wp","href":"https:\/\/api.w.org\/{rel}","templated":true}]}}