{"id":42111,"date":"2025-12-16T01:31:08","date_gmt":"2025-12-16T09:31:08","guid":{"rendered":"https:\/\/tangooled.com\/?post_type=product&#038;p=42111"},"modified":"2026-02-02T22:07:57","modified_gmt":"2026-02-03T06:07:57","slug":"tile-trim-led-baseboard-profile-channel-for-10mm-strip-light","status":"publish","type":"product","link":"https:\/\/tangooled.com\/es\/product\/tile-trim-led-baseboard-profile-channel-for-10mm-strip-light\/","title":{"rendered":"Canal de perfil de z\u00f3calo LED con revestimiento de azulejos para luz de tira de 10 mm"},"content":{"rendered":"<div class=\"wp-block-group is-vertical is-layout-flex wp-container-core-group-is-layout-d255d7c4 wp-block-group-is-layout-flex\" style=\"padding-top:var(--wp--preset--spacing--80);padding-bottom:var(--wp--preset--spacing--80)\">\n<p>\u00a1Transforma tu espacio con nuestro perfil de z\u00f3calo LED de revestimiento de azulejos! El z\u00f3calo LED presenta un dise\u00f1o modular \u00fanico, que consta de una parte de instalaci\u00f3n fija y una parte de cuerpo de luz. Este dise\u00f1o es altamente flexible y f\u00e1cil de instalar, permitiendo tanto la instalaci\u00f3n en superficie como la instalaci\u00f3n empotrada para satisfacer las necesidades de iluminaci\u00f3n en varios lugares.<\/p>\n\n\n\n<p>La luz brilla hacia abajo y a trav\u00e9s de la forma curva del z\u00f3calo, lo que hace que el \u00e1rea cerca del suelo se vea suave e uniforme. Funciona perfectamente en residencias y negocios modernos, o en cualquier otro lugar que necesite un toque decorativo fuerte.<\/p>\n\n\n\n<p>Este z\u00f3calo est\u00e1 disponible en acabados de plata, negro arena, gris hierro y dorado, por lo que se adapta a muchos estilos de decoraci\u00f3n diferentes. Puedes elegir el color apropiado para mejorar la apariencia de tu habitaci\u00f3n, ya sea moderna y minimalista, industrial o lujosa.<\/p>\n<\/div>\n\n\n\n<div class=\"wp-block-group has-background is-vertical is-layout-flex wp-container-core-group-is-layout-d255d7c4 wp-block-group-is-layout-flex\" style=\"background-color:#f1f1f1;padding-top:var(--wp--preset--spacing--80);padding-bottom:var(--wp--preset--spacing--80)\">\n<div class=\"wp-block-group is-vertical is-layout-flex wp-container-core-group-is-layout-8cf370e7 wp-block-group-is-layout-flex\">\n<h2 class=\"wp-block-heading\" style=\"padding-top:var(--wp--preset--spacing--40);padding-bottom:var(--wp--preset--spacing--40);font-size:25px;font-style:normal;font-weight:600;text-transform:capitalize\">\u00bfPor qu\u00e9 elegir este producto?<\/h2>\n\n\n\n<ul class=\"wp-block-list\">\n<li>Dise\u00f1o modular: presenta un dise\u00f1o modular \u00fanico que separa la parte de instalaci\u00f3n fija de la parte del cuerpo de luz.<\/li>\n\n\n\n<li> Instalaci\u00f3n vers\u00e1til: admite tanto la instalaci\u00f3n en superficie como la instalaci\u00f3n empotrada.<\/li>\n\n\n\n<li>Opci\u00f3n multicolor: acabados en plata, negro, gris y dorado para elegir.<\/li>\n\n\n\n<li>F\u00e1cil de instalar: el dise\u00f1o es altamente flexible y f\u00e1cil de instalar.<\/li>\n\n\n\n<li>M\u00faltiples usos: ideal para suelos de ba\u00f1o, cocinas, escaleras, pasillos y paredes. Agrega estilo y seguridad.<\/li>\n<\/ul>\n<\/div>\n<\/div>\n\n\n\n<div class=\"wp-block-group is-vertical is-layout-flex wp-container-core-group-is-layout-d255d7c4 wp-block-group-is-layout-flex\" style=\"padding-top:var(--wp--preset--spacing--80);padding-bottom:var(--wp--preset--spacing--80)\">\n<hr class=\"wp-block-separator has-alpha-channel-opacity\"\/>\n\n\n\n<div class=\"wp-block-media-text has-media-on-the-right is-stacked-on-mobile\" style=\"grid-template-columns:auto 40%\"><div class=\"wp-block-media-text__content\">\n<h2 class=\"wp-block-heading\" style=\"padding-top:var(--wp--preset--spacing--40);padding-bottom:var(--wp--preset--spacing--40);font-size:25px;font-style:normal;font-weight:600;text-transform:capitalize\">D\u00f3nde usar<\/h2>\n\n\n\n<p>Nuestro perfil de z\u00f3calo LED de revestimiento de azulejos es ideal para:<\/p>\n\n\n\n<ul class=\"wp-block-list\">\n<li>Cocina y ba\u00f1o: hace que los azulejos y los suelos brillen<\/li>\n\n\n\n<li>Iluminaci\u00f3n de escaleras: luces seguras y elegantes para los escalones<\/li>\n\n\n\n<li>Iluminaci\u00f3n de z\u00f3calo en el pasillo: luz suave para caminar<\/li>\n\n\n\n<li>Paredes y techos de acento: crea l\u00edneas brillantes para resaltar la textura de azulejos o yeso.<\/li>\n<\/ul>\n<\/div><figure class=\"wp-block-media-text__media\"><img loading=\"lazy\" decoding=\"async\" width=\"500\" height=\"500\" src=\"https:\/\/tangooled.com\/wp-content\/uploads\/2025\/12\/sk06-ins.webp\" alt=\"tile trim led baseboard profile channel for 10mm strip light\" class=\"wp-image-42145 size-full\" srcset=\"https:\/\/tangooled.com\/wp-content\/uploads\/2025\/12\/sk06-ins.webp 500w, https:\/\/tangooled.com\/wp-content\/uploads\/2025\/12\/sk06-ins-300x300.webp 300w, https:\/\/tangooled.com\/wp-content\/uploads\/2025\/12\/sk06-ins-150x150.webp 150w\" sizes=\"auto, (max-width: 500px) 100vw, 500px\" \/><\/figure><\/div>\n<\/div>\n\n\n\n<div class=\"wp-block-group has-background is-vertical is-layout-flex wp-container-core-group-is-layout-b429018a wp-block-group-is-layout-flex\" style=\"background-color:#f1f1f1f2;padding-top:var(--wp--preset--spacing--70);padding-bottom:var(--wp--preset--spacing--70)\">\n<h2 class=\"wp-block-heading\" style=\"padding-top:var(--wp--preset--spacing--40);padding-bottom:var(--wp--preset--spacing--40);font-size:25px;font-style:normal;font-weight:600\">Beneficios que ver\u00e1s<\/h2>\n\n\n\n<ul class=\"wp-block-list\">\n<li>Tu perfil de z\u00f3calo LED de revestimiento de azulejos le da a tu habitaci\u00f3n una apariencia profesional y permite que la luz fluya libremente.<\/li>\n\n\n\n<li>Funciona como un disipador de calor para proteger las tiras LED y hacerlas durar m\u00e1s.<\/li>\n\n\n\n<li>Se integra perfectamente con proyectos de azulejos o paneles de yeso para l\u00edneas de luz suaves.<\/li>\n\n\n\n<li>Puedes elegir entre acabados en plata, blanco o negro para complementar o contrastar cualquier habitaci\u00f3n.<\/li>\n\n\n\n<li>Ideal para corredores y escaleras porque tienen una luz suave y constante que las hace parecer seguras y agradables.<\/li>\n<\/ul>\n<\/div>\n\n\n\n<div class=\"wp-block-group is-vertical is-layout-flex wp-container-core-group-is-layout-d255d7c4 wp-block-group-is-layout-flex\" style=\"padding-top:var(--wp--preset--spacing--80);padding-bottom:var(--wp--preset--spacing--80)\">\n<h2 class=\"wp-block-heading\" style=\"padding-top:var(--wp--preset--spacing--40);padding-bottom:var(--wp--preset--spacing--40);font-size:25px;font-style:normal;font-weight:600;text-transform:capitalize\">What&#8217; in a kit?<\/h2>\n\n\n\n<ul class=\"wp-block-list\">\n<li>Canal de z\u00f3calo LED de aluminio<\/li>\n\n\n\n<li>Difusor de policarbonato opalino<\/li>\n\n\n\n<li>Tapas finales<\/li>\n<\/ul>\n<\/div>\n\n\n\n<div class=\"wp-block-group has-background\" style=\"background-color:#f1f1f1;padding-top:var(--wp--preset--spacing--80);padding-bottom:var(--wp--preset--spacing--80)\"><div class=\"wp-block-group__inner-container is-layout-constrained wp-block-group-is-layout-constrained\">\n<h2 class=\"wp-block-heading\" style=\"padding-top:var(--wp--preset--spacing--40);padding-right:0;padding-bottom:var(--wp--preset--spacing--40);padding-left:0;font-size:25px;font-style:normal;font-weight:600;text-transform:capitalize\">Resumen<\/h2>\n\n\n\n<p style=\"padding-right:var(--wp--preset--spacing--50);padding-left:var(--wp--preset--spacing--50)\">Our tile trim led baseboard profile is a long-lasting, simple way to hide LED strips so they are flat with tiles or drywall. It protects your LED strips by acting as a heat sink and generating beautiful ambient light. It has a smooth, dot-free light line that makes it safe and beautiful. It&#8217;s great for modern homes, businesses, bathrooms, kitchens, and staircases. For details on other matching profiles and accessories, check our full <a href=\"https:\/\/tangooled.com\/es\/led-profiles\/\"><mark style=\"background-color:rgba(0, 0, 0, 0)\" class=\"has-inline-color has-vivid-red-color\">perfiles de aluminio LED<\/mark><\/a> de colecci\u00f3n.<\/p>\n<\/div><\/div>\n\n\n\n<p><\/p>","protected":false},"featured_media":13644,"template":"","meta":{"_acf_changed":true,"_seopress_robots_primary_cat":"none","_seopress_titles_title":"Tile Trim LED Baseboard Profile for 10mm Strip SK06 | TANGOOLED","_seopress_titles_desc":"The SK06 is a versatile tile trim led baseboard profile for 10mm strips. Protect tile edges while creating a modern integrated light finish at the wall base.","_seopress_robots_index":""},"pcb-width":[228],"product-cat":[198],"class_list":{"0":"post-42111","1":"product","2":"type-product","3":"status-publish","4":"has-post-thumbnail","6":"pcb-width-6-12mm","7":"product-cat-skirting-profile"},"acf":[],"_links":{"self":[{"href":"https:\/\/tangooled.com\/es\/wp-json\/wp\/v2\/product\/42111","targetHints":{"allow":["GET"]}}],"collection":[{"href":"https:\/\/tangooled.com\/es\/wp-json\/wp\/v2\/product"}],"about":[{"href":"https:\/\/tangooled.com\/es\/wp-json\/wp\/v2\/types\/product"}],"wp:featuredmedia":[{"embeddable":true,"href":"https:\/\/tangooled.com\/es\/wp-json\/wp\/v2\/media\/13644"}],"wp:attachment":[{"href":"https:\/\/tangooled.com\/es\/wp-json\/wp\/v2\/media?parent=42111"}],"wp:term":[{"taxonomy":"pcb-width","embeddable":true,"href":"https:\/\/tangooled.com\/es\/wp-json\/wp\/v2\/pcb-width?post=42111"},{"taxonomy":"product-cat","embeddable":true,"href":"https:\/\/tangooled.com\/es\/wp-json\/wp\/v2\/product-cat?post=42111"}],"curies":[{"name":"wp","href":"https:\/\/api.w.org\/{rel}","templated":true}]}}