{"id":42108,"date":"2025-12-16T01:28:09","date_gmt":"2025-12-16T09:28:09","guid":{"rendered":"https:\/\/tangooled.com\/?post_type=product&#038;p=42108"},"modified":"2026-02-02T22:07:20","modified_gmt":"2026-02-03T06:07:20","slug":"side-lighting-2-in-1-aluminum-led-baseboard-for-15mm-strips","status":"publish","type":"product","link":"https:\/\/tangooled.com\/es\/product\/side-lighting-2-in-1-aluminum-led-baseboard-for-15mm-strips\/","title":{"rendered":"iluminaci\u00f3n lateral base de aluminio LED 2-en-1 para tiras de 15 mm"},"content":{"rendered":"<div class=\"wp-block-group is-vertical is-layout-flex wp-container-core-group-is-layout-d255d7c4 wp-block-group-is-layout-flex\" style=\"padding-top:var(--wp--preset--spacing--80);padding-bottom:var(--wp--preset--spacing--80)\">\n<p>Brighten your space with the 2-in-1 LED Baseboard\u2014a smart, modern way for room lighting. This creative LED aluminum skirting serves a dual purpose; it works as a standard wall baseboard and as a hidden lighting channel. The design features two aluminum parts: one for fixed installation, and the other holds the LED strip lights.<\/p>\n\n\n\n<p>Este canal de iluminaci\u00f3n lateral de z\u00f3calo LED de aluminio funciona para muchas tiras LED diferentes. El ancho interno es de 16.8&nbsp;mm, que se adapta perfectamente a la mayor\u00eda de las tiras LED de hasta 15&nbsp;mm de ancho. Esto te permite seleccionar tiras LED con diferentes niveles de brillo y temperaturas de color para satisfacer tus requisitos de iluminaci\u00f3n espec\u00edficos y personalizados.<\/p>\n\n\n\n<p>Las dimensiones externas del canal son 60&nbsp;mm de altura y 16.5&nbsp;mm de ancho. Y los colores est\u00e1n disponibles en cuatro acabados elegantes: Plateado, Blanco, Negro y Gris. Esto asegura que el z\u00f3calo complemente una amplia gama de estilos interiores. Ya sea que tu espacio sea moderno minimalista, industrial o lujoso, puedes encontrar el adecuado para elevar la est\u00e9tica general.<\/p>\n<\/div>\n\n\n\n<div class=\"wp-block-group has-background is-vertical is-layout-flex wp-container-core-group-is-layout-d255d7c4 wp-block-group-is-layout-flex\" style=\"background-color:#f1f1f1;padding-top:var(--wp--preset--spacing--80);padding-bottom:var(--wp--preset--spacing--80)\">\n<div class=\"wp-block-group is-vertical is-layout-flex wp-container-core-group-is-layout-8cf370e7 wp-block-group-is-layout-flex\">\n<h2 class=\"wp-block-heading\" style=\"padding-top:var(--wp--preset--spacing--40);padding-bottom:var(--wp--preset--spacing--40);font-size:25px;font-style:normal;font-weight:600;text-transform:capitalize\">\u00bfPor qu\u00e9 elegir este z\u00f3calo LED de iluminaci\u00f3n lateral 2-en-1?<\/h2>\n\n\n\n<ul class=\"wp-block-list\">\n<li>Efecto de Iluminaci\u00f3n Lateral: Las tiras LED brillan hacia los lados, ofreciendo a las paredes y pisos una luz suave y uniforme que hace que el espacio se sienta c\u00e1lido y moderno.<\/li>\n\n\n\n<li>Z\u00f3calo de Aluminio 2-en-1: Esta extrusi\u00f3n de aluminio reemplaza a los z\u00f3calos tradicionales y voluminosos y a\u00f1ade luces LED ocultas por estilo y prop\u00f3sito.<\/li>\n\n\n\n<li>Ajuste para tiras LED de 15 mm de ancho: Este espacio es suficiente para muchas tiras LED populares, incluidas las de alta densidad y a prueba de agua.<\/li>\n\n\n\n<li>Duradero y f\u00e1cil de instalar: C\u00f3rtalo a medida en el lugar y utiliza los tapones finales proporcionados para colocarlo al ras en la pared de yeso para un acabado limpio.<\/li>\n\n\n\n<li>Gesti\u00f3n T\u00e9rmica Mejorada: El z\u00f3calo de aleaci\u00f3n de aluminio mantiene el calor alejado de los LEDs para evitar da\u00f1os y mantener la luz brillante por m\u00e1s tiempo.<br><br><br><\/li>\n<\/ul>\n<\/div>\n<\/div>\n\n\n\n<div class=\"wp-block-group is-vertical is-layout-flex wp-container-core-group-is-layout-d255d7c4 wp-block-group-is-layout-flex\" style=\"padding-top:var(--wp--preset--spacing--80);padding-bottom:var(--wp--preset--spacing--80)\">\n<hr class=\"wp-block-separator has-alpha-channel-opacity\"\/>\n\n\n\n<div class=\"wp-block-media-text has-media-on-the-right is-stacked-on-mobile\" style=\"grid-template-columns:auto 40%\"><div class=\"wp-block-media-text__content\">\n<h2 class=\"wp-block-heading\" style=\"padding-top:var(--wp--preset--spacing--40);padding-bottom:var(--wp--preset--spacing--40);font-size:25px;font-style:normal;font-weight:600;text-transform:capitalize\">c\u00f3mo usar<\/h2>\n\n\n\n<ul class=\"wp-block-list\">\n<li>Decide d\u00f3nde quieres la luz y el z\u00f3calo.<\/li>\n\n\n\n<li>Corta el perfil de aluminio de z\u00f3calo LED 2-en-1 para ajustarlo a la longitud de tu pared.<\/li>\n\n\n\n<li>Coloca la tira de luz LED dentro del canal.<\/li>\n\n\n\n<li>Coloca el difusor mate para que la luz se distribuya uniformemente.<\/li>\n\n\n\n<li>Instala el canal de aluminio de manera que se alinee con la pared de yeso.<\/li>\n\n\n\n<li>Conecta la tira LED a una fuente de alimentaci\u00f3n adecuada.<\/li>\n<\/ul>\n<\/div><figure class=\"wp-block-media-text__media\"><img loading=\"lazy\" decoding=\"async\" width=\"500\" height=\"500\" src=\"https:\/\/tangooled.com\/wp-content\/uploads\/2025\/12\/sk05-ins.webp\" alt=\"side lighting 2 in 1 aluminum led baseboard for 15mm strips\" class=\"wp-image-42142 size-full\" srcset=\"https:\/\/tangooled.com\/wp-content\/uploads\/2025\/12\/sk05-ins.webp 500w, https:\/\/tangooled.com\/wp-content\/uploads\/2025\/12\/sk05-ins-300x300.webp 300w, https:\/\/tangooled.com\/wp-content\/uploads\/2025\/12\/sk05-ins-150x150.webp 150w\" sizes=\"auto, (max-width: 500px) 100vw, 500px\" \/><\/figure><\/div>\n<\/div>\n\n\n\n<div class=\"wp-block-group has-background is-vertical is-layout-flex wp-container-core-group-is-layout-b429018a wp-block-group-is-layout-flex\" style=\"background-color:#f1f1f1f2;padding-top:var(--wp--preset--spacing--70);padding-bottom:var(--wp--preset--spacing--70)\">\n<h2 class=\"wp-block-heading\" style=\"padding-top:var(--wp--preset--spacing--40);padding-bottom:var(--wp--preset--spacing--40);font-size:25px;font-style:normal;font-weight:600\">\u00bfD\u00f3nde se puede utilizar?<\/h2>\n\n\n\n<ul class=\"wp-block-list\">\n<li>Pasillos y corredores<\/li>\n\n\n\n<li>Escaleras y rellanos<\/li>\n\n\n\n<li>Cocinas (iluminaci\u00f3n de z\u00f3calo)<\/li>\n\n\n\n<li>Salones y salas de cine en casa<\/li>\n\n\n\n<li>Dormitorios y ba\u00f1os<\/li>\n\n\n\n<li>Oficinas y negocios como hoteles y tiendas<\/li>\n<\/ul>\n<\/div>\n\n\n\n<div class=\"wp-block-group is-vertical is-layout-flex wp-container-core-group-is-layout-d255d7c4 wp-block-group-is-layout-flex\" style=\"padding-top:var(--wp--preset--spacing--80);padding-bottom:var(--wp--preset--spacing--80)\">\n<h2 class=\"wp-block-heading\" style=\"padding-top:var(--wp--preset--spacing--40);padding-bottom:var(--wp--preset--spacing--40);font-size:25px;font-style:normal;font-weight:600;text-transform:capitalize\">What\u2019s in the kit?<\/h2>\n\n\n\n<ul class=\"wp-block-list\">\n<li>Canal de Z\u00f3calo LED de Aluminio<\/li>\n\n\n\n<li>Cubierta Difusora de Policarbonato Esmerilado<\/li>\n\n\n\n<li>Tapones finales<\/li>\n\n\n\n<li>Conectores en esquina<\/li>\n<\/ul>\n<\/div>\n\n\n\n<div class=\"wp-block-group has-background\" style=\"background-color:#f1f1f1;padding-top:var(--wp--preset--spacing--80);padding-bottom:var(--wp--preset--spacing--80)\"><div class=\"wp-block-group__inner-container is-layout-constrained wp-block-group-is-layout-constrained\">\n<h2 class=\"wp-block-heading\" style=\"padding-top:var(--wp--preset--spacing--40);padding-right:0;padding-bottom:var(--wp--preset--spacing--40);padding-left:0;font-size:25px;font-style:normal;font-weight:600;text-transform:capitalize\">Productos relacionados para tu proyecto<\/h2>\n\n\n\n<ul class=\"wp-block-list\">\n<li>Para tiras LED m\u00e1s largas o de doble fila, elige nuestro <a href=\"https:\/\/tangooled.com\/es\/product\/22x15mm-led-light-channel-aluminum-extrusion-for-flexible-strips\/\"><mark style=\"background-color:rgba(0, 0, 0, 0)\" class=\"has-inline-color has-vivid-red-color\">Canal de luz LED de aluminio de 22x15mm para tiras flexibles<\/mark><\/a><\/li>\n\n\n\n<li>Echa un vistazo a la <a href=\"https:\/\/tangooled.com\/es\/product\/25mm-u-shape-led-mounting-channel-for-15mm-double-row-led-strip-lights\/\"><mark style=\"background-color:rgba(0, 0, 0, 0)\" class=\"has-inline-color has-vivid-red-color\">Canal de montaje LED en forma de U de 25mm para luces de tira LED de doble fila de 15mm<\/mark><\/a> si deseas una iluminaci\u00f3n de borde elegante.<\/li>\n\n\n\n<li>Mira el <a href=\"https:\/\/tangooled.com\/es\/product\/black-led-profile-with-black-diffuser-for-10mm-led-strip-light\/\"><mark style=\"background-color:rgba(0, 0, 0, 0)\" class=\"has-inline-color has-vivid-red-color\">perfil LED negro con difusor negro para tira LED de 10 mm<\/mark><\/a>.<\/li>\n\n\n\n<li>Agrega difusores mirando el <a href=\"https:\/\/tangooled.com\/es\/product\/led-light-diffuser-channel-aluminum-15x12mm-for-10mm-led-strips\/\"><mark style=\"background-color:rgba(0, 0, 0, 0)\" class=\"has-inline-color has-vivid-red-color\">Difusor de luz LED canal de aluminio 15x12mm para tiras LED de 10mm<\/mark><\/a>.<\/li>\n<\/ul>\n<\/div><\/div>\n\n\n\n<div class=\"wp-block-group\" style=\"padding-top:var(--wp--preset--spacing--80);padding-bottom:var(--wp--preset--spacing--80)\"><div class=\"wp-block-group__inner-container is-layout-constrained wp-block-group-is-layout-constrained\">\n<p>Our side lighting 2-in-1 aluminum LED baseboard is a simple solution to have durable, long-lasting baseboards that look great in your house or business. It&#8217;s a modern, sleek way to light up your home and decorate it.<br>Para m\u00e1s informaci\u00f3n sobre productos y accesorios similares, visita nuestra <a href=\"https:\/\/tangooled.com\/es\/led-profiles\/\"><mark style=\"background-color:rgba(0, 0, 0, 0)\" class=\"has-inline-color has-vivid-red-color\">perfil de canal de luz LED de aluminio<\/mark><\/a> colecci\u00f3n o consulta nuestra <mark style=\"background-color:rgba(0, 0, 0, 0)\" class=\"has-inline-color has-vivid-red-color\">perfil LED de montaje superficial con difusor esmerilado para luces de cuerda de 10 mm<\/mark> para combinar perfectamente con tus necesidades de iluminaci\u00f3n.<\/p>\n<\/div><\/div>","protected":false},"featured_media":13640,"template":"","meta":{"_acf_changed":true,"_seopress_robots_primary_cat":"none","_seopress_titles_title":"Side Lighting 2-in-1 LED Baseboard for 15mm Strip SK05 | TANGOOLED","_seopress_titles_desc":"The SK05 is a high-performance side lighting 2-in-1 led baseboard optimized for 15mm strips. Create a sophisticated, integrated linear glow at the wall base with this heavy-duty aluminum profile.","_seopress_robots_index":""},"pcb-width":[228],"product-cat":[198],"class_list":{"0":"post-42108","1":"product","2":"type-product","3":"status-publish","4":"has-post-thumbnail","6":"pcb-width-6-12mm","7":"product-cat-skirting-profile"},"acf":[],"_links":{"self":[{"href":"https:\/\/tangooled.com\/es\/wp-json\/wp\/v2\/product\/42108","targetHints":{"allow":["GET"]}}],"collection":[{"href":"https:\/\/tangooled.com\/es\/wp-json\/wp\/v2\/product"}],"about":[{"href":"https:\/\/tangooled.com\/es\/wp-json\/wp\/v2\/types\/product"}],"wp:featuredmedia":[{"embeddable":true,"href":"https:\/\/tangooled.com\/es\/wp-json\/wp\/v2\/media\/13640"}],"wp:attachment":[{"href":"https:\/\/tangooled.com\/es\/wp-json\/wp\/v2\/media?parent=42108"}],"wp:term":[{"taxonomy":"pcb-width","embeddable":true,"href":"https:\/\/tangooled.com\/es\/wp-json\/wp\/v2\/pcb-width?post=42108"},{"taxonomy":"product-cat","embeddable":true,"href":"https:\/\/tangooled.com\/es\/wp-json\/wp\/v2\/product-cat?post=42108"}],"curies":[{"name":"wp","href":"https:\/\/api.w.org\/{rel}","templated":true}]}}