{"id":42107,"date":"2025-12-16T01:24:38","date_gmt":"2025-12-16T09:24:38","guid":{"rendered":"https:\/\/tangooled.com\/?post_type=product&#038;p=42107"},"modified":"2026-02-02T22:07:04","modified_gmt":"2026-02-03T06:07:04","slug":"80mm-aluminum-embedded-led-floor-baseboard-for-8mm-tape-light","status":"publish","type":"product","link":"https:\/\/tangooled.com\/es\/product\/80mm-aluminum-embedded-led-floor-baseboard-for-8mm-tape-light\/","title":{"rendered":"Baseboard LED empotrado de aluminio de 80mm para cinta LED de 8mm"},"content":{"rendered":"<div class=\"wp-block-group is-vertical is-layout-flex wp-container-core-group-is-layout-d255d7c4 wp-block-group-is-layout-flex\" style=\"padding-top:var(--wp--preset--spacing--80);padding-bottom:var(--wp--preset--spacing--80)\">\n<p>Este baseboard LED empotrado de 80mm tiene un dise\u00f1o modular \u00fanico con una parte de canal de aluminio de instalaci\u00f3n fija y un cuerpo de luz de aluminio separado.<\/p>\n\n\n\n<p>Este dise\u00f1o flexible permite que el baseboard se instale de dos maneras para satisfacer las necesidades de iluminaci\u00f3n de diferentes espacios: puede ser empotrado (oculto) para un aspecto elegante y al ras, o montado en superficie (instalado abiertamente) durante una remodelaci\u00f3n o nueva construcci\u00f3n. Se puede agregar f\u00e1cilmente a los azulejos existentes, paneles de madera o drywall.<\/p>\n\n\n\n<p>The 80\u00a0mm height of the baseboard clearly defines the boundary between the wall and the floor. This dimension also provides a larger reflection area, ensuring the LED lighting effect is more pronounced. The baseboard&#8217;s arched shape directs the light down and softly spreads it out, making the area near the floor softly and evenly lit.<\/p>\n\n\n\n<p>.<\/p>\n<\/div>\n\n\n\n<div class=\"wp-block-group has-background is-vertical is-layout-flex wp-container-core-group-is-layout-d255d7c4 wp-block-group-is-layout-flex\" style=\"background-color:#f1f1f1;padding-top:var(--wp--preset--spacing--80);padding-bottom:var(--wp--preset--spacing--80)\">\n<div class=\"wp-block-group is-vertical is-layout-flex wp-container-core-group-is-layout-8cf370e7 wp-block-group-is-layout-flex\">\n<h2 class=\"wp-block-heading\" style=\"padding-top:var(--wp--preset--spacing--40);padding-bottom:var(--wp--preset--spacing--40);font-size:25px;font-style:normal;font-weight:600;text-transform:capitalize\">\u00bfPor qu\u00e9 elegir este baseboard LED empotrado?<\/h2>\n\n\n\n<ul class=\"wp-block-list\">\n<li>Estructura simple dos en uno: la parte de montaje y el cuerpo de luz se combinan, facilitando la instalaci\u00f3n.<\/li>\n\n\n\n<li>Altura del perfil de 80mm: hace que el rodapi\u00e9 luzca mejor y protege tus paredes base de da\u00f1os.<\/li>\n\n\n\n<li>Material de alta calidad: aleaci\u00f3n de aluminio anodizado que dura mucho tiempo y mantiene tus luces seguras.<\/li>\n\n\n\n<li>Baseboard LED de montaje al ras: se ajusta bien a tu pared y suelo, d\u00e1ndole un aspecto ordenado.<\/li>\n\n\n\n<li>Compatible con luces de cinta est\u00e1ndar: Funciona bien con luces de canal de tiras LED de 8mm de ancho.<\/li>\n<\/ul>\n<\/div>\n<\/div>\n\n\n\n<div class=\"wp-block-group is-vertical is-layout-flex wp-container-core-group-is-layout-d255d7c4 wp-block-group-is-layout-flex\" style=\"padding-top:var(--wp--preset--spacing--80);padding-bottom:var(--wp--preset--spacing--80)\">\n<hr class=\"wp-block-separator has-alpha-channel-opacity\"\/>\n\n\n\n<div class=\"wp-block-media-text has-media-on-the-right is-stacked-on-mobile\" style=\"grid-template-columns:auto 40%\"><div class=\"wp-block-media-text__content\">\n<h2 class=\"wp-block-heading\" style=\"padding-top:var(--wp--preset--spacing--40);padding-bottom:var(--wp--preset--spacing--40);font-size:25px;font-style:normal;font-weight:600;text-transform:capitalize\">C\u00f3mo usar el baseboard LED empotrado de 80mm<\/h2>\n\n\n\n<ul class=\"wp-block-list\">\n<li>Haz una ranura en el borde de tu suelo o pared para que el rodapi\u00e9 de aluminio empotrado se ajuste.<\/li>\n\n\n\n<li>Coloca la parte del canal de aluminio empotrado en la ranura y usa yeso para mantener la moldura LED de yeso en su lugar.<\/li>\n\n\n\n<li>Coloca tu cinta LED de 8mm dentro de la parte de luz de aluminio.<\/li>\n\n\n\n<li>Coloca el cuerpo de iluminaci\u00f3n de aluminio en el canal fijo y coloca el difusor esmerilado.<\/li>\n\n\n\n<li>Usa el controlador y atenuador LED adecuados para conectar la alimentaci\u00f3n y controlarlo.<\/li>\n<\/ul>\n<\/div><figure class=\"wp-block-media-text__media\"><img loading=\"lazy\" decoding=\"async\" width=\"500\" height=\"500\" src=\"https:\/\/tangooled.com\/wp-content\/uploads\/2025\/12\/sk04-ins.webp\" alt=\"80mm aluminum embedded led floor baseboard for 8mm tape light\" class=\"wp-image-42138 size-full\" srcset=\"https:\/\/tangooled.com\/wp-content\/uploads\/2025\/12\/sk04-ins.webp 500w, https:\/\/tangooled.com\/wp-content\/uploads\/2025\/12\/sk04-ins-300x300.webp 300w, https:\/\/tangooled.com\/wp-content\/uploads\/2025\/12\/sk04-ins-150x150.webp 150w\" sizes=\"auto, (max-width: 500px) 100vw, 500px\" \/><\/figure><\/div>\n<\/div>\n\n\n\n<div class=\"wp-block-group has-background is-vertical is-layout-flex wp-container-core-group-is-layout-b429018a wp-block-group-is-layout-flex\" style=\"background-color:#f1f1f1f2;padding-top:var(--wp--preset--spacing--70);padding-bottom:var(--wp--preset--spacing--70)\">\n<h2 class=\"wp-block-heading\" style=\"padding-top:var(--wp--preset--spacing--40);padding-bottom:var(--wp--preset--spacing--40);font-size:25px;font-style:normal;font-weight:600\">\u00bfD\u00f3nde se puede utilizar?<\/h2>\n\n\n\n<p>El baseboard LED empotrado de 80mm es ideal para:<\/p>\n\n\n\n<ul class=\"wp-block-list\">\n<li>Pasillos y corredores (iluminaci\u00f3n de gu\u00eda segura)<\/li>\n\n\n\n<li>Dormitorios y \u00e1reas de estar modernas\u00a0<\/li>\n\n\n\n<li>Hoteles y otros lugares de hospedaje<\/li>\n\n\n\n<li>Cocinas (excelente iluminaci\u00f3n debajo de los armarios y en la parte inferior)<\/li>\n\n\n\n<li>Escaleras y ba\u00f1os (iluminaci\u00f3n suave en el suelo)<\/li>\n<\/ul>\n<\/div>\n\n\n\n<div class=\"wp-block-group is-vertical is-layout-flex wp-container-core-group-is-layout-d255d7c4 wp-block-group-is-layout-flex\" style=\"padding-top:var(--wp--preset--spacing--80);padding-bottom:var(--wp--preset--spacing--80)\">\n<h2 class=\"wp-block-heading\" style=\"padding-top:var(--wp--preset--spacing--40);padding-bottom:var(--wp--preset--spacing--40);font-size:25px;font-style:normal;font-weight:600;text-transform:capitalize\">What\u2019s in the box?<\/h2>\n\n\n\n<ul class=\"wp-block-list\">\n<li>Canal de aluminio para baseboards LED<\/li>\n\n\n\n<li>Difusor opalino<\/li>\n\n\n\n<li>Tapas finales<\/li>\n\n\n\n<li>Conectores en esquina<\/li>\n<\/ul>\n<\/div>\n\n\n\n<div class=\"wp-block-group has-background\" style=\"background-color:#f1f1f1;padding-top:var(--wp--preset--spacing--80);padding-bottom:var(--wp--preset--spacing--80)\"><div class=\"wp-block-group__inner-container is-layout-constrained wp-block-group-is-layout-constrained\">\n<h2 class=\"wp-block-heading\" style=\"padding-top:var(--wp--preset--spacing--40);padding-right:0;padding-bottom:var(--wp--preset--spacing--40);padding-left:0;font-size:25px;font-style:normal;font-weight:600;text-transform:capitalize\">resumen<\/h2>\n\n\n\n<p style=\"padding-right:var(--wp--preset--spacing--50);padding-left:var(--wp--preset--spacing--50)\">Nuestro baseboard LED empotrado de 80mm es una forma moderna, duradera y ordenada de iluminar \u00e1reas a nivel bajo. Se ajusta precisamente a una cinta de 8mm y proporciona luz suave y ambiental sin desorden. Tus paredes se ver\u00e1n suaves y atractivas con el dise\u00f1o de montaje al ras. Elige TG-SK04 hoy para una luz a nivel del suelo f\u00e1cil de instalar y segura que se ve genial en cualquier hogar o negocio.<\/p>\n<\/div><\/div>\n\n\n\n<p><\/p>","protected":false},"featured_media":13628,"template":"","meta":{"_acf_changed":true,"_seopress_robots_primary_cat":"none","_seopress_titles_title":"80mm Embedded LED Floor Baseboard | Flush Aluminum Profile SK04","_seopress_titles_desc":"The SK04 is an 80mm embedded led floor baseboard designed for a seamless flush finish. This aluminum profile houses 8mm tape lights to create a professional linear glow at the wall base.","_seopress_robots_index":""},"pcb-width":[228],"product-cat":[198],"class_list":{"0":"post-42107","1":"product","2":"type-product","3":"status-publish","4":"has-post-thumbnail","6":"pcb-width-6-12mm","7":"product-cat-skirting-profile"},"acf":[],"_links":{"self":[{"href":"https:\/\/tangooled.com\/es\/wp-json\/wp\/v2\/product\/42107","targetHints":{"allow":["GET"]}}],"collection":[{"href":"https:\/\/tangooled.com\/es\/wp-json\/wp\/v2\/product"}],"about":[{"href":"https:\/\/tangooled.com\/es\/wp-json\/wp\/v2\/types\/product"}],"wp:featuredmedia":[{"embeddable":true,"href":"https:\/\/tangooled.com\/es\/wp-json\/wp\/v2\/media\/13628"}],"wp:attachment":[{"href":"https:\/\/tangooled.com\/es\/wp-json\/wp\/v2\/media?parent=42107"}],"wp:term":[{"taxonomy":"pcb-width","embeddable":true,"href":"https:\/\/tangooled.com\/es\/wp-json\/wp\/v2\/pcb-width?post=42107"},{"taxonomy":"product-cat","embeddable":true,"href":"https:\/\/tangooled.com\/es\/wp-json\/wp\/v2\/product-cat?post=42107"}],"curies":[{"name":"wp","href":"https:\/\/api.w.org\/{rel}","templated":true}]}}