{"id":42104,"date":"2025-12-16T01:19:59","date_gmt":"2025-12-16T09:19:59","guid":{"rendered":"https:\/\/tangooled.com\/?post_type=product&#038;p=42104"},"modified":"2026-02-02T22:06:44","modified_gmt":"2026-02-03T06:06:44","slug":"tile-wall-skirting-board-black-aluminum-profile-for-8mm-led-strip","status":"publish","type":"product","link":"https:\/\/tangooled.com\/es\/product\/tile-wall-skirting-board-black-aluminum-profile-for-8mm-led-strip\/","title":{"rendered":"Perfil de aluminio negro para z\u00f3calo de azulejos para tira LED de 8 mm"},"content":{"rendered":"<div class=\"wp-block-group is-vertical is-layout-flex wp-container-core-group-is-layout-d255d7c4 wp-block-group-is-layout-flex\" style=\"padding-top:var(--wp--preset--spacing--80);padding-bottom:var(--wp--preset--spacing--80)\">\n<p>Nuestro z\u00f3calo de azulejos de aluminio de alta calidad est\u00e1 dise\u00f1ado para luces de tira LED de 8 mm y mejorar\u00e1 la apariencia de la iluminaci\u00f3n del suelo en su habitaci\u00f3n. Este perfil de aluminio negro anodizado suave se adapta perfectamente a su pared, proporcionando una luz suave y ambiental. Su dise\u00f1o moderno asegura una atm\u00f3sfera relajante y acogedora que complementa cualquier decoraci\u00f3n. El z\u00f3calo con iluminaci\u00f3n crea un efecto de luz y sombra entre el suelo y la pared, haciendo que la habitaci\u00f3n parezca instant\u00e1neamente m\u00e1s abierta y espaciosa.<\/p>\n\n\n\n<p>Este perfil est\u00e1 dise\u00f1ado para proporcionar luz y protecci\u00f3n a sus paredes, y le ayuda a crear z\u00f3calos elegantes y modernos. Este producto es excelente tanto para iluminaci\u00f3n de acento como para bordes de suelo duraderos. Mejore el dise\u00f1o de su pr\u00f3xima habitaci\u00f3n con nuestro z\u00f3calo de iluminaci\u00f3n LED.<\/p>\n<\/div>\n\n\n\n<div class=\"wp-block-group has-background is-vertical is-layout-flex wp-container-core-group-is-layout-d255d7c4 wp-block-group-is-layout-flex\" style=\"background-color:#f1f1f1;padding-top:var(--wp--preset--spacing--80);padding-bottom:var(--wp--preset--spacing--80)\">\n<div class=\"wp-block-group is-vertical is-layout-flex wp-container-core-group-is-layout-8cf370e7 wp-block-group-is-layout-flex\">\n<h2 class=\"wp-block-heading\" style=\"padding-top:var(--wp--preset--spacing--40);padding-bottom:var(--wp--preset--spacing--40);font-size:25px;font-style:normal;font-weight:600;text-transform:capitalize\">\u00bfPor qu\u00e9 elegir nuestro z\u00f3calo de azulejos?<\/h2>\n\n\n\n<ul class=\"wp-block-list\">\n<li>Fuerte y duradero: est\u00e1 hecho de aleaci\u00f3n de aluminio 6063, que es superior en resistencia a la humedad y da\u00f1os en comparaci\u00f3n con la madera o MDF.<\/li>\n\n\n\n<li>El tama\u00f1o adecuado para tiras LED de 8 mm; sujeta su cinta de luz con firmeza.<\/li>\n\n\n\n<li>El acabado negro mate se ve fant\u00e1stico con cualquier estilo de decoraci\u00f3n.<\/li>\n\n\n\n<li>El difusor de policarbonato incluido proporciona una iluminaci\u00f3n suave y sin deslumbramiento.<\/li>\n\n\n\n<li>Ayuda a cubrir huecos en el suelo y cableado de manera ordenada.<\/li>\n<\/ul>\n<\/div>\n<\/div>\n\n\n\n<div class=\"wp-block-group\" style=\"padding-top:var(--wp--preset--spacing--60);padding-bottom:var(--wp--preset--spacing--60)\"><div class=\"wp-block-group__inner-container is-layout-constrained wp-block-group-is-layout-constrained\">\n<div class=\"wp-block-media-text has-media-on-the-right is-stacked-on-mobile\" style=\"grid-template-columns:auto 40%\"><div class=\"wp-block-media-text__content\">\n<h2 class=\"wp-block-heading\" style=\"padding-top:var(--wp--preset--spacing--40);padding-bottom:var(--wp--preset--spacing--40);font-size:25px;font-style:normal;font-weight:600;text-transform:capitalize\">Instalaci\u00f3n<\/h2>\n\n\n\n<ul class=\"wp-block-list\">\n<li>Pegue la tira de luz LED dentro de este perfil de aluminio.<\/li>\n\n\n\n<li>Coloque el difusor en este perfil de aluminio.<\/li>\n\n\n\n<li>F\u00e1cil de instalar: fije el perfil del z\u00f3calo a la pared con tornillos o use un adhesivo de construcci\u00f3n fuerte para un acabado perfecto.<\/li>\n<\/ul>\n<\/div><figure class=\"wp-block-media-text__media\"><img loading=\"lazy\" decoding=\"async\" width=\"500\" height=\"500\" src=\"https:\/\/tangooled.com\/wp-content\/uploads\/2025\/12\/sk03-ins.webp\" alt=\"tile wall skirting board black aluminum profile for 8mm led strip\" class=\"wp-image-42135 size-full\" srcset=\"https:\/\/tangooled.com\/wp-content\/uploads\/2025\/12\/sk03-ins.webp 500w, https:\/\/tangooled.com\/wp-content\/uploads\/2025\/12\/sk03-ins-300x300.webp 300w, https:\/\/tangooled.com\/wp-content\/uploads\/2025\/12\/sk03-ins-150x150.webp 150w\" sizes=\"auto, (max-width: 500px) 100vw, 500px\" \/><\/figure><\/div>\n<\/div><\/div>\n\n\n\n<div class=\"wp-block-group has-background is-vertical is-layout-flex wp-container-core-group-is-layout-b429018a wp-block-group-is-layout-flex\" style=\"background-color:#f1f1f1f2;padding-top:var(--wp--preset--spacing--70);padding-bottom:var(--wp--preset--spacing--70)\">\n<h2 class=\"wp-block-heading\" style=\"padding-top:var(--wp--preset--spacing--40);padding-bottom:var(--wp--preset--spacing--40);font-size:25px;font-style:normal;font-weight:600\">Escenarios de uso y beneficios<\/h2>\n\n\n\n<p>Su perfil de z\u00f3calo de azulejos de aluminio negro se puede utilizar en los siguientes lugares:<\/p>\n\n\n\n<ul class=\"wp-block-list\">\n<li>Z\u00f3calo de pared LED para pasillos y corredores: la iluminaci\u00f3n del camino le proporciona luz suave y segura a nivel del suelo para ayudarle a encontrar su camino.<\/li>\n\n\n\n<li>Salas de estar y dormitorios: use l\u00edneas de luz suaves y uniformes para hacer que el ambiente sea m\u00e1s relajante.<\/li>\n\n\n\n<li>En edificios comerciales como lugares de trabajo y hoteles, la iluminaci\u00f3n arquitect\u00f3nica limpia es importante, y las paredes deben estar protegidas de da\u00f1os.<\/li>\n\n\n\n<li>\u00daselo como protecci\u00f3n de borde de suelo donde los azulejos se encuentran con yeso o paneles de yeso.<\/li>\n\n\n\n<li>Excelente para ocultar cables en espacios modernos para mantener el dise\u00f1o simple.<\/li>\n<\/ul>\n\n\n\n<p>Con este perfil, tambi\u00e9n obtiene protecci\u00f3n contra marcas y suciedad, ocultando el espacio de expansi\u00f3n com\u00fan en instalaciones de suelos de azulejos.<\/p>\n<\/div>\n\n\n\n<div class=\"wp-block-group is-vertical is-layout-flex wp-container-core-group-is-layout-d255d7c4 wp-block-group-is-layout-flex\" style=\"padding-top:var(--wp--preset--spacing--80);padding-bottom:var(--wp--preset--spacing--80)\">\n<h2 class=\"wp-block-heading\" style=\"padding-top:var(--wp--preset--spacing--40);padding-bottom:var(--wp--preset--spacing--40);font-size:25px;font-style:normal;font-weight:600;text-transform:capitalize\">Productos relacionados<\/h2>\n\n\n\n<ul class=\"wp-block-list\">\n<li>Explora la <a href=\"https:\/\/tangooled.com\/es\/product\/black-led-profile-with-black-diffuser-for-10mm-led-strip-light\/\"><mark style=\"background-color:rgba(0, 0, 0, 0)\" class=\"has-inline-color has-vivid-red-color\">perfil LED negro con difusor negro para tira LED de 10 mm<\/mark><\/a><\/li>\n\n\n\n<li>Ver el <a href=\"https:\/\/tangooled.com\/es\/product\/led-strip-light-channel-aluminum-profile-with-diffused-cover-6mm-height\/\"><mark style=\"background-color:rgba(0, 0, 0, 0)\" class=\"has-inline-color has-vivid-red-color\">Perfil de aluminio para canal de luz LED con cubierta difusa de 6 mm de altura<\/mark><\/a><\/li>\n\n\n\n<li>Verifique la <a href=\"https:\/\/tangooled.com\/es\/product\/surface-mount-led-profile-with-frosted-diffuser-for-10mm-rope-lights\/\"><mark style=\"background-color:rgba(0, 0, 0, 0)\" class=\"has-inline-color has-vivid-red-color\">perfil LED de montaje superficial con difusor esmerilado para luces de cuerda de 10 mm<\/mark><\/a><\/li>\n<\/ul>\n<\/div>\n\n\n\n<div class=\"wp-block-group has-background\" style=\"background-color:#f1f1f1;padding-top:var(--wp--preset--spacing--80);padding-bottom:var(--wp--preset--spacing--80)\"><div class=\"wp-block-group__inner-container is-layout-constrained wp-block-group-is-layout-constrained\">\n<p style=\"padding-right:var(--wp--preset--spacing--50);padding-left:var(--wp--preset--spacing--50)\">Este perfil de z\u00f3calo de azulejos de aluminio para tiras LED de 8 mm es una excelente manera de agregar estilo y prop\u00f3sito a su entorno. Esta soluci\u00f3n de iluminaci\u00f3n arquitect\u00f3nica es imprescindible ya que agrega belleza duradera y protege los bordes de sus suelos.<\/p>\n<\/div><\/div>\n\n\n\n<p><\/p>","protected":false},"featured_media":13626,"template":"","meta":{"_acf_changed":true,"_seopress_robots_primary_cat":"none","_seopress_titles_title":"Tile Wall Skirting Board | Recessed Aluminum LED Profile SK03","_seopress_titles_desc":"The SK03 is a professional tile wall skirting board made from black aluminum. Optimized for 8mm led strips, it creates a sleek, recessed light path between tiles and floors.","_seopress_robots_index":""},"pcb-width":[228],"product-cat":[198],"class_list":{"0":"post-42104","1":"product","2":"type-product","3":"status-publish","4":"has-post-thumbnail","6":"pcb-width-6-12mm","7":"product-cat-skirting-profile"},"acf":[],"_links":{"self":[{"href":"https:\/\/tangooled.com\/es\/wp-json\/wp\/v2\/product\/42104","targetHints":{"allow":["GET"]}}],"collection":[{"href":"https:\/\/tangooled.com\/es\/wp-json\/wp\/v2\/product"}],"about":[{"href":"https:\/\/tangooled.com\/es\/wp-json\/wp\/v2\/types\/product"}],"wp:featuredmedia":[{"embeddable":true,"href":"https:\/\/tangooled.com\/es\/wp-json\/wp\/v2\/media\/13626"}],"wp:attachment":[{"href":"https:\/\/tangooled.com\/es\/wp-json\/wp\/v2\/media?parent=42104"}],"wp:term":[{"taxonomy":"pcb-width","embeddable":true,"href":"https:\/\/tangooled.com\/es\/wp-json\/wp\/v2\/pcb-width?post=42104"},{"taxonomy":"product-cat","embeddable":true,"href":"https:\/\/tangooled.com\/es\/wp-json\/wp\/v2\/product-cat?post=42104"}],"curies":[{"name":"wp","href":"https:\/\/api.w.org\/{rel}","templated":true}]}}