{"id":42071,"date":"2025-12-15T00:37:30","date_gmt":"2025-12-15T08:37:30","guid":{"rendered":"https:\/\/tangooled.com\/?post_type=product&#038;p=42071"},"modified":"2026-01-31T06:28:44","modified_gmt":"2026-01-31T14:28:44","slug":"up-lighting-led-wall-aluminum-channel-with-tall-flange-for-12mm-led-tape-light","status":"publish","type":"product","link":"https:\/\/tangooled.com\/es\/product\/up-lighting-led-wall-aluminum-channel-with-tall-flange-for-12mm-led-tape-light\/","title":{"rendered":"canal de aluminio para pared con iluminaci\u00f3n LED y ala alta para tira de LED de 12 mm"},"content":{"rendered":"<div class=\"wp-block-group is-vertical is-layout-flex wp-container-core-group-is-layout-d255d7c4 wp-block-group-is-layout-flex\" style=\"padding-top:var(--wp--preset--spacing--80);padding-bottom:var(--wp--preset--spacing--80)\">\n<p>Nuestro canal de pared LED con iluminaci\u00f3n ascendente tiene un ala alta que lo hace f\u00e1cil y seguro de colocar en una pared. Este perfil es ideal para crear un hermoso y suave ba\u00f1o de luz en tus paredes.<\/p>\n\n\n\n<p>El canal est\u00e1 hecho de un resistente aluminio extruido 6063 T5, que ayuda a que tu tira de luz LED de 12mm se mantenga fresca y dure m\u00e1s. Tiene un difusor de policarbonato (PC) de f\u00e1cil colocaci\u00f3n que suaviza la luz, elimina manchas y crea un resplandor ambiental suave.<\/p>\n\n\n\n<p>Puedes atornillar el ala alta directamente a la pared, lo que crea un canal de montaje resistente para iluminaci\u00f3n ascendente en la pared. Una vez que el perfil de aluminio est\u00e9 fijado, coloca tu tira LED y coloca las tapas finales y el difusor para que luzca limpio y profesional.<\/p>\n\n\n\n<p>Este perfil adaptable funciona bien para muchos usos diferentes. Util\u00edzalo en tu hogar para a\u00f1adir un toque moderno a salas de estar o pasillos. Aporta una sensaci\u00f3n acogedora y elegante a hoteles y restaurantes. Tambi\u00e9n es ideal para \u00e1reas comerciales que desean resaltar caracter\u00edsticas arquitect\u00f3nicas con iluminaci\u00f3n exquisita.<\/p>\n<\/div>\n\n\n\n<div class=\"wp-block-group has-background is-vertical is-layout-flex wp-container-core-group-is-layout-d255d7c4 wp-block-group-is-layout-flex\" style=\"background-color:#f1f1f1;padding-top:var(--wp--preset--spacing--80);padding-bottom:var(--wp--preset--spacing--80)\">\n<div class=\"wp-block-group is-vertical is-layout-flex wp-container-core-group-is-layout-8cf370e7 wp-block-group-is-layout-flex\">\n<h2 class=\"wp-block-heading\" style=\"padding-top:var(--wp--preset--spacing--40);padding-bottom:var(--wp--preset--spacing--40);font-size:25px;font-style:normal;font-weight:600;text-transform:capitalize\">\u00bfPor qu\u00e9 elegir este canal LED de iluminaci\u00f3n ascendente con ala alta?<\/h2>\n\n\n\n<ul class=\"wp-block-list\">\n<li>Control de direcci\u00f3n de luz: El \u00e1ngulo de 45 grados permite que la luz fluya hacia arriba y hacia afuera, lo cual es excelente para el lavado de paredes y la iluminaci\u00f3n indirecta.<\/li>\n\n\n\n<li>Admite tiras LED de hasta 14mm de ancho, incluyendo cinta LED de alto rendimiento, RGB+W y tiras COB LED. Esto significa que puedes satisfacer todas tus necesidades de iluminaci\u00f3n.<\/li>\n\n\n\n<li>F\u00e1cil de ensamblar: Viene con tapas finales y clips de montaje para un acabado ordenado. Puedes colgarlo en paredes o colocarlo en nichos arquitect\u00f3nicos.<\/li>\n\n\n\n<li>Funciona bien en hogares modernos, oficinas, tiendas y hoteles.<\/li>\n\n\n\n<li>Se puede cortar en el lugar para instalaciones \u00fanicas.<\/li>\n<\/ul>\n<\/div>\n<\/div>\n\n\n\n<div class=\"wp-block-group is-vertical is-layout-flex wp-container-core-group-is-layout-d255d7c4 wp-block-group-is-layout-flex\" style=\"padding-top:var(--wp--preset--spacing--80);padding-bottom:var(--wp--preset--spacing--80)\">\n<hr class=\"wp-block-separator has-alpha-channel-opacity\"\/>\n\n\n\n<div class=\"wp-block-media-text has-media-on-the-right is-stacked-on-mobile\" style=\"grid-template-columns:auto 40%\"><div class=\"wp-block-media-text__content\">\n<h2 class=\"wp-block-heading\" style=\"padding-top:var(--wp--preset--spacing--40);padding-bottom:var(--wp--preset--spacing--40);font-size:25px;font-style:normal;font-weight:600;text-transform:capitalize\">C\u00f3mo usar este canal de aluminio LED de iluminaci\u00f3n ascendente<\/h2>\n\n\n\n<ul class=\"wp-block-list\">\n<li>Corta el canal a la longitud que desees.<\/li>\n\n\n\n<li>Usa tornillos para sujetar el canal a los montantes de la pared o a drywall.<\/li>\n\n\n\n<li>Coloca tu tira de luz LED de 12mm dentro.<\/li>\n\n\n\n<li>Para suavizar la luz, pon la cubierta difusora esmerilada.<\/li>\n\n\n\n<li>A\u00f1ade tapas finales para darle un aspecto ordenado.<\/li>\n<\/ul>\n<\/div><figure class=\"wp-block-media-text__media\"><img loading=\"lazy\" decoding=\"async\" width=\"500\" height=\"500\" src=\"https:\/\/tangooled.com\/wp-content\/uploads\/2025\/12\/wp08-ins.webp\" alt=\"up lighting wall angled led channel inner width 14mm (copy)\" class=\"wp-image-42072 size-full\" srcset=\"https:\/\/tangooled.com\/wp-content\/uploads\/2025\/12\/wp08-ins.webp 500w, https:\/\/tangooled.com\/wp-content\/uploads\/2025\/12\/wp08-ins-300x300.webp 300w, https:\/\/tangooled.com\/wp-content\/uploads\/2025\/12\/wp08-ins-150x150.webp 150w\" sizes=\"auto, (max-width: 500px) 100vw, 500px\" \/><\/figure><\/div>\n<\/div>\n\n\n\n<div class=\"wp-block-group has-background is-vertical is-layout-flex wp-container-core-group-is-layout-b429018a wp-block-group-is-layout-flex\" style=\"background-color:#f1f1f1f2;padding-top:var(--wp--preset--spacing--70);padding-bottom:var(--wp--preset--spacing--70)\">\n<h2 class=\"wp-block-heading\" style=\"padding-top:var(--wp--preset--spacing--40);padding-bottom:var(--wp--preset--spacing--40);font-size:25px;font-style:normal;font-weight:600\">Escenarios de uso<\/h2>\n\n\n\n<ul class=\"wp-block-list\">\n<li>Utiliza en pasillos y salas de estar para a\u00f1adir iluminaci\u00f3n suave hacia arriba.<\/li>\n\n\n\n<li>Ideal para cocinas modernas o salas de cine en casa donde la iluminaci\u00f3n ambiental es crucial.<\/li>\n\n\n\n<li>Excelente para las paredes de restaurantes, vest\u00edbulos de hoteles, pasillos de oficinas y exhibiciones de tiendas.<\/li>\n\n\n\n<li>Crea luces de acento con l\u00edneas n\u00edtidas que destacan la arquitectura.<\/li>\n<\/ul>\n<\/div>\n\n\n\n<div class=\"wp-block-group is-vertical is-layout-flex wp-container-core-group-is-layout-d255d7c4 wp-block-group-is-layout-flex\" style=\"padding-top:var(--wp--preset--spacing--80);padding-bottom:var(--wp--preset--spacing--80)\">\n<h2 class=\"wp-block-heading\" style=\"padding-top:var(--wp--preset--spacing--40);padding-bottom:var(--wp--preset--spacing--40);font-size:25px;font-style:normal;font-weight:600;text-transform:capitalize\">Productos relacionados para tu proyecto<\/h2>\n\n\n\n<ul class=\"wp-block-list\">\n<li>Explora la <a href=\"https:\/\/tangooled.com\/es\/product\/black-led-diffuser-aluminum-channel-for-12mm-tape-lights\/\"><mark style=\"background-color:rgba(0, 0, 0, 0)\" class=\"has-inline-color has-vivid-red-color\">canal de aluminio difusor LED negro para luces de cinta de 12 mm <\/mark><\/a>para un acabado oscuro y elegante.<\/li>\n\n\n\n<li>Consulta esto <a href=\"https:\/\/tangooled.com\/es\/product\/surface-mount-led-profile-with-frosted-diffuser-for-10mm-rope-lights\/\"><mark style=\"background-color:rgba(0, 0, 0, 0)\" class=\"has-inline-color has-vivid-red-color\">perfil LED de montaje superficial con difusor esmerilado para luces de cuerda de 10 mm<\/mark><\/a> si deseas una opci\u00f3n de montaje en superficie.<\/li>\n\n\n\n<li>Prueba el <a href=\"https:\/\/tangooled.com\/es\/product\/18x18mm-led-strip-corner-profile-for-12mm-led-strips\/\"><mark style=\"background-color:rgba(0, 0, 0, 0)\" class=\"has-inline-color has-vivid-red-color\">Perfil de esquina para tira LED de 18x18mm para tiras LED de 12mm<\/mark><\/a> para instalaciones en esquina.<\/li>\n\n\n\n<li>Considera el <a href=\"https:\/\/tangooled.com\/es\/product\/recessed-led-aluminum-profile-up-and-down-lighting-channel-for-cabinet\/\"><mark style=\"background-color:rgba(0, 0, 0, 0)\" class=\"has-inline-color has-vivid-red-color\">canal de perfil de aluminio LED empotrado para iluminaci\u00f3n en armarios<\/mark><\/a> para efectos de iluminaci\u00f3n hacia arriba y hacia abajo.<\/li>\n\n\n\n<li>Ver el <a href=\"https:\/\/tangooled.com\/es\/product\/25x14m-surface-mounted-led-light-aluminum-profile\/\"><mark style=\"background-color:rgba(0, 0, 0, 0)\" class=\"has-inline-color has-vivid-red-color\">Perfil de luz LED de aluminio montado en superficie de 25x14m<\/mark><\/a> para proyectos de montaje en superficie extendidos.<\/li>\n<\/ul>\n<\/div>\n\n\n\n<div class=\"wp-block-group has-background\" style=\"background-color:#f1f1f1;padding-top:var(--wp--preset--spacing--80);padding-bottom:var(--wp--preset--spacing--80)\"><div class=\"wp-block-group__inner-container is-layout-constrained wp-block-group-is-layout-constrained\">\n<h2 class=\"wp-block-heading\" style=\"padding-top:var(--wp--preset--spacing--40);padding-bottom:var(--wp--preset--spacing--40);font-size:25px;font-style:normal;font-weight:600;text-transform:capitalize\">Por qu\u00e9 nuestro canal LED de iluminaci\u00f3n ascendente es la mejor opci\u00f3n<\/h2>\n\n\n\n<p style=\"padding-right:var(--wp--preset--spacing--50);padding-left:var(--wp--preset--spacing--50)\">This product is designed for simple installation and long-lasting. It meets the standards for professional architectural lighting and is great for anyone who wants modern lighting design.The tall flange and durable aluminum alloy keep your LED tape safe while giving it a smooth, professional look. It\u2019s also a flexible choice for many locations \u2014 from residential to office to retail.<\/p>\n<\/div><\/div>\n\n\n\n<p><\/p>","protected":false},"featured_media":13519,"template":"","meta":{"_acf_changed":true,"_seopress_robots_primary_cat":"none","_seopress_titles_title":"Up Lighting LED Wall Channel with Tall Flange | TANGOOLED","_seopress_titles_desc":"The WP08 is a professional up lighting led wall channel featuring a tall flange to eliminate glare. Optimized for 12mm led tape lights, this aluminum profile creates a clean upward glow for architectural wall washing.","_seopress_robots_index":""},"pcb-width":[228],"product-cat":[195],"class_list":{"0":"post-42071","1":"product","2":"type-product","3":"status-publish","4":"has-post-thumbnail","6":"pcb-width-6-12mm","7":"product-cat-wall-mout-profile"},"acf":[],"_links":{"self":[{"href":"https:\/\/tangooled.com\/es\/wp-json\/wp\/v2\/product\/42071","targetHints":{"allow":["GET"]}}],"collection":[{"href":"https:\/\/tangooled.com\/es\/wp-json\/wp\/v2\/product"}],"about":[{"href":"https:\/\/tangooled.com\/es\/wp-json\/wp\/v2\/types\/product"}],"wp:featuredmedia":[{"embeddable":true,"href":"https:\/\/tangooled.com\/es\/wp-json\/wp\/v2\/media\/13519"}],"wp:attachment":[{"href":"https:\/\/tangooled.com\/es\/wp-json\/wp\/v2\/media?parent=42071"}],"wp:term":[{"taxonomy":"pcb-width","embeddable":true,"href":"https:\/\/tangooled.com\/es\/wp-json\/wp\/v2\/pcb-width?post=42071"},{"taxonomy":"product-cat","embeddable":true,"href":"https:\/\/tangooled.com\/es\/wp-json\/wp\/v2\/product-cat?post=42071"}],"curies":[{"name":"wp","href":"https:\/\/api.w.org\/{rel}","templated":true}]}}