{"id":38886,"date":"2025-08-20T22:52:22","date_gmt":"2025-08-21T06:52:22","guid":{"rendered":"https:\/\/tangooled.com\/?post_type=product&#038;p=38886"},"modified":"2026-02-02T02:20:38","modified_gmt":"2026-02-02T10:20:38","slug":"v-shape-diffuser-corner-led-profile-inner-20mm","status":"publish","type":"product","link":"https:\/\/tangooled.com\/es\/product\/v-shape-diffuser-corner-led-profile-inner-20mm\/","title":{"rendered":"Difusor en forma de V, perfil de aluminio LED en esquina, ancho interior 20 mm"},"content":{"rendered":"<div class=\"wp-block-group is-vertical is-layout-flex wp-container-core-group-is-layout-d255d7c4 wp-block-group-is-layout-flex\" style=\"padding-top:var(--wp--preset--spacing--80);padding-bottom:var(--wp--preset--spacing--80)\">\n<p>Nuestro perfil LED en esquina con difusor en V es una forma ideal de iluminar sus esquinas. Este robusto canal de aluminio est\u00e1 dise\u00f1ado para encajar perfectamente en cualquier esquina de 90 grados. Puede soportar tiras de LED de hasta 20 mm de ancho de manera adecuada.<\/p>\n\n\n\n<p>Este perfil emite una luz suave y uniforme sin puntos deslumbrantes, lo que asegura que su iluminaci\u00f3n sea suave y limpia. La cubierta difusora esmerilada que viene con \u00e9l cubre \u00e1reas calientes y suaviza los puntos n\u00edtidos de los LED en luz continua. El robusto perfil de aluminio anodizado tambi\u00e9n ayuda a mantener sus tiras LED frescas, lo que las protege del polvo y el da\u00f1o y les da una mayor durabilidad.<\/p>\n<\/div>\n\n\n\n<div class=\"wp-block-group has-background is-vertical is-layout-flex wp-container-core-group-is-layout-d255d7c4 wp-block-group-is-layout-flex\" style=\"background-color:#f1f1f1;padding-top:var(--wp--preset--spacing--80);padding-bottom:var(--wp--preset--spacing--80)\">\n<div class=\"wp-block-group is-vertical is-layout-flex wp-container-core-group-is-layout-8cf370e7 wp-block-group-is-layout-flex\">\n<h2 class=\"wp-block-heading\" style=\"padding-top:var(--wp--preset--spacing--40);padding-bottom:var(--wp--preset--spacing--40);font-size:25px;font-style:normal;font-weight:600;text-transform:capitalize\">\u00bfQu\u00e9 hace especial a este perfil en forma de V?<\/h2>\n\n\n\n<ul class=\"wp-block-list\">\n<li>Salida de luz uniforme: El difusor esmerilado crea una l\u00ednea de luz suave sin puntos ni deslumbramientos.<\/li>\n\n\n\n<li>Aluminio de alta calidad: Un canal robusto que dura mucho tiempo y funciona como un disipador de calor.<\/li>\n\n\n\n<li>F\u00e1cil de montar: Solo atornille el perfil a la superficie y coloque el difusor.&nbsp;<\/li>\n\n\n\n<li>Funciona con tiras LED de alto lumen, cintas LED inteligentes o tiras LED de doble fila con espacio extra. Funciona muy bien con tiras LED de 20 mm.<\/li>\n<\/ul>\n<\/div>\n<\/div>\n\n\n\n<div class=\"wp-block-group\" style=\"padding-top:var(--wp--preset--spacing--60);padding-bottom:var(--wp--preset--spacing--60)\"><div class=\"wp-block-group__inner-container is-layout-constrained wp-block-group-is-layout-constrained\">\n<div class=\"wp-block-media-text has-media-on-the-right is-stacked-on-mobile\" style=\"grid-template-columns:auto 40%\"><div class=\"wp-block-media-text__content\">\n<h2 class=\"wp-block-heading\" style=\"padding-top:var(--wp--preset--spacing--40);padding-bottom:var(--wp--preset--spacing--40);font-size:25px;font-style:normal;font-weight:600;text-transform:capitalize\">C\u00f3mo instalarlo f\u00e1cilmente<\/h2>\n\n\n\n<ul class=\"wp-block-list\">\n<li>Use tornillos para fijar este canal a la esquina.<\/li>\n\n\n\n<li>Coloque la tira LED dentro del canal.<\/li>\n\n\n\n<li>Coloque el difusor LED para que la luz se distribuya de manera uniforme.<\/li>\n\n\n\n<li>Coloque las tapas finales para darle un acabado.<\/li>\n<\/ul>\n<\/div><figure class=\"wp-block-media-text__media\"><img loading=\"lazy\" decoding=\"async\" width=\"500\" height=\"500\" src=\"https:\/\/tangooled.com\/wp-content\/uploads\/2025\/08\/la30a-ins.webp\" alt=\"Difusor en forma de V, perfil de aluminio LED en esquina, ancho interior 20 mm\" class=\"wp-image-41961 size-full\" srcset=\"https:\/\/tangooled.com\/wp-content\/uploads\/2025\/08\/la30a-ins.webp 500w, https:\/\/tangooled.com\/wp-content\/uploads\/2025\/08\/la30a-ins-300x300.webp 300w, https:\/\/tangooled.com\/wp-content\/uploads\/2025\/08\/la30a-ins-150x150.webp 150w\" sizes=\"auto, (max-width: 500px) 100vw, 500px\" \/><\/figure><\/div>\n<\/div><\/div>\n\n\n\n<div class=\"wp-block-group has-background is-vertical is-layout-flex wp-container-core-group-is-layout-b429018a wp-block-group-is-layout-flex\" style=\"background-color:#f1f1f1f2;padding-top:var(--wp--preset--spacing--70);padding-bottom:var(--wp--preset--spacing--70)\">\n<h2 class=\"wp-block-heading\" style=\"padding-top:var(--wp--preset--spacing--40);padding-bottom:var(--wp--preset--spacing--40);font-size:25px;font-style:normal;font-weight:600;text-transform:capitalize\">C\u00f3mo usar el perfil LED de difusor en forma de V<\/h2>\n\n\n\n<p style=\"padding-right:var(--wp--preset--spacing--50);padding-left:var(--wp--preset--spacing--50)\">Este canal de aluminio es muy \u00fatil para muchos proyectos de iluminaci\u00f3n. Ilumina a un \u00e1ngulo de 45 grados y funciona con tiras de LED anchas (hasta 20 mm). Ideal para lugares donde la luz necesita distribuirse de manera uniforme en las esquinas.<\/p>\n\n\n\n<ul class=\"wp-block-list\">\n<li>Iluminaci\u00f3n bajo los gabinetes en cocinas&nbsp;<\/li>\n\n\n\n<li>Iluminaci\u00f3n en armarios y closets&nbsp;<\/li>\n\n\n\n<li>Iluminaci\u00f3n en estantes de exhibici\u00f3n comercial<\/li>\n\n\n\n<li>Iluminaci\u00f3n en coves arquitect\u00f3nicos&nbsp;<\/li>\n<\/ul>\n<\/div>\n\n\n\n<div class=\"wp-block-group is-vertical is-layout-flex wp-container-core-group-is-layout-d255d7c4 wp-block-group-is-layout-flex\" style=\"padding-top:var(--wp--preset--spacing--80);padding-bottom:var(--wp--preset--spacing--80)\">\n<h2 class=\"wp-block-heading\" style=\"padding-top:var(--wp--preset--spacing--40);padding-bottom:var(--wp--preset--spacing--40);font-size:25px;font-style:normal;font-weight:600;text-transform:capitalize\">Aplicaciones del perfil LED de montaje en superficie<\/h2>\n\n\n\n<p>Nuestro perfil LED de aluminio en esquina con difusor en V est\u00e1 dise\u00f1ado para hacer que sus luces se vean limpias, brillantes y profesionales. Se adapta a tiras LED anchas, las protege y dispersa la luz uniformemente en espacios peque\u00f1os. \u00daselo en cocinas, closets, oficinas y exhibiciones comerciales para encontrar el balance adecuado entre estilo y funcionalidad. Puede completar su sistema de iluminaci\u00f3n r\u00e1pidamente mirando varios <a href=\"https:\/\/tangooled.com\/es\/led-profiles\/\"><mark style=\"background-color:rgba(0, 0, 0, 0)\" class=\"has-inline-color has-vivid-red-color\">perfiles de aluminio<\/mark><\/a> en el sitio web de Tangooled<\/p>\n<\/div>","protected":false},"featured_media":40756,"template":"","meta":{"_acf_changed":false,"_seopress_robots_primary_cat":"none","_seopress_titles_title":"V Shape Diffuser Corner LED Profile | 20mm Inner Width | TANGOOLED","_seopress_titles_desc":"Source the LA30A V shape diffuser corner LED profile. Features a 20mm inner width for high-output strips and heavy-duty aluminum for heat management.","_seopress_robots_index":""},"pcb-width":[229],"product-cat":[196],"class_list":{"0":"post-38886","1":"product","2":"type-product","3":"status-publish","4":"has-post-thumbnail","6":"pcb-width-15-20mm","7":"product-cat-corner-profile"},"acf":[],"_links":{"self":[{"href":"https:\/\/tangooled.com\/es\/wp-json\/wp\/v2\/product\/38886","targetHints":{"allow":["GET"]}}],"collection":[{"href":"https:\/\/tangooled.com\/es\/wp-json\/wp\/v2\/product"}],"about":[{"href":"https:\/\/tangooled.com\/es\/wp-json\/wp\/v2\/types\/product"}],"wp:featuredmedia":[{"embeddable":true,"href":"https:\/\/tangooled.com\/es\/wp-json\/wp\/v2\/media\/40756"}],"wp:attachment":[{"href":"https:\/\/tangooled.com\/es\/wp-json\/wp\/v2\/media?parent=38886"}],"wp:term":[{"taxonomy":"pcb-width","embeddable":true,"href":"https:\/\/tangooled.com\/es\/wp-json\/wp\/v2\/pcb-width?post=38886"},{"taxonomy":"product-cat","embeddable":true,"href":"https:\/\/tangooled.com\/es\/wp-json\/wp\/v2\/product-cat?post=38886"}],"curies":[{"name":"wp","href":"https:\/\/api.w.org\/{rel}","templated":true}]}}