{"id":35408,"date":"2025-07-03T22:21:36","date_gmt":"2025-07-04T06:21:36","guid":{"rendered":"https:\/\/tangooled.com\/?post_type=product&#038;p=35408"},"modified":"2026-01-31T01:47:57","modified_gmt":"2026-01-31T09:47:57","slug":"up-lighting-wall-angled-led-channel-inner-width-14mm","status":"publish","type":"product","link":"https:\/\/tangooled.com\/es\/product\/up-lighting-wall-angled-led-channel-inner-width-14mm\/","title":{"rendered":"canal LED de pared con iluminaci\u00f3n ascendente \u00e1ngulo interno de 14mm"},"content":{"rendered":"<div class=\"wp-block-group is-vertical is-layout-flex wp-container-core-group-is-layout-d255d7c4 wp-block-group-is-layout-flex\" style=\"padding-top:var(--wp--preset--spacing--80);padding-bottom:var(--wp--preset--spacing--80)\">\n<p>Nuestro canal LED inclinable de iluminaci\u00f3n ascendente har\u00e1 que tus paredes sean m\u00e1s brillantes. El canal est\u00e1 hecho de aluminio anodizado 6063-T5, que es fuerte. Est\u00e1 dise\u00f1ado para iluminar las paredes en un \u00e1ngulo de 45 grados. Esta posici\u00f3n exacta env\u00eda luz suave sin deslumbramiento ni manchas oscuras.<\/p>\n\n\n\n<p>Este canal LED para iluminaci\u00f3n ascendente en pared puede sostener numerosas tiras LED y tiene un ancho interno de 14 mm. Tambi\u00e9n tenemos tres difusores diferentes: opalino, esmerilado y claro. Puedes elegir el que mejor te d\u00e9 luz. El canal contiene tapas de extremo y clips de montaje para asegurarte de que el acabado sea limpio y completo.<\/p>\n\n\n\n<p>Esta tecnolog\u00eda es excelente para la iluminaci\u00f3n arquitect\u00f3nica ya que emite luz suave, libre de puntos que va hacia arriba. Funciona eficazmente en residencias, hoteles y empresas.<\/p>\n<\/div>\n\n\n\n<div class=\"wp-block-group has-background is-vertical is-layout-flex wp-container-core-group-is-layout-d255d7c4 wp-block-group-is-layout-flex\" style=\"background-color:#f1f1f1;padding-top:var(--wp--preset--spacing--80);padding-bottom:var(--wp--preset--spacing--80)\">\n<div class=\"wp-block-group is-vertical is-layout-flex wp-container-core-group-is-layout-8cf370e7 wp-block-group-is-layout-flex\">\n<h2 class=\"wp-block-heading\" style=\"padding-top:var(--wp--preset--spacing--40);padding-bottom:var(--wp--preset--spacing--40);font-size:25px;font-style:normal;font-weight:600;text-transform:capitalize\">\u00bfPor qu\u00e9 elegir nuestro canal LED inclinable de iluminaci\u00f3n ascendente?<\/h2>\n\n\n\n<ul class=\"wp-block-list\">\n<li>Control de direcci\u00f3n de luz: El \u00e1ngulo de 45 grados permite que la luz fluya hacia arriba y hacia afuera, lo cual es excelente para el lavado de paredes y la iluminaci\u00f3n indirecta.<\/li>\n\n\n\n<li>Admite tiras LED de hasta 14mm de ancho, incluyendo cinta LED de alto rendimiento, RGB+W y tiras COB LED. Esto significa que puedes satisfacer todas tus necesidades de iluminaci\u00f3n.<\/li>\n\n\n\n<li>F\u00e1cil de ensamblar: Viene con tapas finales y clips de montaje para un acabado ordenado. Puedes colgarlo en paredes o colocarlo en nichos arquitect\u00f3nicos.<\/li>\n\n\n\n<li>Funciona bien en hogares modernos, oficinas, tiendas y hoteles.<\/li>\n\n\n\n<li>Se puede cortar en el lugar para instalaciones \u00fanicas.<\/li>\n<\/ul>\n<\/div>\n<\/div>\n\n\n\n<div class=\"wp-block-group\" style=\"padding-top:var(--wp--preset--spacing--60);padding-bottom:var(--wp--preset--spacing--60)\"><div class=\"wp-block-group__inner-container is-layout-constrained wp-block-group-is-layout-constrained\">\n<div class=\"wp-block-media-text has-media-on-the-right is-stacked-on-mobile\"><div class=\"wp-block-media-text__content\">\n<h2 class=\"wp-block-heading\" style=\"padding-top:var(--wp--preset--spacing--40);padding-bottom:var(--wp--preset--spacing--40);font-size:25px;font-style:normal;font-weight:600;text-transform:capitalize\">Escenarios de uso comunes<\/h2>\n\n\n\n<ul class=\"wp-block-list\">\n<li>Paredes de acento: Usa nuestro canal para resaltar paredes con texturas como ladrillo o piedra.<\/li>\n\n\n\n<li>Salones y dormitorios: Agrega iluminaci\u00f3n ascendente suave y c\u00e1lida para establecer el ambiente y crear una atm\u00f3sfera acogedora.<\/li>\n\n\n\n<li>Hallways and Corridors: Give modern lighting that doesn&#8217;t glare.<\/li>\n\n\n\n<li>Home Theaters: Make the perfect mood lighting that isn&#8217;t too bright.<\/li>\n<\/ul>\n<\/div><figure class=\"wp-block-media-text__media\"><img loading=\"lazy\" decoding=\"async\" width=\"500\" height=\"500\" src=\"https:\/\/tangooled.com\/wp-content\/uploads\/2025\/07\/wp02-ins.webp\" alt=\"up lighting led wall aluminum channel with tall flange for 12mm led tape light\" class=\"wp-image-42068 size-full\" srcset=\"https:\/\/tangooled.com\/wp-content\/uploads\/2025\/07\/wp02-ins.webp 500w, https:\/\/tangooled.com\/wp-content\/uploads\/2025\/07\/wp02-ins-300x300.webp 300w, https:\/\/tangooled.com\/wp-content\/uploads\/2025\/07\/wp02-ins-150x150.webp 150w\" sizes=\"auto, (max-width: 500px) 100vw, 500px\" \/><\/figure><\/div>\n<\/div><\/div>\n\n\n\n<div class=\"wp-block-group has-background is-vertical is-layout-flex wp-container-core-group-is-layout-b429018a wp-block-group-is-layout-flex\" style=\"background-color:#f1f1f1f2;padding-top:var(--wp--preset--spacing--70);padding-bottom:var(--wp--preset--spacing--70)\">\n<h2 class=\"wp-block-heading\" style=\"padding-top:var(--wp--preset--spacing--40);padding-bottom:var(--wp--preset--spacing--40);font-size:25px;font-style:normal;font-weight:600\">What\u2019s in the Box?<\/h2>\n\n\n\n<ul class=\"wp-block-list\">\n<li>1 x canal LED de aluminio inclinado <\/li>\n\n\n\n<li>1 x tapa difusora esmerilada (ajuste a presi\u00f3n)<\/li>\n\n\n\n<li>2 x clips de montaje por metro<\/li>\n\n\n\n<li>2 x tapas de extremo (simple y con orificio)<\/li>\n<\/ul>\n<\/div>\n\n\n\n<div class=\"wp-block-group is-vertical is-layout-flex wp-container-core-group-is-layout-d255d7c4 wp-block-group-is-layout-flex\" style=\"padding-top:var(--wp--preset--spacing--80);padding-bottom:var(--wp--preset--spacing--80)\">\n<h2 class=\"wp-block-heading\" style=\"padding-top:var(--wp--preset--spacing--40);padding-bottom:var(--wp--preset--spacing--40);font-size:25px;font-style:normal;font-weight:600;text-transform:capitalize\">Explora Productos Relacionados<\/h2>\n\n\n\n<ul class=\"wp-block-list\">\n<li>Para tiras LED estrechas, consulta esto <a href=\"https:\/\/tangooled.com\/es\/product\/black-led-profile-with-black-diffuser-for-10mm-led-strip-light\/\"><mark style=\"background-color:rgba(0, 0, 0, 0)\" class=\"has-inline-color has-vivid-red-color\">perfil LED negro con difusor negro para tira LED de 10 mm<\/mark><\/a>.<\/li>\n\n\n\n<li>\u00bfNecesitas un difusor para ancho medio? Consulta el <a href=\"https:\/\/tangooled.com\/es\/product\/black-led-diffuser-aluminum-channel-for-12mm-tape-lights\/\"><mark style=\"background-color:rgba(0, 0, 0, 0)\" class=\"has-inline-color has-vivid-red-color\">canal de aluminio difusor negro para cinta de 12mm <\/mark><\/a><a href=\"https:\/\/tangooled.com\/es\/product\/led-strip-light-channel-aluminum-profile-with-diffused-cover-6mm-height\/\"><mark style=\"background-color:rgba(0, 0, 0, 0)\" class=\"has-inline-color has-vivid-red-color\">luces<\/mark><\/a>.<\/li>\n\n\n\n<li>\u00bfQuieres un perfil delgado? Prueba el <a href=\"https:\/\/tangooled.com\/es\/product\/led-strip-light-channel-aluminum-profile-with-diffused-cover-6mm-height\/\"><mark style=\"background-color:rgba(0, 0, 0, 0)\" class=\"has-inline-color has-vivid-red-color\">Perfil de aluminio para canal de luz LED con cubierta difusa de 6 mm de altura<\/mark><\/a>.<\/li>\n<\/ul>\n<\/div>\n\n\n\n<div class=\"wp-block-group has-background\" style=\"background-color:#f1f1f1;padding-top:var(--wp--preset--spacing--80);padding-bottom:var(--wp--preset--spacing--80)\"><div class=\"wp-block-group__inner-container is-layout-constrained wp-block-group-is-layout-constrained\">\n<h2 class=\"wp-block-heading\" style=\"padding-top:var(--wp--preset--spacing--40);padding-bottom:var(--wp--preset--spacing--40);font-size:25px;font-style:normal;font-weight:600;text-transform:capitalize\">Resumen<\/h2>\n\n\n\n<p style=\"padding-right:var(--wp--preset--spacing--50);padding-left:var(--wp--preset--spacing--50)\">Nuestro canal LED inclinable de iluminaci\u00f3n ascendente con un ancho interno de 14mm es la mejor opci\u00f3n para una iluminaci\u00f3n ascendente limpia, brillante y duradera. Se adapta a muchas tiras LED, protege tus LEDs y crea hermosos efectos de iluminaci\u00f3n indirecta para cualquier espacio.<\/p>\n<\/div><\/div>\n\n\n\n<p><\/p>","protected":false},"featured_media":13473,"template":"","meta":{"_acf_changed":true,"_seopress_robots_primary_cat":"none","_seopress_titles_title":"Up Lighting Wall Angled LED Channel | 14mm Inner Width WP01 Profile | TANGOOLED","_seopress_titles_desc":"The WP02 is a professional up lighting wall angled led channel with a 14mm inner width. Designed for indirect wall washing, its angled aluminum profile creates a soft upward glow.","_seopress_robots_index":""},"pcb-width":[228],"product-cat":[195],"class_list":{"0":"post-35408","1":"product","2":"type-product","3":"status-publish","4":"has-post-thumbnail","6":"pcb-width-6-12mm","7":"product-cat-wall-mout-profile"},"acf":[],"_links":{"self":[{"href":"https:\/\/tangooled.com\/es\/wp-json\/wp\/v2\/product\/35408","targetHints":{"allow":["GET"]}}],"collection":[{"href":"https:\/\/tangooled.com\/es\/wp-json\/wp\/v2\/product"}],"about":[{"href":"https:\/\/tangooled.com\/es\/wp-json\/wp\/v2\/types\/product"}],"wp:featuredmedia":[{"embeddable":true,"href":"https:\/\/tangooled.com\/es\/wp-json\/wp\/v2\/media\/13473"}],"wp:attachment":[{"href":"https:\/\/tangooled.com\/es\/wp-json\/wp\/v2\/media?parent=35408"}],"wp:term":[{"taxonomy":"pcb-width","embeddable":true,"href":"https:\/\/tangooled.com\/es\/wp-json\/wp\/v2\/pcb-width?post=35408"},{"taxonomy":"product-cat","embeddable":true,"href":"https:\/\/tangooled.com\/es\/wp-json\/wp\/v2\/product-cat?post=35408"}],"curies":[{"name":"wp","href":"https:\/\/api.w.org\/{rel}","templated":true}]}}