{"id":35407,"date":"2025-07-03T22:18:59","date_gmt":"2025-07-04T06:18:59","guid":{"rendered":"https:\/\/tangooled.com\/?post_type=product&#038;p=35407"},"modified":"2026-01-26T23:41:44","modified_gmt":"2026-01-27T07:41:44","slug":"wall-mount-up-lighting-led-profile-with-outer-curved-aluminum-channel","status":"publish","type":"product","link":"https:\/\/tangooled.com\/es\/product\/wall-mount-up-lighting-led-profile-with-outer-curved-aluminum-channel\/","title":{"rendered":"perfil de LED de iluminaci\u00f3n montada en la pared con canal de aluminio curvado exterior"},"content":{"rendered":"<div class=\"wp-block-group is-vertical is-layout-flex wp-container-core-group-is-layout-d255d7c4 wp-block-group-is-layout-flex\" style=\"padding-top:var(--wp--preset--spacing--80);padding-bottom:var(--wp--preset--spacing--80)\">\n<p>Descubre nuestro perfil de pared LED con extrusi\u00f3n de aluminio curvado exterior. Este nuevo dise\u00f1o tiene dos partes: un canal principal para tu tira LED y una cubierta de aluminio curvada que se ajusta por fuera. El difusor de PC destacado hace que la luz sea m\u00e1s suave, d\u00e1ndole un brillo suave y agradable.<\/p>\n\n\n\n<p>La instalaci\u00f3n es sencilla. Simplemente atornilla el canal principal de montaje a la pared, luego ajusta la cubierta de aluminio curvada para un aspecto limpio y sin tornillos. Puedes montarlo para iluminaci\u00f3n \u00fatil hacia abajo o iluminaci\u00f3n funcional hacia arriba, lo que te da un control total sobre el ambiente de tu habitaci\u00f3n.<\/p>\n\n\n\n<p>Lo que hace especial a este perfil es su capacidad para crear l\u00edneas continuas de luz. Usando conectores, puedes unir secciones f\u00e1cilmente para navegar en esquinas interiores y exteriores, perfecto para delinear paredes o caracter\u00edsticas arquitect\u00f3nicas.<\/p>\n\n\n\n<p>Este canal de luz adaptable para paredes es ideal para cualquier entorno. Puede usarse en residencias como acentos modernos en pasillos o salas de estar, en hoteles para a\u00f1adir un toque de refinamiento, o en espacios comerciales para crear ambientes din\u00e1micos y atractivos.<\/p>\n<\/div>\n\n\n\n<div class=\"wp-block-group has-background is-vertical is-layout-flex wp-container-core-group-is-layout-d255d7c4 wp-block-group-is-layout-flex\" style=\"background-color:#f1f1f1;padding-top:var(--wp--preset--spacing--80);padding-bottom:var(--wp--preset--spacing--80)\">\n<div class=\"wp-block-group is-vertical is-layout-flex wp-container-core-group-is-layout-8cf370e7 wp-block-group-is-layout-flex\">\n<h2 class=\"wp-block-heading\" style=\"padding-top:var(--wp--preset--spacing--40);padding-bottom:var(--wp--preset--spacing--40);font-size:25px;font-style:normal;font-weight:600;text-transform:capitalize\">\u00bfPor qu\u00e9 elegir este perfil?<\/h2>\n\n\n\n<ul class=\"wp-block-list\">\n<li>Hecho para viviendas modernas y usos arquitect\u00f3nicos.<\/li>\n\n\n\n<li>Ideal para iluminaci\u00f3n de apliques de pared y luz de acento.<\/li>\n\n\n\n<li>Crea efectos de lavado de pared delicados y efectos de roce sin deslumbramiento.<\/li>\n\n\n\n<li>Funciona con una amplia gama de usos comerciales, como iluminaci\u00f3n para hoteles, negocios y escuelas.<\/li>\n<\/ul>\n<\/div>\n<\/div>\n\n\n\n<div class=\"wp-block-group\" style=\"padding-top:var(--wp--preset--spacing--60);padding-bottom:var(--wp--preset--spacing--60)\"><div class=\"wp-block-group__inner-container is-layout-constrained wp-block-group-is-layout-constrained\">\n<div class=\"wp-block-media-text has-media-on-the-right is-stacked-on-mobile\" style=\"grid-template-columns:auto 40%\"><div class=\"wp-block-media-text__content\">\n<h2 class=\"wp-block-heading\" style=\"padding-top:var(--wp--preset--spacing--40);padding-bottom:var(--wp--preset--spacing--40);font-size:25px;font-style:normal;font-weight:600;text-transform:capitalize\">C\u00f3mo instalar<\/h2>\n\n\n\n<ul class=\"wp-block-list\">\n<li>Fija el canal de iluminaci\u00f3n de aluminio en la pared con tornillos.<\/li>\n\n\n\n<li>Adjunta las tiras LED dentro de este canal de iluminaci\u00f3n.<\/li>\n\n\n\n<li>Ajusta la cubierta difusora para proteger los LEDs y suavizar la luz.<\/li>\n\n\n\n<li>Adjunta la parte curvada de aluminio y las tapas finales al canal de iluminaci\u00f3n para un acabado limpio.<\/li>\n\n\n\n<li>Conecta la fuente de alimentaci\u00f3n y disfruta de tu iluminaci\u00f3n indirecta hacia arriba.<\/li>\n<\/ul>\n<\/div><figure class=\"wp-block-media-text__media\"><img loading=\"lazy\" decoding=\"async\" width=\"500\" height=\"500\" src=\"https:\/\/tangooled.com\/wp-content\/uploads\/2025\/07\/wp07-ins.webp\" alt=\"perfil de LED de iluminaci\u00f3n montada en la pared con canal de aluminio curvado exterior\" class=\"wp-image-42099 size-full\" srcset=\"https:\/\/tangooled.com\/wp-content\/uploads\/2025\/07\/wp07-ins.webp 500w, https:\/\/tangooled.com\/wp-content\/uploads\/2025\/07\/wp07-ins-300x300.webp 300w, https:\/\/tangooled.com\/wp-content\/uploads\/2025\/07\/wp07-ins-150x150.webp 150w\" sizes=\"auto, (max-width: 500px) 100vw, 500px\" \/><\/figure><\/div>\n<\/div><\/div>\n\n\n\n<div class=\"wp-block-group has-background is-vertical is-layout-flex wp-container-core-group-is-layout-b429018a wp-block-group-is-layout-flex\" style=\"background-color:#f1f1f1f2;padding-top:var(--wp--preset--spacing--70);padding-bottom:var(--wp--preset--spacing--70)\">\n<h2 class=\"wp-block-heading\" style=\"padding-top:var(--wp--preset--spacing--40);padding-bottom:var(--wp--preset--spacing--40);font-size:25px;font-style:normal;font-weight:600;text-transform:capitalize\">what&#8217;s in the kit?<\/h2>\n\n\n\n<ul class=\"wp-block-list\">\n<li>2x Canales de aluminio anodizado (uno para montaje, uno para tiras LED)<\/li>\n\n\n\n<li>1x Difusor de luz opalino<\/li>\n\n\n\n<li>Tapas finales<\/li>\n\n\n\n<li>Conectores para v\u00ednculo continuo<\/li>\n<\/ul>\n<\/div>\n\n\n\n<div class=\"wp-block-group is-vertical is-layout-flex wp-container-core-group-is-layout-d255d7c4 wp-block-group-is-layout-flex\" style=\"padding-top:var(--wp--preset--spacing--80);padding-bottom:var(--wp--preset--spacing--80)\">\n<h2 class=\"wp-block-heading\" style=\"padding-top:var(--wp--preset--spacing--40);padding-bottom:var(--wp--preset--spacing--40);font-size:25px;font-style:normal;font-weight:600;text-transform:capitalize\">D\u00f3nde usar<\/h2>\n\n\n\n<ul class=\"wp-block-list\">\n<li>Salas de estar: Crea una atm\u00f3sfera c\u00e1lida y sofisticada con luz indirecta.<\/li>\n\n\n\n<li>Pasillos: A\u00f1ade luz \u00fatil sin ocupar demasiado espacio.<\/li>\n\n\n\n<li>Cines en casa: Reduce el deslumbramiento y resalta las paredes y techos.<\/li>\n\n\n\n<li>Tiendas minoristas: Utiliza iluminaci\u00f3n de acento moderna para atraer la atenci\u00f3n hacia los productos.<\/li>\n\n\n\n<li>Restaurantes: Una luz suave y acogedora hace que la gente se sienta mejor.<\/li>\n\n\n\n<li>Offices: A modern style and light that doesn&#8217;t glare make it comfortable.<\/li>\n<\/ul>\n<\/div>\n\n\n\n<div class=\"wp-block-group has-background\" style=\"background-color:#f1f1f1;padding-top:var(--wp--preset--spacing--80);padding-bottom:var(--wp--preset--spacing--80)\"><div class=\"wp-block-group__inner-container is-layout-constrained wp-block-group-is-layout-constrained\">\n<h2 class=\"wp-block-heading\" style=\"padding-top:var(--wp--preset--spacing--40);padding-bottom:var(--wp--preset--spacing--40);font-size:25px;font-style:normal;font-weight:600;text-transform:capitalize\">Explora m\u00e1s perfiles y accesorios:<\/h2>\n\n\n\n<ul class=\"wp-block-list\">\n<li><a href=\"https:\/\/tangooled.com\/es\/product\/black-led-profile-with-black-diffuser-for-10mm-led-strip-light\/\"><mark style=\"background-color:rgba(0, 0, 0, 0)\" class=\"has-inline-color has-vivid-red-color\">Perfil LED negro con difusor negro para tira de luz LED de 10 mm.<\/mark><\/a><\/li>\n\n\n\n<li><a href=\"https:\/\/tangooled.com\/es\/product\/surface-mount-led-profile-with-frosted-diffuser-for-10mm-rope-lights\/\"><mark style=\"background-color:rgba(0, 0, 0, 0)\" class=\"has-inline-color has-vivid-red-color\">Perfil LED de montaje en superficie con difusor esmerilado para luces de cuerda de 10 mm<\/mark><\/a>.<\/li>\n\n\n\n<li><a href=\"https:\/\/tangooled.com\/es\/product\/aluminum-led-profile-with-30-degree-lens-diffuser-for-10mm-led-strips\/\"><mark style=\"background-color:rgba(0, 0, 0, 0)\" class=\"has-inline-color has-vivid-red-color\">Perfil LED de aluminio con difusor de lente de 30 grados para tiras LED de 10 mm<\/mark><\/a>.<\/li>\n\n\n\n<li><a href=\"https:\/\/tangooled.com\/es\/product\/vertical-wall-mount-curved-led-profile-for-upward-lighting\/\"><mark style=\"background-color:rgba(0, 0, 0, 0)\" class=\"has-inline-color has-vivid-red-color\">Perfil LED curvado de montaje vertical para iluminaci\u00f3n hacia arriba<\/mark><\/a><\/li>\n<\/ul>\n<\/div><\/div>\n\n\n\n<div class=\"wp-block-group\" style=\"padding-top:var(--wp--preset--spacing--80);padding-bottom:var(--wp--preset--spacing--80)\"><div class=\"wp-block-group__inner-container is-layout-constrained wp-block-group-is-layout-constrained\">\n<h2 class=\"wp-block-heading\" style=\"padding-top:var(--wp--preset--spacing--40);padding-bottom:var(--wp--preset--spacing--40);font-size:25px;font-style:normal;font-weight:600;text-transform:capitalize\">\u00bfPor qu\u00e9 usar nuestro perfil de pared LED?<\/h2>\n\n\n\n<p>Nuestro perfil de pared LED tiene una extrusi\u00f3n de aluminio curvado exterior que le da un aspecto elegante y protege mejor los LEDs, adem\u00e1s de manejar mejor el calor. Esto lo hace ideal para hermosos apliques de pared e iluminaci\u00f3n indirecta en arquitectura. Est\u00e1 dise\u00f1ado para trabajar en una variedad de prop\u00f3sitos, como iluminaci\u00f3n hacia arriba, hacia abajo y de acento, y tiene un acabado profesional. Puedes adquirir servicios OEM y ODM para cambiar las longitudes, acabados y accesorios que funcionan con ellos.<\/p>\n\n\n\n<p><\/p>\n<\/div><\/div>","protected":false},"featured_media":33662,"template":"","meta":{"_acf_changed":true,"_seopress_robots_primary_cat":"none","_seopress_titles_title":"Wall Mount LED Profile with Outer Curved Aluminum Channel | TANGOOLED","_seopress_titles_desc":"The WP07 is a premium wall mount up lighting led profile featuring a distinctive outer curved aluminum channel. Designed for soft indirect illumination, this curved profile adds architectural elegance to walls while providing a smooth upward glow.","_seopress_robots_index":""},"pcb-width":[228],"product-cat":[195],"class_list":{"0":"post-35407","1":"product","2":"type-product","3":"status-publish","4":"has-post-thumbnail","6":"pcb-width-6-12mm","7":"product-cat-wall-mout-profile"},"acf":[],"_links":{"self":[{"href":"https:\/\/tangooled.com\/es\/wp-json\/wp\/v2\/product\/35407","targetHints":{"allow":["GET"]}}],"collection":[{"href":"https:\/\/tangooled.com\/es\/wp-json\/wp\/v2\/product"}],"about":[{"href":"https:\/\/tangooled.com\/es\/wp-json\/wp\/v2\/types\/product"}],"wp:featuredmedia":[{"embeddable":true,"href":"https:\/\/tangooled.com\/es\/wp-json\/wp\/v2\/media\/33662"}],"wp:attachment":[{"href":"https:\/\/tangooled.com\/es\/wp-json\/wp\/v2\/media?parent=35407"}],"wp:term":[{"taxonomy":"pcb-width","embeddable":true,"href":"https:\/\/tangooled.com\/es\/wp-json\/wp\/v2\/pcb-width?post=35407"},{"taxonomy":"product-cat","embeddable":true,"href":"https:\/\/tangooled.com\/es\/wp-json\/wp\/v2\/product-cat?post=35407"}],"curies":[{"name":"wp","href":"https:\/\/api.w.org\/{rel}","templated":true}]}}