{"id":35406,"date":"2025-07-03T22:13:06","date_gmt":"2025-07-04T06:13:06","guid":{"rendered":"https:\/\/tangooled.com\/?post_type=product&#038;p=35406"},"modified":"2026-01-31T01:54:58","modified_gmt":"2026-01-31T09:54:58","slug":"low-lighting-slim-in-wall-aluminum-led-channel-for-8mm-led-strip","status":"publish","type":"product","link":"https:\/\/tangooled.com\/es\/product\/low-lighting-slim-in-wall-aluminum-led-channel-for-8mm-led-strip\/","title":{"rendered":"canal LED de aluminio delgado en la pared para tira LED de 8mm"},"content":{"rendered":"<div class=\"wp-block-group is-vertical is-layout-flex wp-container-core-group-is-layout-d255d7c4 wp-block-group-is-layout-flex\" style=\"padding-top:var(--wp--preset--spacing--80);padding-bottom:var(--wp--preset--spacing--80)\">\n<p>Conoce nuestro canal LED delgado de bajo perfil para instalaci\u00f3n en pared, una fant\u00e1stica opci\u00f3n para a\u00f1adir una luz de acento sutil y moderna a tus espacios. Este canal LED empotrado en drywall est\u00e1 construido con aluminio 6063 resistente, que ayuda a mantener tus tiras LED frescas para que duren m\u00e1s. Incluye una cubierta de policarbonato (PC) que se encaja en su lugar, creando una luz suave y uniforme sin puntos brillantes.<\/p>\n\n\n\n<p>Dise\u00f1ado para ser empotrado, este canal LED de aluminio encaja a ras en el drywall utilizando clips de resorte f\u00e1ciles de usar, brind\u00e1ndote un aspecto profesional y integrado. El perfil proyecta luz hacia abajo, lo que lo hace perfecto para crear una iluminaci\u00f3n suave e indirecta a lo largo de las paredes.<\/p>\n\n\n\n<p>It&#8217;s a versatile solution for many places. Use it in your home to light up hallways or stairs. In hotels and restaurants, it creates a warm and welcoming atmosphere. It\u2019s also great for commercial spaces like retail stores or offices wanting a touch of sleek, understated light.<\/p>\n<\/div>\n\n\n\n<div class=\"wp-block-group has-background is-vertical is-layout-flex wp-container-core-group-is-layout-d255d7c4 wp-block-group-is-layout-flex\" style=\"background-color:#f1f1f1;padding-top:var(--wp--preset--spacing--80);padding-bottom:var(--wp--preset--spacing--80)\">\n<div class=\"wp-block-group is-vertical is-layout-flex wp-container-core-group-is-layout-8cf370e7 wp-block-group-is-layout-flex\">\n<h2 class=\"wp-block-heading\" style=\"padding-top:var(--wp--preset--spacing--40);padding-bottom:var(--wp--preset--spacing--40);font-size:25px;font-style:normal;font-weight:600;text-transform:capitalize\">Por qu\u00e9 elegir nuestro canal LED delgado de bajo perfil para instalaci\u00f3n en pared<\/h2>\n\n\n\n<ul class=\"wp-block-list\">\n<li>Dise\u00f1o sin molduras ni yeso que facilita su uso con drywall<\/li>\n\n\n\n<li>Funciona con tiras LED t\u00edpicas de 8mm, como COB y 2835<\/li>\n\n\n\n<li>Ideal para iluminaci\u00f3n de coves, o iluminaci\u00f3n arquitect\u00f3nica<\/li>\n\n\n\n<li>Se puede utilizar en LED de suelo, estanter\u00edas o iluminaci\u00f3n para escaleras<\/li>\n\n\n\n<li>El perfil s\u00faper delgado se adapta bien a estilos modernos y minimalistas.<\/li>\n<\/ul>\n<\/div>\n<\/div>\n\n\n\n<div class=\"wp-block-group\" style=\"padding-top:var(--wp--preset--spacing--60);padding-bottom:var(--wp--preset--spacing--60)\"><div class=\"wp-block-group__inner-container is-layout-constrained wp-block-group-is-layout-constrained\">\n<div class=\"wp-block-media-text has-media-on-the-right is-stacked-on-mobile\" style=\"grid-template-columns:auto 40%\"><div class=\"wp-block-media-text__content\">\n<h2 class=\"wp-block-heading\" style=\"padding-top:var(--wp--preset--spacing--40);padding-bottom:var(--wp--preset--spacing--40);font-size:25px;font-style:normal;font-weight:600;text-transform:capitalize\">c\u00f3mo usar<\/h2>\n\n\n\n<ul class=\"wp-block-list\">\n<li>Nuestro canal LED de aluminio de bajo perfil est\u00e1 dise\u00f1ado para una instalaci\u00f3n f\u00e1cil en drywall o techos.<\/li>\n\n\n\n<li>El canal se mantiene en su lugar por clips de soporte de resorte en una ranura precortada, lo que facilita el montaje y evita la necesidad de yeso o mezcla de drywall sobre un saliente.<\/li>\n\n\n\n<li>Una vez colocado, est\u00e1 dise\u00f1ado para proyectar luz en una direcci\u00f3n espec\u00edfica, ya sea hacia abajo o hacia un lado (izquierda o derecha).<\/li>\n\n\n\n<li>Simplemente coloca tu tira LED de 8mm dentro del perfil y a\u00f1ade el difusor esmerilado para completar el dise\u00f1o. Esto te dar\u00e1 una iluminaci\u00f3n uniforme, sin puntos.<\/li>\n<\/ul>\n<\/div><figure class=\"wp-block-media-text__media\"><img loading=\"lazy\" decoding=\"async\" width=\"500\" height=\"500\" src=\"https:\/\/tangooled.com\/wp-content\/uploads\/2025\/07\/wp06-ins.webp\" alt=\"low lighting slim in wall aluminum led channel for 8mm led strip\" class=\"wp-image-42094 size-full\" srcset=\"https:\/\/tangooled.com\/wp-content\/uploads\/2025\/07\/wp06-ins.webp 500w, https:\/\/tangooled.com\/wp-content\/uploads\/2025\/07\/wp06-ins-300x300.webp 300w, https:\/\/tangooled.com\/wp-content\/uploads\/2025\/07\/wp06-ins-150x150.webp 150w\" sizes=\"auto, (max-width: 500px) 100vw, 500px\" \/><\/figure><\/div>\n<\/div><\/div>\n\n\n\n<div class=\"wp-block-group has-background is-vertical is-layout-flex wp-container-core-group-is-layout-b429018a wp-block-group-is-layout-flex\" style=\"background-color:#f1f1f1f2;padding-top:var(--wp--preset--spacing--70);padding-bottom:var(--wp--preset--spacing--70)\">\n<h2 class=\"wp-block-heading\" style=\"padding-top:var(--wp--preset--spacing--40);padding-bottom:var(--wp--preset--spacing--40);font-size:25px;font-style:normal;font-weight:600\">Mejores aplicaciones para el canal LED delgado de bajo perfil para instalaci\u00f3n en pared<\/h2>\n\n\n\n<ul class=\"wp-block-list\">\n<li>Iluminaci\u00f3n arquitect\u00f3nica de acento: Usa luz lineal para hacer que las paredes, estanter\u00edas o techos destaquen.<\/li>\n\n\n\n<li>Iluminaci\u00f3n de coves: Col\u00f3calo alrededor de los techos para crear un resplandor sutil e indirecto.<\/li>\n\n\n\n<li>Iluminaci\u00f3n para armarios y estanter\u00edas: A\u00f1ade tiras de luz hermosas y discretas a tu mobiliario.<\/li>\n\n\n\n<li>Iluminaci\u00f3n para escaleras y z\u00f3calos: Haz que los escalones o bordes del suelo sean seguros y no demasiado brillantes.<\/li>\n\n\n\n<li>Integraci\u00f3n con drywall: Funciona con yeso o mezcla, lo que lo hace ideal para edificios modernos de drywall.<\/li>\n<\/ul>\n<\/div>\n\n\n\n<div class=\"wp-block-group is-vertical is-layout-flex wp-container-core-group-is-layout-d255d7c4 wp-block-group-is-layout-flex\" style=\"padding-top:var(--wp--preset--spacing--80);padding-bottom:var(--wp--preset--spacing--80)\">\n<h2 class=\"wp-block-heading\" style=\"font-size:25px;font-style:normal;font-weight:600;text-transform:capitalize\">Productos relacionados<\/h2>\n\n\n\n<ul class=\"wp-block-list\">\n<li>Prueba nuestra <a href=\"https:\/\/tangooled.com\/es\/product\/black-led-diffuser-aluminum-channel-for-12mm-tape-lights\/\"><mark style=\"background-color:rgba(0, 0, 0, 0)\" class=\"has-inline-color has-vivid-red-color\">canal de aluminio con difusor negro para luces de cinta de 12mm<\/mark><\/a> para tiras LED m\u00e1s anchas.<\/li>\n\n\n\n<li>Verifique la <a href=\"https:\/\/tangooled.com\/es\/product\/led-strip-light-channel-aluminum-profile-with-diffused-cover-6mm-height\/\"><mark style=\"background-color:rgba(0, 0, 0, 0)\" class=\"has-inline-color has-vivid-red-color\">Perfil de aluminio para canal de luz LED con cubierta difusa de 6 mm de altura<\/mark><\/a> para necesidades ultradelgadas.<\/li>\n\n\n\n<li>Para necesidades de montaje en superficie, consulta nuestro <a href=\"https:\/\/tangooled.com\/es\/product\/surface-mount-led-profile-with-frosted-diffuser-for-10mm-rope-lights\/\"><mark style=\"background-color:rgba(0, 0, 0, 0)\" class=\"has-inline-color has-vivid-red-color\">perfil LED de montaje superficial con difusor esmerilado para luces de cuerda de 10 mm<\/mark><\/a>.<\/li>\n<\/ul>\n<\/div>\n\n\n\n<p><\/p>","protected":false},"featured_media":13499,"template":"","meta":{"_acf_changed":true,"_seopress_robots_primary_cat":"none","_seopress_titles_title":"Slim In-Wall LED Channel for Low Lighting WP06 | TANGOOLED","_seopress_titles_desc":"The WP06 is an ultra-slim in-wall led channel designed for low lighting applications. Optimized for 8mm led strips, this minimalist aluminum profile provides subtle footlight and path illumination for modern hallways.","_seopress_robots_index":""},"pcb-width":[228],"product-cat":[195],"class_list":{"0":"post-35406","1":"product","2":"type-product","3":"status-publish","4":"has-post-thumbnail","6":"pcb-width-6-12mm","7":"product-cat-wall-mout-profile"},"acf":[],"_links":{"self":[{"href":"https:\/\/tangooled.com\/es\/wp-json\/wp\/v2\/product\/35406","targetHints":{"allow":["GET"]}}],"collection":[{"href":"https:\/\/tangooled.com\/es\/wp-json\/wp\/v2\/product"}],"about":[{"href":"https:\/\/tangooled.com\/es\/wp-json\/wp\/v2\/types\/product"}],"wp:featuredmedia":[{"embeddable":true,"href":"https:\/\/tangooled.com\/es\/wp-json\/wp\/v2\/media\/13499"}],"wp:attachment":[{"href":"https:\/\/tangooled.com\/es\/wp-json\/wp\/v2\/media?parent=35406"}],"wp:term":[{"taxonomy":"pcb-width","embeddable":true,"href":"https:\/\/tangooled.com\/es\/wp-json\/wp\/v2\/pcb-width?post=35406"},{"taxonomy":"product-cat","embeddable":true,"href":"https:\/\/tangooled.com\/es\/wp-json\/wp\/v2\/product-cat?post=35406"}],"curies":[{"name":"wp","href":"https:\/\/api.w.org\/{rel}","templated":true}]}}