{"id":35405,"date":"2025-07-03T22:11:08","date_gmt":"2025-07-04T06:11:08","guid":{"rendered":"https:\/\/tangooled.com\/?post_type=product&#038;p=35405"},"modified":"2026-01-26T23:35:02","modified_gmt":"2026-01-27T07:35:02","slug":"wall-recessed-down-lighting-60mm-led-aluminum-profile","status":"publish","type":"product","link":"https:\/\/tangooled.com\/es\/product\/wall-recessed-down-lighting-60mm-led-aluminum-profile\/","title":{"rendered":"perfil de aluminio LED empotrado de pared de 60mm"},"content":{"rendered":"<div class=\"wp-block-group is-vertical is-layout-flex wp-container-core-group-is-layout-d255d7c4 wp-block-group-is-layout-flex\" style=\"padding-top:var(--wp--preset--spacing--80);padding-bottom:var(--wp--preset--spacing--80)\">\n<p>Nuestro perfil de pared LED empotrado de 60 mm est\u00e1 integrado en la pared para darle a su iluminaci\u00f3n arquitect\u00f3nica un aspecto elegante y moderno. Es un canal para la iluminaci\u00f3n empotrada en una pared que se instala en paneles de yeso con clips de resorte para un aspecto limpio y sin marco. Con una dimensi\u00f3n externa total de 70 mm (ancho) 24.5 mm (profundidad), el canal est\u00e1 dise\u00f1ado para ser empotrado en la pared o el techo con una altura embutida de 60 mm para lograr el efecto deseado. Este dise\u00f1o robusto asegura que el perfil se ajuste de manera uniforme y segura, lo que es perfecto para generar efectos de iluminaci\u00f3n lineales que llaman la atenci\u00f3n.<\/p>\n\n\n\n<p>This 60mm downlighting LED wall profile features a simple design that makes it very useful. It can make homes&#8217; halls, living rooms, and stairs look elegant. It&#8217;s fantastic for emphasizing things in modern office environments, galleries, and stores when used for commercial lighting. It looks good and functions properly.<\/p>\n<\/div>\n\n\n\n<div class=\"wp-block-group has-background is-vertical is-layout-flex wp-container-core-group-is-layout-d255d7c4 wp-block-group-is-layout-flex\" style=\"background-color:#f1f1f1;padding-top:var(--wp--preset--spacing--80);padding-bottom:var(--wp--preset--spacing--80)\">\n<div class=\"wp-block-group is-vertical is-layout-flex wp-container-core-group-is-layout-8cf370e7 wp-block-group-is-layout-flex\">\n<h2 class=\"wp-block-heading\" style=\"padding-top:var(--wp--preset--spacing--40);padding-bottom:var(--wp--preset--spacing--40);font-size:25px;font-style:normal;font-weight:600;text-transform:capitalize\">\u00bfPor qu\u00e9 elegir nuestro perfil de pared LED empotrado de 60 mm?<\/h2>\n\n\n\n<ul class=\"wp-block-list\">\n<li>Fabricado en aluminio anodizado 6063, que dispersa bien el calor y hace que sus luces LED duren m\u00e1s.<\/li>\n\n\n\n<li>El dise\u00f1o sin marco y empotrado permite ocultarlo dentro de paneles de yeso o yeso. No hay marcos, solo una l\u00ednea pura de luz.<\/li>\n\n\n\n<li>Viene con un difusor esmerilado que hace que la luz sea suave y uniforme, sin puntos brillantes ni sombras.<\/li>\n\n\n\n<li>Ideal para limpiar paredes, a\u00f1adir luz a techos, escaleras y z\u00f3calos.<\/li>\n<\/ul>\n<\/div>\n<\/div>\n\n\n\n<div class=\"wp-block-group\" style=\"padding-top:var(--wp--preset--spacing--60);padding-bottom:var(--wp--preset--spacing--60)\"><div class=\"wp-block-group__inner-container is-layout-constrained wp-block-group-is-layout-constrained\">\n<div class=\"wp-block-media-text has-media-on-the-right is-stacked-on-mobile\" style=\"grid-template-columns:auto 40%\"><div class=\"wp-block-media-text__content\">\n<h2 class=\"wp-block-heading\" style=\"padding-top:var(--wp--preset--spacing--40);padding-bottom:var(--wp--preset--spacing--40);font-size:25px;font-style:normal;font-weight:600;text-transform:capitalize\">C\u00f3mo instalar<\/h2>\n\n\n\n<ul class=\"wp-block-list\">\n<li>Cut a precise groove in the drywall or plasterboard. This cavity&#8217;s dimensions, particularly its height, must be suitable for the profile&#8217;s 60mm embedding section and allow space for the spring support clips.<\/li>\n\n\n\n<li>Asegure los clips de soporte de resorte a la parte posterior del perfil LED.<\/li>\n\n\n\n<li>Fije la tira LED dentro del canal, luego coloque el difusor esmerilado y los tapones finales.<\/li>\n\n\n\n<li>Inserte el perfil en la cavidad preparada. Los clips de resorte se comprimir\u00e1n y luego se expandir\u00e1n detr\u00e1s del panel de yeso, asegurando firmemente el perfil a ras con la superficie.<\/li>\n\n\n\n<li>Finalmente, conecte el perfil LED a la fuente de alimentaci\u00f3n.<\/li>\n<\/ul>\n<\/div><figure class=\"wp-block-media-text__media\"><img loading=\"lazy\" decoding=\"async\" width=\"500\" height=\"500\" src=\"https:\/\/tangooled.com\/wp-content\/uploads\/2025\/07\/wp05-ins.webp\" alt=\"perfil de aluminio LED empotrado de pared de 60mm\" class=\"wp-image-42081 size-full\" srcset=\"https:\/\/tangooled.com\/wp-content\/uploads\/2025\/07\/wp05-ins.webp 500w, https:\/\/tangooled.com\/wp-content\/uploads\/2025\/07\/wp05-ins-300x300.webp 300w, https:\/\/tangooled.com\/wp-content\/uploads\/2025\/07\/wp05-ins-150x150.webp 150w\" sizes=\"auto, (max-width: 500px) 100vw, 500px\" \/><\/figure><\/div>\n<\/div><\/div>\n\n\n\n<div class=\"wp-block-group has-background is-vertical is-layout-flex wp-container-core-group-is-layout-b429018a wp-block-group-is-layout-flex\" style=\"background-color:#f1f1f1f2;padding-top:var(--wp--preset--spacing--70);padding-bottom:var(--wp--preset--spacing--70)\">\n<h2 class=\"wp-block-heading\" style=\"padding-top:var(--wp--preset--spacing--40);padding-bottom:var(--wp--preset--spacing--40);font-size:25px;font-style:normal;font-weight:600;text-transform:capitalize\">Las mejores maneras de usar nuestro perfil de pared LED empotrado de 60 mm<\/h2>\n\n\n\n<ul class=\"wp-block-list\">\n<li>Pasillos y corredores: Use luces de pared elegantes y suaves para iluminar su camino.<\/li>\n\n\n\n<li>Para las escaleras, debe haber una iluminaci\u00f3n segura y suave en los escalones y paredes.<\/li>\n\n\n\n<li>Paredes destacadas: Utilice iluminaci\u00f3n empotrada para atraer la atenci\u00f3n a elementos de arte o dise\u00f1o.<\/li>\n\n\n\n<li>Tiendas y oficinas: Iluminaci\u00f3n moderna y eficiente para el trabajo y la exhibici\u00f3n.<\/li>\n\n\n\n<li>Z\u00f3calos y molduras: Luz de bajo nivel que se ve bien.<\/li>\n<\/ul>\n<\/div>\n\n\n\n<div class=\"wp-block-group is-vertical is-layout-flex wp-container-core-group-is-layout-d255d7c4 wp-block-group-is-layout-flex\" style=\"padding-top:var(--wp--preset--spacing--80);padding-bottom:var(--wp--preset--spacing--80)\">\n<h2 class=\"wp-block-heading\" style=\"padding-top:var(--wp--preset--spacing--40);padding-bottom:var(--wp--preset--spacing--40);font-size:25px;font-style:normal;font-weight:600;text-transform:capitalize\">\u00bfQu\u00e9 hay en la caja?<\/h2>\n\n\n\n<ul class=\"wp-block-list\">\n<li>1 x perfil de aluminio de 2.5 metros<\/li>\n\n\n\n<li>1 x cubierta de difusor de 2.5 metros<\/li>\n\n\n\n<li>2 x tapones finales (uno con agujero para cableado)<\/li>\n\n\n\n<li>2 x clips de resorte<\/li>\n<\/ul>\n<\/div>\n\n\n\n<div class=\"wp-block-group has-background\" style=\"background-color:#f1f1f1;padding-top:var(--wp--preset--spacing--80);padding-bottom:var(--wp--preset--spacing--80)\"><div class=\"wp-block-group__inner-container is-layout-constrained wp-block-group-is-layout-constrained\">\n<h2 class=\"wp-block-heading\" style=\"padding-top:var(--wp--preset--spacing--40);padding-bottom:var(--wp--preset--spacing--40);font-size:25px;font-style:normal;font-weight:600;text-transform:capitalize\">resumen<\/h2>\n\n\n\n<p style=\"padding-right:var(--wp--preset--spacing--50);padding-left:var(--wp--preset--spacing--50)\">It\u2019s an ideal method to bring modern, clean, and soft linear lighting to any area is with our recessed 60mm LED wall profile. The robust aluminum body, broad channel, and frosted diffuser top make it easy to put powerful LED strips in walls or ceilings to generate beautiful, smooth lines of light.<\/p>\n<\/div><\/div>\n\n\n\n<p><\/p>","protected":false},"featured_media":13493,"template":"","meta":{"_acf_changed":true,"_seopress_robots_primary_cat":"none","_seopress_titles_title":"Recessed 60mm LED Wall Profile | Wall Recessed Down Lighting Channel | TANGOOLED","_seopress_titles_desc":"The WP05 is a professional recessed 60mm led wall profile designed for seamless down lighting. This 60mm aluminum channel integrates into the wall to create a clean, modern wash light effect.","_seopress_robots_index":""},"pcb-width":[229],"product-cat":[195],"class_list":{"0":"post-35405","1":"product","2":"type-product","3":"status-publish","4":"has-post-thumbnail","6":"pcb-width-15-20mm","7":"product-cat-wall-mout-profile"},"acf":[],"_links":{"self":[{"href":"https:\/\/tangooled.com\/es\/wp-json\/wp\/v2\/product\/35405","targetHints":{"allow":["GET"]}}],"collection":[{"href":"https:\/\/tangooled.com\/es\/wp-json\/wp\/v2\/product"}],"about":[{"href":"https:\/\/tangooled.com\/es\/wp-json\/wp\/v2\/types\/product"}],"wp:featuredmedia":[{"embeddable":true,"href":"https:\/\/tangooled.com\/es\/wp-json\/wp\/v2\/media\/13493"}],"wp:attachment":[{"href":"https:\/\/tangooled.com\/es\/wp-json\/wp\/v2\/media?parent=35405"}],"wp:term":[{"taxonomy":"pcb-width","embeddable":true,"href":"https:\/\/tangooled.com\/es\/wp-json\/wp\/v2\/pcb-width?post=35405"},{"taxonomy":"product-cat","embeddable":true,"href":"https:\/\/tangooled.com\/es\/wp-json\/wp\/v2\/product-cat?post=35405"}],"curies":[{"name":"wp","href":"https:\/\/api.w.org\/{rel}","templated":true}]}}