{"id":35404,"date":"2025-07-03T22:08:51","date_gmt":"2025-07-04T06:08:51","guid":{"rendered":"https:\/\/tangooled.com\/?post_type=product&#038;p=35404"},"modified":"2026-01-26T23:29:38","modified_gmt":"2026-01-27T07:29:38","slug":"up-and-down-wall-sconce-light-led-strip-channel-for-15mm-white-led-strip","status":"publish","type":"product","link":"https:\/\/tangooled.com\/es\/product\/up-and-down-wall-sconce-light-led-strip-channel-for-15mm-white-led-strip\/","title":{"rendered":"canal de tira LED para aplique de pared hacia arriba y hacia abajo para tira LED blanca de 15 mm"},"content":{"rendered":"<div class=\"wp-block-group is-vertical is-layout-flex wp-container-core-group-is-layout-d255d7c4 wp-block-group-is-layout-flex\" style=\"padding-top:var(--wp--preset--spacing--80);padding-bottom:var(--wp--preset--spacing--80)\">\n<p>This modern wall sconce LED strip channel will make your place look better by providing balanced up and down lighting. The profile is made of long-lasting 6063 aluminum alloy, which helps it stay cool and last a long time. The entire height is 50mm, and there are two different lighting grooves, one on top and one on the bottom, each with a width of\u00a017.6mm. The two lighting surfaces shown can each hold an LED strip that is up to 15.0mm wide. The diffusers are composed of high-quality polycarbonate (PC), which makes sure that the light is smooth, soft, and even. The diffusers are composed of high-quality polycarbonate (PC), which makes sure that the light is smooth, soft, and even.<\/p>\n\n\n\n<p>Este perfil cuenta con un enfoque simple de clips en dos pasos para una instalaci\u00f3n de montaje superficial limpia y consistente. Proporciona una iluminaci\u00f3n suplementaria efectiva que elimina perfectamente las sombras proyectadas, iluminando hacia arriba y hacia abajo al mismo tiempo. Este perfil de iluminaci\u00f3n hacia arriba y hacia abajo es perfecto para a\u00f1adir acentos llamativos a hogares, pasillos de hoteles, negocios y proyectos de iluminaci\u00f3n arquitect\u00f3nica.<\/p>\n<\/div>\n\n\n\n<div class=\"wp-block-group has-background is-vertical is-layout-flex wp-container-core-group-is-layout-d255d7c4 wp-block-group-is-layout-flex\" style=\"background-color:#f1f1f1;padding-top:var(--wp--preset--spacing--80);padding-bottom:var(--wp--preset--spacing--80)\">\n<div class=\"wp-block-group is-vertical is-layout-flex wp-container-core-group-is-layout-8cf370e7 wp-block-group-is-layout-flex\">\n<h2 class=\"wp-block-heading\" style=\"padding-top:var(--wp--preset--spacing--40);padding-bottom:var(--wp--preset--spacing--40);font-size:25px;font-style:normal;font-weight:600;text-transform:capitalize\">\u00bfPor qu\u00e9 elegir este canal de tira LED para aplique de pared?<\/h2>\n\n\n\n<ul class=\"wp-block-list\">\n<li>Dise\u00f1o de doble emisi\u00f3n: La luz brilla tanto hacia arriba como hacia abajo, haciendo que tus paredes brillen suavemente y completamente.<\/li>\n\n\n\n<li>Compatible con tiras LED de 15 mm: Funciona bien con tiras anchas, como COB (Chip sobre placa) y tiras LED de alta densidad.<\/li>\n\n\n\n<li>Luz suave: La cubierta difusora de \u00f3palo hace que la luz sea suave y uniforme, sin puntos brillantes.<\/li>\n\n\n\n<li>Carcasa de aluminio resistente: La caja de aluminio anodizado protege tu tira LED de la oxidaci\u00f3n y la mantiene fresca.<\/li>\n\n\n\n<li>F\u00e1cil de instalar: Los clips permiten montarlo en cualquier pared. Se ve bien y se adapta perfectamente a tu espacio.<\/li>\n\n\n\n<li>Colores diferentes: Puedes elegir un acabado blanco mate, negro mate o plateado que se ajuste a tu estilo.<\/li>\n<\/ul>\n<\/div>\n<\/div>\n\n\n\n<div class=\"wp-block-group\" style=\"padding-top:var(--wp--preset--spacing--60);padding-bottom:var(--wp--preset--spacing--60)\"><div class=\"wp-block-group__inner-container is-layout-constrained wp-block-group-is-layout-constrained\">\n<div class=\"wp-block-media-text has-media-on-the-right is-stacked-on-mobile\" style=\"grid-template-columns:auto 40%\"><div class=\"wp-block-media-text__content\">\n<h2 class=\"wp-block-heading\" style=\"font-size:25px;font-style:normal;font-weight:600;text-transform:capitalize\">D\u00f3nde usar tu canal de tira LED para aplique de pared<\/h2>\n\n\n\n<ul class=\"wp-block-list\">\n<li>Pasillos y escaleras: Iluminaci\u00f3n de camino que es segura, brillante y atractiva.<\/li>\n\n\n\n<li>Dormitorios y salas de estar: Usa luz hacia arriba y hacia abajo para crear ambiente o acentuar paredes.<\/li>\n\n\n\n<li>Ba\u00f1os y tocadores: Ideal para luz suave y limpia cerca de espejos.<\/li>\n\n\n\n<li>Restaurantes y hoteles: Hacen que los clientes se sientan m\u00e1s como en casa con iluminaci\u00f3n c\u00e1lida y moderna.<\/li>\n\n\n\n<li>Oficinas y tiendas: luz estilosa y eficiente que ilumina habitaciones y destaca art\u00edculos.<\/li>\n<\/ul>\n<\/div><figure class=\"wp-block-media-text__media\"><img loading=\"lazy\" decoding=\"async\" width=\"500\" height=\"500\" src=\"https:\/\/tangooled.com\/wp-content\/uploads\/2025\/07\/wp04-ins.webp\" alt=\"canal de tira LED para aplique de pared hacia arriba y hacia abajo para tira LED blanca de 15 mm\" class=\"wp-image-42077 size-full\" srcset=\"https:\/\/tangooled.com\/wp-content\/uploads\/2025\/07\/wp04-ins.webp 500w, https:\/\/tangooled.com\/wp-content\/uploads\/2025\/07\/wp04-ins-300x300.webp 300w, https:\/\/tangooled.com\/wp-content\/uploads\/2025\/07\/wp04-ins-150x150.webp 150w\" sizes=\"auto, (max-width: 500px) 100vw, 500px\" \/><\/figure><\/div>\n<\/div><\/div>\n\n\n\n<div class=\"wp-block-group has-background is-vertical is-layout-flex wp-container-core-group-is-layout-b429018a wp-block-group-is-layout-flex\" style=\"background-color:#f1f1f1f2;padding-top:var(--wp--preset--spacing--70);padding-bottom:var(--wp--preset--spacing--70)\">\n<h2 class=\"wp-block-heading\" style=\"padding-top:var(--wp--preset--spacing--40);padding-bottom:var(--wp--preset--spacing--40);font-size:25px;font-style:normal;font-weight:600\">What\u2019s Inside the Box?<\/h2>\n\n\n\n<ul class=\"wp-block-list\">\n<li>Canal para aplique de pared de aluminio<\/li>\n\n\n\n<li>Cubierta difusora de \u00f3palo a presi\u00f3n<\/li>\n\n\n\n<li>Dos tapas finales (una s\u00f3lida, una para cableado)<\/li>\n\n\n\n<li>Clips de montaje para una f\u00e1cil instalaci\u00f3n<\/li>\n<\/ul>\n<\/div>\n\n\n\n<div class=\"wp-block-group is-vertical is-layout-flex wp-container-core-group-is-layout-d255d7c4 wp-block-group-is-layout-flex\" style=\"padding-top:var(--wp--preset--spacing--80);padding-bottom:var(--wp--preset--spacing--80)\">\n<h2 class=\"wp-block-heading\" style=\"padding-top:var(--wp--preset--spacing--40);padding-bottom:var(--wp--preset--spacing--40);font-size:25px;font-style:normal;font-weight:600;text-transform:capitalize\">Productos Relacionados Que Te Puede Gustar<\/h2>\n\n\n\n<ul class=\"wp-block-list\">\n<li>Perfil LED de montaje superficial con difusor esmerilado para luces de cuerda de 10 mm: <a href=\"https:\/\/tangooled.com\/es\/product\/surface-mount-led-profile-with-frosted-diffuser-for-10mm-rope-lights\/\"><mark style=\"background-color:rgba(0, 0, 0, 0)\" class=\"has-inline-color has-vivid-red-color\">Ver producto<\/mark><\/a><\/li>\n\n\n\n<li>Perfil LED de aluminio montado en superficie de 25x14mm: <a href=\"https:\/\/tangooled.com\/es\/product\/25x14m-surface-mounted-led-light-aluminum-profile\/\"><mark style=\"background-color:rgba(0, 0, 0, 0)\" class=\"has-inline-color has-vivid-red-color\">Ver producto<\/mark><\/a><\/li>\n\n\n\n<li>Canal de luz perfil LED de 22x10mm para tiras LED flexibles de 15mm: <a href=\"https:\/\/tangooled.com\/es\/product\/22x10mm-led-profile-light-channel-for-15mm-flexible-led-strips\/\"><mark style=\"background-color:rgba(0, 0, 0, 0)\" class=\"has-inline-color has-vivid-red-color\">Ver producto<\/mark><\/a><\/li>\n<\/ul>\n<\/div>\n\n\n\n<div class=\"wp-block-group has-background\" style=\"background-color:#f1f1f1;padding-top:var(--wp--preset--spacing--80);padding-bottom:var(--wp--preset--spacing--80)\"><div class=\"wp-block-group__inner-container is-layout-constrained wp-block-group-is-layout-constrained\">\n<h2 class=\"wp-block-heading\" style=\"padding-top:var(--wp--preset--spacing--40);padding-bottom:var(--wp--preset--spacing--40);font-size:25px;font-style:normal;font-weight:600;text-transform:capitalize\">Resumen<\/h2>\n\n\n\n<p style=\"padding-right:var(--wp--preset--spacing--50);padding-left:var(--wp--preset--spacing--50)\">Our up and down wall sconce light led strip channel gives you modern, energy-efficient lighting. It&#8217;s the ideal choice for stylish, long-lasting, and bright light that fills your complete environment. Enjoy trendy and energy-saving illumination with our up and down wall sconce light led strip channel. It&#8217;s the best option for lighting that is elegant, works well, and lasts a long time.<\/p>\n<\/div><\/div>\n\n\n\n<p><\/p>","protected":false},"featured_media":13488,"template":"","meta":{"_acf_changed":true,"_seopress_robots_primary_cat":"none","_seopress_titles_title":"Up and Down Wall Sconce LED Strip Channel | 15mm Wide WP04 Profile | TANGOOLED","_seopress_titles_desc":"The WP04 is a professional wall sconce led strip channel designed for 15mm white led strips. This up and down aluminum profile creates a sleek, bi-directional lighting effect for hallways and living areas.","_seopress_robots_index":""},"pcb-width":[229],"product-cat":[195],"class_list":{"0":"post-35404","1":"product","2":"type-product","3":"status-publish","4":"has-post-thumbnail","6":"pcb-width-15-20mm","7":"product-cat-wall-mout-profile"},"acf":[],"_links":{"self":[{"href":"https:\/\/tangooled.com\/es\/wp-json\/wp\/v2\/product\/35404","targetHints":{"allow":["GET"]}}],"collection":[{"href":"https:\/\/tangooled.com\/es\/wp-json\/wp\/v2\/product"}],"about":[{"href":"https:\/\/tangooled.com\/es\/wp-json\/wp\/v2\/types\/product"}],"wp:featuredmedia":[{"embeddable":true,"href":"https:\/\/tangooled.com\/es\/wp-json\/wp\/v2\/media\/13488"}],"wp:attachment":[{"href":"https:\/\/tangooled.com\/es\/wp-json\/wp\/v2\/media?parent=35404"}],"wp:term":[{"taxonomy":"pcb-width","embeddable":true,"href":"https:\/\/tangooled.com\/es\/wp-json\/wp\/v2\/pcb-width?post=35404"},{"taxonomy":"product-cat","embeddable":true,"href":"https:\/\/tangooled.com\/es\/wp-json\/wp\/v2\/product-cat?post=35404"}],"curies":[{"name":"wp","href":"https:\/\/api.w.org\/{rel}","templated":true}]}}