{"id":35403,"date":"2025-07-03T22:06:28","date_gmt":"2025-07-04T06:06:28","guid":{"rendered":"https:\/\/tangooled.com\/?post_type=product&#038;p=35403"},"modified":"2026-01-26T23:25:50","modified_gmt":"2026-01-27T07:25:50","slug":"ceiling-wash-linear-wall-mount-led-profile-for-10mm-led-tape-light","status":"publish","type":"product","link":"https:\/\/tangooled.com\/es\/product\/ceiling-wash-linear-wall-mount-led-profile-for-10mm-led-tape-light\/","title":{"rendered":"Perfil LED de montaje en pared para lavado de techo lineal para cinta de luz LED de 10 mm"},"content":{"rendered":"<div class=\"wp-block-group is-vertical is-layout-flex wp-container-core-group-is-layout-d255d7c4 wp-block-group-is-layout-flex\" style=\"padding-top:var(--wp--preset--spacing--80);padding-bottom:var(--wp--preset--spacing--80)\">\n<p>Este perfil LED de montaje en pared para lavado de techo est\u00e1 hecho de aleaci\u00f3n de aluminio 6063-T5, que lo hace resistente y permite una buena disipaci\u00f3n del calor. El perfil cuenta con dimensiones externas, con una altura vertical total de 46,7 mm y un ancho de secci\u00f3n de iluminaci\u00f3n de 21,4 mm. El difusor est\u00e1 hecho de policarbonato (PC) de alta calidad y puede contener tiras LED de hasta 12 mm de ancho, lo que hace que la luz sea suave y libre de puntos.<\/p>\n\n\n\n<p>Este perfil de lavado de pared tiene un sistema de montaje a presi\u00f3n (clip-in) que facilita su fijaci\u00f3n directa a la pared. La forma angular dirige la luz hacia el techo, lo que hace que la habitaci\u00f3n parezca m\u00e1s grande y acogedora una vez instalado.<\/p>\n\n\n\n<p>Este perfil de aluminio adaptable es ideal para iluminaci\u00f3n arquitect\u00f3nica y para mejorar el ambiente en diversos lugares, como hogares, vest\u00edbulos de hoteles y instalaciones comerciales.<\/p>\n<\/div>\n\n\n\n<div class=\"wp-block-group has-background is-vertical is-layout-flex wp-container-core-group-is-layout-d255d7c4 wp-block-group-is-layout-flex\" style=\"background-color:#f1f1f1;padding-top:var(--wp--preset--spacing--80);padding-bottom:var(--wp--preset--spacing--80)\">\n<div class=\"wp-block-group is-vertical is-layout-flex wp-container-core-group-is-layout-8cf370e7 wp-block-group-is-layout-flex\">\n<h2 class=\"wp-block-heading\" style=\"padding-top:var(--wp--preset--spacing--40);padding-bottom:var(--wp--preset--spacing--40);font-size:25px;font-style:normal;font-weight:600;text-transform:capitalize\">\u00bfPor qu\u00e9 elegir nuestro perfil LED de montaje en pared para lavado de techo?<\/h2>\n\n\n\n<ul class=\"wp-block-list\">\n<li>Fabricado con aluminio 6063-T5, que es un material de alta calidad que ayuda a mantener la temperatura baja. Esto mantiene su cinta LED fresca, lo que prolonga su vida \u00fatil y mantiene los colores brillantes.<\/li>\n\n\n\n<li>La cubierta difusora opalina se sujeta y oculta los puntos LED, proporcionando una luz suave y sin deslumbramiento.<\/li>\n\n\n\n<li>Dise\u00f1ado para montarse en las paredes, justo debajo del techo, para un hermoso efecto de iluminaci\u00f3n en la pared.<\/li>\n\n\n\n<li>Compatible con cualquier cinta luminosa LED de 10 mm o 12 mm de ancho, como las LED SMD 3528, 5050 y COB que son bien reconocidas.<\/li>\n\n\n\n<li>Available in three colors: silver anodized, white powder-coated, or black. It&#8217;s easy to find something that fits your style!<\/li>\n\n\n\n<li>Puedes cortar el perfil para adaptarlo a la longitud que desees, desde pasillos peque\u00f1os hasta grandes tiendas.<\/li>\n<\/ul>\n<\/div>\n<\/div>\n\n\n\n<div class=\"wp-block-group is-vertical is-layout-flex wp-container-core-group-is-layout-d255d7c4 wp-block-group-is-layout-flex\" style=\"padding-top:var(--wp--preset--spacing--80);padding-bottom:var(--wp--preset--spacing--80)\">\n<hr class=\"wp-block-separator has-alpha-channel-opacity\"\/>\n\n\n\n<div class=\"wp-block-media-text has-media-on-the-right is-stacked-on-mobile\" style=\"grid-template-columns:auto 40%\"><div class=\"wp-block-media-text__content\">\n<h2 class=\"wp-block-heading\" style=\"padding-top:var(--wp--preset--spacing--40);padding-bottom:var(--wp--preset--spacing--40);font-size:25px;font-style:normal;font-weight:600;text-transform:capitalize\">Gu\u00eda de instalaci\u00f3n f\u00e1cil<\/h2>\n\n\n\n<ul class=\"wp-block-list\">\n<li>Elige d\u00f3nde colocar el perfil en la pared. Debe estar entre 4 y 12 pulgadas por debajo del techo.<\/li>\n\n\n\n<li>Utiliza los clips de montaje que vienen con el perfil para fijarlo directamente a la pared.<\/li>\n\n\n\n<li>Coloca tu cinta LED de 10 mm en el canal.<\/li>\n\n\n\n<li>Coloca el difusor opalino encima para que la luz se distribuya de manera uniforme.<\/li>\n\n\n\n<li>Cubre los tapones de ambos lados del perfil para proteger y ocultar el cableado.<\/li>\n<\/ul>\n<\/div><figure class=\"wp-block-media-text__media\"><img loading=\"lazy\" decoding=\"async\" width=\"500\" height=\"500\" src=\"https:\/\/tangooled.com\/wp-content\/uploads\/2025\/07\/wp03-ins.webp\" alt=\"ceiling wash linear wall mount led profile for 10mm led tape light\" class=\"wp-image-42074 size-full\" srcset=\"https:\/\/tangooled.com\/wp-content\/uploads\/2025\/07\/wp03-ins.webp 500w, https:\/\/tangooled.com\/wp-content\/uploads\/2025\/07\/wp03-ins-300x300.webp 300w, https:\/\/tangooled.com\/wp-content\/uploads\/2025\/07\/wp03-ins-150x150.webp 150w\" sizes=\"auto, (max-width: 500px) 100vw, 500px\" \/><\/figure><\/div>\n<\/div>\n\n\n\n<div class=\"wp-block-group has-background is-vertical is-layout-flex wp-container-core-group-is-layout-b429018a wp-block-group-is-layout-flex\" style=\"background-color:#f1f1f1f2;padding-top:var(--wp--preset--spacing--70);padding-bottom:var(--wp--preset--spacing--70)\">\n<h2 class=\"wp-block-heading\" style=\"padding-top:var(--wp--preset--spacing--40);padding-bottom:var(--wp--preset--spacing--40);font-size:25px;font-style:normal;font-weight:600\">Mejores usos para este perfil LED<\/h2>\n\n\n\n<ul class=\"wp-block-list\">\n<li>\u00c9nfasis y Lavado de Pared: Usa luz suave para resaltar la textura de paredes de ladrillo, piedra o paneles decorativos.<\/li>\n\n\n\n<li>Iluminaci\u00f3n Perimetral: \u00dasalo para hacer que habitaciones, pasillos u oficinas brillen suavemente e indirectamente.<\/li>\n\n\n\n<li>Retail and Hospitality: This lighting is great for restaurants, hotels, and stores that don&#8217;t want it to be too bright but yet need it to work.<\/li>\n\n\n\n<li>En la parte superior de armarios o estanter\u00edas: Ilumina superficies sin que sean demasiado brillantes.<\/li>\n<\/ul>\n<\/div>\n\n\n\n<div class=\"wp-block-group is-vertical is-layout-flex wp-container-core-group-is-layout-d255d7c4 wp-block-group-is-layout-flex\" style=\"padding-top:var(--wp--preset--spacing--80);padding-bottom:var(--wp--preset--spacing--80)\">\n<h2 class=\"wp-block-heading\" style=\"padding-top:var(--wp--preset--spacing--40);padding-bottom:var(--wp--preset--spacing--40);font-size:25px;font-style:normal;font-weight:600;text-transform:capitalize\">Productos Relacionados Que Te Puede Gustar<\/h2>\n\n\n\n<ul class=\"wp-block-list\">\n<li>Perfil LED negro con difusor negro para cinta de luz LED de 10 mm:<mark style=\"background-color:rgba(0, 0, 0, 0)\" class=\"has-inline-color has-vivid-red-color\"> <a href=\"https:\/\/tangooled.com\/es\/product\/black-led-profile-with-black-diffuser-for-10mm-led-strip-light\/\">Ver aqu\u00ed<\/a><\/mark><\/li>\n\n\n\n<li>Perfil LED de montaje superficial con difusor esmerilado para luces de cuerda de 10 mm: <a href=\"https:\/\/tangooled.com\/es\/product\/surface-mount-led-profile-with-frosted-diffuser-for-10mm-rope-lights\/\"><mark style=\"background-color:rgba(0, 0, 0, 0)\" class=\"has-inline-color has-vivid-red-color\">Ver aqu\u00ed<\/mark><\/a><\/li>\n\n\n\n<li>Canal de cinta LED de perfil bajo de 25x6mm para cinta de luz LED de 10 mm: <a href=\"https:\/\/tangooled.com\/es\/product\/25x6mm-low-profile-led-strip-channel-for-10mm-led-strip-light\/\"><mark style=\"background-color:rgba(0, 0, 0, 0)\" class=\"has-inline-color has-vivid-red-color\">Ver aqu\u00ed<\/mark><\/a><\/li>\n\n\n\n<li>Perfil para cinta luminosa LED de 18x9mm para instalaci\u00f3n en superficie: <a href=\"https:\/\/tangooled.com\/es\/product\/18x9mm-led-tape-light-profile-for-surface-installation\/\"><mark style=\"background-color:rgba(0, 0, 0, 0)\" class=\"has-inline-color has-vivid-red-color\">Ver aqu\u00ed<\/mark><\/a><\/li>\n<\/ul>\n<\/div>\n\n\n\n<div class=\"wp-block-group has-background is-vertical is-layout-flex wp-container-core-group-is-layout-b429018a wp-block-group-is-layout-flex\" style=\"background-color:#f1f1f1f2;padding-top:var(--wp--preset--spacing--70);padding-bottom:var(--wp--preset--spacing--70)\">\n<h2 class=\"wp-block-heading\" style=\"padding-top:var(--wp--preset--spacing--40);padding-bottom:var(--wp--preset--spacing--40);font-size:25px;font-style:normal;font-weight:600\">Resumen<\/h2>\n\n\n\n<p style=\"padding-right:var(--wp--preset--spacing--50);padding-left:var(--wp--preset--spacing--50)\">If you want smooth, indirect lighting with your 10mm LED tape light, our ceiling wash wall mount LED profile is the ideal choice. The aluminum extrusion protects your LEDs, keeps them cool, and makes them look clean with the included diffusers, end caps, and mounting clips. This profile works for any kind of lighting you want, whether it&#8217;s architectural uplighting, ambient ceiling cove lighting, or modern perimeter accent lights.<\/p>\n<\/div>\n\n\n\n<p><\/p>","protected":false},"featured_media":13477,"template":"","meta":{"_acf_changed":true,"_seopress_robots_primary_cat":"none","_seopress_titles_title":"Ceiling Wash Wall Mount LED Profile | WP03 Linear Channel for 10mm Tape | TANGOOLED","_seopress_titles_desc":"The WP03 is a sleek ceiling wash wall mount led profile tailored for 10mm LED tape lights. This linear aluminum channel creates an indirect upward glow, perfect for cove lighting and architectural accents.","_seopress_robots_index":""},"pcb-width":[228],"product-cat":[195],"class_list":{"0":"post-35403","1":"product","2":"type-product","3":"status-publish","4":"has-post-thumbnail","6":"pcb-width-6-12mm","7":"product-cat-wall-mout-profile"},"acf":[],"_links":{"self":[{"href":"https:\/\/tangooled.com\/es\/wp-json\/wp\/v2\/product\/35403","targetHints":{"allow":["GET"]}}],"collection":[{"href":"https:\/\/tangooled.com\/es\/wp-json\/wp\/v2\/product"}],"about":[{"href":"https:\/\/tangooled.com\/es\/wp-json\/wp\/v2\/types\/product"}],"wp:featuredmedia":[{"embeddable":true,"href":"https:\/\/tangooled.com\/es\/wp-json\/wp\/v2\/media\/13477"}],"wp:attachment":[{"href":"https:\/\/tangooled.com\/es\/wp-json\/wp\/v2\/media?parent=35403"}],"wp:term":[{"taxonomy":"pcb-width","embeddable":true,"href":"https:\/\/tangooled.com\/es\/wp-json\/wp\/v2\/pcb-width?post=35403"},{"taxonomy":"product-cat","embeddable":true,"href":"https:\/\/tangooled.com\/es\/wp-json\/wp\/v2\/product-cat?post=35403"}],"curies":[{"name":"wp","href":"https:\/\/api.w.org\/{rel}","templated":true}]}}