{"id":35400,"date":"2025-07-03T22:02:01","date_gmt":"2025-07-04T06:02:01","guid":{"rendered":"https:\/\/tangooled.com\/?post_type=product&#038;p=35400"},"modified":"2026-02-02T02:29:35","modified_gmt":"2026-02-02T10:29:35","slug":"vertical-wall-mount-curved-led-profile-for-upward-lighting","status":"publish","type":"product","link":"https:\/\/tangooled.com\/es\/product\/vertical-wall-mount-curved-led-profile-for-upward-lighting\/","title":{"rendered":"perfil de LED curvado montado verticalmente en la pared para iluminaci\u00f3n ascendente"},"content":{"rendered":"<div class=\"wp-block-group is-vertical is-layout-flex wp-container-core-group-is-layout-d255d7c4 wp-block-group-is-layout-flex\" style=\"padding-top:var(--wp--preset--spacing--80);padding-bottom:var(--wp--preset--spacing--80)\">\n<p>Ilumina tus paredes con nuestro perfil de pared LED curvado verticalmente hacia arriba. Este perfil LED de aluminio est\u00e1 dise\u00f1ado para sostener la tira de luz LED y distribuir la luz hacia arriba por la pared. Esto crea una iluminaci\u00f3n suave y difusa, sin deslumbramientos, que hace que los dormitorios, salas de estar y otras \u00e1reas sean m\u00e1s c\u00f3modas. El canal est\u00e1 hecho de una aleaci\u00f3n de aluminio de alta calidad 6063-T5, que protege la tira contra da\u00f1os y permite que el calor se disipe f\u00e1cilmente. Con un ancho interno de 14.7 mm, es compatible con la mayor\u00eda de las tiras LED, incluso las RGBW.<\/p>\n\n\n\n<p>The profile comes with three different PC LED light diffusers to choose from, and it has\u00a0end caps for a clean, professional look. You can also get a mounting solution that is simple and quick to put up on the wall.<\/p>\n<\/div>\n\n\n\n<div class=\"wp-block-group has-background is-vertical is-layout-flex wp-container-core-group-is-layout-d255d7c4 wp-block-group-is-layout-flex\" style=\"background-color:#f1f1f1;padding-top:var(--wp--preset--spacing--80);padding-bottom:var(--wp--preset--spacing--80)\">\n<div class=\"wp-block-group is-vertical is-layout-flex wp-container-core-group-is-layout-8cf370e7 wp-block-group-is-layout-flex\">\n<h2 class=\"wp-block-heading\" style=\"padding-top:var(--wp--preset--spacing--40);padding-bottom:var(--wp--preset--spacing--40);font-size:25px;font-style:normal;font-weight:600;text-transform:capitalize\">\u00bfPor qu\u00e9 elegir nuestro perfil de pared LED curvado verticalmente hacia arriba?<\/h2>\n\n\n\n<ul class=\"wp-block-list\">\n<li>El aluminio anodizado 6063-T5 de alta calidad permite que el calor se disipe f\u00e1cilmente.<\/li>\n\n\n\n<li>Difusor esmerilado para una luz suave y uniforme, sin deslumbramientos fuertes.<\/li>\n\n\n\n<li>F\u00e1cil y limpia instalaci\u00f3n en la pared vertical.<\/li>\n\n\n\n<li>Funciona bien para iluminaci\u00f3n ambiental, de acento y arquitect\u00f3nica.<\/li>\n\n\n\n<li>Compatible con la mayor\u00eda de las tiras LED populares que tienen hasta 14mm de ancho.<\/li>\n\n\n\n<li>Incluye tapas finales y clips de montaje para un acabado ordenado.<\/li>\n<\/ul>\n<\/div>\n<\/div>\n\n\n\n<div class=\"wp-block-group\" style=\"padding-top:var(--wp--preset--spacing--60);padding-bottom:var(--wp--preset--spacing--60)\"><div class=\"wp-block-group__inner-container is-layout-constrained wp-block-group-is-layout-constrained\">\n<div class=\"wp-block-media-text has-media-on-the-right is-stacked-on-mobile\" style=\"grid-template-columns:auto 40%\"><div class=\"wp-block-media-text__content\">\n<h2 class=\"wp-block-heading\" style=\"padding-top:var(--wp--preset--spacing--40);padding-bottom:var(--wp--preset--spacing--40);font-size:25px;font-style:normal;font-weight:600;text-transform:capitalize\">Usos y beneficios<\/h2>\n\n\n\n<ul class=\"wp-block-list\">\n<li>Vest\u00edbulos de hoteles, pasillos y \u00e1reas de recepci\u00f3n para crear un ambiente acogedor.<\/li>\n\n\n\n<li>Tiendas y oficinas que parecen actuales y elegantes.<\/li>\n\n\n\n<li>Bars y restaurantes que hacen que las personas se sientan c\u00e1lidas y bienvenidas.<\/li>\n\n\n\n<li>Pasillos, escaleras y \u00e1reas de estar en hogares que necesitan luz suave.<\/li>\n<\/ul>\n<\/div><figure class=\"wp-block-media-text__media\"><img loading=\"lazy\" decoding=\"async\" width=\"500\" height=\"500\" src=\"https:\/\/tangooled.com\/wp-content\/uploads\/2025\/07\/wp01-ins.webp\" alt=\"perfil de LED curvado montado verticalmente en la pared para iluminaci\u00f3n ascendente\" class=\"wp-image-42065 size-full\" srcset=\"https:\/\/tangooled.com\/wp-content\/uploads\/2025\/07\/wp01-ins.webp 500w, https:\/\/tangooled.com\/wp-content\/uploads\/2025\/07\/wp01-ins-300x300.webp 300w, https:\/\/tangooled.com\/wp-content\/uploads\/2025\/07\/wp01-ins-150x150.webp 150w\" sizes=\"auto, (max-width: 500px) 100vw, 500px\" \/><\/figure><\/div>\n<\/div><\/div>\n\n\n\n<div class=\"wp-block-group has-background is-vertical is-layout-flex wp-container-core-group-is-layout-b429018a wp-block-group-is-layout-flex\" style=\"background-color:#f1f1f1f2;padding-top:var(--wp--preset--spacing--70);padding-bottom:var(--wp--preset--spacing--70)\">\n<h2 class=\"wp-block-heading\" style=\"padding-top:var(--wp--preset--spacing--40);padding-bottom:var(--wp--preset--spacing--40);font-size:25px;font-style:normal;font-weight:600\">Incluido en el paquete<\/h2>\n\n\n\n<ul class=\"wp-block-list\">\n<li>1 x Perfil LED curvado de aluminio vertical<\/li>\n\n\n\n<li>1 x Difusor de policarbonato esmerilado<\/li>\n\n\n\n<li>2 x Clips de montaje con tornillos<\/li>\n\n\n\n<li>2 x Tapas finales (1 con agujero para cable, 1 plano)<\/li>\n<\/ul>\n<\/div>\n\n\n\n<div class=\"wp-block-group is-vertical is-layout-flex wp-container-core-group-is-layout-d255d7c4 wp-block-group-is-layout-flex\" style=\"padding-top:var(--wp--preset--spacing--80);padding-bottom:var(--wp--preset--spacing--80)\">\n<h2 class=\"wp-block-heading\" style=\"padding-top:var(--wp--preset--spacing--40);padding-bottom:var(--wp--preset--spacing--40);font-size:25px;font-style:normal;font-weight:600;text-transform:capitalize\">tambi\u00e9n te pueden gustar estos productos relacionados<\/h2>\n\n\n\n<ul class=\"wp-block-list\">\n<li><a href=\"https:\/\/tangooled.com\/es\/product\/black-led-profile-with-black-diffuser-for-10mm-led-strip-light\/\"><mark style=\"background-color:rgba(0, 0, 0, 0)\" class=\"has-inline-color has-vivid-red-color\">Perfil LED negro con difusor negro para luz de tira LED de 10mm<\/mark><\/a><\/li>\n\n\n\n<li><a href=\"https:\/\/tangooled.com\/es\/product\/surface-mount-led-profile-with-frosted-diffuser-for-10mm-rope-lights\/\"><mark style=\"background-color:rgba(0, 0, 0, 0)\" class=\"has-inline-color has-vivid-red-color\">Perfil LED de montaje en superficie con difusor esmerilado para luces de cuerda de 10 mm<\/mark><\/a><\/li>\n\n\n\n<li><a href=\"https:\/\/tangooled.com\/es\/product\/25x14m-surface-mounted-led-light-aluminum-profile\/\"><mark style=\"background-color:rgba(0, 0, 0, 0)\" class=\"has-inline-color has-vivid-red-color\">Perfil de luz LED de aluminio montado en superficie de 25x14m<\/mark><\/a><\/li>\n\n\n\n<li><a href=\"https:\/\/tangooled.com\/es\/product\/led-strip-light-channel-aluminum-profile-with-diffused-cover-6mm-height\/\"><mark style=\"background-color:rgba(0, 0, 0, 0)\" class=\"has-inline-color has-vivid-red-color\">Perfil de aluminio para canal de luz LED con cubierta difusa de 6 mm de altura<\/mark><\/a><\/li>\n\n\n\n<li><a href=\"https:\/\/tangooled.com\/es\/product\/black-aluminum-u-channel-profile-for-10mm-led-strips\/\"><mark style=\"background-color:rgba(0, 0, 0, 0)\" class=\"has-inline-color has-vivid-red-color\">Perfil de canal en U de aluminio negro para tiras LED de 10mm<\/mark><\/a><\/li>\n<\/ul>\n<\/div>\n\n\n\n<div class=\"wp-block-group has-background is-vertical is-layout-flex wp-container-core-group-is-layout-b429018a wp-block-group-is-layout-flex\" style=\"background-color:#f1f1f1f2;padding-top:var(--wp--preset--spacing--70);padding-bottom:var(--wp--preset--spacing--70)\">\n<h2 class=\"wp-block-heading\" style=\"padding-top:var(--wp--preset--spacing--40);padding-bottom:var(--wp--preset--spacing--40);font-size:25px;font-style:normal;font-weight:600\">\u00bfPor qu\u00e9 nuestro perfil de pared LED curvado verticalmente hacia arriba?<\/h2>\n\n\n\n<p style=\"padding-right:var(--wp--preset--spacing--50);padding-left:var(--wp--preset--spacing--50)\">Our profile is the best mix of durability, style, and adaptability. It makes it easy to add modern, stylish uplighting on interior\u00a0walls.\u00a0 The frosted diffuser and high-quality aluminum make the light look smooth and even.Plus, it\u2019s easy to fit, maintain, and customize with a range of finishes and accessories.<\/p>\n<\/div>\n\n\n\n<p><\/p>","protected":false},"featured_media":13469,"template":"","meta":{"_acf_changed":true,"_seopress_robots_primary_cat":"none","_seopress_titles_title":"Vertical Curved Upward LED Wall Profile | WP01 Ambient Light Channel | TANGOOLED","_seopress_titles_desc":"The WP01 is a premium vertical curved upward led wall profile designed for soft, indirect lighting. Its sleek aluminum design mounts vertically to create a beautiful upward glow on wall surfaces.","_seopress_robots_index":""},"pcb-width":[228],"product-cat":[195],"class_list":{"0":"post-35400","1":"product","2":"type-product","3":"status-publish","4":"has-post-thumbnail","6":"pcb-width-6-12mm","7":"product-cat-wall-mout-profile"},"acf":[],"_links":{"self":[{"href":"https:\/\/tangooled.com\/es\/wp-json\/wp\/v2\/product\/35400","targetHints":{"allow":["GET"]}}],"collection":[{"href":"https:\/\/tangooled.com\/es\/wp-json\/wp\/v2\/product"}],"about":[{"href":"https:\/\/tangooled.com\/es\/wp-json\/wp\/v2\/types\/product"}],"wp:featuredmedia":[{"embeddable":true,"href":"https:\/\/tangooled.com\/es\/wp-json\/wp\/v2\/media\/13469"}],"wp:attachment":[{"href":"https:\/\/tangooled.com\/es\/wp-json\/wp\/v2\/media?parent=35400"}],"wp:term":[{"taxonomy":"pcb-width","embeddable":true,"href":"https:\/\/tangooled.com\/es\/wp-json\/wp\/v2\/pcb-width?post=35400"},{"taxonomy":"product-cat","embeddable":true,"href":"https:\/\/tangooled.com\/es\/wp-json\/wp\/v2\/product-cat?post=35400"}],"curies":[{"name":"wp","href":"https:\/\/api.w.org\/{rel}","templated":true}]}}