{"id":35304,"date":"2025-07-03T02:36:36","date_gmt":"2025-07-03T10:36:36","guid":{"rendered":"https:\/\/tangooled.com\/?post_type=product&#038;p=35304"},"modified":"2026-02-01T22:05:20","modified_gmt":"2026-02-02T06:05:20","slug":"slim-plaster-in-led-ceiling-profile-for-8mm-led-strip","status":"publish","type":"product","link":"https:\/\/tangooled.com\/es\/product\/slim-plaster-in-led-ceiling-profile-for-8mm-led-strip\/","title":{"rendered":"perfil de yeso delgado en el techo de led para tira de 8mm"},"content":{"rendered":"<div class=\"wp-block-group is-vertical is-layout-flex wp-container-core-group-is-layout-d255d7c4 wp-block-group-is-layout-flex\" style=\"padding-top:var(--wp--preset--spacing--80);padding-bottom:var(--wp--preset--spacing--80)\">\n<p>Nuestro perfil de yeso para techo LED de 8 mm&nbsp;DWP01&nbsp;te dar\u00e1 una apariencia de iluminaci\u00f3n moderna y suave. Este canal de aluminio delgado est\u00e1 dise\u00f1ado espec\u00edficamente para aplicaciones de drywall y paneles de yeso. Oculta completamente el accesorio, brindando una apariencia limpia y sin bordes. Tiene un canal interno de 9.7 mm que se adapta perfectamente a tiras de LED de 8 mm de ancho. El canal mide 32.4 mm de ancho y 13 mm de profundidad. La gran brida de montaje facilita y asegura su sujeci\u00f3n bajo el yeso. Este perfil es perfecto para crear iluminaci\u00f3n lineal oculta y suave en cualquier \u00e1rea. Cumple con tus necesidades para un perfil de yeso de techo LED para tiras de 8 mm.<\/p>\n<\/div>\n\n\n\n<div class=\"wp-block-group has-background is-vertical is-layout-flex wp-container-core-group-is-layout-d255d7c4 wp-block-group-is-layout-flex\" style=\"background-color:#f1f1f1;padding-top:var(--wp--preset--spacing--80);padding-bottom:var(--wp--preset--spacing--80)\">\n<div class=\"wp-block-group is-vertical is-layout-flex wp-container-core-group-is-layout-8cf370e7 wp-block-group-is-layout-flex\">\n<h2 class=\"wp-block-heading\" style=\"padding-top:var(--wp--preset--spacing--40);padding-bottom:var(--wp--preset--spacing--40);font-size:25px;font-style:normal;font-weight:600;text-transform:capitalize\">\u00bfPor qu\u00e9 deber\u00edas elegir perfil de yeso para techo LED de 8 mm?<\/h2>\n\n\n\n<ul class=\"wp-block-list\">\n<li>Sin juntas ni molduras: El dise\u00f1o para yeso oculta el perfil cuando se instala. Parece que la luz proviene del techo, no de un accesorio de luz.<\/li>\n\n\n\n<li>El tama\u00f1o adecuado para cinta LED de 8 mm: Este perfil est\u00e1 hecho para tiras LED de hasta 8 mm de ancho y mantiene las luces fr\u00edas y seguras.<\/li>\n\n\n\n<li>Difusi\u00f3n suave de luz: El difusor opalino mate que incluye dispersa la luz de manera uniforme y suave, sin puntos.<\/li>\n\n\n\n<li>Fuerte y duradero: Hecho de aluminio anodizado de alta calidad (6063-T5), lo que ayuda a mantener la tira LED&nbsp;fr\u00eda. Hace que los LEDs duren m\u00e1s y brillen con m\u00e1s intensidad.<\/li>\n\n\n\n<li>F\u00e1cil de instalar: Se ajusta a las ranuras en drywall; el yeso cubre los agujeros en las alas para un acabado suave.<\/li>\n<\/ul>\n<\/div>\n<\/div>\n\n\n\n<div class=\"wp-block-group is-vertical is-layout-flex wp-container-core-group-is-layout-d255d7c4 wp-block-group-is-layout-flex\" style=\"padding-top:var(--wp--preset--spacing--80);padding-bottom:var(--wp--preset--spacing--80)\">\n<hr class=\"wp-block-separator has-alpha-channel-opacity\"\/>\n\n\n\n<div class=\"wp-block-media-text has-media-on-the-right is-stacked-on-mobile\" style=\"grid-template-columns:auto 40%\"><div class=\"wp-block-media-text__content\">\n<h2 class=\"wp-block-heading\" style=\"padding-top:var(--wp--preset--spacing--40);padding-bottom:var(--wp--preset--spacing--40);font-size:25px;font-style:normal;font-weight:600;text-transform:capitalize\">C\u00f3mo usar este perfil de yeso para techo LED de 8 mm<\/h2>\n\n\n\n<ul class=\"wp-block-list\">\n<li>Realiza un corte limpio en el panel de yeso o drywall.<\/li>\n\n\n\n<li>Utiliza tornillos para sujetar el perfil.<br>\u2022Use LED plaster ceiling profile light tape to connect your 8mm strip inside the channel.<\/li>\n\n\n\n<li>Coloca el difusor que se clipa.<\/li>\n\n\n\n<li>Aplica yeso en las bridas con agujeros.<\/li>\n\n\n\n<li>Pinta la superficie si lo deseas.<\/li>\n<\/ul>\n<\/div><figure class=\"wp-block-media-text__media\"><img loading=\"lazy\" decoding=\"async\" width=\"500\" height=\"500\" src=\"https:\/\/tangooled.com\/wp-content\/uploads\/2025\/07\/dwp01-ins.webp\" alt=\"perfil de yeso delgado en el techo de led para tira de 8mm\" class=\"wp-image-42766 size-full\" srcset=\"https:\/\/tangooled.com\/wp-content\/uploads\/2025\/07\/dwp01-ins.webp 500w, https:\/\/tangooled.com\/wp-content\/uploads\/2025\/07\/dwp01-ins-300x300.webp 300w, https:\/\/tangooled.com\/wp-content\/uploads\/2025\/07\/dwp01-ins-150x150.webp 150w\" sizes=\"auto, (max-width: 500px) 100vw, 500px\" \/><\/figure><\/div>\n<\/div>\n\n\n\n<div class=\"wp-block-group has-background is-vertical is-layout-flex wp-container-core-group-is-layout-b429018a wp-block-group-is-layout-flex\" style=\"background-color:#f1f1f1f2;padding-top:var(--wp--preset--spacing--70);padding-bottom:var(--wp--preset--spacing--70)\">\n<h2 class=\"wp-block-heading\" style=\"padding-top:var(--wp--preset--spacing--40);padding-bottom:var(--wp--preset--spacing--40);font-size:25px;font-style:normal;font-weight:600\">D\u00f3nde usarlo: Escenarios de uso<\/h2>\n\n\n\n<p>Puedes utilizar nuestro perfil de yeso para techo LED de 8 mm en muchos lugares diferentes:<\/p>\n\n\n\n<ul class=\"wp-block-list\">\n<li>Salones para suaves corrientes de luz ambiental en hogares.<\/li>\n\n\n\n<li>Pasillos y escaleras para iluminar suavemente las paredes.<\/li>\n\n\n\n<li>Espacios comerciales: vest\u00edbulos y pasillos de hoteles para toques elegantes.<\/li>\n\n\n\n<li>Oficinas y salas de juntas que lucen bien en el mundo actual.<\/li>\n\n\n\n<li>Restaurantes y cafeter\u00edas con iluminaci\u00f3n ambiental agradable.<\/li>\n<\/ul>\n<\/div>\n\n\n\n<div class=\"wp-block-group is-vertical is-layout-flex wp-container-core-group-is-layout-d255d7c4 wp-block-group-is-layout-flex\" style=\"padding-top:var(--wp--preset--spacing--80);padding-bottom:var(--wp--preset--spacing--80)\">\n<h2 class=\"wp-block-heading\" style=\"padding-top:var(--wp--preset--spacing--40);padding-bottom:var(--wp--preset--spacing--40);font-size:25px;font-style:normal;font-weight:600;text-transform:capitalize\">Productos relacionados<\/h2>\n\n\n\n<p>Explora estos perfiles LED relacionados para complementar tu instalaci\u00f3n:<\/p>\n\n\n\n<ul class=\"wp-block-list\">\n<li><a href=\"https:\/\/tangooled.com\/es\/product\/10mm-led-profile-aluminum-channel-for-8mm-led-tape-lights\/\"><mark style=\"background-color:rgba(0, 0, 0, 0)\" class=\"has-inline-color has-vivid-red-color\">perfil LED de 10mm para luces de cinta de 8mm<\/mark><\/a>: para tiras LED ligeramente m\u00e1s anchas con facilidad de instalaci\u00f3n similar.<\/li>\n\n\n\n<li><a href=\"https:\/\/tangooled.com\/es\/product\/curved-diffuser-flexible-led-strip-light-channel-for-8mm-led-strips\/\"><mark style=\"background-color:rgba(0, 0, 0, 0)\" class=\"has-inline-color has-vivid-red-color\">Canal de luz LED con difusor curvado para tiras LED de 8 mm<\/mark><\/a>: da forma a tu luz alrededor de esquinas suavemente.<\/li>\n\n\n\n<li><a href=\"https:\/\/tangooled.com\/es\/product\/low-lighting-slim-in-wall-aluminum-led-channel-for-8mm-led-strip\/\"><mark style=\"background-color:rgba(0, 0, 0, 0)\" class=\"has-inline-color has-vivid-red-color\">Canal LED de aluminio delgado empotrable para tiras LED de 8mm<\/mark><\/a>: ideal para acentos en la pared y iluminaci\u00f3n de escalones.<\/li>\n\n\n\n<li><a href=\"https:\/\/tangooled.com\/es\/product\/led-strip-light-channel-aluminum-profile-with-diffused-cover-6mm-height\/\"><mark style=\"background-color:rgba(0, 0, 0, 0)\" class=\"has-inline-color has-vivid-red-color\">Perfil de aluminio para tira LED con cubierta difusora de 6mm de altura<\/mark><\/a>: para necesidades de iluminaci\u00f3n de perfil muy bajo.<\/li>\n<\/ul>\n<\/div>\n\n\n\n<div class=\"wp-block-group is-vertical is-layout-flex wp-container-core-group-is-layout-d255d7c4 wp-block-group-is-layout-flex\" style=\"padding-top:var(--wp--preset--spacing--80);padding-bottom:var(--wp--preset--spacing--80)\">\n<p>Ilumina tu espacio con el canal LED delgado y empotrable perfecto dise\u00f1ado para tus tiras LED de 8 mm. Crea una iluminaci\u00f3n moderna y limpia con un acabado invisible. \u00a1Order ahora para una actualizaci\u00f3n sin complicaciones que se adapte a tus proyectos de drywall y techos de yeso!<\/p>\n<\/div>\n\n\n\n<p><\/p>","protected":false},"featured_media":13703,"template":"","meta":{"_acf_changed":true,"_seopress_robots_primary_cat":"none","_seopress_titles_title":"8mm Slim Plaster-in LED Ceiling Profile | Trimless Channel DWP01","_seopress_titles_desc":"The DWP01 is an ultra-slim plaster-in led ceiling profile optimized for 8mm strips. Achieve a seamless trimless finish on drywalls and ceilings with this professional aluminum channel.","_seopress_robots_index":""},"pcb-width":[228],"product-cat":[197],"class_list":{"0":"post-35304","1":"product","2":"type-product","3":"status-publish","4":"has-post-thumbnail","6":"pcb-width-6-12mm","7":"product-cat-plaster-in-profile"},"acf":[],"_links":{"self":[{"href":"https:\/\/tangooled.com\/es\/wp-json\/wp\/v2\/product\/35304","targetHints":{"allow":["GET"]}}],"collection":[{"href":"https:\/\/tangooled.com\/es\/wp-json\/wp\/v2\/product"}],"about":[{"href":"https:\/\/tangooled.com\/es\/wp-json\/wp\/v2\/types\/product"}],"wp:featuredmedia":[{"embeddable":true,"href":"https:\/\/tangooled.com\/es\/wp-json\/wp\/v2\/media\/13703"}],"wp:attachment":[{"href":"https:\/\/tangooled.com\/es\/wp-json\/wp\/v2\/media?parent=35304"}],"wp:term":[{"taxonomy":"pcb-width","embeddable":true,"href":"https:\/\/tangooled.com\/es\/wp-json\/wp\/v2\/pcb-width?post=35304"},{"taxonomy":"product-cat","embeddable":true,"href":"https:\/\/tangooled.com\/es\/wp-json\/wp\/v2\/product-cat?post=35304"}],"curies":[{"name":"wp","href":"https:\/\/api.w.org\/{rel}","templated":true}]}}