{"id":35274,"date":"2025-07-03T02:11:20","date_gmt":"2025-07-03T10:11:20","guid":{"rendered":"https:\/\/tangooled.com\/?post_type=product&#038;p=35274"},"modified":"2026-02-02T02:03:50","modified_gmt":"2026-02-02T10:03:50","slug":"35x35mm-circular-ring-lights-led-aluminum-profile-for-hanging","status":"publish","type":"product","link":"https:\/\/tangooled.com\/es\/product\/35x35mm-circular-ring-lights-led-aluminum-profile-for-hanging\/","title":{"rendered":"Luces LED de anillo circular de 35x35mm con perfil de aluminio para colgar"},"content":{"rendered":"<div class=\"wp-block-group is-vertical is-layout-flex wp-container-core-group-is-layout-d255d7c4 wp-block-group-is-layout-flex\" style=\"padding-top:var(--wp--preset--spacing--80);padding-bottom:var(--wp--preset--spacing--80)\">\n<p>Nuestro hermoso perfil LED circular de 35x35mm har\u00e1 que tu entorno sea m\u00e1s brillante. El perfil de aluminio se puede usar para colgar como una hermosa luz circular de tama\u00f1o personalizado. El di\u00e1metro de este anillo se puede personalizar para adaptarse a tu espacio, desde 600mm hasta 3000mm. Hecho de aluminio resistente, ofrece a lugares de trabajo, hoteles, tiendas y hogares una luz hermosa y uniforme. Puedes hacer que se vea a\u00fan mejor eligiendo entre negro cl\u00e1sico, blanco limpio o plateado elegante. Tambi\u00e9n ofrecemos acabados de color personalizados para asegurarnos de que coincidan con tu visi\u00f3n espec\u00edfica de c\u00f3mo deseas que se vea tu hogar por dentro.<\/p>\n<\/div>\n\n\n\n<div class=\"wp-block-group has-background is-vertical is-layout-flex wp-container-core-group-is-layout-d255d7c4 wp-block-group-is-layout-flex\" style=\"background-color:#f1f1f1;padding-top:var(--wp--preset--spacing--80);padding-bottom:var(--wp--preset--spacing--80)\">\n<div class=\"wp-block-group is-vertical is-layout-flex wp-container-core-group-is-layout-8cf370e7 wp-block-group-is-layout-flex\">\n<h2 class=\"wp-block-heading\" style=\"padding-top:var(--wp--preset--spacing--40);padding-bottom:var(--wp--preset--spacing--40);font-size:25px;font-style:normal;font-weight:600;text-transform:capitalize\">\u00bfPor qu\u00e9 elegir este perfil LED circular de 35x35mm?<\/h2>\n\n\n\n<ul class=\"wp-block-list\">\n<li>El perfil LED circular de 35x35mm es una extrusi\u00f3n de aluminio resistente y atractiva que funciona bien con la iluminaci\u00f3n moderna.<\/li>\n\n\n\n<li>La forma redonda lo convierte en una gran luz de anillo arquitect\u00f3nica o luz colgante halo. <\/li>\n\n\n\n<li>El difusor esmerilado asegura que la luz sea suave y sin puntos, sin deslumbramiento. <\/li>\n\n\n\n<li>El montaje en suspensi\u00f3n colgante es sencillo con el kit de suspensi\u00f3n por cable.<\/li>\n\n\n\n<li>Funciona en hogares, oficinas, hoteles y tiendas que necesitan una manera moderna de colgar luces.<\/li>\n<\/ul>\n<\/div>\n<\/div>\n\n\n\n<div class=\"wp-block-group\" style=\"padding-top:var(--wp--preset--spacing--80);padding-bottom:var(--wp--preset--spacing--80)\"><div class=\"wp-block-group__inner-container is-layout-constrained wp-block-group-is-layout-constrained\">\n<h2 class=\"wp-block-heading\" style=\"font-size:25px;font-style:normal;font-weight:600;text-transform:capitalize\">Perfecto para estas aplicaciones<\/h2>\n\n\n\n<ul class=\"wp-block-list\">\n<li>Salas de juntas y oficinas comerciales\u00a0<\/li>\n\n\n\n<li>Vest\u00edbulos de hotel y atrios<\/li>\n\n\n\n<li>Showrooms y boutiques de retail\u00a0<\/li>\n\n\n\n<li>Espacios de estar y comedor en hogares<\/li>\n\n\n\n<li>Estudios de arte y espacios de trabajo creativos<\/li>\n<\/ul>\n<\/div><\/div>\n\n\n\n<div class=\"wp-block-group has-background is-vertical is-layout-flex wp-container-core-group-is-layout-b429018a wp-block-group-is-layout-flex\" style=\"background-color:#f1f1f1f2;padding-top:var(--wp--preset--spacing--70);padding-bottom:var(--wp--preset--spacing--70)\">\n<h2 class=\"wp-block-heading\" style=\"padding-top:var(--wp--preset--spacing--40);padding-right:0;padding-bottom:var(--wp--preset--spacing--40);padding-left:0;font-size:25px;font-style:normal;font-weight:600\">Funciona con estas luces de cinta LED<\/h2>\n\n\n\n<ul class=\"wp-block-list\">\n<li>LED strips with a high CRI (Ra > 90) for accurate colors.<\/li>\n\n\n\n<li>Tiras LED blancas en un solo color (3000K, 4000K o 6000K).<\/li>\n\n\n\n<li>Tiras que cambian de color de RGB a RGBW.<\/li>\n\n\n\n<li>Tiras de hasta 20mm de ancho que encajan perfectamente en el canal del perfil.<\/li>\n<\/ul>\n<\/div>\n\n\n\n<div class=\"wp-block-group\" style=\"padding-top:var(--wp--preset--spacing--80);padding-bottom:var(--wp--preset--spacing--80)\"><div class=\"wp-block-group__inner-container is-layout-constrained wp-block-group-is-layout-constrained\">\n<h2 class=\"wp-block-heading\" style=\"padding-top:var(--wp--preset--spacing--40);padding-bottom:var(--wp--preset--spacing--40);font-size:25px;font-style:normal;font-weight:600;text-transform:capitalize\">Resumen<\/h2>\n\n\n\n<p>El perfil LED colgante circular de 35x35mm est\u00e1 hecho de aluminio extruido. El difusor esmerilado distribuye la luz de manera uniforme sin hacerla excesivamente brillante. Este perfil es perfecto para luces colgantes modernas, luces de anillo arquitect\u00f3nicas y perfiles LED circulares destacados porque fue dise\u00f1ado para montarse en una suspensi\u00f3n. Viene en una multitud de colores, se puede atenuar y se puede modificar para adaptarse a cualquier tama\u00f1o, por lo que funciona bien en hogares, tiendas, hoteles y lugares de trabajo.<\/p>\n<\/div><\/div>\n\n\n\n<p><\/p>","protected":false},"featured_media":20009,"template":"","meta":{"_acf_changed":true,"_seopress_robots_primary_cat":"none","_seopress_titles_title":"35x35mm Circular Ring LED Profile | Curved Aluminum Channel C3535","_seopress_titles_desc":"The C3535 is a premium 35x35mm circular ring led profile for bespoke curved lighting. Create elegant suspended ring lights and geometric halo fixtures with ease.","_seopress_robots_index":""},"pcb-width":[230],"product-cat":[202],"class_list":{"0":"post-35274","1":"product","2":"type-product","3":"status-publish","4":"has-post-thumbnail","6":"pcb-width-20-25mm","7":"product-cat-circular-profile"},"acf":[],"_links":{"self":[{"href":"https:\/\/tangooled.com\/es\/wp-json\/wp\/v2\/product\/35274","targetHints":{"allow":["GET"]}}],"collection":[{"href":"https:\/\/tangooled.com\/es\/wp-json\/wp\/v2\/product"}],"about":[{"href":"https:\/\/tangooled.com\/es\/wp-json\/wp\/v2\/types\/product"}],"wp:featuredmedia":[{"embeddable":true,"href":"https:\/\/tangooled.com\/es\/wp-json\/wp\/v2\/media\/20009"}],"wp:attachment":[{"href":"https:\/\/tangooled.com\/es\/wp-json\/wp\/v2\/media?parent=35274"}],"wp:term":[{"taxonomy":"pcb-width","embeddable":true,"href":"https:\/\/tangooled.com\/es\/wp-json\/wp\/v2\/pcb-width?post=35274"},{"taxonomy":"product-cat","embeddable":true,"href":"https:\/\/tangooled.com\/es\/wp-json\/wp\/v2\/product-cat?post=35274"}],"curies":[{"name":"wp","href":"https:\/\/api.w.org\/{rel}","templated":true}]}}