{"id":35252,"date":"2025-07-03T01:29:32","date_gmt":"2025-07-03T09:29:32","guid":{"rendered":"https:\/\/tangooled.com\/?post_type=product&#038;p=35252"},"modified":"2026-02-02T02:14:09","modified_gmt":"2026-02-02T10:14:09","slug":"20mm-round-led-profile-light-aluminum-channel-for-12mm-strip-light","status":"publish","type":"product","link":"https:\/\/tangooled.com\/es\/product\/20mm-round-led-profile-light-aluminum-channel-for-12mm-strip-light\/","title":{"rendered":"Canal de aluminio LED redondo de 20 mm para tira de luz de 12 mm"},"content":{"rendered":"<div class=\"wp-block-group is-vertical is-layout-flex wp-container-core-group-is-layout-d255d7c4 wp-block-group-is-layout-flex\" style=\"padding-top:var(--wp--preset--spacing--80);padding-bottom:var(--wp--preset--spacing--80)\">\n<p>The 20mm Round LED Profile we sell is made to work with LED strips that are up to 12mm wide. This profile has a sleek outer diameter of 20.8 mm, which makes it more of a design element than just a functional channel. The channel&#8217;s inside width is 12.2mm, which is perfect for 12mm LED light strips.The strong aluminum profile keeps your LED strip safe and cool, while the included diffuser makes the light smooth and dotless.<\/p>\n\n\n\n<p>It&#8217;s easy and flexible to put together. The application diagram shows that the profile may be hung from a wire, which makes it a great alternative for modern interiors and high ceilings.<\/p>\n\n\n\n<p>Este fuerte canal de aluminio redondo puede usarse tanto para proyectos profesionales como para aquellos hechos por uno mismo. Es perfecto para iluminaci\u00f3n decorativa y ambiental en hogares, oficinas y negocios, ya que emite una luz uniforme y constante.<\/p>\n<\/div>\n\n\n\n<div class=\"wp-block-group has-background is-vertical is-layout-flex wp-container-core-group-is-layout-d255d7c4 wp-block-group-is-layout-flex\" style=\"background-color:#f1f1f1;padding-top:var(--wp--preset--spacing--80);padding-bottom:var(--wp--preset--spacing--80)\">\n<div class=\"wp-block-group is-vertical is-layout-flex wp-container-core-group-is-layout-8cf370e7 wp-block-group-is-layout-flex\">\n<h2 class=\"wp-block-heading\" style=\"padding-top:var(--wp--preset--spacing--40);padding-bottom:var(--wp--preset--spacing--40);font-size:25px;font-style:normal;font-weight:600;text-transform:capitalize\">\u00bfPor qu\u00e9 elegir este perfil LED redondo de 20 mm?<\/h2>\n\n\n\n<ul class=\"wp-block-list\">\n<li>Hecho de aluminio anodizado 6063-T5, que dura mucho tiempo y permite que el calor se disipe bien.\u00a0<\/li>\n\n\n\n<li>Compatible con todas las tiras de LED est\u00e1ndar de 12 mm, como 5050, 2835 y tiras RGB. <\/li>\n\n\n\n<li>Viene con un difusor esmerilado (opal) que distribuye la luz uniformemente sin puntos calientes.<\/li>\n\n\n\n<li>F\u00e1cil de instalar con kits de cable<\/li>\n\n\n\n<li>Protege tus tiras LED del polvo, suciedad y da\u00f1os.<\/li>\n<\/ul>\n<\/div>\n<\/div>\n\n\n\n<div class=\"wp-block-group\" style=\"padding-top:var(--wp--preset--spacing--60);padding-bottom:var(--wp--preset--spacing--60)\"><div class=\"wp-block-group__inner-container is-layout-constrained wp-block-group-is-layout-constrained\">\n<div class=\"wp-block-media-text has-media-on-the-right is-stacked-on-mobile\" style=\"grid-template-columns:auto 40%\"><div class=\"wp-block-media-text__content\">\n<h2 class=\"wp-block-heading\" style=\"padding-top:var(--wp--preset--spacing--40);padding-bottom:var(--wp--preset--spacing--40);font-size:25px;font-style:normal;font-weight:600;text-transform:capitalize\">\u00bfC\u00f3mo configurarlo?<\/h2>\n\n\n\n<ul class=\"wp-block-list\">\n<li>Corta el canal de aluminio y el difusor a la longitud adecuada.<\/li>\n\n\n\n<li>Coloca la tira LED de 12 mm dentro del canal.<\/li>\n\n\n\n<li>Coloca los cables de suspensi\u00f3n en la parte trasera de la ranura del canal.<\/li>\n\n\n\n<li>Coloca el difusor y pon tapas de extremo en ambos lados.<\/li>\n\n\n\n<li>Cuelga este canal de aluminio en el lugar requerido.<\/li>\n<\/ul>\n<\/div><figure class=\"wp-block-media-text__media\"><img loading=\"lazy\" decoding=\"async\" width=\"500\" height=\"500\" src=\"https:\/\/tangooled.com\/wp-content\/uploads\/2025\/07\/ar01-ins.webp\" alt=\"20mm round led profile light aluminum channel for 12mm led strip\" class=\"wp-image-42267 size-full\" srcset=\"https:\/\/tangooled.com\/wp-content\/uploads\/2025\/07\/ar01-ins.webp 500w, https:\/\/tangooled.com\/wp-content\/uploads\/2025\/07\/ar01-ins-300x300.webp 300w, https:\/\/tangooled.com\/wp-content\/uploads\/2025\/07\/ar01-ins-150x150.webp 150w\" sizes=\"auto, (max-width: 500px) 100vw, 500px\" \/><\/figure><\/div>\n<\/div><\/div>\n\n\n\n<div class=\"wp-block-group has-background is-vertical is-layout-flex wp-container-core-group-is-layout-b429018a wp-block-group-is-layout-flex\" style=\"background-color:#f1f1f1f2;padding-top:var(--wp--preset--spacing--70);padding-bottom:var(--wp--preset--spacing--70)\">\n<h2 class=\"wp-block-heading\" style=\"padding-top:var(--wp--preset--spacing--40);padding-bottom:var(--wp--preset--spacing--40);font-size:25px;font-style:normal;font-weight:600\">\u00bfD\u00f3nde se puede utilizar?<\/h2>\n\n\n\n<p>Puedes utilizar este canal LED redondo de 20 mm con una multitud de ideas de iluminaci\u00f3n:<\/p>\n\n\n\n<ul class=\"wp-block-list\">\n<li>L\u00e1mparas colgantes sobre islas de cocina o escritorios.<\/li>\n\n\n\n<li>Varillas de armario e iluminaci\u00f3n de vestidores para ayudarte a ver mejor.\u00a0<\/li>\n\n\n\n<li>Under-cabinet and shelf lighting to assist you see what you&#8217;re doing.<\/li>\n\n\n\n<li>Iluminaci\u00f3n para vitrinas de exhibici\u00f3n minorista que atraen la atenci\u00f3n hacia los productos.<\/li>\n<\/ul>\n<\/div>\n\n\n\n<div class=\"wp-block-group is-vertical is-layout-flex wp-container-core-group-is-layout-d255d7c4 wp-block-group-is-layout-flex\" style=\"padding-top:var(--wp--preset--spacing--80);padding-bottom:var(--wp--preset--spacing--80)\">\n<h2 class=\"wp-block-heading\" style=\"padding-top:var(--wp--preset--spacing--40);padding-bottom:var(--wp--preset--spacing--40);font-size:25px;font-style:normal;font-weight:600;text-transform:capitalize\">What\u2019s In The Box?<\/h2>\n\n\n\n<ul class=\"wp-block-list\">\n<li>Un canal de aluminio redondo con un di\u00e1metro de 20 mm\u00a0<\/li>\n\n\n\n<li>Una cubierta difusora esmerilada u opal<\/li>\n\n\n\n<li>Dos tapas de extremo (una con un agujero para cableado)<\/li>\n\n\n\n<li>Dos cables de suspensi\u00f3n para instalaci\u00f3n colgante<\/li>\n<\/ul>\n<\/div>\n\n\n\n<div class=\"wp-block-group has-background\" style=\"background-color:#f1f1f1;padding-top:var(--wp--preset--spacing--80);padding-bottom:var(--wp--preset--spacing--80)\"><div class=\"wp-block-group__inner-container is-layout-constrained wp-block-group-is-layout-constrained\">\n<h2 class=\"wp-block-heading\" style=\"font-size:25px;font-style:normal;font-weight:600;text-transform:capitalize\">productos relacionados que te pueden gustar<\/h2>\n\n\n\n<ul class=\"wp-block-list\">\n<li>Explora nuestro <a href=\"https:\/\/tangooled.com\/es\/product\/surface-mount-led-profile-with-frosted-diffuser-for-10mm-rope-lights\/\"><mark style=\"background-color:rgba(0, 0, 0, 0)\" class=\"has-inline-color has-vivid-red-color\">Perfil LED de montaje en superficie con difusor mate para luces de cuerda de 10mm<\/mark><\/a> para tiras m\u00e1s peque\u00f1as<\/li>\n\n\n\n<li>Prueba el <a href=\"https:\/\/tangooled.com\/es\/product\/17mm-led-strip-light-aluminum-channel-for-surface-mounting\/\"><mark style=\"background-color:rgba(0, 0, 0, 0)\" class=\"has-inline-color has-vivid-red-color\">Canal de aluminio para tira LED de 17mm para montaje en superficie<\/mark><\/a> para un efecto de iluminaci\u00f3n m\u00e1s amplio<\/li>\n\n\n\n<li>Echa un vistazo a <a href=\"https:\/\/tangooled.com\/es\/product\/wardrobe-closet-hanging-rod-aluminum-led-profile-for-12mm-led-strip-lights\/\"><mark style=\"background-color:rgba(0, 0, 0, 0)\" class=\"has-inline-color has-vivid-red-color\">Perfil LED de aluminio para varilla de armario colgante para tiras de LED de 12 mm<\/mark><\/a> para soluciones de iluminaci\u00f3n de armarios<\/li>\n<\/ul>\n<\/div><\/div>\n\n\n\n<div class=\"wp-block-group\" style=\"padding-top:var(--wp--preset--spacing--80);padding-bottom:var(--wp--preset--spacing--80)\"><div class=\"wp-block-group__inner-container is-layout-constrained wp-block-group-is-layout-constrained\">\n<h2 class=\"wp-block-heading\" style=\"font-size:25px;font-style:normal;font-weight:600;text-transform:capitalize\">Resumen<\/h2>\n\n\n\n<p>Nuestro canal de aluminio LED redondo de 20 mm para tiras LED de 12 mm es una opci\u00f3n inteligente para cualquiera que desee una apariencia limpia y uniforme con una disipaci\u00f3n de calor confiable y protecci\u00f3n. Funciona bien como luz colgante, luz de varilla de armario o luz bajo el gabinete. El difusor suave y sin puntos convierte los puntos de luz en un suave resplandor lineal. Ideal para muchos usos, funciona con todas las tiras de LED est\u00e1ndar de 12 mm a 12V o 24V.<\/p>\n<\/div><\/div>\n\n\n\n<p><\/p>","protected":false},"featured_media":14282,"template":"","meta":{"_acf_changed":true,"_seopress_robots_primary_cat":"none","_seopress_titles_title":"20mm Round LED Profile Aluminum Channel AR01 | TANGOOLED","_seopress_titles_desc":"The AR01 is a 20mm round led profile designed for 12mm strips. Create elegant pendant lights or decorative luminous tubes with this circular aluminum channel. Perfect for modern interior accents.","_seopress_robots_index":""},"pcb-width":[228],"product-cat":[234],"class_list":{"0":"post-35252","1":"product","2":"type-product","3":"status-publish","4":"has-post-thumbnail","6":"pcb-width-6-12mm","7":"product-cat-round-tube-profile"},"acf":[],"_links":{"self":[{"href":"https:\/\/tangooled.com\/es\/wp-json\/wp\/v2\/product\/35252","targetHints":{"allow":["GET"]}}],"collection":[{"href":"https:\/\/tangooled.com\/es\/wp-json\/wp\/v2\/product"}],"about":[{"href":"https:\/\/tangooled.com\/es\/wp-json\/wp\/v2\/types\/product"}],"wp:featuredmedia":[{"embeddable":true,"href":"https:\/\/tangooled.com\/es\/wp-json\/wp\/v2\/media\/14282"}],"wp:attachment":[{"href":"https:\/\/tangooled.com\/es\/wp-json\/wp\/v2\/media?parent=35252"}],"wp:term":[{"taxonomy":"pcb-width","embeddable":true,"href":"https:\/\/tangooled.com\/es\/wp-json\/wp\/v2\/pcb-width?post=35252"},{"taxonomy":"product-cat","embeddable":true,"href":"https:\/\/tangooled.com\/es\/wp-json\/wp\/v2\/product-cat?post=35252"}],"curies":[{"name":"wp","href":"https:\/\/api.w.org\/{rel}","templated":true}]}}