{"id":35212,"date":"2025-07-02T20:23:44","date_gmt":"2025-07-03T04:23:44","guid":{"rendered":"https:\/\/tangooled.com\/?post_type=product&#038;p=35212"},"modified":"2026-02-02T22:06:07","modified_gmt":"2026-02-03T06:06:07","slug":"wooden-wall-skirting-led-black-aluminum-baseboard-for-18mm-wood","status":"publish","type":"product","link":"https:\/\/tangooled.com\/es\/product\/wooden-wall-skirting-led-black-aluminum-baseboard-for-18mm-wood\/","title":{"rendered":"z\u00f3calo de pared de madera LED con base de aluminio negro para madera de 18 mm"},"content":{"rendered":"<div class=\"wp-block-group is-vertical is-layout-flex wp-container-core-group-is-layout-d255d7c4 wp-block-group-is-layout-flex\" style=\"padding-top:var(--wp--preset--spacing--80);padding-bottom:var(--wp--preset--spacing--80)\">\n<p>Our wooden wall skirting LED baseboard is built to fit 18\u00a0mm thick tiles and wooden wall panels. It features a unique lighting structure that offers a more creative illumination effect.<\/p>\n\n\n\n<p>La tira de LED se sit\u00faa en un canal que est\u00e1 a unos 20 mm de la pared. La luz brilla hacia abajo la cara vertical de la l\u00ednea de z\u00f3calo y luego rebota suavemente sobre el suelo. Al enterrar la fuente de luz dentro del espacio del z\u00f3calo, el resplandor resultante es agradable est\u00e9ticamente y suave para el ojo humano.<\/p>\n\n\n\n<p>This black aluminum board makes it to integrate seamlessly with a wide range of decorative styles, including modern minimalism, industrial, and light luxury designs. It is perfectly suited for LED skirting profile lighting design in various settings. The black background further enhances the strip light&#8217;s color and brilliance, making it stand out more distinctly.<\/p>\n<\/div>\n\n\n\n<div class=\"wp-block-group has-background is-vertical is-layout-flex wp-container-core-group-is-layout-d255d7c4 wp-block-group-is-layout-flex\" style=\"background-color:#f1f1f1;padding-top:var(--wp--preset--spacing--80);padding-bottom:var(--wp--preset--spacing--80)\">\n<div class=\"wp-block-group is-vertical is-layout-flex wp-container-core-group-is-layout-8cf370e7 wp-block-group-is-layout-flex\">\n<h2 class=\"wp-block-heading\" style=\"padding-top:var(--wp--preset--spacing--40);padding-bottom:var(--wp--preset--spacing--40);font-size:25px;font-style:normal;font-weight:600;text-transform:capitalize\">Caracter\u00edsticas Clave del Perfil de LED de Aluminio Negro TG-SK01<\/h2>\n\n\n\n<ul class=\"wp-block-list\">\n<li>El dise\u00f1o empotrado se adapta bien a tableros de madera y azulejos de 18 mm de grosor.<\/li>\n\n\n\n<li>Fabricado con aluminio extruido de alta calidad 6063-T5 con un acabado anodizado negro mate, combina bien con la mayor\u00eda de la decoraci\u00f3n interior.<\/li>\n\n\n\n<li>El ancho interior de 7.9mm puede sostener tiras de luz de 7mm de ancho o menos.<\/li>\n\n\n\n<li>Perfil de z\u00f3calo de aluminio negro que se ilumina diagonalmente hacia abajo para evitar que la luz sea demasiado intensa o que proyecte sombras.<\/li>\n\n\n\n<li>The height of the skirting led light from the ground is ideal; it&#8217;s neither too high to look out of place or too low to change the lighting effect. It works well with the baseboard lighting needs of most rooms.<\/li>\n<\/ul>\n<\/div>\n<\/div>\n\n\n\n<div class=\"wp-block-group is-vertical is-layout-flex wp-container-core-group-is-layout-d255d7c4 wp-block-group-is-layout-flex\" style=\"padding-top:var(--wp--preset--spacing--80);padding-bottom:var(--wp--preset--spacing--80)\">\n<hr class=\"wp-block-separator has-alpha-channel-opacity\"\/>\n\n\n\n<div class=\"wp-block-media-text has-media-on-the-right is-stacked-on-mobile\" style=\"grid-template-columns:auto 40%\"><div class=\"wp-block-media-text__content\">\n<h2 class=\"wp-block-heading\" style=\"padding-top:var(--wp--preset--spacing--40);padding-bottom:var(--wp--preset--spacing--40);font-size:25px;font-style:normal;font-weight:600;text-transform:capitalize\">\u00bfC\u00f3mo instalar el canal de z\u00f3calo de pared de madera LED?<\/h2>\n\n\n\n<ul class=\"wp-block-list\">\n<li>Pon tu tira de LED dentro del canal.<\/li>\n\n\n\n<li>Coloca el difusor esmerilado sobre la tira LED y enc\u00e1jalo para obtener luz suave sin deslumbramiento.<\/li>\n\n\n\n<li>Usa una fresadora para hacer un canal en el panel de madera de 18 mm que sea del mismo tama\u00f1o que el perfil.<\/li>\n\n\n\n<li>Usa tornillos o un pegamento fuerte para sujetar la tabla de z\u00f3calo LED de aluminio en su lugar.<\/li>\n\n\n\n<li>Con\u00e9ctalo a la fuente de alimentaci\u00f3n de CC y disfruta de la luz.<\/li>\n<\/ul>\n<\/div><figure class=\"wp-block-media-text__media\"><img loading=\"lazy\" decoding=\"async\" width=\"500\" height=\"500\" src=\"https:\/\/tangooled.com\/wp-content\/uploads\/2025\/07\/sk01-ins.webp\" alt=\"wooden wall skirting led black aluminum baseboard for 18mm wood\" class=\"wp-image-42129 size-full\" srcset=\"https:\/\/tangooled.com\/wp-content\/uploads\/2025\/07\/sk01-ins.webp 500w, https:\/\/tangooled.com\/wp-content\/uploads\/2025\/07\/sk01-ins-300x300.webp 300w, https:\/\/tangooled.com\/wp-content\/uploads\/2025\/07\/sk01-ins-150x150.webp 150w\" sizes=\"auto, (max-width: 500px) 100vw, 500px\" \/><\/figure><\/div>\n<\/div>\n\n\n\n<div class=\"wp-block-group has-background is-vertical is-layout-flex wp-container-core-group-is-layout-b429018a wp-block-group-is-layout-flex\" style=\"background-color:#f1f1f1f2;padding-top:var(--wp--preset--spacing--70);padding-bottom:var(--wp--preset--spacing--70)\">\n<h2 class=\"wp-block-heading\" style=\"padding-top:var(--wp--preset--spacing--40);padding-bottom:var(--wp--preset--spacing--40);font-size:25px;font-style:normal;font-weight:600\">\u00bfD\u00f3nde se puede utilizar?<\/h2>\n\n\n\n<p>El perfil TG-SK01 es ideal para muchos lugares. Aqu\u00ed tienes algunas ideas y ejemplos de c\u00f3mo usarlo:<\/p>\n\n\n\n<ul class=\"wp-block-list\">\n<li>Iluminaci\u00f3n a lo largo de los z\u00f3calos en el pasillo para ayudarte a ver por la noche.<\/li>\n\n\n\n<li>Iluminaci\u00f3n debajo del mostrador de la cocina para hacer que los rincones oscuros sean m\u00e1s brillantes.<\/li>\n\n\n\n<li>Luces en las escaleras para evitar que la gente tropiece y caiga.<\/li>\n\n\n\n<li>Luces en el pasillo del hotel para embellecer los caminos y hacerlos m\u00e1s seguros.<\/li>\n\n\n\n<li>Iluminaci\u00f3n en el suelo del cine para un resplandor agradable y con buen gusto.<\/li>\n\n\n\n<li>Agrega calidez reconfortante a dormitorios o salas de estar con iluminaci\u00f3n ambiental.<\/li>\n<\/ul>\n<\/div>\n\n\n\n<div class=\"wp-block-group is-vertical is-layout-flex wp-container-core-group-is-layout-d255d7c4 wp-block-group-is-layout-flex\" style=\"padding-top:var(--wp--preset--spacing--80);padding-bottom:var(--wp--preset--spacing--80)\">\n<h2 class=\"wp-block-heading\" style=\"padding-top:var(--wp--preset--spacing--40);padding-bottom:var(--wp--preset--spacing--40);font-size:25px;font-style:normal;font-weight:600;text-transform:capitalize\">Por qu\u00e9 confiar en nuestro z\u00f3calo de pared de madera LED<\/h2>\n\n\n\n<p>Hemos probado nuestro z\u00f3calo de pared de madera LED para asegurarnos de que se ajuste con precisi\u00f3n a paneles de madera de 18 mm. Est\u00e1 dise\u00f1ado para ofrecerte una luz de z\u00f3calo que sea tanto atractiva como eficiente en energ\u00eda, cumpliendo con tus demandas de iluminaci\u00f3n decorativa y pr\u00e1ctica de bajo nivel. Si deseas instalar un z\u00f3calo LED empotrado, un perfil de z\u00f3calo montado en superficie o un z\u00f3calo LED de montaje enrasado, TG-SK01 es la mejor opci\u00f3n.<\/p>\n<\/div>\n\n\n\n<div class=\"wp-block-group has-background\" style=\"background-color:#f1f1f1;padding-top:var(--wp--preset--spacing--80);padding-bottom:var(--wp--preset--spacing--80)\"><div class=\"wp-block-group__inner-container is-layout-constrained wp-block-group-is-layout-constrained\">\n<h2 class=\"wp-block-heading\" style=\"padding-top:var(--wp--preset--spacing--40);padding-right:0;padding-bottom:var(--wp--preset--spacing--40);padding-left:0;font-size:25px;font-style:normal;font-weight:600;text-transform:capitalize\">Enlaces Relacionados<\/h2>\n\n\n\n<ul class=\"wp-block-list\">\n<li>Aprende sobre <a href=\"https:\/\/tangooled.com\/es\/how-to-install-led-aluminum-profiles\/\"><mark style=\"background-color:rgba(0, 0, 0, 0)\" class=\"has-inline-color has-vivid-red-color\">c\u00f3mo instalar perfiles de aluminio LED <\/mark><\/a>en nuestro sitio.<\/li>\n\n\n\n<li>Mira nuestro <mark style=\"background-color:rgba(0, 0, 0, 0)\" class=\"has-inline-color has-vivid-red-color\"><a href=\"https:\/\/tangooled.com\/es\/top-10-led-aluminum-profile-application-ideas\/\">ideas de instalaci\u00f3n de perfiles de aluminio LED<\/a><\/mark> para tu inspiraci\u00f3n.<\/li>\n<\/ul>\n<\/div><\/div>\n\n\n\n<p><\/p>","protected":false},"featured_media":13622,"template":"","meta":{"_acf_changed":true,"_seopress_robots_primary_cat":"none","_seopress_titles_title":"LED Skirting Board Base Black Aluminum Profile for 18mm Wood SK01 | TANGOOLED","_seopress_titles_desc":"The SK01 is a black aluminum led skirting board base specifically designed for 18mm wood panels. Create modern up-light wall wash effects at floor level with this durable recessed baseboard profile.","_seopress_robots_index":""},"pcb-width":[228],"product-cat":[198],"class_list":{"0":"post-35212","1":"product","2":"type-product","3":"status-publish","4":"has-post-thumbnail","6":"pcb-width-6-12mm","7":"product-cat-skirting-profile"},"acf":[],"_links":{"self":[{"href":"https:\/\/tangooled.com\/es\/wp-json\/wp\/v2\/product\/35212","targetHints":{"allow":["GET"]}}],"collection":[{"href":"https:\/\/tangooled.com\/es\/wp-json\/wp\/v2\/product"}],"about":[{"href":"https:\/\/tangooled.com\/es\/wp-json\/wp\/v2\/types\/product"}],"wp:featuredmedia":[{"embeddable":true,"href":"https:\/\/tangooled.com\/es\/wp-json\/wp\/v2\/media\/13622"}],"wp:attachment":[{"href":"https:\/\/tangooled.com\/es\/wp-json\/wp\/v2\/media?parent=35212"}],"wp:term":[{"taxonomy":"pcb-width","embeddable":true,"href":"https:\/\/tangooled.com\/es\/wp-json\/wp\/v2\/pcb-width?post=35212"},{"taxonomy":"product-cat","embeddable":true,"href":"https:\/\/tangooled.com\/es\/wp-json\/wp\/v2\/product-cat?post=35212"}],"curies":[{"name":"wp","href":"https:\/\/api.w.org\/{rel}","templated":true}]}}