{"id":35192,"date":"2025-07-02T20:04:44","date_gmt":"2025-07-03T04:04:44","guid":{"rendered":"https:\/\/tangooled.com\/?post_type=product&#038;p=35192"},"modified":"2026-01-27T01:34:50","modified_gmt":"2026-01-27T09:34:50","slug":"45-degree-stair-aluminum-profile-down-lighting-stp01","status":"publish","type":"product","link":"https:\/\/tangooled.com\/es\/product\/45-degree-stair-aluminum-profile-down-lighting-stp01\/","title":{"rendered":"STP01: Perfil de Escalera con Iluminaci\u00f3n Descendente a 45 Grados para Tiras de 10mm"},"content":{"rendered":"<div class=\"wp-block-group is-vertical is-layout-flex wp-container-core-group-is-layout-d255d7c4 wp-block-group-is-layout-flex\" style=\"padding-top:var(--wp--preset--spacing--80);padding-bottom:var(--wp--preset--spacing--80)\">\n<p>Ilumina tus escaleras de manera segura y con estilo con nuestro perfil de escalera de aluminio con iluminaci\u00f3n descendente a 45 grados. Nuestro perfil de escalera LED est\u00e1 hecho de aluminio y es extremadamente duradero para su uso tanto en interiores como en exteriores. La anchura interna de este perfil est\u00e1 disponible para una tira LED de 10&nbsp;mm de ancho o tiras RGB de 12&nbsp;mm. M\u00e1s all\u00e1 de un solo color de luz, puedes lograr colores cambiantes y ricos usando tiras RGB, mejorando dr\u00e1sticamente la apariencia de tus escaleras.<\/p>\n\n\n\n<p>La instalaci\u00f3n de este perfil de escalera de aluminio tambi\u00e9n es sencilla. Simplemente aseg\u00faralo al borde del pelda\u00f1o con tornillos despu\u00e9s de ensamblar las tiras y tapas de extremo. Este perfil de iluminaci\u00f3n para escaleras proyecta la luz hacia abajo en un \u00e1ngulo de 45 grados, lo que significa que no hay deslumbramiento en tus ojos y asegura que cada paso est\u00e9 claramente iluminado. Es perfecto para hogares, oficinas, hoteles y entornos al aire libre.<\/p>\n<\/div>\n\n\n\n<div class=\"wp-block-group has-background is-vertical is-layout-flex wp-container-core-group-is-layout-d255d7c4 wp-block-group-is-layout-flex\" style=\"background-color:#f1f1f1;padding-top:var(--wp--preset--spacing--80);padding-bottom:var(--wp--preset--spacing--80)\">\n<div class=\"wp-block-group is-vertical is-layout-flex wp-container-core-group-is-layout-8cf370e7 wp-block-group-is-layout-flex\">\n<h2 class=\"wp-block-heading\" style=\"padding-top:var(--wp--preset--spacing--40);padding-bottom:var(--wp--preset--spacing--40);font-size:25px;font-style:normal;font-weight:600;text-transform:capitalize\">Caracter\u00edsticas y Beneficios Clave<\/h2>\n\n\n\n<ul class=\"wp-block-list\">\n<li>Iluminaci\u00f3n descendente a 45 grados: sostiene tiras LED y ilumina el pelda\u00f1o de la escalera en un \u00e1ngulo de 45 grados, sin deslumbramiento.<\/li>\n\n\n\n<li>Compatible con diferentes tiras LED: funciona con tiras LED de 8mm, 10mm, e incluye tiras RGB de 12mm.<\/li>\n\n\n\n<li>Aluminio duradero: construido de aleaci\u00f3n de aluminio anodizado 6063, resistente al \u00f3xido y al desgaste.<\/li>\n\n\n\n<li>Luz suave con difusor: cuenta con una tapa difusora opalina o esmerilada, sin puntos de luz brillantes.<\/li>\n\n\n\n<li>Instalaci\u00f3n f\u00e1cil: se fija directamente con tornillos en los bordes de las escaleras.<\/li>\n\n\n\n<li>C\u00f3rtalo a cualquier longitud para un ajuste perfecto en tus escaleras.<\/li>\n<\/ul>\n<\/div>\n<\/div>\n\n\n\n<div class=\"wp-block-group is-vertical is-layout-flex wp-container-core-group-is-layout-d255d7c4 wp-block-group-is-layout-flex\" style=\"padding-top:var(--wp--preset--spacing--80);padding-bottom:var(--wp--preset--spacing--80)\">\n<hr class=\"wp-block-separator has-alpha-channel-opacity\"\/>\n\n\n\n<div class=\"wp-block-media-text has-media-on-the-right is-stacked-on-mobile\" style=\"grid-template-columns:auto 40%\"><div class=\"wp-block-media-text__content\">\n<h2 class=\"wp-block-heading\" style=\"padding-top:var(--wp--preset--spacing--40);padding-bottom:var(--wp--preset--spacing--40);font-size:25px;font-style:normal;font-weight:600;text-transform:capitalize\">Pasos f\u00e1ciles para instalar<\/h2>\n\n\n\n<ul class=\"wp-block-list\">\n<li>Utiliza una sierra para cortar el perfil a la medida adecuada para tus escaleras.<\/li>\n\n\n\n<li>Coloca tu tira LED de 10 mm dentro del canal.<\/li>\n\n\n\n<li>Coloca la tapa difusora para suavizar la luz.<\/li>\n\n\n\n<li>Pon tapas en los extremos para que se vea ordenado y pulido.<\/li>\n\n\n\n<li>Usa tornillos para fijar el perfil al borde de las escaleras.<\/li>\n\n\n\n<li>Conecta tu tira LED a una fuente de alimentaci\u00f3n.<\/li>\n<\/ul>\n<\/div><figure class=\"wp-block-media-text__media\"><img loading=\"lazy\" decoding=\"async\" width=\"500\" height=\"500\" src=\"https:\/\/tangooled.com\/wp-content\/uploads\/2025\/07\/stp01-ins.webp\" alt=\"down lighting 45 degree stair aluminum profile for 10mm strips\" class=\"wp-image-42205 size-full\" srcset=\"https:\/\/tangooled.com\/wp-content\/uploads\/2025\/07\/stp01-ins.webp 500w, https:\/\/tangooled.com\/wp-content\/uploads\/2025\/07\/stp01-ins-300x300.webp 300w, https:\/\/tangooled.com\/wp-content\/uploads\/2025\/07\/stp01-ins-150x150.webp 150w\" sizes=\"auto, (max-width: 500px) 100vw, 500px\" \/><\/figure><\/div>\n<\/div>\n\n\n\n<div class=\"wp-block-group has-background is-vertical is-layout-flex wp-container-core-group-is-layout-b429018a wp-block-group-is-layout-flex\" style=\"background-color:#f1f1f1f2;padding-top:var(--wp--preset--spacing--70);padding-bottom:var(--wp--preset--spacing--70)\">\n<h2 class=\"wp-block-heading\" style=\"padding-top:var(--wp--preset--spacing--40);padding-bottom:var(--wp--preset--spacing--40);font-size:25px;font-style:normal;font-weight:600;text-transform:capitalize\">lugares perfectos para usar este perfil de aluminio con iluminaci\u00f3n descendente a 45 grados<\/h2>\n\n\n\n<ul class=\"wp-block-list\">\n<li>Escaleras en hogares hechos de madera, azulejos o alfombra&nbsp;<\/li>\n\n\n\n<li>Hoteles y teatros que necesitan iluminaci\u00f3n de escaleras hermosa y segura<\/li>\n\n\n\n<li>Terrazas exteriores (con tiras LED a prueba de agua)<\/li>\n\n\n\n<li>Restaurantes y tiendas que desean escaleras seguras y atractivas<\/li>\n\n\n\n<li>Oficinas y edificios comerciales<\/li>\n<\/ul>\n<\/div>\n\n\n\n<div class=\"wp-block-group is-vertical is-layout-flex wp-container-core-group-is-layout-d255d7c4 wp-block-group-is-layout-flex\" style=\"padding-top:var(--wp--preset--spacing--80);padding-bottom:var(--wp--preset--spacing--80)\">\n<h2 class=\"wp-block-heading\" style=\"padding-top:var(--wp--preset--spacing--40);padding-bottom:var(--wp--preset--spacing--40);font-size:25px;font-style:normal;font-weight:600;text-transform:capitalize\">Productos Relacionados Que Te Puede Gustar<\/h2>\n\n\n\n<ul class=\"wp-block-list\">\n<li>Perfil LED de escalera con tira de goma para luces LED de 12mm: <a href=\"https:\/\/tangooled.com\/es\/product\/staircase-led-profile-with-rubber-strip-for-12mm-led-tape-lights\/\"><mark style=\"background-color:rgba(0, 0, 0, 0)\" class=\"has-inline-color has-vivid-red-color\">Perfil LED de Escalera<\/mark><\/a><\/li>\n\n\n\n<li>Perfil de aluminio para instalaci\u00f3n en superficie para tira LED de 10mm: <a href=\"https:\/\/tangooled.com\/es\/product\/surface-mount-aluminum-stair-nosing-profile-for-10mm-led-strip\/\"><mark style=\"background-color:rgba(0, 0, 0, 0)\" class=\"has-inline-color has-vivid-red-color\">Perfil de Aluminio para Escalera<\/mark><\/a><\/li>\n\n\n\n<li>Canal de aluminio en esquina de 45 grados para tiras LED de 10mm: <a href=\"https:\/\/tangooled.com\/es\/product\/45-degree-corner-led-aluminum-channel-for-10mm-led-strips\/\"><mark style=\"background-color:rgba(0, 0, 0, 0)\" class=\"has-inline-color has-vivid-red-color\">Canal LED en Esquina de 45 Grados<\/mark><\/a><\/li>\n<\/ul>\n<\/div>\n\n\n\n<div class=\"wp-block-group has-background\" style=\"background-color:#f1f1f1;padding-top:var(--wp--preset--spacing--80);padding-bottom:var(--wp--preset--spacing--80)\"><div class=\"wp-block-group__inner-container is-layout-constrained wp-block-group-is-layout-constrained\">\n<h2 class=\"wp-block-heading\" style=\"padding-top:var(--wp--preset--spacing--40);padding-bottom:var(--wp--preset--spacing--40);font-size:25px;font-style:normal;font-weight:600;text-transform:capitalize\">M\u00e1s sobre este perfil<\/h2>\n\n\n\n<p style=\"padding-right:var(--wp--preset--spacing--50);padding-left:var(--wp--preset--spacing--50)\">Nuestro perfil de aluminio con iluminaci\u00f3n descendente a 45 grados funciona como extrusi\u00f3n de iluminaci\u00f3n LED para escalera y canal de aluminio para iluminaci\u00f3n de pelda\u00f1os. Es perfecto tanto para escaleras nuevas como para actualizaciones. El brillo suave hace que tus escaleras parezcan flotar por la noche.<br>Este perfil tambi\u00e9n se llama perfil de iluminaci\u00f3n de escalera empotrada o una carcasa de aluminio para tiras LED. Ofrece una resistencia adecuada como perfil de escalera LED para que las personas puedan pisarlo de manera segura. Es una gran extrusi\u00f3n lineal LED para pelda\u00f1os y un canal en \u00e1ngulo ideal para cinta LED. \u00dasalo para iluminaci\u00f3n de perfil de escalera de montaje en superficie que se integre con tu decoraci\u00f3n.<\/p>\n<\/div><\/div>\n\n\n\n<p><\/p>","protected":false},"featured_media":13547,"template":"","meta":{"_acf_changed":true,"_seopress_robots_primary_cat":"none","_seopress_titles_title":"45 Degree Stair Aluminum Profile | Down-Lighting Step Channel STP01","_seopress_titles_desc":"The STP01 is a specialized 45 degree stair aluminum profile for down lighting. Designed for 10mm strips, this angled channel ensures glare-free step illumination and enhanced safety for modern staircases.","_seopress_robots_index":""},"pcb-width":[228],"product-cat":[200],"class_list":{"0":"post-35192","1":"product","2":"type-product","3":"status-publish","4":"has-post-thumbnail","6":"pcb-width-6-12mm","7":"product-cat-stair-nosing-profile"},"acf":[],"_links":{"self":[{"href":"https:\/\/tangooled.com\/es\/wp-json\/wp\/v2\/product\/35192","targetHints":{"allow":["GET"]}}],"collection":[{"href":"https:\/\/tangooled.com\/es\/wp-json\/wp\/v2\/product"}],"about":[{"href":"https:\/\/tangooled.com\/es\/wp-json\/wp\/v2\/types\/product"}],"wp:featuredmedia":[{"embeddable":true,"href":"https:\/\/tangooled.com\/es\/wp-json\/wp\/v2\/media\/13547"}],"wp:attachment":[{"href":"https:\/\/tangooled.com\/es\/wp-json\/wp\/v2\/media?parent=35192"}],"wp:term":[{"taxonomy":"pcb-width","embeddable":true,"href":"https:\/\/tangooled.com\/es\/wp-json\/wp\/v2\/pcb-width?post=35192"},{"taxonomy":"product-cat","embeddable":true,"href":"https:\/\/tangooled.com\/es\/wp-json\/wp\/v2\/product-cat?post=35192"}],"curies":[{"name":"wp","href":"https:\/\/api.w.org\/{rel}","templated":true}]}}