{"id":35175,"date":"2025-07-02T19:12:46","date_gmt":"2025-07-03T03:12:46","guid":{"rendered":"https:\/\/tangooled.com\/?post_type=product&#038;p=35175"},"modified":"2026-02-02T01:56:56","modified_gmt":"2026-02-02T09:56:56","slug":"shallow-recessed-floor-led-profile-10mm-deep","status":"publish","type":"product","link":"https:\/\/tangooled.com\/es\/product\/shallow-recessed-floor-led-profile-10mm-deep\/","title":{"rendered":"perfil LED de suelo empotrado poco profundo de 10 mm de profundidad"},"content":{"rendered":"<div class=\"wp-block-group is-vertical is-layout-flex wp-container-core-group-is-layout-d255d7c4 wp-block-group-is-layout-flex\" style=\"padding-top:var(--wp--preset--spacing--80);padding-bottom:var(--wp--preset--spacing--80)\">\n<p>Our FL01 shallow recessed floor LED profile is a great\u00a0way to provide clean, modern lighting. This slim\u00a0aluminum channel is 19.5mm wide and 10mm deep\u00a0on the outside. The inner width is\u00a011.4mm. It works with LED strips that are up to 10mm wide, so it&#8217;s great for simple floor lighting designs that can be walked on.<\/p>\n\n\n\n<p>Est\u00e1 integrado directamente en suelos, pasillos o terrazas para que se adapte perfectamente a la superficie. Este robusto perfil mantiene las cosas frescas y seguras al mismo tiempo. Crea f\u00e1cilmente l\u00edneas suaves de luz suave y duradera en su hogar o entorno comercial para un efecto arquitect\u00f3nico seguro y profesional.<\/p>\n<\/div>\n\n\n\n<div class=\"wp-block-group has-background is-vertical is-layout-flex wp-container-core-group-is-layout-d255d7c4 wp-block-group-is-layout-flex\" style=\"background-color:#f1f1f1;padding-top:var(--wp--preset--spacing--80);padding-bottom:var(--wp--preset--spacing--80)\">\n<div class=\"wp-block-group is-vertical is-layout-flex wp-container-core-group-is-layout-8cf370e7 wp-block-group-is-layout-flex\">\n<h2 class=\"wp-block-heading\" style=\"padding-top:var(--wp--preset--spacing--40);padding-bottom:var(--wp--preset--spacing--40);font-size:25px;font-style:normal;font-weight:600;text-transform:capitalize\">\u00bfPor qu\u00e9 elegir nuestro perfil LED empotrado en el suelo?<\/h2>\n\n\n\n<ul class=\"wp-block-list\">\n<li>Dise\u00f1o ultra delgado: Solo 10mm de profundidad para un empotrado poco profundo.<\/li>\n\n\n\n<li>Clasificaci\u00f3n para caminar: Lo suficientemente fuerte para que las personas caminen sobre \u00e9l en lugares p\u00fablicos y pasillos.<\/li>\n\n\n\n<li>Aluminio anodizado de alta calidad que act\u00faa como disipador de calor y resiste la oxidaci\u00f3n.<\/li>\n\n\n\n<li>Funciona con tiras LED de 10mm de ancho: Funciona con versiones SMD3528, COB y RGB.<\/li>\n\n\n\n<li>Difusor opalino: Hace que la luz sea suave y libre de puntos.<\/li>\n\n\n\n<li>Available in 2m and 3m lengths, so it&#8217;s easy to cut to size for any application.<\/li>\n\n\n\n<li>Se puede utilizar tanto en interiores como en exteriores en lugares semi-protegidos cuando se usa con tiras LED a prueba de agua.<\/li>\n<\/ul>\n<\/div>\n<\/div>\n\n\n\n<div class=\"wp-block-group\" style=\"padding-top:var(--wp--preset--spacing--60);padding-bottom:var(--wp--preset--spacing--60)\"><div class=\"wp-block-group__inner-container is-layout-constrained wp-block-group-is-layout-constrained\">\n<div class=\"wp-block-media-text has-media-on-the-right is-stacked-on-mobile\" style=\"grid-template-columns:auto 40%\"><div class=\"wp-block-media-text__content\">\n<h2 class=\"wp-block-heading\" style=\"padding-top:var(--wp--preset--spacing--40);padding-bottom:var(--wp--preset--spacing--40);font-size:25px;font-style:normal;font-weight:600;text-transform:capitalize\">F\u00e1cil de ensamblar<\/h2>\n\n\n\n<ul class=\"wp-block-list\">\n<li>Corta la ranura en el suelo: Una ranura de 10mm de profundidad que se adapta exactamente a la forma.<\/li>\n\n\n\n<li>Agrega el perfil: Coloca el canal de aluminio en la ranura para que est\u00e9 al mismo nivel que el suelo.<\/li>\n\n\n\n<li>Para mantenerlo en su lugar: Verifica si el suelo es lo suficientemente s\u00f3lido para que la gente camine.<\/li>\n\n\n\n<li>Agrega tiras LED: Coloca cualquier tira LED de 10mm de ancho que quepa dentro del perfil.<\/li>\n\n\n\n<li>Difusor de ajuste a presi\u00f3n: La tapa opalina se encaja sobre la tira y dispersa la luz.<\/li>\n\n\n\n<li>Coloca tapas en los extremos y s\u00e9lalas con silicona si necesitas evitar la humedad.<\/li>\n<\/ul>\n<\/div><figure class=\"wp-block-media-text__media\"><img loading=\"lazy\" decoding=\"async\" width=\"500\" height=\"500\" src=\"https:\/\/tangooled.com\/wp-content\/uploads\/2025\/07\/fl01-ins.webp\" alt=\"shallow recessed floor led profile 10mm deep\" class=\"wp-image-42242 size-full\" srcset=\"https:\/\/tangooled.com\/wp-content\/uploads\/2025\/07\/fl01-ins.webp 500w, https:\/\/tangooled.com\/wp-content\/uploads\/2025\/07\/fl01-ins-300x300.webp 300w, https:\/\/tangooled.com\/wp-content\/uploads\/2025\/07\/fl01-ins-150x150.webp 150w\" sizes=\"auto, (max-width: 500px) 100vw, 500px\" \/><\/figure><\/div>\n<\/div><\/div>\n\n\n\n<div class=\"wp-block-group has-background is-vertical is-layout-flex wp-container-core-group-is-layout-b429018a wp-block-group-is-layout-flex\" style=\"background-color:#f1f1f1f2;padding-top:var(--wp--preset--spacing--70);padding-bottom:var(--wp--preset--spacing--70)\">\n<h2 class=\"wp-block-heading\" style=\"padding-top:var(--wp--preset--spacing--40);padding-bottom:var(--wp--preset--spacing--40);font-size:25px;font-style:normal;font-weight:600;text-transform:capitalize\">Usos perfectos para el canal de 10mm de profundidad apto para caminar<\/h2>\n\n\n\n<p>Nuestro producto es ideal para muchas aplicaciones de iluminaci\u00f3n dentro y fuera:<\/p>\n\n\n\n<ul class=\"wp-block-list\">\n<li>Iluminaci\u00f3n integrada en el suelo: Inst\u00e1lalo al ras con cer\u00e1mica, madera, laminados o suelos de concreto.<\/li>\n\n\n\n<li>Luces para escaleras y pelda\u00f1os: Para hacerlas m\u00e1s seguras y elegantes, coloca luces en los bordes de las escaleras.<\/li>\n\n\n\n<li>Iluminaci\u00f3n de acento para caminos y pasillos: Usa perfiles LED clasificados para uso a pie y duraderos para formar l\u00edneas gu\u00eda.<\/li>\n\n\n\n<li>Exhibiciones para negocios y comercio: Ayuda a los consumidores a orientarse en el interior o a mostrar productos.<\/li>\n\n\n\n<li>Patios y terrazas (con impermeabilizaci\u00f3n): Coloca luces de suelo exteriores para hacerlos m\u00e1s acogedores.<\/li>\n<\/ul>\n<\/div>\n\n\n\n<div class=\"wp-block-group is-vertical is-layout-flex wp-container-core-group-is-layout-d255d7c4 wp-block-group-is-layout-flex\" style=\"padding-top:var(--wp--preset--spacing--80);padding-bottom:var(--wp--preset--spacing--80)\">\n<h2 class=\"wp-block-heading\" style=\"padding-top:var(--wp--preset--spacing--40);padding-bottom:var(--wp--preset--spacing--40);font-size:25px;font-style:normal;font-weight:600;text-transform:capitalize\">M\u00e1s productos relacionados<\/h2>\n\n\n\n<p>Explora estos perfiles LED de aluminio relacionados que complementan tu perfil LED empotrado en el suelo:<\/p>\n\n\n\n<ul class=\"wp-block-list\">\n<li><a href=\"https:\/\/tangooled.com\/es\/product\/black-led-profile-with-black-diffuser-for-10mm-led-strip-light\/\"><mark style=\"background-color:rgba(0, 0, 0, 0)\" class=\"has-inline-color has-vivid-red-color\">Perfil LED negro con difusor negro para luz de tira LED de 10mm<\/mark><\/a>.<\/li>\n\n\n\n<li><a href=\"https:\/\/tangooled.com\/es\/product\/surface-mount-led-profile-with-frosted-diffuser-for-10mm-rope-lights\/\"><mark style=\"background-color:rgba(0, 0, 0, 0)\" class=\"has-inline-color has-vivid-red-color\">Perfil LED de montaje en superficie con difusor esmerilado para luces de cuerda de 10 mm<\/mark><\/a>.<\/li>\n\n\n\n<li><a href=\"https:\/\/tangooled.com\/es\/product\/led-strip-light-channel-aluminum-profile-with-diffused-cover-6mm-height\/\"><mark style=\"background-color:rgba(0, 0, 0, 0)\" class=\"has-inline-color has-vivid-red-color\">Perfil de aluminio para canal de luz LED con cubierta difusa de 6 mm de altura<\/mark><\/a>.<\/li>\n\n\n\n<li><mark style=\"background-color:rgba(0, 0, 0, 0)\" class=\"has-inline-color has-vivid-red-color\"><a href=\"https:\/\/tangooled.com\/es\/product\/26mm-floor-recessed-led-aluminum-channel-for-12mm-led-strips\/\">Canal de aluminio empotrado en el suelo de 26 mm para tiras LED de 12 mm<\/a>.<\/mark><\/li>\n\n\n\n<li><a href=\"https:\/\/tangooled.com\/es\/product\/recessed-floor-step-edge-lighting-led-profile\/\"><mark style=\"background-color:rgba(0, 0, 0, 0)\" class=\"has-inline-color has-vivid-red-color\">Perfil LED de iluminaci\u00f3n de borde de escal\u00f3n empotrado<\/mark><\/a>.<\/li>\n<\/ul>\n<\/div>\n\n\n\n<div class=\"wp-block-group has-background\" style=\"background-color:#f1f1f1;padding-top:var(--wp--preset--spacing--80);padding-bottom:var(--wp--preset--spacing--80)\"><div class=\"wp-block-group__inner-container is-layout-constrained wp-block-group-is-layout-constrained\">\n<p style=\"padding-right:var(--wp--preset--spacing--50);padding-left:var(--wp--preset--spacing--50)\">The ideal choice for professional-grade floor lighting that can be walked on is our shallow recessed floor LED profile, which is 10mm deep. It works great in homes, offices, stores, and architectural projects, and it has a sleek look. With Tangooled&#8217;s TG-FL01, you can improve your lighting right now.<\/p>\n<\/div><\/div>\n\n\n\n<p><\/p>","protected":false},"featured_media":13524,"template":"","meta":{"_acf_changed":true,"_seopress_robots_primary_cat":"none","_seopress_titles_title":"Shallow Recessed Floor LED Profile | 10mm Deep Walk-over Channel | TANGOOLED","_seopress_titles_desc":"The FL01 is a premium shallow recessed floor LED profile with a slim 10mm depth. Designed for high-durability and walk-over safety, this aluminum channel is perfect for linear floor lighting in hallways and commercial spaces.","_seopress_robots_index":""},"pcb-width":[228],"product-cat":[199],"class_list":{"0":"post-35175","1":"product","2":"type-product","3":"status-publish","4":"has-post-thumbnail","6":"pcb-width-6-12mm","7":"product-cat-inground-profile"},"acf":[],"_links":{"self":[{"href":"https:\/\/tangooled.com\/es\/wp-json\/wp\/v2\/product\/35175","targetHints":{"allow":["GET"]}}],"collection":[{"href":"https:\/\/tangooled.com\/es\/wp-json\/wp\/v2\/product"}],"about":[{"href":"https:\/\/tangooled.com\/es\/wp-json\/wp\/v2\/types\/product"}],"wp:featuredmedia":[{"embeddable":true,"href":"https:\/\/tangooled.com\/es\/wp-json\/wp\/v2\/media\/13524"}],"wp:attachment":[{"href":"https:\/\/tangooled.com\/es\/wp-json\/wp\/v2\/media?parent=35175"}],"wp:term":[{"taxonomy":"pcb-width","embeddable":true,"href":"https:\/\/tangooled.com\/es\/wp-json\/wp\/v2\/pcb-width?post=35175"},{"taxonomy":"product-cat","embeddable":true,"href":"https:\/\/tangooled.com\/es\/wp-json\/wp\/v2\/product-cat?post=35175"}],"curies":[{"name":"wp","href":"https:\/\/api.w.org\/{rel}","templated":true}]}}