{"id":35173,"date":"2025-07-02T18:58:37","date_gmt":"2025-07-03T02:58:37","guid":{"rendered":"https:\/\/tangooled.com\/?post_type=product&#038;p=35173"},"modified":"2026-01-26T19:57:03","modified_gmt":"2026-01-27T03:57:03","slug":"up-down-illumination-pendant-led-profile-sgd5470","status":"publish","type":"product","link":"https:\/\/tangooled.com\/es\/product\/up-down-illumination-pendant-led-profile-sgd5470\/","title":{"rendered":"SGD5470: Perfil LED colgante de iluminaci\u00f3n ascendente y descendente"},"content":{"rendered":"<div class=\"wp-block-group\" style=\"padding-top:var(--wp--preset--spacing--80);padding-bottom:var(--wp--preset--spacing--80)\"><div class=\"wp-block-group__inner-container is-layout-constrained wp-block-group-is-layout-constrained\">\n<p>El perfil LED colgante de iluminaci\u00f3n hacia arriba y hacia abajo SGD5470 es la soluci\u00f3n ideal para todas tus necesidades modernas de iluminaci\u00f3n. Este canal de extrusi\u00f3n de aluminio de alta calidad est\u00e1 dise\u00f1ado para iluminaci\u00f3n dual, por lo que puede iluminar tanto hacia arriba como hacia abajo en una elegante l\u00e1mpara lineal. El perfil de aluminio funciona con tiras de LED flexibles y r\u00edgidas. Tiene una excelente gesti\u00f3n t\u00e9rmica, una difusi\u00f3n de luz suave y opciones de instalaci\u00f3n suspendida que permiten iluminar cualquier espacio comercial, residencial o de hospitalidad con estilo y funcionalidad.<\/p>\n\n\n\n<p>El perfil LED colgante de iluminaci\u00f3n hacia arriba y hacia abajo SGD5470 es tanto elegante como pr\u00e1ctico. La robusta estructura de aluminio mantiene frescas las tiras de LED, lo que las hace durar m\u00e1s y mantener su brillo a lo largo del tiempo. El dise\u00f1o de doble canal permite dos tiras de LED, lo que te permite crear efectos de iluminaci\u00f3n sofisticados como iluminaci\u00f3n de pared, brillo en el techo o luz \u00fatil combinada iluminando tanto la parte superior como la inferior del espacio.<\/p>\n<\/div><\/div>\n\n\n\n<div class=\"wp-block-group has-background\" style=\"background-color:#f1f1f1;padding-top:var(--wp--preset--spacing--80);padding-bottom:var(--wp--preset--spacing--80)\"><div class=\"wp-block-group__inner-container is-layout-constrained wp-block-group-is-layout-constrained\">\n<div class=\"wp-block-group\" style=\"padding-top:var(--wp--preset--spacing--40);padding-bottom:var(--wp--preset--spacing--40)\"><div class=\"wp-block-group__inner-container is-layout-constrained wp-block-group-is-layout-constrained\">\n<h2 class=\"wp-block-heading\" style=\"padding-top:var(--wp--preset--spacing--40);padding-bottom:var(--wp--preset--spacing--40);font-size:25px;font-style:normal;font-weight:600;text-transform:capitalize\">\u00bfPor qu\u00e9 elegir este perfil LED colgante de iluminaci\u00f3n hacia arriba y hacia abajo?<\/h2>\n\n\n\n<ul class=\"wp-block-list\">\n<li> Iluminaci\u00f3n dual: Iluminaci\u00f3n brillante de tareas hacia abajo con suave luz ambiental hacia arriba.<\/li>\n\n\n\n<li> Material de alta calidad: Fabricado en aluminio anodizado 6063-T5, que es resistente y permite una buena disipaci\u00f3n del calor.<\/li>\n\n\n\n<li>Iluminaci\u00f3n suave, sin puntos: El difusor de policarbonato esmerilado asegura que los puntos LED no sean visibles.<\/li>\n\n\n\n<li>Montaje vers\u00e1til: El sistema de suspensi\u00f3n colgante funciona bien en oficinas, cocinas, negocios y m\u00e1s.<\/li>\n\n\n\n<li>Dise\u00f1o personalizable y modular: Cortar a medida o conectar perfiles para largas instalaciones que nunca terminan.<\/li>\n<\/ul>\n<\/div><\/div>\n<\/div><\/div>\n\n\n\n<div class=\"wp-block-group\" style=\"padding-top:var(--wp--preset--spacing--80);padding-bottom:var(--wp--preset--spacing--80)\"><div class=\"wp-block-group__inner-container is-layout-constrained wp-block-group-is-layout-constrained\">\n<h2 class=\"wp-block-heading\" style=\"font-size:25px;font-style:normal;font-weight:600;text-transform:capitalize\">Aplicaci\u00f3n e instalaci\u00f3n<\/h2>\n\n\n\n<p style=\"padding-top:var(--wp--preset--spacing--40);padding-bottom:var(--wp--preset--spacing--40)\">El perfil LED colgante de iluminaci\u00f3n hacia arriba y hacia abajo SGD5470 es ideal para cualquier lugar que necesite iluminaci\u00f3n arquitect\u00f3nica equilibrada:<\/p>\n\n\n\n<div class=\"wp-block-media-text has-media-on-the-right is-stacked-on-mobile\" style=\"grid-template-columns:auto 40%\"><div class=\"wp-block-media-text__content\">\n<ul class=\"wp-block-list\">\n<li>Para un entorno de trabajo productivo, ilumina las estaciones de trabajo y los techos al mismo tiempo en oficinas y salas de conferencias.<\/li>\n\n\n\n<li>Para islas de cocina y espacios de comedor, una luz brillante hacia abajo y un c\u00e1lido resplandor ambiental hacia arriba.<\/li>\n\n\n\n<li>Tiendas y boutiques: Haz que los productos se destaquen y mant\u00e9n el espacio acogedor.<\/li>\n\n\n\n<li>Vest\u00edbulos de hoteles y restaurantes: Sistemas colgantes elegantes que iluminan bien la habitaci\u00f3n.<\/li>\n\n\n\n<li>Galer\u00edas de arte y museos: Perfecto para una iluminaci\u00f3n suave y pr\u00e1ctica con efectos de lavado en la pared.<\/li>\n\n\n\n<li>Este perfil se instala como un sistema de suspensi\u00f3n colgante con kits de cable. El difusor esmerilado de encastre oculta los puntos calientes de LED y proporciona una l\u00ednea de luz suave.<\/li>\n<\/ul>\n<\/div><figure class=\"wp-block-media-text__media\"><img loading=\"lazy\" decoding=\"async\" width=\"500\" height=\"500\" src=\"https:\/\/tangooled.com\/wp-content\/uploads\/2025\/07\/sgd5470-ins.webp\" alt=\"up and down illumination pendant aluminum led strip mounting profile sgd5470\" class=\"wp-image-41053 size-full\" srcset=\"https:\/\/tangooled.com\/wp-content\/uploads\/2025\/07\/sgd5470-ins.webp 500w, https:\/\/tangooled.com\/wp-content\/uploads\/2025\/07\/sgd5470-ins-300x300.webp 300w, https:\/\/tangooled.com\/wp-content\/uploads\/2025\/07\/sgd5470-ins-150x150.webp 150w\" sizes=\"auto, (max-width: 500px) 100vw, 500px\" \/><\/figure><\/div>\n<\/div><\/div>\n\n\n\n<div class=\"wp-block-group has-background is-vertical is-layout-flex wp-container-core-group-is-layout-b429018a wp-block-group-is-layout-flex\" style=\"background-color:#f1f1f1f2;padding-top:var(--wp--preset--spacing--70);padding-bottom:var(--wp--preset--spacing--70)\">\n<h2 class=\"wp-block-heading\" style=\"padding-top:var(--wp--preset--spacing--40);padding-bottom:var(--wp--preset--spacing--40);font-size:25px;font-style:normal;font-weight:600;text-transform:capitalize\">what&#8217;s can you get from the kit?<\/h2>\n\n\n\n<ul class=\"wp-block-list\">\n<li>Un canal de aluminio de alta calidad.<\/li>\n\n\n\n<li>Una cubierta difusora opal para difundir la luz.<\/li>\n\n\n\n<li>Dos tapas met\u00e1licas de extremo.<\/li>\n\n\n\n<li>Kit de cable de suspensi\u00f3n.<\/li>\n<\/ul>\n<\/div>\n\n\n\n<div class=\"wp-block-group\" style=\"padding-top:var(--wp--preset--spacing--80);padding-bottom:var(--wp--preset--spacing--80)\"><div class=\"wp-block-group__inner-container is-layout-constrained wp-block-group-is-layout-constrained\">\n<h2 class=\"wp-block-heading\" style=\"padding-top:var(--wp--preset--spacing--40);padding-bottom:var(--wp--preset--spacing--40);font-size:25px;font-style:normal;font-weight:600;text-transform:capitalize\">productos relacionados<\/h2>\n\n\n\n<p>Explora m\u00e1s opciones en perfiles LED de aluminio para adaptarse a tus necesidades:<\/p>\n\n\n\n<ul class=\"wp-block-list\">\n<li><a href=\"https:\/\/tangooled.com\/es\/product\/black-led-diffuser-aluminum-channel-for-12mm-tape-lights\/\"><mark style=\"background-color:rgba(0, 0, 0, 0)\" class=\"has-inline-color has-vivid-red-color\">Canal de aluminio difusor LED negro para luces de cinta de 12 mm<\/mark><\/a><\/li>\n\n\n\n<li><a href=\"https:\/\/tangooled.com\/es\/product\/surface-mount-led-profile-with-frosted-diffuser-for-10mm-rope-lights\/\"><mark style=\"background-color:rgba(0, 0, 0, 0)\" class=\"has-inline-color has-vivid-red-color\">Perfil LED de montaje en superficie con difusor esmerilado para luces de cuerda de 10 mm<\/mark><\/a><\/li>\n\n\n\n<li><a href=\"https:\/\/tangooled.com\/es\/product\/aluminum-profile-with-60-degree-lens-led-diffuser\/\"><mark style=\"background-color:rgba(0, 0, 0, 0)\" class=\"has-inline-color has-vivid-red-color\">Perfil de aluminio con difusor LED de lente de 60 grados<\/mark><\/a><\/li>\n\n\n\n<li><a href=\"https:\/\/tangooled.com\/es\/product\/led-strip-light-channel-aluminum-profile-with-diffused-cover-6mm-height\/\"><mark style=\"background-color:rgba(0, 0, 0, 0)\" class=\"has-inline-color has-vivid-red-color\">Perfil de aluminio para canal de luz LED con cubierta difusa de 6 mm de altura<\/mark><\/a><\/li>\n<\/ul>\n<\/div><\/div>\n\n\n\n<p>El perfil LED colgante de iluminaci\u00f3n hacia arriba y hacia abajo SGD5470 est\u00e1 construido para estilo y rendimiento. \u00a1Mejora tu dise\u00f1o de iluminaci\u00f3n hoy!<\/p>","protected":false},"featured_media":35146,"template":"","meta":{"_acf_changed":true,"_seopress_robots_primary_cat":"none","_seopress_titles_title":"Up Down Illumination Pendant LED Profile | SGD5470 Dual-Sided Glow | TANGOOLED","_seopress_titles_desc":"The SGD5470 is a premium up down illumination pendant led profile. Featuring dual-sided light output, this 54x70mm aluminum channel creates both direct and indirect lighting for high-end office interiors.","_seopress_robots_index":""},"pcb-width":[231],"product-cat":[194],"class_list":{"0":"post-35173","1":"product","2":"type-product","3":"status-publish","4":"has-post-thumbnail","6":"pcb-width-25-35mm","7":"product-cat-suspended-profile"},"acf":[],"_links":{"self":[{"href":"https:\/\/tangooled.com\/es\/wp-json\/wp\/v2\/product\/35173","targetHints":{"allow":["GET"]}}],"collection":[{"href":"https:\/\/tangooled.com\/es\/wp-json\/wp\/v2\/product"}],"about":[{"href":"https:\/\/tangooled.com\/es\/wp-json\/wp\/v2\/types\/product"}],"wp:featuredmedia":[{"embeddable":true,"href":"https:\/\/tangooled.com\/es\/wp-json\/wp\/v2\/media\/35146"}],"wp:attachment":[{"href":"https:\/\/tangooled.com\/es\/wp-json\/wp\/v2\/media?parent=35173"}],"wp:term":[{"taxonomy":"pcb-width","embeddable":true,"href":"https:\/\/tangooled.com\/es\/wp-json\/wp\/v2\/pcb-width?post=35173"},{"taxonomy":"product-cat","embeddable":true,"href":"https:\/\/tangooled.com\/es\/wp-json\/wp\/v2\/product-cat?post=35173"}],"curies":[{"name":"wp","href":"https:\/\/api.w.org\/{rel}","templated":true}]}}