{"id":35169,"date":"2025-07-02T18:51:56","date_gmt":"2025-07-03T02:51:56","guid":{"rendered":"https:\/\/tangooled.com\/?post_type=product&#038;p=35169"},"modified":"2026-01-26T19:47:11","modified_gmt":"2026-01-27T03:47:11","slug":"sg7575-75mm-pendant-led-channel-middle-tray-quad-row","status":"publish","type":"product","link":"https:\/\/tangooled.com\/es\/product\/sg7575-75mm-pendant-led-channel-middle-tray-quad-row\/","title":{"rendered":"SG7575: Canal LED colgante de 75x75mm con bandeja central (compatible con fila cu\u00e1druple)"},"content":{"rendered":"<div class=\"wp-block-group\" style=\"padding-top:var(--wp--preset--spacing--80);padding-bottom:var(--wp--preset--spacing--80)\"><div class=\"wp-block-group__inner-container is-layout-constrained wp-block-group-is-layout-constrained\">\n<p>Este canal LED colgante de 75mm con bandeja central es un poderoso luminario lineal arquitect\u00f3nico que mejorar\u00e1 cualquier \u00e1rea comercial o profesional.<\/p>\n\n\n\n<p>Este canal LED de 75mm de ancho est\u00e1 hecho de aluminio resistente y est\u00e1 dise\u00f1ado para proporcionar una iluminaci\u00f3n general potente y uniforme. El dise\u00f1o integrado es su caracter\u00edstica clave. La amplia bandeja interior puede sostener cuatro tiras LED lado a lado, y lo m\u00e1s significativo es que oculta los controladores (fuente de alimentaci\u00f3n) de manera segura en su interior.<\/p>\n\n\n\n<p>Este alojamiento incorporado elimina la necesidad de cajas externas voluminosas o cables enredados, lo que resulta en una instalaci\u00f3n ordenada, profesional y visualmente atractiva. El SG7575 ofrece una l\u00ednea continua de luz elegante, lo que lo hace ideal para usar en oficinas, tiendas minoristas, hoteles y hospitalidad, y otras aplicaciones de iluminaci\u00f3n arquitect\u00f3nica de alta gama.<\/p>\n\n\n\n<p>Elige el SG7575 para iluminar tu habitaci\u00f3n con luz de gran potencia mientras mantienes una apariencia simple y ordenada.<\/p>\n<\/div><\/div>\n\n\n\n<div class=\"wp-block-group has-background is-vertical is-layout-flex wp-container-core-group-is-layout-d255d7c4 wp-block-group-is-layout-flex\" style=\"background-color:#f1f1f1;padding-top:var(--wp--preset--spacing--80);padding-bottom:var(--wp--preset--spacing--80)\">\n<div class=\"wp-block-group is-vertical is-layout-flex wp-container-core-group-is-layout-8cf370e7 wp-block-group-is-layout-flex\">\n<h2 class=\"wp-block-heading\" style=\"padding-top:var(--wp--preset--spacing--40);padding-bottom:var(--wp--preset--spacing--40);font-size:25px;font-style:normal;font-weight:600;text-transform:capitalize\">\u00bfPor qu\u00e9 elegir el canal LED colgante de 75mm con bandeja central?<\/h2>\n\n\n\n<ul class=\"wp-block-list\">\n<li>La bandeja central del canal sostiene cuatro tiras de cinta LED, que emiten una luz extremadamente brillante.<\/li>\n\n\n\n<li>El controlador de potencia y los cables est\u00e1n ocultos por la bandeja central, lo que le da un aspecto ordenado.<\/li>\n\n\n\n<li>Hecho de una extrusi\u00f3n de aluminio anodizado robusto que mantiene las luces frescas.<\/li>\n\n\n\n<li>Viene con un difusor esmerilado que hace que la luz sea suave y sin puntos.&nbsp;<\/li>\n\n\n\n<li>Se puede colgar del techo como un sistema de canal suspendido.<\/li>\n<\/ul>\n<\/div>\n<\/div>\n\n\n\n<div class=\"wp-block-group\" style=\"padding-top:var(--wp--preset--spacing--60);padding-bottom:var(--wp--preset--spacing--60)\"><div class=\"wp-block-group__inner-container is-layout-constrained wp-block-group-is-layout-constrained\">\n<div class=\"wp-block-media-text has-media-on-the-right is-stacked-on-mobile\"><div class=\"wp-block-media-text__content\">\n<h2 class=\"wp-block-heading\" style=\"padding-top:var(--wp--preset--spacing--40);padding-bottom:var(--wp--preset--spacing--40);font-size:25px;font-style:normal;font-weight:600;text-transform:capitalize\">D\u00f3nde usar el canal colgante SG7575<\/h2>\n\n\n\n<ul class=\"wp-block-list\">\n<li>Oficinas modernas: Luces brillantes y sin deslumbramiento para escritorios y salas de reuniones.<\/li>\n\n\n\n<li>Tiendas minoristas: Luces brillantes en los pasillos que se ven bien.<\/li>\n\n\n\n<li>Hoteles y restaurantes: Buena iluminaci\u00f3n en el vest\u00edbulo y los espacios de comedor.<\/li>\n\n\n\n<li>Iluminaci\u00f3n arquitect\u00f3nica: Usa este amplio canal LED para hacer una declaraci\u00f3n en pasillos o grandes habitaciones.<\/li>\n\n\n\n<li>Iluminaci\u00f3n de tareas: Luz brillante y directa sobre estaciones de trabajo o mostradores que la necesiten.<\/li>\n<\/ul>\n<\/div><figure class=\"wp-block-media-text__media\"><img loading=\"lazy\" decoding=\"async\" width=\"500\" height=\"500\" src=\"https:\/\/tangooled.com\/wp-content\/uploads\/2025\/07\/sg7575-ins.webp\" alt=\"sg7575 pendant led tape mounting channel with middle tray for quad row led strips\" class=\"wp-image-41070 size-full\" srcset=\"https:\/\/tangooled.com\/wp-content\/uploads\/2025\/07\/sg7575-ins.webp 500w, https:\/\/tangooled.com\/wp-content\/uploads\/2025\/07\/sg7575-ins-300x300.webp 300w, https:\/\/tangooled.com\/wp-content\/uploads\/2025\/07\/sg7575-ins-150x150.webp 150w\" sizes=\"auto, (max-width: 500px) 100vw, 500px\" \/><\/figure><\/div>\n<\/div><\/div>\n\n\n\n<div class=\"wp-block-group has-background\" style=\"background-color:#f1f1f1;padding-top:var(--wp--preset--spacing--80);padding-bottom:var(--wp--preset--spacing--80)\"><div class=\"wp-block-group__inner-container is-layout-constrained wp-block-group-is-layout-constrained\">\n<h2 class=\"wp-block-heading\" style=\"font-size:25px;font-style:normal;font-weight:600;text-transform:capitalize\">D\u00f3nde usar el canal LED colgante SG7575<\/h2>\n\n\n\n<ul class=\"wp-block-list\">\n<li>Oficinas modernas: Luces brillantes y sin deslumbramiento para escritorios y salas de reuniones.<\/li>\n\n\n\n<li>Tiendas minoristas: Luces brillantes en los pasillos que se ven bien.<\/li>\n\n\n\n<li>Hoteles y restaurantes: Buena iluminaci\u00f3n en el vest\u00edbulo y los espacios de comedor.<\/li>\n\n\n\n<li>Iluminaci\u00f3n arquitect\u00f3nica: Usa este amplio canal LED para hacer una declaraci\u00f3n en pasillos o grandes habitaciones.<\/li>\n\n\n\n<li>Iluminaci\u00f3n de tareas: Luz brillante y directa sobre estaciones de trabajo o mostradores que la necesiten.<\/li>\n<\/ul>\n<\/div><\/div>\n\n\n\n<div class=\"wp-block-group is-vertical is-layout-flex wp-container-core-group-is-layout-b429018a wp-block-group-is-layout-flex\" style=\"padding-top:var(--wp--preset--spacing--70);padding-bottom:var(--wp--preset--spacing--70)\">\n<h2 class=\"wp-block-heading\" style=\"font-size:25px;font-style:normal;font-weight:600\">What\u2019s in the Box?<\/h2>\n\n\n\n<ul class=\"wp-block-list\">\n<li>1x canal LED de aluminio SG7575 (en la longitud que elijas)<\/li>\n\n\n\n<li>1x cubierta de lente opalina (tipo de encaje)<\/li>\n\n\n\n<li>2x tapas finales met\u00e1licas<\/li>\n\n\n\n<li>1x kit de suspensi\u00f3n<\/li>\n<\/ul>\n<\/div>\n\n\n\n<div class=\"wp-block-group has-background is-vertical is-layout-flex wp-container-core-group-is-layout-d255d7c4 wp-block-group-is-layout-flex\" style=\"background-color:#f1f1f1;padding-top:var(--wp--preset--spacing--80);padding-bottom:var(--wp--preset--spacing--80)\">\n<h2 class=\"wp-block-heading\" style=\"padding-top:var(--wp--preset--spacing--40);padding-bottom:var(--wp--preset--spacing--40);font-size:25px;font-style:normal;font-weight:600;text-transform:capitalize\">M\u00e1s sobre el canal LED colgante SG7575<\/h2>\n\n\n\n<p style=\"padding-right:var(--wp--preset--spacing--50);padding-left:var(--wp--preset--spacing--50)\">Esta es una extrusi\u00f3n de aluminio de grado profesional que puede sostener hasta cuatro filas de cinta LED y crear una iluminaci\u00f3n lineal potente y elegante. El controlador y los cables est\u00e1n ocultos en la parte trasera de la bandeja central, para que tu techo se vea limpio. La cubierta de lente esmerilada en las luces de tira de cuatro filas emite un brillo uniforme sin puntos. El canal de aluminio anodizado es extremadamente duradero y tambi\u00e9n funciona como un disipador de calor. El SG7575 es excelente para iluminaci\u00f3n comercial, iluminaci\u00f3n de oficinas, pasillos minoristas y entornos de hospitalidad.<\/p>\n\n\n\n<p style=\"padding-right:var(--wp--preset--spacing--50);padding-left:var(--wp--preset--spacing--50)\">Si buscas una luz brillante que se vea bien y dure mucho tiempo, obt\u00e9n este canal LED de grado arquitect\u00f3nico.<\/p>\n<\/div>\n\n\n\n<div class=\"wp-block-group\" style=\"padding-top:var(--wp--preset--spacing--80);padding-bottom:var(--wp--preset--spacing--80)\"><div class=\"wp-block-group__inner-container is-layout-constrained wp-block-group-is-layout-constrained\">\n<h2 class=\"wp-block-heading\" style=\"font-size:25px;font-style:normal;font-weight:600;text-transform:capitalize\">Aprende m\u00e1s sobre canales LED relacionados<\/h2>\n\n\n\n<ul class=\"wp-block-list\">\n<li><a href=\"https:\/\/tangooled.com\/es\/product\/black-led-diffuser-aluminum-channel-for-12mm-tape-lights\/\"><mark style=\"background-color:rgba(0, 0, 0, 0)\" class=\"has-inline-color has-vivid-red-color\">Canal de aluminio difusor LED negro para luces de cinta de 12 mm<\/mark><\/a><\/li>\n\n\n\n<li><a href=\"https:\/\/tangooled.com\/es\/product\/surface-mount-led-profile-with-frosted-diffuser-for-10mm-rope-lights\/\"><mark style=\"background-color:rgba(0, 0, 0, 0)\" class=\"has-inline-color has-vivid-red-color\">Perfil LED de montaje en superficie con difusor esmerilado para luces de cuerda de 10 mm<\/mark><\/a><\/li>\n\n\n\n<li><a href=\"https:\/\/tangooled.com\/es\/product\/25x14m-surface-mounted-led-light-aluminum-profile\/\"><mark style=\"background-color:rgba(0, 0, 0, 0)\" class=\"has-inline-color has-vivid-red-color\">Perfil de luz LED de aluminio montado en superficie de 25x14m<\/mark><\/a><\/li>\n\n\n\n<li><a href=\"https:\/\/tangooled.com\/es\/product\/75x75mm-pendant-aluminum-led-channel-with-space-for-led-driver\/\"><mark style=\"background-color:rgba(0, 0, 0, 0)\" class=\"has-inline-color has-vivid-red-color\">Canal LED de aluminio colgante de 75x75mm con espacio para el controlador LED<\/mark><\/a><\/li>\n<\/ul>\n\n\n\n<p>El canal de montaje de cinta LED colgante SG7575 con bandeja central para tiras LED de fila cu\u00e1druple es la mejor soluci\u00f3n para que logres una iluminaci\u00f3n lineal brillante, suave y profesional. Explora m\u00e1s opciones para proyectos de luminarias lineales en<a href=\"https:\/\/tangooled.com\/es\/led-profiles\/\"> <mark style=\"background-color:rgba(0, 0, 0, 0)\" class=\"has-inline-color has-vivid-red-color\">la p\u00e1gina de productos TANGOOLED.<\/mark><\/a><\/p>\n<\/div><\/div>","protected":false},"featured_media":35142,"template":"","meta":{"_acf_changed":true,"_seopress_robots_primary_cat":"none","_seopress_titles_title":"75mm Pendant LED Channel with Middle Tray | Quad-Row Support | TANGOOLED","_seopress_titles_desc":"The SG7575 is a robust 75mm pendant led channel featuring a middle tray for quad-row LED strips. Designed for heavy-duty commercial lighting, it provides ample space for internal drivers and superior heat dissipation.","_seopress_robots_index":""},"pcb-width":[232],"product-cat":[194],"class_list":{"0":"post-35169","1":"product","2":"type-product","3":"status-publish","4":"has-post-thumbnail","6":"pcb-width-35-45mm","7":"product-cat-suspended-profile"},"acf":[],"_links":{"self":[{"href":"https:\/\/tangooled.com\/es\/wp-json\/wp\/v2\/product\/35169","targetHints":{"allow":["GET"]}}],"collection":[{"href":"https:\/\/tangooled.com\/es\/wp-json\/wp\/v2\/product"}],"about":[{"href":"https:\/\/tangooled.com\/es\/wp-json\/wp\/v2\/types\/product"}],"wp:featuredmedia":[{"embeddable":true,"href":"https:\/\/tangooled.com\/es\/wp-json\/wp\/v2\/media\/35142"}],"wp:attachment":[{"href":"https:\/\/tangooled.com\/es\/wp-json\/wp\/v2\/media?parent=35169"}],"wp:term":[{"taxonomy":"pcb-width","embeddable":true,"href":"https:\/\/tangooled.com\/es\/wp-json\/wp\/v2\/pcb-width?post=35169"},{"taxonomy":"product-cat","embeddable":true,"href":"https:\/\/tangooled.com\/es\/wp-json\/wp\/v2\/product-cat?post=35169"}],"curies":[{"name":"wp","href":"https:\/\/api.w.org\/{rel}","templated":true}]}}