{"id":35151,"date":"2025-07-02T18:41:59","date_gmt":"2025-07-03T02:41:59","guid":{"rendered":"https:\/\/tangooled.com\/?post_type=product&#038;p=35151"},"modified":"2026-01-29T23:59:40","modified_gmt":"2026-01-30T07:59:40","slug":"suspended-led-extrusion-profile-70mm-height","status":"publish","type":"product","link":"https:\/\/tangooled.com\/es\/product\/suspended-led-extrusion-profile-70mm-height\/","title":{"rendered":"perfil de extrusi\u00f3n LED suspendido de 70 mm de altura"},"content":{"rendered":"<div class=\"wp-block-group is-vertical is-layout-flex wp-container-core-group-is-layout-d255d7c4 wp-block-group-is-layout-flex\" style=\"padding-top:var(--wp--preset--spacing--80);padding-bottom:var(--wp--preset--spacing--80)\">\n<p>Este perfil de extrusi\u00f3n LED suspendido de 70 mm de altura es un accesorio lineal robusto para \u00e1reas comerciales y profesionales modernas. El canal de 70 mm de profundidad est\u00e1 hecho de aluminio duradero y tiene excelentes capacidades de disipaci\u00f3n de calor, lo que hace que las tiras LED duren m\u00e1s.<\/p>\n\n\n\n<p>Tiene un difusor de policarbonato que transforma los LEDs brillantes en una l\u00ednea de luz suave y uniforme que evita el deslumbramiento. El dise\u00f1o amplio tambi\u00e9n te brinda suficiente espacio interno para ocultar los controladores de alimentaci\u00f3n de manera ordenada.<br>Este perfil te ofrece las m\u00e1ximas posibilidades de instalaci\u00f3n: montaje suspendido elegante (con un kit de cable de acero), montaje en superficie limpio e instalaci\u00f3n suave en pared (empotrada).<\/p>\n<\/div>\n\n\n\n<div class=\"wp-block-group has-background\" style=\"background-color:#f1f1f1;padding-top:var(--wp--preset--spacing--80);padding-bottom:var(--wp--preset--spacing--80)\"><div class=\"wp-block-group__inner-container is-layout-constrained wp-block-group-is-layout-constrained\">\n<div class=\"wp-block-group is-vertical is-layout-flex wp-container-core-group-is-layout-8cf370e7 wp-block-group-is-layout-flex\">\n<h2 class=\"wp-block-heading\" style=\"padding-top:var(--wp--preset--spacing--40);padding-bottom:var(--wp--preset--spacing--40);font-size:25px;font-style:normal;font-weight:600;text-transform:capitalize\">\u00bfPor qu\u00e9 elegir nuestra extrusi\u00f3n LED suspendida de 70 mm de profundidad?<\/h2>\n\n\n\n<ul class=\"wp-block-list\">\n<li>Profundidad de 70 mm: ideal para grandes habitaciones o techos altos. La forma profunda se adapta a un canal de cinta LED de dos filas, que proporciona una luz fuerte y eficiente.<\/li>\n\n\n\n<li>Mejor gesti\u00f3n t\u00e9rmica: El aluminio es un perfil muy eficiente para disipar el calor que mantiene los LEDs fr\u00edos para que duren m\u00e1s.<\/li>\n\n\n\n<li>Sin puntos: Utiliza nuestro canal de aluminio difusor LED opal para una luz suave y homog\u00e9nea que es ideal para el confort visual.<\/li>\n\n\n\n<li>F\u00e1cil de instalar: Puedes cortar el perfil a medida en el lugar o conectar varias piezas usando uniones lineales para extrusiones. Los kits de suspensi\u00f3n ajustables te permiten establecer la altura justo como deseas.<\/li>\n\n\n\n<li>Acabado opcional: anodizado plateado, recubrimiento en polvo negro o colores RAL personalizados que se ajusten a tu decoraci\u00f3n.<\/li>\n<\/ul>\n<\/div>\n<\/div><\/div>\n\n\n\n<div class=\"wp-block-group\" style=\"padding-top:var(--wp--preset--spacing--60);padding-bottom:var(--wp--preset--spacing--60)\"><div class=\"wp-block-group__inner-container is-layout-constrained wp-block-group-is-layout-constrained\">\n<div class=\"wp-block-media-text has-media-on-the-right is-stacked-on-mobile\"><div class=\"wp-block-media-text__content\">\n<h2 class=\"wp-block-heading\" style=\"padding-top:var(--wp--preset--spacing--40);padding-bottom:var(--wp--preset--spacing--40);font-size:25px;font-style:normal;font-weight:600;text-transform:capitalize\">Accesorios para un Sistema Completo<\/h2>\n\n\n\n<p>To finish your project, you\u2019ll need some key items:<\/p>\n\n\n\n<ul class=\"wp-block-list\">\n<li>Los kits de suspensi\u00f3n ajustables tienen cables de acero que puedes colgar del techo.<\/li>\n\n\n\n<li>Uniones lineales: conecta varios perfiles para hacer tramos largos y suaves<\/li>\n\n\n\n<li>Tapas finales: opciones con agujeros para cables para que el cableado parezca ordenado<\/li>\n\n\n\n<li>Soportes de montaje: para colocarlo en una pared u otra superficie en lugar de colgarlo<\/li>\n\n\n\n<li>Controladores LED que funcionan con una selecci\u00f3n de tiras LED y te permiten atenuar las luces<\/li>\n<\/ul>\n<\/div><figure class=\"wp-block-media-text__media\"><img loading=\"lazy\" decoding=\"async\" width=\"500\" height=\"500\" src=\"https:\/\/tangooled.com\/wp-content\/uploads\/2025\/07\/sg5470-ins.webp\" alt=\"perfil de extrusi\u00f3n LED suspendido de 70 mm de altura\" class=\"wp-image-41080 size-full\" srcset=\"https:\/\/tangooled.com\/wp-content\/uploads\/2025\/07\/sg5470-ins.webp 500w, https:\/\/tangooled.com\/wp-content\/uploads\/2025\/07\/sg5470-ins-300x300.webp 300w, https:\/\/tangooled.com\/wp-content\/uploads\/2025\/07\/sg5470-ins-150x150.webp 150w\" sizes=\"auto, (max-width: 500px) 100vw, 500px\" \/><\/figure><\/div>\n<\/div><\/div>\n\n\n\n<div class=\"wp-block-group has-background\" style=\"background-color:#f1f1f1;padding-top:var(--wp--preset--spacing--80);padding-bottom:var(--wp--preset--spacing--80)\"><div class=\"wp-block-group__inner-container is-layout-constrained wp-block-group-is-layout-constrained\">\n<h2 class=\"wp-block-heading\" style=\"padding-top:var(--wp--preset--spacing--40);padding-bottom:var(--wp--preset--spacing--40);font-size:25px;font-style:normal;font-weight:600;text-transform:capitalize\">what&#8217;s included in the kit?<\/h2>\n\n\n\n<ul class=\"wp-block-list\">\n<li>1x canal de aluminio extruido de alta calidad<\/li>\n\n\n\n<li>1x difusor opal de policarbonato (PC)<\/li>\n\n\n\n<li>1x 2 tapas finales de metal<\/li>\n\n\n\n<li>1x kit de cable de suspensi\u00f3n<\/li>\n\n\n\n<li>1x hebilla empotrada (opcional)<\/li>\n<\/ul>\n<\/div><\/div>\n\n\n\n<div class=\"wp-block-group\" style=\"padding-top:var(--wp--preset--spacing--80);padding-bottom:var(--wp--preset--spacing--80)\"><div class=\"wp-block-group__inner-container is-layout-constrained wp-block-group-is-layout-constrained\">\n<h2 class=\"wp-block-heading\" style=\"padding-top:var(--wp--preset--spacing--40);padding-bottom:var(--wp--preset--spacing--40);font-size:25px;font-style:normal;font-weight:600;text-transform:capitalize\">D\u00f3nde usar tu perfil de extrusi\u00f3n LED suspendido de 70 mm de altura<\/h2>\n\n\n\n<p style=\"padding-right:var(--wp--preset--spacing--50);padding-left:var(--wp--preset--spacing--50)\">Este perfil de luz lineal es perfecto para:<\/p>\n\n\n\n<ul class=\"wp-block-list\">\n<li>Iluminaci\u00f3n para negocios, como oficinas, salas de conferencias, pasillos y vest\u00edbulos.<\/li>\n\n\n\n<li>En tiendas: iluminaci\u00f3n para pasillos, exhibiciones y pisos de descuento.<\/li>\n\n\n\n<li>Hospitalidad: restaurantes, bares, hoteles y cafeter\u00edas.<\/li>\n\n\n\n<li>Lugares de aprendizaje: bibliotecas y aulas.<\/li>\n\n\n\n<li>\u00c1reas de estar y cocinas en casas modernas con techos altos.<\/li>\n<\/ul>\n<\/div><\/div>\n\n\n\n<div class=\"wp-block-group has-background\" style=\"background-color:#f1f1f1;padding-top:var(--wp--preset--spacing--80);padding-bottom:var(--wp--preset--spacing--80)\"><div class=\"wp-block-group__inner-container is-layout-constrained wp-block-group-is-layout-constrained\">\n<h2 class=\"wp-block-heading\" style=\"padding-top:var(--wp--preset--spacing--40);padding-bottom:var(--wp--preset--spacing--40);font-size:25px;font-style:normal;font-weight:600;text-transform:capitalize\">Explorar m\u00e1s perfiles y accesorios<\/h2>\n\n\n\n<ul class=\"wp-block-list\">\n<li><a href=\"https:\/\/tangooled.com\/es\/product\/surface-mount-led-profile-with-frosted-diffuser-for-10mm-rope-lights\/\"><mark style=\"background-color:rgba(0, 0, 0, 0)\" class=\"has-inline-color has-vivid-red-color\">Perfil LED de montaje en superficie con difusor esmerilado para luces de cuerda de 10 mm<\/mark><\/a><\/li>\n\n\n\n<li><a href=\"https:\/\/tangooled.com\/es\/product\/black-aluminum-u-channel-profile-for-10mm-led-strips\/\"><mark style=\"background-color:rgba(0, 0, 0, 0)\" class=\"has-inline-color has-vivid-red-color\">Perfil de canal en U de aluminio negro para tiras LED de 10mm<\/mark><\/a><\/li>\n\n\n\n<li><a href=\"http:\/\/Up and down illumination pendant aluminum led strip mounting profile sgd5470\"><mark style=\"background-color:rgba(0, 0, 0, 0)\" class=\"has-inline-color has-vivid-red-color\">Perfil de montaje de tira LED de aluminio para colgar con iluminaci\u00f3n ascendente y descendente sgd5470<\/mark><\/a><\/li>\n<\/ul>\n<\/div><\/div>","protected":false},"featured_media":35138,"template":"","meta":{"_acf_changed":true,"_seopress_robots_primary_cat":"none","_seopress_titles_title":"Suspended LED Extrusion 70mm Height | SG5470 Internal Driver Profile I TANGOOLED","_seopress_titles_desc":"The SG5470 is a professional suspended led extrusion 70mm height designed for architectural lighting. Its deep housing ensures dot-free illumination and provides ample space for internal drivers. Ideal for office linear lighting.","_seopress_robots_index":""},"pcb-width":[231],"product-cat":[192,194],"class_list":{"0":"post-35151","1":"product","2":"type-product","3":"status-publish","4":"has-post-thumbnail","6":"pcb-width-25-35mm","7":"product-cat-surface-led-profile","8":"product-cat-suspended-profile"},"acf":[],"_links":{"self":[{"href":"https:\/\/tangooled.com\/es\/wp-json\/wp\/v2\/product\/35151","targetHints":{"allow":["GET"]}}],"collection":[{"href":"https:\/\/tangooled.com\/es\/wp-json\/wp\/v2\/product"}],"about":[{"href":"https:\/\/tangooled.com\/es\/wp-json\/wp\/v2\/types\/product"}],"wp:featuredmedia":[{"embeddable":true,"href":"https:\/\/tangooled.com\/es\/wp-json\/wp\/v2\/media\/35138"}],"wp:attachment":[{"href":"https:\/\/tangooled.com\/es\/wp-json\/wp\/v2\/media?parent=35151"}],"wp:term":[{"taxonomy":"pcb-width","embeddable":true,"href":"https:\/\/tangooled.com\/es\/wp-json\/wp\/v2\/pcb-width?post=35151"},{"taxonomy":"product-cat","embeddable":true,"href":"https:\/\/tangooled.com\/es\/wp-json\/wp\/v2\/product-cat?post=35151"}],"curies":[{"name":"wp","href":"https:\/\/api.w.org\/{rel}","templated":true}]}}