{"id":35123,"date":"2025-07-02T17:09:17","date_gmt":"2025-07-03T01:09:17","guid":{"rendered":"https:\/\/tangooled.com\/?post_type=product&#038;p=35123"},"modified":"2026-01-26T01:19:17","modified_gmt":"2026-01-26T09:19:17","slug":"black-led-strip-light-channel-35x66mm-for-ceiling-hanging","status":"publish","type":"product","link":"https:\/\/tangooled.com\/es\/product\/black-led-strip-light-channel-35x66mm-for-ceiling-hanging\/","title":{"rendered":"Perfil LED negro de 35x66mm para colgar del techo (Serie Profunda)"},"content":{"rendered":"<div class=\"wp-block-group is-vertical is-layout-flex wp-container-core-group-is-layout-d255d7c4 wp-block-group-is-layout-flex\" style=\"padding-top:var(--wp--preset--spacing--80);padding-bottom:var(--wp--preset--spacing--80)\">\n<p>Nuestro canal LED negro de 35X66mm es un perfil de aluminio pendular de cavidad profunda. Este accesorio de iluminaci\u00f3n colgante te ofrece iluminaci\u00f3n lineal a nivel profesional con mejor dise\u00f1o y funci\u00f3n.<\/p>\n\n\n\n<p>The profile&#8217;s sophisticated design includes a movable middle&nbsp;tray dedicated to LED strip installation. This tray splits the profile into two parts: the top part contains the LED strip, while the bottom part is made to hold and hide the LED drivers and wiring. This eliminates the need for large external driver boxes, resulting in a clean, seamless appearance. The movable center tray is very important since it makes it easy to get to the LED strips and power supply modules for both installation and future maintenance.<\/p>\n\n\n\n<p>El canal est\u00e1 hecho para adaptarse a tiras LED de hasta 20mm de ancho. Este perfil tiene tapas met\u00e1licas y est\u00e1 dise\u00f1ado para montaje en suspensi\u00f3n con un kit de cable de acero, lo que le da un aspecto duradero y de alta gama. Esto lo convierte en una gran opci\u00f3n para lugares p\u00fablicos, oficinas de alta gama y tiendas.<\/p>\n<\/div>\n\n\n\n<div class=\"wp-block-group has-background is-vertical is-layout-flex wp-container-core-group-is-layout-d255d7c4 wp-block-group-is-layout-flex\" style=\"background-color:#f1f1f1;padding-top:var(--wp--preset--spacing--80);padding-bottom:var(--wp--preset--spacing--80)\">\n<div class=\"wp-block-group is-vertical is-layout-flex wp-container-core-group-is-layout-8cf370e7 wp-block-group-is-layout-flex\">\n<h2 class=\"wp-block-heading\" style=\"padding-top:var(--wp--preset--spacing--40);padding-bottom:var(--wp--preset--spacing--40);font-size:25px;font-style:normal;font-weight:600;text-transform:capitalize\">\u00bfPor qu\u00e9 elegir nuestro canal de luz LED negra de 35x66mm?<\/h2>\n\n\n\n<ul class=\"wp-block-list\">\n<li>Este canal de luz LED negra est\u00e1 hecho de aluminio anodizado 6063-T5 y funciona como un potente disipador de calor para mantener tus tiras LED frescas, lo que las hace durar m\u00e1s.<\/li>\n\n\n\n<li>Espacio para controlador interno: Gracias a su arquitectura de cavidad profunda, este perfil ofrece espacio suficiente para albergar controladores LED integrados.<\/li>\n\n\n\n<li>Hecho para ser un canal de iluminaci\u00f3n colgante, viene con kits de suspensi\u00f3n de techo, como sistemas de cuelgue por cable y cable para iluminaci\u00f3n.<\/li>\n\n\n\n<li>Viene con una lente difusora de policarbonato (PC) mate que dispersa la luz de manera m\u00e1s uniforme y elimina puntos calientes para una iluminaci\u00f3n uniforme.<\/li>\n\n\n\n<li>La dimensi\u00f3n interna para la tira LED es de 21.5mm de ancho, por lo que puedes a\u00f1adir cinta LED de alta densidad, como tiras LED COB o de doble fila, para obtener la m\u00e1xima luz posible.<\/li>\n<\/ul>\n<\/div>\n<\/div>\n\n\n\n<div class=\"wp-block-group\" style=\"padding-top:var(--wp--preset--spacing--60);padding-bottom:var(--wp--preset--spacing--60)\"><div class=\"wp-block-group__inner-container is-layout-constrained wp-block-group-is-layout-constrained\">\n<div class=\"wp-block-media-text has-media-on-the-right is-stacked-on-mobile\"><div class=\"wp-block-media-text__content\">\n<h2 class=\"wp-block-heading\" style=\"font-size:25px;font-style:normal;font-weight:600;text-transform:capitalize\">c\u00f3mo instalar<\/h2>\n\n\n\n<ul class=\"wp-block-list\">\n<li>Utiliza una sierra de mano para cortar el canal a la longitud deseada.<\/li>\n\n\n\n<li>Coloca tiras LED de alta calidad dentro del canal.<\/li>\n\n\n\n<li>Cuela el canal con kits de suspensi\u00f3n de techo que funcionen con \u00e9l (se venden por separado).<\/li>\n\n\n\n<li>Para proteger los LEDs y asegurar que la luz sea suave, coloca la lente difusora mate.<\/li>\n\n\n\n<li>Coloca tapas en los extremos para que tenga una apariencia agradable.<\/li>\n\n\n\n<li>Usa una fuente de alimentaci\u00f3n de 24V DC con controladores regulables opcionales o m\u00f3dulos de integraci\u00f3n para el hogar inteligente como Lutron o Philips Hue para conectarlo a la electricidad.<\/li>\n<\/ul>\n<\/div><figure class=\"wp-block-media-text__media\"><img loading=\"lazy\" decoding=\"async\" width=\"500\" height=\"500\" src=\"https:\/\/tangooled.com\/wp-content\/uploads\/2025\/07\/sg3566-ins.webp\" alt=\"canal de luz LED negro 35x66mm para colgar del techo\" class=\"wp-image-41089 size-full\" srcset=\"https:\/\/tangooled.com\/wp-content\/uploads\/2025\/07\/sg3566-ins.webp 500w, https:\/\/tangooled.com\/wp-content\/uploads\/2025\/07\/sg3566-ins-300x300.webp 300w, https:\/\/tangooled.com\/wp-content\/uploads\/2025\/07\/sg3566-ins-150x150.webp 150w\" sizes=\"auto, (max-width: 500px) 100vw, 500px\" \/><\/figure><\/div>\n<\/div><\/div>\n\n\n\n<div class=\"wp-block-group has-background\" style=\"background-color:#f1f1f1;padding-top:var(--wp--preset--spacing--80);padding-bottom:var(--wp--preset--spacing--80)\"><div class=\"wp-block-group__inner-container is-layout-constrained wp-block-group-is-layout-constrained\">\n<h2 class=\"wp-block-heading\" style=\"font-size:25px;font-style:normal;font-weight:600;text-transform:capitalize\">What\u2019s in the kit?<\/h2>\n\n\n\n<ul class=\"wp-block-list\">\n<li>Perfil de aluminio: 1 pc, longitud personalizada.<\/li>\n\n\n\n<li>Inserto\/bandeja de aluminio: 1 pc, longitud personalizada.<\/li>\n\n\n\n<li>Difusor de policarbonato (PC): 1 pc, longitud personalizada.<\/li>\n\n\n\n<li>Tapas met\u00e1licas: 2 pcs (1 par).<\/li>\n\n\n\n<li>Hebilla de montaje en pared.<\/li>\n\n\n\n<li>Kit de suspensi\u00f3n: 1 set (incluyendo cables, anclajes y sujetadores).<\/li>\n<\/ul>\n<\/div><\/div>\n\n\n\n<div class=\"wp-block-group is-vertical is-layout-flex wp-container-core-group-is-layout-d255d7c4 wp-block-group-is-layout-flex\" style=\"padding-top:var(--wp--preset--spacing--80);padding-bottom:var(--wp--preset--spacing--80)\">\n<h2 class=\"wp-block-heading\" style=\"padding-top:var(--wp--preset--spacing--40);padding-bottom:var(--wp--preset--spacing--40);font-size:25px;font-style:normal;font-weight:600;text-transform:capitalize\">Escenarios de uso ideales<\/h2>\n\n\n\n<ul class=\"wp-block-list\">\n<li>Iluminaci\u00f3n ambiental y de ambiente: Crea una iluminaci\u00f3n ambiental suave y moderna para salas de estar, cocinas o lugares donde la gente permanece.<\/li>\n\n\n\n<li>Iluminaci\u00f3n arquitect\u00f3nica de acento: Usa accesorios lineales negros elegantes para atraer la atenci\u00f3n a techos, paredes y armarios.<\/li>\n\n\n\n<li>Para oficinas y negocios, util\u00edzalas para iluminaci\u00f3n colgante en oficinas, salas de conferencias, exhibiciones de tiendas y escritorios de bienvenida.<\/li>\n\n\n\n<li>Luces lineales colgantes para hogares: Excelente para salas de estar modernas, cocinas y comedores con techos altos.<\/li>\n\n\n\n<li>Iluminaci\u00f3n general: \u00dasalo con tiras LED de alto CRI para hacer que los colores se vean mejor de forma natural con buenas opciones de temperatura de color (CCT).<\/li>\n<\/ul>\n<\/div>\n\n\n\n<div class=\"wp-block-group has-background\" style=\"background-color:#f1f1f1;padding-top:var(--wp--preset--spacing--80);padding-bottom:var(--wp--preset--spacing--80)\"><div class=\"wp-block-group__inner-container is-layout-constrained wp-block-group-is-layout-constrained\">\n<h2 class=\"wp-block-heading\" style=\"font-size:25px;font-style:normal;font-weight:600\">Productos Relacionados Que Te Puede Gustar<\/h2>\n\n\n\n<ul class=\"wp-block-list\">\n<li><a href=\"https:\/\/tangooled.com\/es\/product\/black-led-profile-with-black-diffuser-for-10mm-led-strip-light\/\"><mark style=\"background-color:rgba(0, 0, 0, 0)\" class=\"has-inline-color has-vivid-red-color\">Perfil LED negro con difusor negro para tira de LED de 10mm<\/mark><\/a><\/li>\n\n\n\n<li><a href=\"https:\/\/tangooled.com\/es\/product\/black-led-diffuser-aluminum-channel-for-12mm-tape-lights\/\"><mark style=\"background-color:rgba(0, 0, 0, 0)\" class=\"has-inline-color has-vivid-red-color\">Canal de aluminio difusor LED negro para luces de cinta de 12mm<\/mark><\/a><\/li>\n\n\n\n<li><a href=\"https:\/\/tangooled.com\/es\/product\/surface-mount-led-profile-with-frosted-diffuser-for-10mm-rope-lights\/\"><mark style=\"background-color:rgba(0, 0, 0, 0)\" class=\"has-inline-color has-vivid-red-color\">Perfil LED de montaje en superficie con difusor mate para luces de cuerda de 10mm<\/mark><\/a><\/li>\n\n\n\n<li><a href=\"https:\/\/tangooled.com\/es\/product\/black-aluminum-u-channel-profile-for-10mm-led-strips\/\"><mark style=\"background-color:rgba(0, 0, 0, 0)\" class=\"has-inline-color has-vivid-red-color\">Perfil de canal en U de aluminio negro para tiras LED de 10 mm<\/mark><\/a><\/li>\n<\/ul>\n<\/div><\/div>\n\n\n\n<div class=\"wp-block-group\" style=\"padding-top:var(--wp--preset--spacing--80);padding-bottom:var(--wp--preset--spacing--80)\"><div class=\"wp-block-group__inner-container is-layout-constrained wp-block-group-is-layout-constrained\">\n<h2 class=\"wp-block-heading\" style=\"padding-top:var(--wp--preset--spacing--40);padding-bottom:var(--wp--preset--spacing--40);font-size:25px;font-style:normal;font-weight:600;text-transform:capitalize\">Resumen<\/h2>\n\n\n\n<p>Our black led channel 35x66mm for ceiling hanging is a stylish, sturdy choice to build suspended LED linear lights. The matte black finish, durable aluminum extrusion, and frosted diffuser create dotless LED strip lighting that fits multiple scenarios\u2014from residential kitchens, commercial offices, to retail environments.<\/p>\n\n\n\n<p>Este canal permite una f\u00e1cil instalaci\u00f3n, una excelente disipaci\u00f3n de calor y una difusi\u00f3n de luz perfecta. Soporta muchos tipos de tiras LED e integra bellamente en dise\u00f1os de iluminaci\u00f3n arquitect\u00f3nica moderna con suspensi\u00f3n colgante.<\/p>\n\n\n\n<p>Elevate your lighting project with our black led strip light channel 35x66mm\u2014engineered for performance, designed for style.<\/p>\n\n\n\n<p style=\"font-size:25px\"><\/p>\n<\/div><\/div>","protected":false},"featured_media":16248,"template":"","meta":{"_acf_changed":true,"_seopress_robots_primary_cat":"none","_seopress_titles_title":"35x66mm Black LED Channel | Deep-Cavity Pendant Aluminum Profile | TANGOOLED","_seopress_titles_desc":"This 35x66mm black led channel for ceiling hanging features a deep-profile design, ensuring a dot-free glow and providing space for internal drivers. Ideal for sleek, modern office lighting.","_seopress_robots_index":""},"pcb-width":[229],"product-cat":[192,194],"class_list":{"0":"post-35123","1":"product","2":"type-product","3":"status-publish","4":"has-post-thumbnail","6":"pcb-width-15-20mm","7":"product-cat-surface-led-profile","8":"product-cat-suspended-profile"},"acf":[],"_links":{"self":[{"href":"https:\/\/tangooled.com\/es\/wp-json\/wp\/v2\/product\/35123","targetHints":{"allow":["GET"]}}],"collection":[{"href":"https:\/\/tangooled.com\/es\/wp-json\/wp\/v2\/product"}],"about":[{"href":"https:\/\/tangooled.com\/es\/wp-json\/wp\/v2\/types\/product"}],"wp:featuredmedia":[{"embeddable":true,"href":"https:\/\/tangooled.com\/es\/wp-json\/wp\/v2\/media\/16248"}],"wp:attachment":[{"href":"https:\/\/tangooled.com\/es\/wp-json\/wp\/v2\/media?parent=35123"}],"wp:term":[{"taxonomy":"pcb-width","embeddable":true,"href":"https:\/\/tangooled.com\/es\/wp-json\/wp\/v2\/pcb-width?post=35123"},{"taxonomy":"product-cat","embeddable":true,"href":"https:\/\/tangooled.com\/es\/wp-json\/wp\/v2\/product-cat?post=35123"}],"curies":[{"name":"wp","href":"https:\/\/api.w.org\/{rel}","templated":true}]}}