{"id":35122,"date":"2025-07-02T17:06:40","date_gmt":"2025-07-03T01:06:40","guid":{"rendered":"https:\/\/tangooled.com\/?post_type=product&#038;p=35122"},"modified":"2026-01-26T01:02:59","modified_gmt":"2026-01-26T09:02:59","slug":"pendant-light-aluminum-led-channel-35x40mm-with-flat-light-cover","status":"publish","type":"product","link":"https:\/\/tangooled.com\/es\/product\/pendant-light-aluminum-led-channel-35x40mm-with-flat-light-cover\/","title":{"rendered":"Canal LED de 35x40mm en aluminio con cubierta de luz plana"},"content":{"rendered":"<div class=\"wp-block-group\" style=\"padding-top:var(--wp--preset--spacing--80);padding-bottom:var(--wp--preset--spacing--80)\"><div class=\"wp-block-group__inner-container is-layout-constrained wp-block-group-is-layout-constrained\">\n<p>Ilumina tu habitaci\u00f3n con nuestro perfil de canal LED colgante de aluminio de 35x40mm con una cubierta de luz plana. Este alojamiento LED profesional est\u00e1 dise\u00f1ado para su uso en hogares y negocios modernos, perfecto para crear una elegante iluminaci\u00f3n lineal suspendida. Asegura una est\u00e9tica de alta gama mientras ofrece una excelente iluminaci\u00f3n difusa y uniforme. <\/p>\n\n\n\n<p>El canal de aluminio LED colgante tiene una estructura de doble c\u00e1mara. La c\u00e1mara superior est\u00e1 dise\u00f1ada para montar de forma segura las tiras LED, que est\u00e1n cubiertas por el difusor de policarbonato (PC) para una iluminaci\u00f3n suave y sin puntos. La c\u00e1mara inferior separada es espec\u00edficamente para albergar la fuente de alimentaci\u00f3n, optimizando el espacio y simplificando la instalaci\u00f3n.<\/p>\n\n\n\n<p>Este canal suspendido cuenta con tapones met\u00e1licos, kits de cable suspendido, conectores para corridas continuas y hebillas incorporadas para un montaje seguro. Este perfil vers\u00e1til admite tanto instalaci\u00f3n colgante como montaje empotrado, ofreciendo soluciones de dise\u00f1o flexibles para hogares, oficinas y espacios comerciales.<\/p>\n<\/div><\/div>\n\n\n\n<div class=\"wp-block-group has-background is-vertical is-layout-flex wp-container-core-group-is-layout-d255d7c4 wp-block-group-is-layout-flex\" style=\"background-color:#f1f1f1;padding-top:var(--wp--preset--spacing--80);padding-bottom:var(--wp--preset--spacing--80)\">\n<div class=\"wp-block-group is-vertical is-layout-flex wp-container-core-group-is-layout-8cf370e7 wp-block-group-is-layout-flex\">\n<h2 class=\"wp-block-heading\" style=\"padding-top:var(--wp--preset--spacing--40);padding-bottom:var(--wp--preset--spacing--40);font-size:25px;font-style:normal;font-weight:600;text-transform:capitalize\">\u00bfPor qu\u00e9 elegir nuestro canal LED colgante de 35x40mm?<\/h2>\n\n\n\n<ul class=\"wp-block-list\">\n<li>Made of durable 6063-T5 anodized aluminum that won&#8217;t rust.<\/li>\n\n\n\n<li>Funciona con tiras LED que tienen entre 16 y 20 mm de ancho, como las tiras SMD 2835, 5050 o COB.<\/li>\n\n\n\n<li>Viene con un difusor de policarbonato plano y esmerilado que hace la luz suave y uniforme.<\/li>\n\n\n\n<li>Puede usarse como iluminaci\u00f3n colgante o montado en superficie en paredes y techos.<\/li>\n\n\n\n<li>Viene con tapones de extremo, clips de montaje y kits de suspensi\u00f3n para facilitar la instalaci\u00f3n.<\/li>\n\n\n\n<li>Funciona con muchos tipos diferentes de iluminaci\u00f3n, como iluminaci\u00f3n arquitect\u00f3nica, iluminaci\u00f3n de tareas, iluminaci\u00f3n ambiental y iluminaci\u00f3n lineal.<\/li>\n<\/ul>\n<\/div>\n<\/div>\n\n\n\n<div class=\"wp-block-group\" style=\"padding-top:var(--wp--preset--spacing--60);padding-bottom:var(--wp--preset--spacing--60)\"><div class=\"wp-block-group__inner-container is-layout-constrained wp-block-group-is-layout-constrained\">\n<div class=\"wp-block-media-text has-media-on-the-right is-stacked-on-mobile\"><div class=\"wp-block-media-text__content\">\n<h2 class=\"wp-block-heading\" style=\"font-size:25px;font-style:normal;font-weight:600;text-transform:capitalize\">c\u00f3mo instalar<\/h2>\n\n\n\n<ul class=\"wp-block-list\">\n<li>Utiliza una sierra profesional para cortar el canal y el difusor a la longitud que desees.<\/li>\n\n\n\n<li>Coloca hebillas o cables de suspensi\u00f3n en tu pared o techo.<\/li>\n\n\n\n<li>Coloca tu tira LED en el canal y aseg\u00farate de que se adhiera bien.<\/li>\n\n\n\n<li>Usa el agujero del tap\u00f3n de extremo para conectar los cables de la tira LED al controlador.<\/li>\n\n\n\n<li>Coloca la cubierta plana para proteger los LED y suavizar la luz.<\/li>\n\n\n\n<li>Cuelga o instala el canal de forma segura y disfruta de tus nuevas luces.<\/li>\n<\/ul>\n<\/div><figure class=\"wp-block-media-text__media\"><img loading=\"lazy\" decoding=\"async\" width=\"500\" height=\"500\" src=\"https:\/\/tangooled.com\/wp-content\/uploads\/2025\/07\/sg3540-ins.webp\" alt=\"pendant light aluminum led channel 35x40mm with flat light cover\" class=\"wp-image-41104 size-full\" srcset=\"https:\/\/tangooled.com\/wp-content\/uploads\/2025\/07\/sg3540-ins.webp 500w, https:\/\/tangooled.com\/wp-content\/uploads\/2025\/07\/sg3540-ins-300x300.webp 300w, https:\/\/tangooled.com\/wp-content\/uploads\/2025\/07\/sg3540-ins-150x150.webp 150w\" sizes=\"auto, (max-width: 500px) 100vw, 500px\" \/><\/figure><\/div>\n<\/div><\/div>\n\n\n\n<div class=\"wp-block-group has-background\" style=\"background-color:#f1f1f1;padding-top:var(--wp--preset--spacing--80);padding-bottom:var(--wp--preset--spacing--80)\"><div class=\"wp-block-group__inner-container is-layout-constrained wp-block-group-is-layout-constrained\">\n<h2 class=\"wp-block-heading\" style=\"padding-top:var(--wp--preset--spacing--40);padding-bottom:var(--wp--preset--spacing--40);font-size:25px;font-style:normal;font-weight:600;text-transform:capitalize\">What&#8217;s inside the box?<\/h2>\n\n\n\n<ul class=\"wp-block-list\">\n<li>1x Canal LED colgante de 35x40mm (longitud seg\u00fan lo solicitado)<\/li>\n\n\n\n<li>1x Cubierta de policarbonato plana y esmerilada para el difusor<\/li>\n\n\n\n<li>Dos tapones met\u00e1licos de extremo (sin agujeros)<\/li>\n\n\n\n<li>Un kit de cable de suspensi\u00f3n, hebillas de empotramiento o hebilla de montaje en pared (dependiendo de la instalaci\u00f3n)<\/li>\n<\/ul>\n<\/div><\/div>\n\n\n\n<div class=\"wp-block-group is-vertical is-layout-flex wp-container-core-group-is-layout-d255d7c4 wp-block-group-is-layout-flex\" style=\"padding-top:var(--wp--preset--spacing--80);padding-bottom:var(--wp--preset--spacing--80)\">\n<h2 class=\"wp-block-heading\" style=\"padding-top:var(--wp--preset--spacing--40);padding-bottom:var(--wp--preset--spacing--40);font-size:25px;font-style:normal;font-weight:600;text-transform:capitalize\">\u00bfD\u00f3nde usar este canal LED colgante de 35x40mm?<\/h2>\n\n\n\n<p>This aluminum LED channel is ideal for making pendant lights that hang from the ceiling. This is what it&#8217;s best for:<\/p>\n\n\n\n<ul class=\"wp-block-list\">\n<li>Islas de Cocina: luz uniforme para tu \u00e1rea de cocci\u00f3n<\/li>\n\n\n\n<li>Iluminaci\u00f3n de Oficina: luz brillante y constante para escritorios y salas de reuniones<\/li>\n\n\n\n<li>Exhibiciones Comerciales: usa l\u00edneas de luz claras y brillantes para resaltar cosas<\/li>\n\n\n\n<li>Talleres en Casa: iluminaci\u00f3n de tareas fuerte y sin deslumbramiento<\/li>\n\n\n\n<li>\u00c1reas de Hospitalidad: iluminaci\u00f3n elegante para pubs, hoteles y restaurantes<\/li>\n<\/ul>\n<\/div>\n\n\n\n<div class=\"wp-block-group has-background\" style=\"background-color:#f1f1f1f2;padding-top:var(--wp--preset--spacing--80);padding-bottom:var(--wp--preset--spacing--80)\"><div class=\"wp-block-group__inner-container is-layout-constrained wp-block-group-is-layout-constrained\">\n<h2 class=\"wp-block-heading\" style=\"font-size:25px;font-style:normal;font-weight:600;text-transform:capitalize\">producto relacionado que te puede gustar<\/h2>\n\n\n\n<ul class=\"wp-block-list\">\n<li>Aprende m\u00e1s sobre <a href=\"http:\/\/black led strip light channel 35x66mm for ceiling hanging\"><mark style=\"background-color:rgba(0, 0, 0, 0)\" class=\"has-inline-color has-vivid-red-color\">canal de luz LED negro 35x66mm para colgar del techo<\/mark><\/a><\/li>\n\n\n\n<li>Echa un vistazo a <a href=\"https:\/\/tangooled.com\/es\/product\/aluminum-base-with-opal-square-light-cover-for-suspension\/\"><mark style=\"background-color:rgba(0, 0, 0, 0)\" class=\"has-inline-color has-vivid-red-color\">base de aluminio con cubierta de luz cuadrada opalina para suspensi\u00f3n<\/mark><\/a><\/li>\n\n\n\n<li>Descubre diferentes <a href=\"https:\/\/tangooled.com\/es\/led-profiles\/\"><mark style=\"background-color:rgba(0, 0, 0, 0)\" class=\"has-inline-color has-vivid-red-color\">perfiles de aluminio LED<\/mark><\/a> en nuestra p\u00e1gina de producto<\/li>\n<\/ul>\n<\/div><\/div>\n\n\n\n<div class=\"wp-block-group\" style=\"padding-top:var(--wp--preset--spacing--80);padding-bottom:var(--wp--preset--spacing--80)\"><div class=\"wp-block-group__inner-container is-layout-constrained wp-block-group-is-layout-constrained\">\n<h2 class=\"wp-block-heading\" style=\"padding-top:var(--wp--preset--spacing--40);padding-bottom:var(--wp--preset--spacing--40);font-size:25px;font-style:normal;font-weight:600;text-transform:capitalize\">resumen<\/h2>\n\n\n\n<p>Si deseas una vivienda de aluminio de alta calidad y premium para iluminaci\u00f3n colgante moderna, nuestro canal LED colgante TG-SG3540 de 35x40mm es la mejor opci\u00f3n. Funciona bien con tiras LED, proporciona iluminaci\u00f3n sin puntos y sin deslumbramiento, y se adapta a muchos entornos interiores, como casas, negocios y tiendas. Utiliza este perfil de aluminio de calidad arquitect\u00f3nica y la cubierta difusora plana y esmerilada para hacer que tus accesorios de luz se destaquen.<\/p>\n\n\n\n<p><\/p>\n<\/div><\/div>","protected":false},"featured_media":33395,"template":"","meta":{"_acf_changed":true,"_seopress_robots_primary_cat":"none","_seopress_titles_title":"35x40mm Pendant LED Channel | Flat Cover Linear Aluminum Profile | TANGOOLED","_seopress_titles_desc":"This 35x40mm pendant led channel is designed with a sleek flat light cover. The aluminum linear profile offers a minimalist design and seamless light distribution for modern office and residential interiors.","_seopress_robots_index":""},"pcb-width":[229],"product-cat":[194],"class_list":{"0":"post-35122","1":"product","2":"type-product","3":"status-publish","4":"has-post-thumbnail","6":"pcb-width-15-20mm","7":"product-cat-suspended-profile"},"acf":[],"_links":{"self":[{"href":"https:\/\/tangooled.com\/es\/wp-json\/wp\/v2\/product\/35122","targetHints":{"allow":["GET"]}}],"collection":[{"href":"https:\/\/tangooled.com\/es\/wp-json\/wp\/v2\/product"}],"about":[{"href":"https:\/\/tangooled.com\/es\/wp-json\/wp\/v2\/types\/product"}],"wp:featuredmedia":[{"embeddable":true,"href":"https:\/\/tangooled.com\/es\/wp-json\/wp\/v2\/media\/33395"}],"wp:attachment":[{"href":"https:\/\/tangooled.com\/es\/wp-json\/wp\/v2\/media?parent=35122"}],"wp:term":[{"taxonomy":"pcb-width","embeddable":true,"href":"https:\/\/tangooled.com\/es\/wp-json\/wp\/v2\/pcb-width?post=35122"},{"taxonomy":"product-cat","embeddable":true,"href":"https:\/\/tangooled.com\/es\/wp-json\/wp\/v2\/product-cat?post=35122"}],"curies":[{"name":"wp","href":"https:\/\/api.w.org\/{rel}","templated":true}]}}