{"id":35118,"date":"2025-07-02T17:00:18","date_gmt":"2025-07-03T01:00:18","guid":{"rendered":"https:\/\/tangooled.com\/?post_type=product&#038;p=35118"},"modified":"2026-01-29T23:46:12","modified_gmt":"2026-01-30T07:46:12","slug":"35mm-aluminum-base-opal-square-light-cover-sg3535c","status":"publish","type":"product","link":"https:\/\/tangooled.com\/es\/product\/35mm-aluminum-base-opal-square-light-cover-sg3535c\/","title":{"rendered":"SG3535C: Perfil LED de aluminio de 35mm con tapa cuadrada opalina"},"content":{"rendered":"<div class=\"wp-block-group is-vertical is-layout-flex wp-container-core-group-is-layout-d255d7c4 wp-block-group-is-layout-flex\" style=\"padding-top:var(--wp--preset--spacing--80);padding-bottom:var(--wp--preset--spacing--80)\">\n<p>Nuestra base de aluminio de alta calidad con tapa de luz cuadrada opalina iluminar\u00e1 tu habitaci\u00f3n. Este elegante accesorio de iluminaci\u00f3n lineal es de 35x35mm y es perfecto para espacios de alta gama como cocinas y lugares de trabajo. Su estructura robusta est\u00e1 hecha de aluminio extruido, lo que ayuda a mantener el calor disipado. Esto significa que tus tiras de luz LED durar\u00e1n m\u00e1s y funcionar\u00e1n con m\u00e1s fiabilidad.<\/p>\n\n\n\n<p>El perfil viene con un impresionante difusor opalino cuadrado. Esta funci\u00f3n hace que la luz sea menos intensa, evitando el deslumbramiento y asegurando que la luz sea uniforme. Obtienes una apariencia de iluminaci\u00f3n profesional, sin puntos, que la hace mucho m\u00e1s c\u00f3moda de ver y asegura que la luz se distribuya uniformemente en tu habitaci\u00f3n.<\/p>\n\n\n\n<p>En cuanto a la instalaci\u00f3n, nuestro perfil LED cuadrado es incre\u00edblemente adaptable. Puedes instalarlo de forma segura en una superficie o usar los kits de cable de suspensi\u00f3n para colgarlo. Las tapas de metal y los clips de montaje son dos accesorios importantes que vienen con el kit. Utiliza este canal de 35x35mm para construir accesorios de iluminaci\u00f3n \u00fanicos y modernos para cualquier habitaci\u00f3n.<\/p>\n<\/div>\n\n\n\n<div class=\"wp-block-group has-background is-vertical is-layout-flex wp-container-core-group-is-layout-d255d7c4 wp-block-group-is-layout-flex\" style=\"background-color:#f1f1f1;padding-top:var(--wp--preset--spacing--80);padding-bottom:var(--wp--preset--spacing--80)\">\n<div class=\"wp-block-group is-vertical is-layout-flex wp-container-core-group-is-layout-8cf370e7 wp-block-group-is-layout-flex\">\n<h2 class=\"wp-block-heading\" style=\"padding-top:var(--wp--preset--spacing--40);padding-bottom:var(--wp--preset--spacing--40);font-size:25px;font-style:normal;font-weight:600;text-transform:capitalize\">\u00bfPor qu\u00e9 elegir nuestra base de aluminio de 35mm con tapa de luz cuadrada opalina?<\/h2>\n\n\n\n<ul class=\"wp-block-list\">\n<li>Base de aluminio fuerte y ligera: La base est\u00e1 hecha de aluminio de grado arquitect\u00f3nico, lo que ayuda a mantener las luces LED fr\u00edas durante mucho tiempo.<\/li>\n\n\n\n<li>Difusor opalino cuadrado: Hecho de policarbonato (PC) de alta transmisi\u00f3n, proporciona una iluminaci\u00f3n suave y uniforme, sin deslumbramiento ni puntos duros.<\/li>\n\n\n\n<li>Suspensi\u00f3n ajustable: Viene con un kit de suspensi\u00f3n de cable de avi\u00f3n que facilita el cambio de altura y le da un aspecto limpio y moderno.<\/li>\n\n\n\n<li>F\u00e1cil de instalar: Viene con clips de montaje y un kit de suspensi\u00f3n de techo que es compatible, funcionando tanto con techos planos como inclinados.<\/li>\n\n\n\n<li>Funciona en muchos lugares: Ideal para cocinas, comedores, salas de conferencias, \u00e1reas comerciales y oficinas de planta abierta.<\/li>\n<\/ul>\n<\/div>\n<\/div>\n\n\n\n<div class=\"wp-block-group\" style=\"padding-top:var(--wp--preset--spacing--60);padding-bottom:var(--wp--preset--spacing--60)\"><div class=\"wp-block-group__inner-container is-layout-constrained wp-block-group-is-layout-constrained\">\n<h2 class=\"wp-block-heading\" style=\"font-size:25px;font-style:normal;font-weight:600;text-transform:capitalize\">Mejores usos para esta base de aluminio con tapa de luz cuadrada opalina<\/h2>\n\n\n\n<div class=\"wp-block-media-text has-media-on-the-right is-stacked-on-mobile\"><div class=\"wp-block-media-text__content\">\n<ul class=\"wp-block-list\">\n<li>Iluminaci\u00f3n para la isla de cocina: luz brillante y uniforme sin deslumbramiento.<\/li>\n\n\n\n<li>Luz colgante para el comedor: hace que la habitaci\u00f3n se sienta c\u00e1lida y moderna.<\/li>\n\n\n\n<li>Estaciones de trabajo de oficina: La luz natural clara ayuda a concentrarse y reduce la fatiga visual.<\/li>\n\n\n\n<li>Salas de conferencias: Un estilo elegante y moderno con control total sobre las luces.<\/li>\n\n\n\n<li>Espacios comerciales: Muestra los productos con luz brillante y clara.<\/li>\n\n\n\n<li>\u00c1reas de recepci\u00f3n y vest\u00edbulos: Los visitantes son recibidos con una iluminaci\u00f3n elegante e impresionante.<\/li>\n<\/ul>\n<\/div><figure class=\"wp-block-media-text__media\"><img loading=\"lazy\" decoding=\"async\" width=\"500\" height=\"500\" src=\"https:\/\/tangooled.com\/wp-content\/uploads\/2025\/07\/sg3535c-ins.webp\" alt=\"base de aluminio con cubierta de luz cuadrada opalina para suspensi\u00f3n\" class=\"wp-image-41107 size-full\" srcset=\"https:\/\/tangooled.com\/wp-content\/uploads\/2025\/07\/sg3535c-ins.webp 500w, https:\/\/tangooled.com\/wp-content\/uploads\/2025\/07\/sg3535c-ins-300x300.webp 300w, https:\/\/tangooled.com\/wp-content\/uploads\/2025\/07\/sg3535c-ins-150x150.webp 150w\" sizes=\"auto, (max-width: 500px) 100vw, 500px\" \/><\/figure><\/div>\n<\/div><\/div>\n\n\n\n<div class=\"wp-block-group has-background\" style=\"background-color:#f1f1f1;padding-top:var(--wp--preset--spacing--80);padding-bottom:var(--wp--preset--spacing--80)\"><div class=\"wp-block-group__inner-container is-layout-constrained wp-block-group-is-layout-constrained\">\n<h2 class=\"wp-block-heading\" style=\"font-size:25px;font-style:normal;font-weight:600;text-transform:capitalize\">Lo que obtienes al comprar<\/h2>\n\n\n\n<ul class=\"wp-block-list\">\n<li>Canal de aluminio suspendido<\/li>\n\n\n\n<li>Tapa de luz cuadrada opalina<\/li>\n\n\n\n<li>Dos tapas de metal<\/li>\n\n\n\n<li>Suspensi\u00f3n de cable de avi\u00f3n ajustable con hardware de montaje<\/li>\n<\/ul>\n<\/div><\/div>\n\n\n\n<div class=\"wp-block-group\" style=\"padding-top:var(--wp--preset--spacing--80);padding-bottom:var(--wp--preset--spacing--80)\"><div class=\"wp-block-group__inner-container is-layout-constrained wp-block-group-is-layout-constrained\">\n<h2 class=\"wp-block-heading\" style=\"padding-top:0;padding-bottom:0;font-size:25px;font-style:normal;font-weight:600;text-transform:capitalize\">Productos Relacionados Que Te Puede Gustar<\/h2>\n\n\n\n<ul class=\"wp-block-list\">\n<li><a href=\"https:\/\/tangooled.com\/es\/product\/black-led-diffuser-aluminum-channel-for-12mm-tape-lights\/\"><mark style=\"background-color:rgba(0, 0, 0, 0)\" class=\"has-inline-color has-vivid-red-color\">Canal de aluminio difusor LED negro para luces de cinta de 12 mm<\/mark><\/a><\/li>\n\n\n\n<li><mark style=\"background-color:rgba(0, 0, 0, 0)\" class=\"has-inline-color has-vivid-red-color\"><a href=\"https:\/\/tangooled.com\/es\/product\/25x14m-surface-mounted-led-light-aluminum-profile\/\">Perfil de aluminio LED de montaje en superficie de 25x14mm<\/a><\/mark><\/li>\n\n\n\n<li><a href=\"https:\/\/tangooled.com\/es\/product\/square-led-diffuser-channel-with-hidden-mounting-clips-for-surface-mounting\/\"><mark style=\"background-color:rgba(0, 0, 0, 0)\" class=\"has-inline-color has-vivid-red-color\">Canal difusor LED cuadrado con clips de montaje ocultos para montaje en superficie<\/mark><\/a><\/li>\n\n\n\n<li><a href=\"https:\/\/tangooled.com\/es\/product\/aluminum-u-channel-with-curved-led-diffuser-inner-16mm\/\"><mark style=\"background-color:rgba(0, 0, 0, 0)\" class=\"has-inline-color has-vivid-red-color\">Canal U de aluminio con difusor de LED curvado interior de 16mm<\/mark><\/a><\/li>\n<\/ul>\n<\/div><\/div>\n\n\n\n<div class=\"wp-block-group has-background\" style=\"background-color:#f1f1f1;padding-top:var(--wp--preset--spacing--80);padding-bottom:var(--wp--preset--spacing--80)\"><div class=\"wp-block-group__inner-container is-layout-constrained wp-block-group-is-layout-constrained\">\n<h2 class=\"wp-block-heading\" style=\"padding-top:var(--wp--preset--spacing--40);padding-bottom:var(--wp--preset--spacing--40);font-size:25px;font-style:normal;font-weight:600;text-transform:capitalize\">Resumen<\/h2>\n\n\n\n<p style=\"padding-right:var(--wp--preset--spacing--50);padding-left:var(--wp--preset--spacing--50);font-size:20px\">Our aluminum base with opal square light cover is a modern suspension fixture that has clean lines and no glare. The adjustable suspension and sturdy aluminum channel make it a great choice for homes and businesses alike. It&#8217;s great for offices, kitchens, and more. Check out our other <a href=\"https:\/\/tangooled.com\/es\/led-profiles\/\"><mark style=\"background-color:rgba(0, 0, 0, 0)\" class=\"has-inline-color has-vivid-red-color\">perfiles LED de aluminio<\/mark><\/a> opciones de iluminaci\u00f3n inteligente.<\/p>\n<\/div><\/div>","protected":false},"featured_media":14711,"template":"","meta":{"_acf_changed":true,"_seopress_robots_primary_cat":"none","_seopress_titles_title":"35mm Aluminum Base with Opal Square Light Cover | SG3535C Profile","_seopress_titles_desc":"The SG3535C features a 35mm aluminum base with a premium opal square light cover. This suspended profile creates a unique 3-sided 3D lighting effect, ensuring soft, spotless illumination for modern interiors.","_seopress_robots_index":""},"pcb-width":[230],"product-cat":[192,194],"class_list":{"0":"post-35118","1":"product","2":"type-product","3":"status-publish","4":"has-post-thumbnail","6":"pcb-width-20-25mm","7":"product-cat-surface-led-profile","8":"product-cat-suspended-profile"},"acf":[],"_links":{"self":[{"href":"https:\/\/tangooled.com\/es\/wp-json\/wp\/v2\/product\/35118","targetHints":{"allow":["GET"]}}],"collection":[{"href":"https:\/\/tangooled.com\/es\/wp-json\/wp\/v2\/product"}],"about":[{"href":"https:\/\/tangooled.com\/es\/wp-json\/wp\/v2\/types\/product"}],"wp:featuredmedia":[{"embeddable":true,"href":"https:\/\/tangooled.com\/es\/wp-json\/wp\/v2\/media\/14711"}],"wp:attachment":[{"href":"https:\/\/tangooled.com\/es\/wp-json\/wp\/v2\/media?parent=35118"}],"wp:term":[{"taxonomy":"pcb-width","embeddable":true,"href":"https:\/\/tangooled.com\/es\/wp-json\/wp\/v2\/pcb-width?post=35118"},{"taxonomy":"product-cat","embeddable":true,"href":"https:\/\/tangooled.com\/es\/wp-json\/wp\/v2\/product-cat?post=35118"}],"curies":[{"name":"wp","href":"https:\/\/api.w.org\/{rel}","templated":true}]}}