{"id":35074,"date":"2025-07-02T01:55:05","date_gmt":"2025-07-02T09:55:05","guid":{"rendered":"https:\/\/tangooled.com\/?post_type=product&#038;p=35074"},"modified":"2026-01-29T23:43:08","modified_gmt":"2026-01-30T07:43:08","slug":"75x75mm-pendant-aluminum-led-channel-with-space-for-led-driver","status":"publish","type":"product","link":"https:\/\/tangooled.com\/es\/product\/75x75mm-pendant-aluminum-led-channel-with-space-for-led-driver\/","title":{"rendered":"Canal LED de aluminio colgante de 75x75mm con espacio para controlador LED"},"content":{"rendered":"<div class=\"wp-block-group is-vertical is-layout-flex wp-container-core-group-is-layout-d255d7c4 wp-block-group-is-layout-flex\" style=\"padding-top:var(--wp--preset--spacing--80);padding-bottom:var(--wp--preset--spacing--80)\">\n<p>El canal LED colgante de 75x75mm con espacio para controlador tiene un estilo fuerte y elegante que iluminar\u00e1 tus habitaciones. Este gran perfil LED de aluminio de 75X75MM est\u00e1 dise\u00f1ado para arquitectos, electricistas y dise\u00f1adores que buscan un estilo dram\u00e1tico, instalaci\u00f3n r\u00e1pida y una iluminaci\u00f3n que fluya suavemente sin que se muestren cajas de controlador externas. La estructura robusta tiene una gran cavidad interior que est\u00e1 dise\u00f1ada espec\u00edficamente para ocultar de manera segura los controladores LED y una fuente de alimentaci\u00f3n, por lo que no hay necesidad de piezas externas.<\/p>\n\n\n\n<p>Este canal lineal flexible es ideal para instalaciones de iluminaci\u00f3n en grandes oficinas y negocios. Las tiras LED est\u00e1n colocadas en una bandeja interna desmontable y ajustable, lo que facilita su posicionamiento y limpieza. La instalaci\u00f3n es bastante flexible, ya que el canal LED se puede montar tanto en el techo como en la pared. Esto permite a los dise\u00f1adores crear hermosas luminarias lineales que proporcionan una luz brillante y lucen limpias y profesionales.<\/p>\n<\/div>\n\n\n\n<div class=\"wp-block-group has-background is-vertical is-layout-flex wp-container-core-group-is-layout-d255d7c4 wp-block-group-is-layout-flex\" style=\"background-color:#f1f1f1;padding-top:var(--wp--preset--spacing--80);padding-bottom:var(--wp--preset--spacing--80)\">\n<div class=\"wp-block-group is-vertical is-layout-flex wp-container-core-group-is-layout-8cf370e7 wp-block-group-is-layout-flex\">\n<h2 class=\"wp-block-heading\" style=\"padding-top:var(--wp--preset--spacing--40);padding-bottom:var(--wp--preset--spacing--40);font-size:25px;font-style:normal;font-weight:600;text-transform:capitalize\">\u00bfPor qu\u00e9 elegir nuestro canal LED colgante de 75x75mm con espacio para controlador?<\/h2>\n\n\n\n<ul class=\"wp-block-list\">\n<li>Dise\u00f1o todo en uno: El espacio interior es lo suficientemente grande para que el controlador LED se ajuste. No m\u00e1s cajas en las paredes o techos.<\/li>\n\n\n\n<li>Fuerte y ligero: Est\u00e1 hecho de aluminio anodizado 6063-T5, que es un material de alta calidad. Un buen disipador de calor ayudar\u00e1 a que el LED dure m\u00e1s.<\/li>\n\n\n\n<li>Gran dimensi\u00f3n para mucha luz: El tama\u00f1o de 75mm x 75mm te permite usar tiras LED anchas o incluso varias tiras para generar luz brillante y uniforme.<\/li>\n\n\n\n<li>Easy to hang: It&#8217;s a pendant style that hangs from cables, which looks wonderful and makes it easy to change the height.<\/li>\n\n\n\n<li>Luz suave: El difusor de policarbonato opalino que viene con \u00e9l hace que la luz sea suave y sin puntos.<\/li>\n\n\n\n<li>Colores y longitudes personalizadas: Puedes obtener exactamente lo que necesitas eligiendo entre acabados en polvo o cortes personalizados.<\/li>\n<\/ul>\n<\/div>\n<\/div>\n\n\n\n<div class=\"wp-block-group\" style=\"padding-top:var(--wp--preset--spacing--60);padding-bottom:var(--wp--preset--spacing--60)\"><div class=\"wp-block-group__inner-container is-layout-constrained wp-block-group-is-layout-constrained\">\n<div class=\"wp-block-media-text has-media-on-the-right is-stacked-on-mobile\"><div class=\"wp-block-media-text__content\">\n<h2 class=\"wp-block-heading\" style=\"font-size:25px;font-style:normal;font-weight:600;text-transform:capitalize\">Consejos de instalaci\u00f3n<\/h2>\n\n\n\n<ul class=\"wp-block-list\">\n<li>Colgando de cables que pueden ajustarse para que se cambie la altura.<\/li>\n\n\n\n<li>Elige los controladores LED adecuados que se ajusten al espacio para el controlador interno. Esto facilitar\u00e1 el cableado.<\/li>\n\n\n\n<li>If you&#8217;re building a long run of lights, add mounting clips or joiners.<\/li>\n\n\n\n<li>Cierra los extremos del perfil con tapones finales de metal para dar un aspecto acabado.<\/li>\n<\/ul>\n<\/div><figure class=\"wp-block-media-text__media\"><img loading=\"lazy\" decoding=\"async\" width=\"500\" height=\"500\" src=\"https:\/\/tangooled.com\/wp-content\/uploads\/2025\/07\/s7575-ins.webp\" alt=\"75x75mm pendant aluminum led channel with space for led driver\" class=\"wp-image-41110 size-full\" srcset=\"https:\/\/tangooled.com\/wp-content\/uploads\/2025\/07\/s7575-ins.webp 500w, https:\/\/tangooled.com\/wp-content\/uploads\/2025\/07\/s7575-ins-300x300.webp 300w, https:\/\/tangooled.com\/wp-content\/uploads\/2025\/07\/s7575-ins-150x150.webp 150w\" sizes=\"auto, (max-width: 500px) 100vw, 500px\" \/><\/figure><\/div>\n<\/div><\/div>\n\n\n\n<div class=\"wp-block-group has-background\" style=\"background-color:#f1f1f1;padding-top:var(--wp--preset--spacing--80);padding-bottom:var(--wp--preset--spacing--80)\"><div class=\"wp-block-group__inner-container is-layout-constrained wp-block-group-is-layout-constrained\">\n<h2 class=\"wp-block-heading\" style=\"padding-top:var(--wp--preset--spacing--40);padding-bottom:var(--wp--preset--spacing--40);font-size:25px;font-style:normal;font-weight:600;text-transform:capitalize\">Aplicaciones para el canal LED colgante de 75mm con espacio para controlador<\/h2>\n\n\n\n<p>Este canal LED colgante de aluminio de 75mm es adecuado para una amplia gama de aplicaciones.<\/p>\n\n\n\n<ul class=\"wp-block-list\">\n<li>Oficinas: Utiliza elegantes colgantes lineales para iluminar salas de conferencias y escritorios de trabajo.<\/li>\n\n\n\n<li>Hogares: Ideal para islas de cocina o comedores con atractivas luces colgantes.<\/li>\n\n\n\n<li>Retail y Showrooms: Muestra tus productos con luz brillante y uniforme sin cables visibles.<\/li>\n\n\n\n<li>Hoteles o Restaurantes: Haz que las luces en el vest\u00edbulo o bar se vean agradables y profesionales.<\/li>\n\n\n\n<li>Iluminaci\u00f3n de tareas y ambiental: Puedes tener luz de tarea brillante o luz ambiental suave con una sola luminaria.<\/li>\n<\/ul>\n<\/div><\/div>\n\n\n\n<div class=\"wp-block-group\" style=\"padding-top:var(--wp--preset--spacing--80);padding-bottom:var(--wp--preset--spacing--80)\"><div class=\"wp-block-group__inner-container is-layout-constrained wp-block-group-is-layout-constrained\">\n<h2 class=\"wp-block-heading\" style=\"padding-top:var(--wp--preset--spacing--40);padding-bottom:var(--wp--preset--spacing--40);font-size:25px;font-style:normal;font-weight:600;text-transform:capitalize\">Lo que puedes obtener en un kit<\/h2>\n\n\n\n<ul class=\"wp-block-list\">\n<li>Canal de aluminio extruido (plateado, blanco o negro)<\/li>\n\n\n\n<li>Difusor LED de policarbonato opalino<\/li>\n\n\n\n<li>Tapones finales de metal<\/li>\n\n\n\n<li>Kit de cable suspendido (para uso colgante)<\/li>\n\n\n\n<li>Hebilla empotrada (para uso empotrado)<\/li>\n\n\n\n<li>Clips de montaje (para montaje en superficie)<\/li>\n\n\n\n<li>Conectores para hacer formas o largos recorridos <\/li>\n<\/ul>\n<\/div><\/div>\n\n\n\n<div class=\"wp-block-group\" style=\"padding-top:var(--wp--preset--spacing--80);padding-bottom:var(--wp--preset--spacing--80)\"><div class=\"wp-block-group__inner-container is-layout-constrained wp-block-group-is-layout-constrained\">\n<h2 class=\"wp-block-heading\" style=\"padding-top:var(--wp--preset--spacing--40);padding-bottom:var(--wp--preset--spacing--40);font-size:25px;font-style:normal;font-weight:600;text-transform:capitalize\">Resumen<\/h2>\n\n\n\n<p>El canal LED colgante de 75mm con espacio para controlador es una opci\u00f3n inteligente, duradera y estilizada para cualquiera que quiera crear una iluminaci\u00f3n colgante exquisita y potente. El gran canal de aluminio oculta tu controlador LED dentro del dise\u00f1o todo en uno. El robusto disipador de calor y el difusor esmerilado\/opalino hacen que la luz dure mucho tiempo y sea suave. Es adecuado para tiras LED amplias y es f\u00e1cil de colgar. Ideal para hogares, oficinas, tiendas o lugares de hospitalidad.<\/p>\n\n\n\n<p>Consulta nuestra gama completa de perfiles de aluminio LED y difusores para completar tu sistema de iluminaci\u00f3n:<\/p>\n\n\n\n<ul class=\"wp-block-list\">\n<li><a href=\"https:\/\/tangooled.com\/es\/product\/black-aluminum-u-channel-profile-for-10mm-led-strips\/\"><mark style=\"background-color:rgba(0, 0, 0, 0)\" class=\"has-inline-color has-vivid-red-color\">Perfil de canal en U de aluminio negro para tiras LED de 10mm<\/mark><\/a><\/li>\n\n\n\n<li><a href=\"https:\/\/tangooled.com\/es\/product\/led-strip-light-channel-aluminum-profile-with-diffused-cover-6mm-height\/\"><mark style=\"background-color:rgba(0, 0, 0, 0)\" class=\"has-inline-color has-vivid-red-color\">Perfil de aluminio para canal de luz LED con cubierta difusa de 6 mm de altura<\/mark><\/a><\/li>\n\n\n\n<li><a href=\"https:\/\/tangooled.com\/es\/product\/25mm-u-shape-led-mounting-channel-for-15mm-double-row-led-strip-lights\/\"><mark style=\"background-color:rgba(0, 0, 0, 0)\" class=\"has-inline-color has-vivid-red-color\">Canal de montaje LED en forma de U de 25mm para luces de tira LED de doble fila de 15mm<\/mark><\/a><\/li>\n<\/ul>\n<\/div><\/div>","protected":false},"featured_media":33392,"template":"","meta":{"_acf_changed":true,"_seopress_robots_primary_cat":"none","_seopress_titles_title":"75x75mm Pendant LED Channel | Large Profile with Driver Space | TANGOOLED","_seopress_titles_desc":"This 75x75mm pendant led channel featuring a built-in space for LED drivers. This large square aluminum profile provides high-output, dot-free lighting for commercial offices and retail spaces.","_seopress_robots_index":""},"pcb-width":[232],"product-cat":[192,194],"class_list":{"0":"post-35074","1":"product","2":"type-product","3":"status-publish","4":"has-post-thumbnail","6":"pcb-width-35-45mm","7":"product-cat-surface-led-profile","8":"product-cat-suspended-profile"},"acf":[],"_links":{"self":[{"href":"https:\/\/tangooled.com\/es\/wp-json\/wp\/v2\/product\/35074","targetHints":{"allow":["GET"]}}],"collection":[{"href":"https:\/\/tangooled.com\/es\/wp-json\/wp\/v2\/product"}],"about":[{"href":"https:\/\/tangooled.com\/es\/wp-json\/wp\/v2\/types\/product"}],"wp:featuredmedia":[{"embeddable":true,"href":"https:\/\/tangooled.com\/es\/wp-json\/wp\/v2\/media\/33392"}],"wp:attachment":[{"href":"https:\/\/tangooled.com\/es\/wp-json\/wp\/v2\/media?parent=35074"}],"wp:term":[{"taxonomy":"pcb-width","embeddable":true,"href":"https:\/\/tangooled.com\/es\/wp-json\/wp\/v2\/pcb-width?post=35074"},{"taxonomy":"product-cat","embeddable":true,"href":"https:\/\/tangooled.com\/es\/wp-json\/wp\/v2\/product-cat?post=35074"}],"curies":[{"name":"wp","href":"https:\/\/api.w.org\/{rel}","templated":true}]}}