{"id":35071,"date":"2025-07-02T01:51:20","date_gmt":"2025-07-02T09:51:20","guid":{"rendered":"https:\/\/tangooled.com\/?post_type=product&#038;p=35071"},"modified":"2026-01-26T00:43:01","modified_gmt":"2026-01-26T08:43:01","slug":"75x35mm-ceiling-hanging-light-led-channel-aluminum-extrusion","status":"publish","type":"product","link":"https:\/\/tangooled.com\/es\/product\/75x35mm-ceiling-hanging-light-led-channel-aluminum-extrusion\/","title":{"rendered":"Canal de aluminio extruido LED colgante de techo 75x35mm"},"content":{"rendered":"<div class=\"wp-block-group is-vertical is-layout-flex wp-container-core-group-is-layout-d255d7c4 wp-block-group-is-layout-flex\" style=\"padding-top:var(--wp--preset--spacing--80);padding-bottom:var(--wp--preset--spacing--80)\">\n<p>Nuestro canal de aluminio extruido LED colgante de techo de 75x35mm es perfecto para arquitectos, dise\u00f1adores de iluminaci\u00f3n y contratistas que desean una iluminaci\u00f3n lineal elegante y de alta calidad. La aleaci\u00f3n de aluminio 6063-T5 de alta calidad utilizada para fabricar este perfil lo hace incre\u00edblemente resistente y ayuda a que tus tiras LED duren m\u00e1s al mantenerlas frescas.<\/p>\n\n\n\n<p>Esta extrusi\u00f3n de luz duradera es perfecta para tiras LED amplias. Tiene un difusor de policarbonato (PC) que hace que la salida de luz sea suave y sin puntos. Esto lo hace perfecto para aplicaciones de alta luminosidad en grandes \u00e1reas. Se puede instalar de varias maneras, incluyendo colgando del techo (suspensi\u00f3n) y montando en una superficie.<\/p>\n\n\n\n<p>The complete 75&#215;35 mm system includes all necessary components for a seamless setup. It has rigid metal end caps for a clean finish, suspension wires for adjustable hanging, and mounting clips for solid surface attachment. This profile is great for making the lighting look better in businesses, stores, hotels, and modern houses.<\/p>\n<\/div>\n\n\n\n<div class=\"wp-block-group has-background is-vertical is-layout-flex wp-container-core-group-is-layout-d255d7c4 wp-block-group-is-layout-flex\" style=\"background-color:#f1f1f1;padding-top:var(--wp--preset--spacing--80);padding-bottom:var(--wp--preset--spacing--80)\">\n<div class=\"wp-block-group is-vertical is-layout-flex wp-container-core-group-is-layout-8cf370e7 wp-block-group-is-layout-flex\">\n<h2 class=\"wp-block-heading\" style=\"padding-top:var(--wp--preset--spacing--40);padding-bottom:var(--wp--preset--spacing--40);font-size:25px;font-style:normal;font-weight:600;text-transform:capitalize\">Why Choose Our 75x35mm Ceiling Hanging LED Channel\uff1f<\/h2>\n\n\n\n<ul class=\"wp-block-list\">\n<li>Hecho de aluminio 6063-T5 de alta calidad, que mantiene tus LEDs frescos y los hace durar m\u00e1s.<\/li>\n\n\n\n<li>Dise\u00f1ado para colgar del techo como un perfil colgante, para que puedas crear tus propias luces lineales.<\/li>\n\n\n\n<li>Suficientemente grande para sostener controladores LED y tiras LED de hasta 50mm de ancho.<\/li>\n\n\n\n<li>Viene con un difusor opal de PC que se inserta, que hace que la luz sea suave, uniforme y sin puntos.<\/li>\n\n\n\n<li>Disponible en acabados anodizados en plata, negro y blanco recubierto en polvo para combinar con cualquier estilo.<\/li>\n\n\n\n<li>Funciona con accesorios, incluidos kits de suspensi\u00f3n, tapas finales y uniones que se ofrecen por separado.<\/li>\n<\/ul>\n<\/div>\n<\/div>\n\n\n\n<div class=\"wp-block-group\" style=\"padding-top:var(--wp--preset--spacing--60);padding-bottom:var(--wp--preset--spacing--60)\"><div class=\"wp-block-group__inner-container is-layout-constrained wp-block-group-is-layout-constrained\">\n<div class=\"wp-block-media-text has-media-on-the-right is-stacked-on-mobile\"><div class=\"wp-block-media-text__content\">\n<h2 class=\"wp-block-heading\" style=\"padding-top:var(--wp--preset--spacing--40);padding-bottom:var(--wp--preset--spacing--40);font-size:25px;font-style:normal;font-weight:600;text-transform:capitalize\">Accesorios del canal para una f\u00e1cil instalaci\u00f3n<\/h2>\n\n\n\n<p>Para completar tu sistema de iluminaci\u00f3n personalizado, utiliza accesorios compatibles:<\/p>\n\n\n\n<ul class=\"wp-block-list\">\n<li>Kit de suspensi\u00f3n: Suspensi\u00f3n ajustable con cable de aeronave<\/li>\n\n\n\n<li>Tapas finales: Tapas s\u00f3lidas o con orificio para un acabado limpio<\/li>\n\n\n\n<li>Brazos de empotramiento: Instalaci\u00f3n empotrada en el techo<\/li>\n\n\n\n<li>Soporte de montaje: Uso de instalaci\u00f3n en superficie<\/li>\n\n\n\n<li>Conectores lineales: Para uniones sin interrupciones que conectan m\u00faltiples perfiles<\/li>\n<\/ul>\n<\/div><figure class=\"wp-block-media-text__media\"><img loading=\"lazy\" decoding=\"async\" width=\"500\" height=\"500\" src=\"https:\/\/tangooled.com\/wp-content\/uploads\/2025\/07\/s7535-ins-3.webp\" alt=\"75x35mm ceiling hanging light led channel aluminum extrusion\" class=\"wp-image-41117 size-full\" srcset=\"https:\/\/tangooled.com\/wp-content\/uploads\/2025\/07\/s7535-ins-3.webp 500w, https:\/\/tangooled.com\/wp-content\/uploads\/2025\/07\/s7535-ins-3-300x300.webp 300w, https:\/\/tangooled.com\/wp-content\/uploads\/2025\/07\/s7535-ins-3-150x150.webp 150w\" sizes=\"auto, (max-width: 500px) 100vw, 500px\" \/><\/figure><\/div>\n<\/div><\/div>\n\n\n\n<div class=\"wp-block-group has-background\" style=\"background-color:#f1f1f1;padding-top:var(--wp--preset--spacing--80);padding-bottom:var(--wp--preset--spacing--80)\"><div class=\"wp-block-group__inner-container is-layout-constrained wp-block-group-is-layout-constrained\">\n<h2 class=\"wp-block-heading\" style=\"padding-top:var(--wp--preset--spacing--40);padding-bottom:var(--wp--preset--spacing--40);font-size:25px;font-style:normal;font-weight:600;text-transform:capitalize\">what\u2018s in a kit?<\/h2>\n\n\n\n<ul class=\"wp-block-list\">\n<li>Canal de aluminio anodizado con brida<\/li>\n\n\n\n<li>Difusor LED opal de PC<\/li>\n\n\n\n<li>Dos tapas de metal<\/li>\n\n\n\n<li>Clips de montaje ocultos, kit de cable de suspensi\u00f3n, brazos empotrados (dependiendo de la instalaci\u00f3n)<\/li>\n<\/ul>\n<\/div><\/div>\n\n\n\n<div class=\"wp-block-group\" style=\"padding-top:var(--wp--preset--spacing--80);padding-bottom:var(--wp--preset--spacing--80)\"><div class=\"wp-block-group__inner-container is-layout-constrained wp-block-group-is-layout-constrained\">\n<h2 class=\"wp-block-heading\" style=\"padding-top:var(--wp--preset--spacing--40);padding-bottom:var(--wp--preset--spacing--40);font-size:25px;font-style:normal;font-weight:600;text-transform:capitalize\">75x35mm ceiling hanging led channel &#8211; applications<\/h2>\n\n\n\n<ul class=\"wp-block-list\">\n<li>Iluminaci\u00f3n de exhibici\u00f3n en tiendas: Crea exhibiciones llamativas que atraen la atenci\u00f3n del consumidor.<\/li>\n\n\n\n<li>Iluminaci\u00f3n bajo gabinete de cocina: Ilumina tus encimeras para facilitar la cocina y la preparaci\u00f3n.<\/li>\n\n\n\n<li>Iluminaci\u00f3n de armarios y closets: Ilumina el espacio para una mejor visibilidad y organizaci\u00f3n.<\/li>\n\n\n\n<li>Iluminaci\u00f3n residencial: Crea l\u00edneas limpias de luz de acento en salas de estar y dormitorios.<\/li>\n\n\n\n<li>Integraci\u00f3n de espacios comerciales: Una opci\u00f3n de iluminaci\u00f3n vers\u00e1til para oficinas, vest\u00edbulos y salas de exhibici\u00f3n.<\/li>\n\n\n\n<li>Architectural feature enhancement: Highlights a building&#8217;s unique and interesting design features.<\/li>\n<\/ul>\n<\/div><\/div>\n\n\n\n<div class=\"wp-block-group has-background\" style=\"background-color:#f1f1f1;padding-top:var(--wp--preset--spacing--80);padding-bottom:var(--wp--preset--spacing--80)\"><div class=\"wp-block-group__inner-container is-layout-constrained wp-block-group-is-layout-constrained\">\n<h2 class=\"wp-block-heading\" style=\"padding-top:var(--wp--preset--spacing--40);padding-bottom:var(--wp--preset--spacing--40);font-size:25px;font-style:normal;font-weight:600;text-transform:capitalize\">Mant\u00e9n tu iluminaci\u00f3n actualizada con el canal LED colgante de techo de 75x35mm<\/h2>\n\n\n\n<p>El canal LED colgante de techo de 75x35mm te ayuda a mantener el dise\u00f1o de iluminaci\u00f3n ordenado y moderno.<br>Get your professional 75x35mm LED channel for ceiling hanging lights&nbsp;today. It&#8217;s the best choice for your next lighting project, whether it&#8217;s for a building, an office, or a store.<br>Este producto cumple con los est\u00e1ndares m\u00e1s recientes de la industria. Est\u00e1 hecho de aluminio arquitect\u00f3nico de grado 6063-T5 y tiene acabados profesionales, por lo que funcionar\u00e1 con cualquier tipo de tira de luz LED.<br>Please don&#8217;t hesitate to get in touch with our sales staff if you have any special needs or inquiries.<\/p>\n\n\n\n<p>Consulta toda la gama de <a href=\"https:\/\/tangooled.com\/es\/led-profiles\/\"><mark style=\"background-color:rgba(0, 0, 0, 0)\" class=\"has-inline-color has-vivid-red-color\">Canales de aluminio LED<\/mark><\/a> para encontrar m\u00e1s opciones, componentes y accesorios.<\/p>\n<\/div><\/div>\n\n\n\n<p><\/p>","protected":false},"featured_media":33390,"template":"","meta":{"_acf_changed":true,"_seopress_robots_primary_cat":"none","_seopress_titles_title":"75x35mm Ceiling Hanging LED Channel | Wide Aluminum Linear Profile | TANGOOLED","_seopress_titles_desc":"This 75x35mm ceiling hanging led channel is wide-span aluminum extrusion that supports multiple LED strips for high-output lighting. It's ideal for large offices and retail showrooms.","_seopress_robots_index":""},"pcb-width":[233],"product-cat":[192,194],"class_list":{"0":"post-35071","1":"product","2":"type-product","3":"status-publish","4":"has-post-thumbnail","6":"pcb-width-50-90mm","7":"product-cat-surface-led-profile","8":"product-cat-suspended-profile"},"acf":[],"_links":{"self":[{"href":"https:\/\/tangooled.com\/es\/wp-json\/wp\/v2\/product\/35071","targetHints":{"allow":["GET"]}}],"collection":[{"href":"https:\/\/tangooled.com\/es\/wp-json\/wp\/v2\/product"}],"about":[{"href":"https:\/\/tangooled.com\/es\/wp-json\/wp\/v2\/types\/product"}],"wp:featuredmedia":[{"embeddable":true,"href":"https:\/\/tangooled.com\/es\/wp-json\/wp\/v2\/media\/33390"}],"wp:attachment":[{"href":"https:\/\/tangooled.com\/es\/wp-json\/wp\/v2\/media?parent=35071"}],"wp:term":[{"taxonomy":"pcb-width","embeddable":true,"href":"https:\/\/tangooled.com\/es\/wp-json\/wp\/v2\/pcb-width?post=35071"},{"taxonomy":"product-cat","embeddable":true,"href":"https:\/\/tangooled.com\/es\/wp-json\/wp\/v2\/product-cat?post=35071"}],"curies":[{"name":"wp","href":"https:\/\/api.w.org\/{rel}","templated":true}]}}