{"id":35044,"date":"2025-07-01T23:56:22","date_gmt":"2025-07-02T07:56:22","guid":{"rendered":"https:\/\/tangooled.com\/?post_type=product&#038;p=35044"},"modified":"2026-01-23T00:26:03","modified_gmt":"2026-01-23T08:26:03","slug":"extra-wide-trimless-led-profile-for-flush-mount-s7518","status":"publish","type":"product","link":"https:\/\/tangooled.com\/es\/product\/extra-wide-trimless-led-profile-for-flush-mount-s7518\/","title":{"rendered":"Canal de perfil LED extra ancho y sin marco de 75x18mm para montaje empotrado"},"content":{"rendered":"<div class=\"wp-block-group is-vertical is-layout-flex wp-container-core-group-is-layout-d255d7c4 wp-block-group-is-layout-flex\" style=\"padding-top:var(--wp--preset--spacing--80);padding-bottom:var(--wp--preset--spacing--80)\">\n<p>This 75x18mm extra-wide trimless LED profile will light up your space in a clean and smooth way. This sleek, trimless channel features a 75mm width and a height of 18mm, making it a powerful lighting solution that doesn&#8217;t get in the way of your view.<\/p>\n\n\n\n<p>El perfil est\u00e1 dise\u00f1ado para encajar bien en paneles de yeso o placas de yeso, d\u00e1ndole un aspecto limpio y moderno. Hace un gran trabajo ocultando todos los bordes, por lo que parece que la luz proviene directamente de la pared o del techo.&nbsp;La construcci\u00f3n de este perfil&nbsp;es delgada y ancha, lo que lo hace perfecto para iluminar de manera uniforme y brillante grandes \u00e1reas.<\/p>\n\n\n\n<p>El kit completo incluye todo lo que necesitas, como hebillas de montaje empotradas y tapones finales de metal, para darle a tu proyecto un acabado profesional. Este perfil es perfecto para arquitectos y dise\u00f1adores que desean una iluminaci\u00f3n lineal fuerte y casi invisible.<\/p>\n<\/div>\n\n\n\n<div class=\"wp-block-group has-background\" style=\"background-color:#f1f1f1;padding-top:var(--wp--preset--spacing--80);padding-bottom:var(--wp--preset--spacing--80)\"><div class=\"wp-block-group__inner-container is-layout-constrained wp-block-group-is-layout-constrained\">\n<div class=\"wp-block-group is-vertical is-layout-flex wp-container-core-group-is-layout-8cf370e7 wp-block-group-is-layout-flex\">\n<h2 class=\"wp-block-heading\" style=\"padding-top:var(--wp--preset--spacing--40);padding-bottom:var(--wp--preset--spacing--40);font-size:25px;font-style:normal;font-weight:600;text-transform:capitalize\">\u00bfPor qu\u00e9 elegir nuestro perfil LED extra ancho sin marco de 75mm x 18mm?<\/h2>\n\n\n\n<ul class=\"wp-block-list\">\n<li>Es de 75 mm de ancho y 18 mm de profundidad, por lo que se adapta a paredes y techos y proporciona una fuerte l\u00ednea de luz.<\/li>\n\n\n\n<li>Est\u00e1 compuesto de aluminio anodizado de alta calidad y act\u00faa como un disipador de calor para mantener frescas tus tiras LED.<\/li>\n\n\n\n<li>Cuenta con un difusor opal de PC que hace que la luz sea clara y uniforme, sin manchas ni deslumbramiento.<\/li>\n\n\n\n<li>Funciona bien con la mayor\u00eda de las tiras LED que tienen hasta 60mm de ancho para crear una brillante l\u00ednea recta.<\/li>\n<\/ul>\n<\/div>\n<\/div><\/div>\n\n\n\n<div class=\"wp-block-group\" style=\"padding-top:var(--wp--preset--spacing--60);padding-bottom:var(--wp--preset--spacing--60)\"><div class=\"wp-block-group__inner-container is-layout-constrained wp-block-group-is-layout-constrained\">\n<div class=\"wp-block-media-text has-media-on-the-right is-stacked-on-mobile\" style=\"grid-template-columns:auto 40%\"><div class=\"wp-block-media-text__content\">\n<h2 class=\"wp-block-heading\" style=\"padding-top:var(--wp--preset--spacing--40);padding-bottom:var(--wp--preset--spacing--40);font-size:25px;font-style:normal;font-weight:600;text-transform:capitalize\">Instalaci\u00f3n simplificada<\/h2>\n\n\n\n<ul class=\"wp-block-list\">\n<li>Haz clic en el canal de aluminio en las hebillas empotradas, luego fija el perfil a los montantes o vigas del techo.<\/li>\n\n\n\n<li>Barro y yeso: Usa barro para paneles de yeso o yeso para cubrir las bridas de las hebillas.<\/li>\n\n\n\n<li>Sand and Paint\u2014Once the paint is dry, sand it until it is smooth. Color the surface to match the color of your room.<\/li>\n\n\n\n<li>Coloca la tira LED dentro, conecta la potencia y luego coloca el difusor mate.<\/li>\n<\/ul>\n<\/div><figure class=\"wp-block-media-text__media\"><img loading=\"lazy\" decoding=\"async\" width=\"500\" height=\"500\" src=\"https:\/\/tangooled.com\/wp-content\/uploads\/2025\/07\/s7518-ins.webp\" alt=\"75mmx18mm trimless led profile channel for flush mount\" class=\"wp-image-43546 size-full\" srcset=\"https:\/\/tangooled.com\/wp-content\/uploads\/2025\/07\/s7518-ins.webp 500w, https:\/\/tangooled.com\/wp-content\/uploads\/2025\/07\/s7518-ins-300x300.webp 300w, https:\/\/tangooled.com\/wp-content\/uploads\/2025\/07\/s7518-ins-150x150.webp 150w\" sizes=\"auto, (max-width: 500px) 100vw, 500px\" \/><\/figure><\/div>\n<\/div><\/div>\n\n\n\n<div class=\"wp-block-group has-background is-vertical is-layout-flex wp-container-core-group-is-layout-b429018a wp-block-group-is-layout-flex\" style=\"background-color:#f1f1f1f2;padding-top:var(--wp--preset--spacing--70);padding-bottom:var(--wp--preset--spacing--70)\">\n<h2 class=\"wp-block-heading\" style=\"padding-top:var(--wp--preset--spacing--40);padding-bottom:var(--wp--preset--spacing--40);font-size:25px;font-style:normal;font-weight:600\">Usos perfectos para el perfil LED empotrado sin marco de 75x18mm<\/h2>\n\n\n\n<ul class=\"wp-block-list\">\n<li>Ceiling Cove and Reveal Lighting: Add architectural reveal lighting that doesn&#8217;t have any frames that can be seen.<\/li>\n\n\n\n<li>Residential Rooms\u2014Great for kitchens, living rooms, hallways, or bathrooms with ceilings constructed of drywall or plasterboard.<\/li>\n\n\n\n<li>Espacios comerciales: Usa iluminaci\u00f3n lineal continua para iluminar lugares de trabajo, salas de juntas, escaparates o \u00e1reas para invitados.<\/li>\n\n\n\n<li>Iluminaci\u00f3n ambiental y de tarea: \u00dasalo para hacer que estanter\u00edas o \u00e1reas de trabajo sean m\u00e1s brillantes o suaves.<\/li>\n<\/ul>\n<\/div>\n\n\n\n<div class=\"wp-block-group is-vertical is-layout-flex wp-container-core-group-is-layout-d255d7c4 wp-block-group-is-layout-flex\" style=\"padding-top:var(--wp--preset--spacing--80);padding-bottom:var(--wp--preset--spacing--80)\">\n<h2 class=\"wp-block-heading\" style=\"padding-top:var(--wp--preset--spacing--40);padding-bottom:var(--wp--preset--spacing--40);font-size:25px;font-style:normal;font-weight:600;text-transform:capitalize\">Productos relacionados<\/h2>\n\n\n\n<ul class=\"wp-block-list\">\n<li><a href=\"https:\/\/tangooled.com\/es\/product\/black-led-profile-with-black-diffuser-for-10mm-led-strip-light\/\"><mark style=\"background-color:rgba(0, 0, 0, 0)\" class=\"has-inline-color has-vivid-red-color\">Perfil LED negro con difusor negro para luz de tira LED de 10mm <\/mark><\/a>\u2013 A sleek alternative for smaller LED strips.<\/li>\n\n\n\n<li><a href=\"https:\/\/tangooled.com\/es\/product\/led-strip-light-channel-aluminum-profile-with-diffused-cover-6mm-height\/\"><mark style=\"background-color:rgba(0, 0, 0, 0)\" class=\"has-inline-color has-vivid-red-color\">Perfil de aluminio para canal de luz LED con cubierta difusa de 6 mm de altura<\/mark><\/a> \u2013 For low-profile surface mount lighting.<\/li>\n\n\n\n<li><a href=\"https:\/\/tangooled.com\/es\/product\/surface-mount-led-profile-with-frosted-diffuser-for-10mm-rope-lights\/\"><mark style=\"background-color:rgba(0, 0, 0, 0)\" class=\"has-inline-color has-vivid-red-color\">Perfil LED de montaje en superficie con difusor esmerilado para luces de cuerda de 10 mm<\/mark><\/a> \u2013 Ideal for rope lighting installations.<\/li>\n\n\n\n<li><a href=\"https:\/\/tangooled.com\/es\/product\/black-led-diffuser-aluminum-channel-for-12mm-tape-lights\/\"><mark style=\"background-color:rgba(0, 0, 0, 0)\" class=\"has-inline-color has-vivid-red-color\">Canal de aluminio difusor LED negro para luces de cinta de 12 mm<\/mark><\/a> \u2013 Perfect for medium width tape light installations.<\/li>\n\n\n\n<li><a href=\"https:\/\/tangooled.com\/es\/product\/black-aluminum-u-channel-profile-for-10mm-led-strips\/\"><mark style=\"background-color:rgba(0, 0, 0, 0)\" class=\"has-inline-color has-vivid-red-color\">Perfil de canal en U de aluminio negro para tiras LED de 10mm<\/mark><\/a> \u2013 A stylish alternative for surface mounting.<\/li>\n<\/ul>\n<\/div>\n\n\n\n<div class=\"wp-block-group has-background\" style=\"background-color:#f1f1f1;padding-top:var(--wp--preset--spacing--80);padding-bottom:var(--wp--preset--spacing--80)\"><div class=\"wp-block-group__inner-container is-layout-constrained wp-block-group-is-layout-constrained\">\n<h2 class=\"wp-block-heading\" style=\"padding-top:var(--wp--preset--spacing--40);padding-bottom:var(--wp--preset--spacing--40);font-size:25px;font-style:normal;font-weight:600;text-transform:capitalize\">Resumen<\/h2>\n\n\n\n<p style=\"padding-right:var(--wp--preset--spacing--50);padding-left:var(--wp--preset--spacing--50)\">El perfil LED sin marco de 75x18mm tiene un aspecto elegante y moderno, ya que est\u00e1 empotrado sin marco. La carcasa de aluminio anodizado, la gran apertura de luz de 75mm y la cubierta difusa sin puntos lo hacen ideal para proyectos de iluminaci\u00f3n arquitect\u00f3nica tanto residenciales como comerciales. Se adapta perfectamente a tus paredes o techos y est\u00e1 dise\u00f1ado para trabajar con paneles de yeso y placas de yeso. Esta extrusi\u00f3n de aluminio de alta calidad y fuerte para tiras LED te ayudar\u00e1 a lograr el mejor efecto de iluminaci\u00f3n lineal minimalista en tus entornos.<\/p>\n<\/div><\/div>\n\n\n\n<p><\/p>","protected":false},"featured_media":33360,"template":"","meta":{"_acf_changed":true,"_seopress_robots_primary_cat":"none","_seopress_titles_title":"Extra Wide Trimless LED Profile 75x18mm Flush Mount | TANGOOLED","_seopress_titles_desc":"Achieve a bold architectural statement with our 75x18mm extra wide trimless LED profile. Ideal for large-scale flush mount installations where a massive light-emitting surface is required.","_seopress_robots_index":""},"pcb-width":[233],"product-cat":[193],"class_list":{"0":"post-35044","1":"product","2":"type-product","3":"status-publish","4":"has-post-thumbnail","6":"pcb-width-50-90mm","7":"product-cat-recessed-profile"},"acf":[],"_links":{"self":[{"href":"https:\/\/tangooled.com\/es\/wp-json\/wp\/v2\/product\/35044","targetHints":{"allow":["GET"]}}],"collection":[{"href":"https:\/\/tangooled.com\/es\/wp-json\/wp\/v2\/product"}],"about":[{"href":"https:\/\/tangooled.com\/es\/wp-json\/wp\/v2\/types\/product"}],"wp:featuredmedia":[{"embeddable":true,"href":"https:\/\/tangooled.com\/es\/wp-json\/wp\/v2\/media\/33360"}],"wp:attachment":[{"href":"https:\/\/tangooled.com\/es\/wp-json\/wp\/v2\/media?parent=35044"}],"wp:term":[{"taxonomy":"pcb-width","embeddable":true,"href":"https:\/\/tangooled.com\/es\/wp-json\/wp\/v2\/pcb-width?post=35044"},{"taxonomy":"product-cat","embeddable":true,"href":"https:\/\/tangooled.com\/es\/wp-json\/wp\/v2\/product-cat?post=35044"}],"curies":[{"name":"wp","href":"https:\/\/api.w.org\/{rel}","templated":true}]}}