{"id":34993,"date":"2025-07-01T05:58:32","date_gmt":"2025-07-01T13:58:32","guid":{"rendered":"https:\/\/tangooled.com\/?post_type=product&#038;p=34993"},"modified":"2026-01-31T01:44:54","modified_gmt":"2026-01-31T09:44:54","slug":"4-inch-wide-led-profile-recessed-100mm-aluminum-channel-white","status":"publish","type":"product","link":"https:\/\/tangooled.com\/es\/product\/4-inch-wide-led-profile-recessed-100mm-aluminum-channel-white\/","title":{"rendered":"Perfil LED empotrado de 4 pulgadas (100 mm) de ancho - Aluminio blanco"},"content":{"rendered":"<div class=\"wp-block-group\" style=\"padding-top:var(--wp--preset--spacing--80);padding-bottom:var(--wp--preset--spacing--80)\"><div class=\"wp-block-group__inner-container is-layout-constrained wp-block-group-is-layout-constrained\">\n<p>Este perfil LED empotrado de 4 pulgadas de ancho est\u00e1 dise\u00f1ado para integrar la iluminaci\u00f3n lineal en cualquier espacio sin esfuerzo. Cuenta con un ancho interno de 90 mm, una altura de 35 mm y flancos de 7.5 mm a ambos lados. Los flancos del perfil est\u00e1n hechos para encajar en una pared o techo. Ocultan eficazmente los espacios entre el accesorio y la estructura de la pared o el techo, creando una transici\u00f3n suave y profesional.<\/p>\n\n\n\n<p>El ancho interno de 90 mm es ideal para fuentes de luz potentes como tiras LED de cuatro filas. Esta capacidad asegura una alta salida de l\u00famenes y una experiencia de iluminaci\u00f3n brillante y agradable.<\/p>\n\n\n\n<p>El difusor de este perfil de 4 pulgadas de ancho tiene un mecanismo de bloqueo potente que evita que se afloje o caiga despu\u00e9s de la instalaci\u00f3n. Esto resuelve problemas frecuentes de estabilidad y seguridad que surgen con perfiles grandes. Este dise\u00f1o es seguro y bien pensado, y emite luz sin deslumbramiento.<\/p>\n\n\n\n<p>Este perfil de aluminio de 100 mm de ancho es ideal para iluminaci\u00f3n general en grandes espacios donde se requiere mucha luz brillante y uniforme, sin \u00e1reas desagradables. Funciona bien para establecer el tono principal y la luminosidad en lugares como oficinas de planta abierta, grandes salas de conferencias y espacios compartidos en residencias modernas.<\/p>\n<\/div><\/div>\n\n\n\n<div class=\"wp-block-group has-background\" style=\"background-color:#f1f1f1;padding-top:var(--wp--preset--spacing--80);padding-bottom:var(--wp--preset--spacing--80)\"><div class=\"wp-block-group__inner-container is-layout-constrained wp-block-group-is-layout-constrained\">\n<div class=\"wp-block-group is-vertical is-layout-flex wp-container-core-group-is-layout-8cf370e7 wp-block-group-is-layout-flex\">\n<h2 class=\"wp-block-heading\" style=\"padding-top:var(--wp--preset--spacing--40);padding-bottom:var(--wp--preset--spacing--40);font-size:25px;font-style:normal;font-weight:600;text-transform:capitalize\">Caracter\u00edsticas Clave<\/h2>\n\n\n\n<ul class=\"wp-block-list\">\n<li>El ancho interno de 90 mm te permite colocar varias tiras LED una al lado de la otra.<\/li>\n\n\n\n<li>El aluminio 6063-T5 es excelente para disipar el calor.<\/li>\n\n\n\n<li>El acabado en polvo blanco combina ampliamente con muchos espacios.&nbsp;<\/li>\n\n\n\n<li>El difusor de policarbonato opalino dispersa la luz uniformemente sin puntos.<\/li>\n\n\n\n<li>Cuenta con hebillas empotradas para una instalaci\u00f3n de paneles de yeso f\u00e1cil y limpia.<\/li>\n\n\n\n<li>Compatible con muchas tiras LED diferentes, como RGB, COB y SMD de alta densidad.<\/li>\n<\/ul>\n<\/div>\n<\/div><\/div>\n\n\n\n<div class=\"wp-block-group\" style=\"padding-top:var(--wp--preset--spacing--60);padding-bottom:var(--wp--preset--spacing--60)\"><div class=\"wp-block-group__inner-container is-layout-constrained wp-block-group-is-layout-constrained\">\n<div class=\"wp-block-media-text has-media-on-the-right is-stacked-on-mobile\" style=\"grid-template-columns:auto 40%\"><div class=\"wp-block-media-text__content\">\n<h2 class=\"wp-block-heading\" style=\"padding-top:var(--wp--preset--spacing--40);padding-bottom:var(--wp--preset--spacing--40);font-size:25px;font-style:normal;font-weight:600;text-transform:capitalize\">instalaci\u00f3n f\u00e1cil del perfil LED empotrado de 4 pulgadas<\/h2>\n\n\n\n<ul class=\"wp-block-list\">\n<li>Corta el panel de yeso o la obra a la medida correcta para el canal de aluminio (alrededor de 100 mm de ancho).<\/li>\n\n\n\n<li>Instala las hebillas de empotramiento en la parte posterior del canal y fija el canal de aluminio en el panel de yeso, asegur\u00e1ndote de que los flancos se asienten en los bordes del panel de yeso.<\/li>\n\n\n\n<li>Pon yeso o masilla sobre los flancos para lograr un acabado sin molduras.<\/li>\n\n\n\n<li>Inserta tiras LED de hasta 100 mm de ancho dentro del canal.<\/li>\n\n\n\n<li>Coloque la tapa difusora esmerilada en la parte superior.<\/li>\n<\/ul>\n<\/div><figure class=\"wp-block-media-text__media\"><img loading=\"lazy\" decoding=\"async\" width=\"500\" height=\"500\" src=\"https:\/\/tangooled.com\/wp-content\/uploads\/2025\/07\/rg10035-ins.webp\" alt=\"wide led profile recessed 100mm aluminum channel white\" class=\"wp-image-36688 size-full\" srcset=\"https:\/\/tangooled.com\/wp-content\/uploads\/2025\/07\/rg10035-ins.webp 500w, https:\/\/tangooled.com\/wp-content\/uploads\/2025\/07\/rg10035-ins-300x300.webp 300w, https:\/\/tangooled.com\/wp-content\/uploads\/2025\/07\/rg10035-ins-150x150.webp 150w\" sizes=\"auto, (max-width: 500px) 100vw, 500px\" \/><\/figure><\/div>\n<\/div><\/div>\n\n\n\n<div class=\"wp-block-group has-background\" style=\"background-color:#f2f2f2;padding-top:var(--wp--preset--spacing--80);padding-bottom:var(--wp--preset--spacing--80)\"><div class=\"wp-block-group__inner-container is-layout-constrained wp-block-group-is-layout-constrained\">\n<h2 class=\"wp-block-heading\" style=\"border-style:none;border-width:0px;padding-top:var(--wp--preset--spacing--40);padding-bottom:var(--wp--preset--spacing--40);font-size:25px;font-style:normal;font-weight:600;text-transform:capitalize\">What&#8217;s in the kit?<\/h2>\n\n\n\n<ul class=\"wp-block-list\">\n<li>Canal de aluminio empotrado de 100 mm de ancho<\/li>\n\n\n\n<li>Difusor de luz LED opalino<\/li>\n\n\n\n<li>Dos tapas de metal<\/li>\n\n\n\n<li>Hebillas empotradas<\/li>\n<\/ul>\n<\/div><\/div>\n\n\n\n<div class=\"wp-block-group\" style=\"padding-top:var(--wp--preset--spacing--80);padding-bottom:var(--wp--preset--spacing--80)\"><div class=\"wp-block-group__inner-container is-layout-constrained wp-block-group-is-layout-constrained\">\n<h2 class=\"wp-block-heading\" style=\"border-style:none;border-width:0px;padding-top:var(--wp--preset--spacing--40);padding-bottom:var(--wp--preset--spacing--40);font-size:25px;font-style:normal;font-weight:600;text-transform:capitalize\">Aplicaciones<\/h2>\n\n\n\n<ul class=\"wp-block-list\">\n<li>Iluminaci\u00f3n de oficinas: luces brillantes y uniformes para escritorios de trabajo y salas de conferencia<\/li>\n\n\n\n<li>Tiendas minoristas: vitrinas con l\u00edneas limpias de luz brillante&nbsp;<\/li>\n\n\n\n<li>Cocinas y s\u00f3tanos: iluminaci\u00f3n general amplia con cobertura de luz suave<\/li>\n\n\n\n<li>Gaming rooms and home theaters: cool, wide light that won&#8217;t detract<\/li>\n<\/ul>\n<\/div><\/div>\n\n\n\n<div class=\"wp-block-group has-background\" style=\"background-color:#f1f1f1;padding-top:var(--wp--preset--spacing--80);padding-bottom:var(--wp--preset--spacing--80)\"><div class=\"wp-block-group__inner-container is-layout-constrained wp-block-group-is-layout-constrained\">\n<h2 class=\"wp-block-heading\" style=\"padding-top:var(--wp--preset--spacing--40);padding-bottom:var(--wp--preset--spacing--40);font-size:25px;font-style:normal;font-weight:600;text-transform:capitalize\">Tiras de LED compatibles<\/h2>\n\n\n\n<p>Este perfil LED de 4 pulgadas permite:<\/p>\n\n\n\n<ul class=\"wp-block-list\">\n<li>Este perfil LED de 4 pulgadas te permite poner muchas filas de tiras LED una al lado de la otra (hasta 8 filas).<\/li>\n\n\n\n<li>Tiras SMD de alta densidad (2835\/5050).<\/li>\n\n\n\n<li>M\u00f3dulos LED COB para luz sin puntos.<\/li>\n\n\n\n<li>Tiras RGBW y de cambio de color para iluminaci\u00f3n ambiental.<\/li>\n<\/ul>\n<\/div><\/div>\n\n\n\n<div class=\"wp-block-group\" style=\"padding-top:var(--wp--preset--spacing--80);padding-bottom:var(--wp--preset--spacing--80)\"><div class=\"wp-block-group__inner-container is-layout-constrained wp-block-group-is-layout-constrained\">\n<h2 class=\"wp-block-heading\" style=\"padding-top:var(--wp--preset--spacing--40);padding-bottom:var(--wp--preset--spacing--40);font-size:25px;font-style:normal;font-weight:600;text-transform:capitalize\">productos relacionados<\/h2>\n\n\n\n<ul class=\"wp-block-list\">\n<li>Verifique la <mark style=\"background-color:rgba(0, 0, 0, 0)\" class=\"has-inline-color has-vivid-red-color\"><a href=\"https:\/\/tangooled.com\/es\/product\/black-led-profile-with-black-diffuser-for-10mm-led-strip-light\/\">perfil LED negro con difusor negro para tira LED de 10 mm<\/a><\/mark><a href=\"http:\/\/black led profile with black diffuser for 10mm led strip light\"><mark style=\"background-color:rgba(0, 0, 0, 0)\" class=\"has-inline-color has-vivid-red-color\"> <\/mark><\/a>para perfiles estrechos compactos.<\/li>\n\n\n\n<li>Explora nuestro <a href=\"https:\/\/tangooled.com\/es\/product\/led-strip-light-channel-aluminum-profile-with-diffused-cover-6mm-height\/\"><mark style=\"background-color:rgba(0, 0, 0, 0)\" class=\"has-inline-color has-vivid-red-color\">Perfil de aluminio para canal de luz LED con cubierta difusa de 6 mm de altura<\/mark><\/a> para opciones de montaje en superficie de bajo perfil.<\/li>\n\n\n\n<li>Para necesidades de LED de montaje en superficie, consulta <a href=\"https:\/\/tangooled.com\/es\/product\/surface-mount-led-profile-with-frosted-diffuser-for-10mm-rope-lights\/\"><mark style=\"background-color:rgba(0, 0, 0, 0)\" class=\"has-inline-color has-vivid-red-color\">perfil LED de montaje superficial con difusor esmerilado para luces de cuerda de 10 mm<\/mark><\/a>.<\/li>\n<\/ul>\n<\/div><\/div>\n\n\n\n<div class=\"wp-block-group\" style=\"padding-top:var(--wp--preset--spacing--80);padding-bottom:var(--wp--preset--spacing--80)\"><div class=\"wp-block-group__inner-container is-layout-constrained wp-block-group-is-layout-constrained\">\n<h2 class=\"wp-block-heading\" style=\"padding-top:var(--wp--preset--spacing--40);padding-bottom:var(--wp--preset--spacing--40);font-size:25px;font-style:normal;font-weight:600;text-transform:capitalize\">\u00bfPor qu\u00e9 elegir este perfil LED de 4 pulgadas?<\/h2>\n\n\n\n<p>Puedes crear l\u00edneas de luz brillantes y continuas con el perfil LED de 4 pulgadas. Tiene un cuerpo extra ancho, por lo que acomoda muchas tiras LED o tiras LED COB anchas. Esto te proporciona luz brillante y uniforme sin \u00e1reas oscuras.<\/p>\n\n\n\n<p>El canal de aluminio 6063-T5 act\u00faa como absorbente de calor para mantener tus tiras LED a una temperatura adecuada. Esto significa que las luces durar\u00e1n m\u00e1s y funcionar\u00e1n mejor. El acabado en polvo blanco combina con la mayor\u00eda de los interiores, pero puedes pintarlo f\u00e1cilmente para que coincida con tu estilo.<\/p>\n\n\n\n<p>Este perfil es perfecto para iluminaci\u00f3n en hogares, negocios, tiendas, cocinas y m\u00e1s. Su forma ancha y difusor suave lo hacen adecuado tanto para iluminaci\u00f3n general como de acento.<\/p>\n<\/div><\/div>\n\n\n\n<p><\/p>","protected":false},"featured_media":14734,"template":"","meta":{"_acf_changed":true,"_seopress_robots_primary_cat":"none","_seopress_titles_title":"4 Inch Wide Recessed LED Profile | 100mm Large Aluminum Channel | TANGOOLED","_seopress_titles_desc":"The R10035 is a professional 4 inch wide recessed LED profile (100mm). Designed for high-output commercial lighting, this large white aluminum channel supports multi-row strips for a powerful, seamless linear glow.","_seopress_robots_index":""},"pcb-width":[233],"product-cat":[193],"class_list":{"0":"post-34993","1":"product","2":"type-product","3":"status-publish","4":"has-post-thumbnail","6":"pcb-width-50-90mm","7":"product-cat-recessed-profile"},"acf":[],"_links":{"self":[{"href":"https:\/\/tangooled.com\/es\/wp-json\/wp\/v2\/product\/34993","targetHints":{"allow":["GET"]}}],"collection":[{"href":"https:\/\/tangooled.com\/es\/wp-json\/wp\/v2\/product"}],"about":[{"href":"https:\/\/tangooled.com\/es\/wp-json\/wp\/v2\/types\/product"}],"wp:featuredmedia":[{"embeddable":true,"href":"https:\/\/tangooled.com\/es\/wp-json\/wp\/v2\/media\/14734"}],"wp:attachment":[{"href":"https:\/\/tangooled.com\/es\/wp-json\/wp\/v2\/media?parent=34993"}],"wp:term":[{"taxonomy":"pcb-width","embeddable":true,"href":"https:\/\/tangooled.com\/es\/wp-json\/wp\/v2\/pcb-width?post=34993"},{"taxonomy":"product-cat","embeddable":true,"href":"https:\/\/tangooled.com\/es\/wp-json\/wp\/v2\/product-cat?post=34993"}],"curies":[{"name":"wp","href":"https:\/\/api.w.org\/{rel}","templated":true}]}}