{"id":34992,"date":"2025-07-01T05:57:33","date_gmt":"2025-07-01T13:57:33","guid":{"rendered":"https:\/\/tangooled.com\/?post_type=product&#038;p=34992"},"modified":"2026-01-25T22:40:30","modified_gmt":"2026-01-26T06:40:30","slug":"75x75mm-ceiling-recessed-led-profile-driver-space","status":"publish","type":"product","link":"https:\/\/tangooled.com\/es\/product\/75x75mm-ceiling-recessed-led-profile-driver-space\/","title":{"rendered":"Perfil LED empotrado de techo de 75x75mm con espacio para controlador integrado"},"content":{"rendered":"<div class=\"wp-block-group\" style=\"padding-top:var(--wp--preset--spacing--80);padding-bottom:var(--wp--preset--spacing--80)\"><div class=\"wp-block-group__inner-container is-layout-constrained wp-block-group-is-layout-constrained\">\n<p>Este canal LED empotrado de 75x75 mm est\u00e1 hecho de una aleaci\u00f3n de aluminio 6063-T5 de alta calidad y tiene un espacio para el driver integrado. Est\u00e1 dise\u00f1ado para ser instalado en un espacio empotrado. Funciona con tiras de LED de cuatro filas o tiras r\u00edgidas de 50 mm de ancho o menos.<\/p>\n\n\n\n<p>What&#8217;s great about this LED channel is that it has a built-in place for an LED driver and a removable middle layer for LED strip lights. The space for the driver inside the channel makes the outside look clean. The movable layer allows for easier maintenance.<\/p>\n\n\n\n<p>Este canal LED empotrado de 75 mm se entrega con tapas met\u00e1licas en los extremos, soportes en U y varios conectores que hacen que la instalaci\u00f3n sea muy flexible. Puedes usar estos accesorios para vincular varios canales sin interrupciones para carreras lineales ilimitadas y para ensamblar f\u00e1cilmente formas complejas y personalizadas que se adapten a cualquier requisito de dise\u00f1o.<\/p>\n\n\n\n<p>Este canal de aluminio empotrado de 75x75 mm se utiliza ampliamente en proyectos de iluminaci\u00f3n en hogares y comercios, como techos, cocinas, comedores, oficinas, etc.<\/p>\n<\/div><\/div>\n\n\n\n<div class=\"wp-block-group has-background is-vertical is-layout-flex wp-container-core-group-is-layout-d255d7c4 wp-block-group-is-layout-flex\" style=\"background-color:#f1f1f1;padding-top:var(--wp--preset--spacing--80);padding-bottom:var(--wp--preset--spacing--80)\">\n<div class=\"wp-block-group is-vertical is-layout-flex wp-container-core-group-is-layout-8cf370e7 wp-block-group-is-layout-flex\">\n<h2 class=\"wp-block-heading\" style=\"padding-top:var(--wp--preset--spacing--40);padding-bottom:var(--wp--preset--spacing--40);font-size:25px;font-style:normal;font-weight:600;text-transform:capitalize\">\u00bfQu\u00e9 hace especial a este perfil LED empotrado de 75x75 mm?<\/h2>\n\n\n\n<ul class=\"wp-block-list\">\n<li>Integrated Driver Space: The power supply fits inside the channel since there is a built-in driver space. You don&#8217;t need to hide drivers in other boxes or places.<\/li>\n\n\n\n<li>Trimless, recessed installation: The channel&#8217;s flange fits beneath drywall or plaster for a smooth, mud-in finish that lets in light without showing any boundaries.<\/li>\n\n\n\n<li>Disipador de Calor de Aluminio Duradero: Este disipador de calor est\u00e1 hecho de aluminio extruido de alta calidad, que ayuda a que las tiras de LED duren m\u00e1s al mantenerlas fr\u00edas.<\/li>\n\n\n\n<li>Difusores sin deslumbramiento: Los tres difusores diferentes para este canal ofrecen una iluminaci\u00f3n sin puntos y sin deslumbramiento.<\/li>\n\n\n\n<li>Compatible con muchas tiras de LED: Se ajusta a tiras de LED grandes, incluidos sistemas duales y Philips Hue.<\/li>\n<\/ul>\n<\/div>\n<\/div>\n\n\n\n<div class=\"wp-block-group\" style=\"padding-top:var(--wp--preset--spacing--60);padding-bottom:var(--wp--preset--spacing--60)\"><div class=\"wp-block-group__inner-container is-layout-constrained wp-block-group-is-layout-constrained\">\n<div class=\"wp-block-media-text has-media-on-the-right is-stacked-on-mobile\"><div class=\"wp-block-media-text__content\">\n<h2 class=\"wp-block-heading\" style=\"font-size:25px;font-style:normal;font-weight:600;text-transform:capitalize\">C\u00f3mo instalar<\/h2>\n\n\n\n<ul class=\"wp-block-list\">\n<li>Corta el canal de aluminio y la bandeja media a la longitud adecuada.<\/li>\n\n\n\n<li>Pega las tiras de LED dentro de la bandeja removible y fija la bandeja en el canal con tornillos.<\/li>\n\n\n\n<li>Coloca el driver de LED en la parte inferior de la c\u00e1mara que ya existe para ello.<\/li>\n\n\n\n<li>Conecta y prueba el driver de LED y las tiras.<\/li>\n\n\n\n<li>Cubre el difusor y coloca las tapas de los extremos en ambos lados.<\/li>\n\n\n\n<li>Usa los soportes en U para empotrar la luz del canal en el techo o la drywall.<\/li>\n<\/ul>\n<\/div><figure class=\"wp-block-media-text__media\"><img loading=\"lazy\" decoding=\"async\" width=\"500\" height=\"500\" src=\"https:\/\/tangooled.com\/wp-content\/uploads\/2025\/07\/r7572-ins.webp\" alt=\"75mm recessed aluminum led channel with built in driver space\" class=\"wp-image-41240 size-full\" srcset=\"https:\/\/tangooled.com\/wp-content\/uploads\/2025\/07\/r7572-ins.webp 500w, https:\/\/tangooled.com\/wp-content\/uploads\/2025\/07\/r7572-ins-300x300.webp 300w, https:\/\/tangooled.com\/wp-content\/uploads\/2025\/07\/r7572-ins-150x150.webp 150w\" sizes=\"auto, (max-width: 500px) 100vw, 500px\" \/><\/figure><\/div>\n<\/div><\/div>\n\n\n\n<div class=\"wp-block-group has-background\" style=\"background-color:#f1f1f1f2;padding-top:var(--wp--preset--spacing--80);padding-bottom:var(--wp--preset--spacing--80)\"><div class=\"wp-block-group__inner-container is-layout-constrained wp-block-group-is-layout-constrained\">\n<h2 class=\"wp-block-heading\" style=\"padding-top:var(--wp--preset--spacing--40);padding-bottom:var(--wp--preset--spacing--40);font-size:25px;font-style:normal;font-weight:600;text-transform:capitalize\">\u00bfQu\u00e9 puedes obtener en el kit?<\/h2>\n\n\n\n<ul class=\"wp-block-list\">\n<li>Canal de aluminio anodizado y bandeja media (cortada a medida)<\/li>\n\n\n\n<li>Difusor LED opal, esmerilado o microprism\u00e1tico<\/li>\n\n\n\n<li>Dos tapas de metal<\/li>\n\n\n\n<li>Hebillas empotradas<\/li>\n\n\n\n<li>Conectores<\/li>\n<\/ul>\n<\/div><\/div>\n\n\n\n<div class=\"wp-block-group\" style=\"padding-top:var(--wp--preset--spacing--80);padding-bottom:var(--wp--preset--spacing--80)\"><div class=\"wp-block-group__inner-container is-layout-constrained wp-block-group-is-layout-constrained\">\n<h2 class=\"wp-block-heading\" style=\"padding-top:var(--wp--preset--spacing--40);padding-bottom:var(--wp--preset--spacing--40);font-size:25px;font-style:normal;font-weight:600;text-transform:capitalize\">D\u00f3nde usar este canal LED empotrado de 75x75 mm<\/h2>\n\n\n\n<ul class=\"wp-block-list\">\n<li>Hogares: salas de estar y salas de cine en casa, donde deseas l\u00edneas de luz limpias y modernas.<\/li>\n\n\n\n<li>Oficinas: Pasillos y salas de conferencias con una iluminaci\u00f3n ambiental elegante.<\/li>\n\n\n\n<li>Retail y Hospitalidad: Utiliza iluminaci\u00f3n de acento o cove para llamar la atenci\u00f3n sobre detalles arquitect\u00f3nicos en tiendas, vest\u00edbulos de hoteles y restaurantes.<\/li>\n\n\n\n<li>Iluminaci\u00f3n Arquitect\u00f3nica: Usa una l\u00ednea de luz fuerte y brillante para delinear paredes, techos y cambios en el espacio.<\/li>\n<\/ul>\n<\/div><\/div>\n\n\n\n<div class=\"wp-block-group has-background\" style=\"background-color:#f1f1f1;padding-top:var(--wp--preset--spacing--80);padding-bottom:var(--wp--preset--spacing--80)\"><div class=\"wp-block-group__inner-container is-layout-constrained wp-block-group-is-layout-constrained\">\n<h2 class=\"wp-block-heading\" style=\"padding-top:var(--wp--preset--spacing--40);padding-bottom:var(--wp--preset--spacing--40);font-size:25px;font-style:normal;font-weight:600;text-transform:capitalize\">Resumen<\/h2>\n\n\n\n<p style=\"padding-right:var(--wp--preset--spacing--50);padding-left:var(--wp--preset--spacing--50)\">Este perfil LED empotrado de 75x75 mm con espacio para driver integrado es la mejor extrusi\u00f3n LED para las personas que desean una iluminaci\u00f3n arquitect\u00f3nica sin borde que sea f\u00e1cil de instalar. Proporciona una fuerte luz lineal que se adapta a drywall plano o techo y tiene un acabado a ras.<\/p>\n\n\n\n<p style=\"padding-right:var(--wp--preset--spacing--50);padding-left:var(--wp--preset--spacing--50)\">Puede ser utilizado en varios lugares, desde cocinas dom\u00e9sticas hasta pasillos en el lugar de trabajo y exposiciones en tiendas. Tiene difusores que se colocan a presi\u00f3n, que suavizan la luz y la hacen sin puntos, y cuenta con un \u00e1rea para tiras de LED grandes.<\/p>\n<\/div><\/div>\n\n\n\n<p style=\"padding-top:var(--wp--preset--spacing--60);padding-bottom:var(--wp--preset--spacing--60)\">Explora todas las opciones, desde perfiles delgados hasta canales anchos, adem\u00e1s de accesorios como tapas de extremo y kits de montaje en Tangooled:<\/p>\n\n\n\n<ul class=\"wp-block-list\">\n<li><mark style=\"background-color:rgba(0, 0, 0, 0)\" class=\"has-inline-color has-vivid-red-color\"><a href=\"https:\/\/tangooled.com\/es\/product\/black-led-profile-with-black-diffuser-for-10mm-led-strip-light\/\">Perfil LED negro con difusor negro<\/a><\/mark><\/li>\n\n\n\n<li><a href=\"https:\/\/tangooled.com\/es\/product\/25x6mm-low-profile-led-strip-channel-for-10mm-led-strip-light\/\"><mark style=\"background-color:rgba(0, 0, 0, 0)\" class=\"has-inline-color has-vivid-red-color\">Canal LED de bajo perfil de 25x6 mm<\/mark><\/a><\/li>\n\n\n\n<li><a href=\"https:\/\/tangooled.com\/es\/product\/surface-mount-led-profile-with-frosted-diffuser-for-10mm-rope-lights\/\"><mark style=\"background-color:rgba(0, 0, 0, 0)\" class=\"has-inline-color has-vivid-red-color\">Perfil LED de montaje en superficie con difusor esmerilado<\/mark><\/a><\/li>\n<\/ul>\n\n\n\n<p><\/p>","protected":false},"featured_media":14737,"template":"","meta":{"_acf_changed":true,"_seopress_robots_primary_cat":"none","_seopress_titles_title":"75x75mm Ceiling Recessed LED Profile | Integrated Driver Space","_seopress_titles_desc":"Streamline your installation with our 75x75mm ceiling recessed LED profile. Featuring a large built-in driver space, this deep aluminum channel ensures a flawless, dot-free glow for commercial main lighting.","_seopress_robots_index":""},"pcb-width":[232],"product-cat":[193],"class_list":{"0":"post-34992","1":"product","2":"type-product","3":"status-publish","4":"has-post-thumbnail","6":"pcb-width-35-45mm","7":"product-cat-recessed-profile"},"acf":[],"_links":{"self":[{"href":"https:\/\/tangooled.com\/es\/wp-json\/wp\/v2\/product\/34992","targetHints":{"allow":["GET"]}}],"collection":[{"href":"https:\/\/tangooled.com\/es\/wp-json\/wp\/v2\/product"}],"about":[{"href":"https:\/\/tangooled.com\/es\/wp-json\/wp\/v2\/types\/product"}],"wp:featuredmedia":[{"embeddable":true,"href":"https:\/\/tangooled.com\/es\/wp-json\/wp\/v2\/media\/14737"}],"wp:attachment":[{"href":"https:\/\/tangooled.com\/es\/wp-json\/wp\/v2\/media?parent=34992"}],"wp:term":[{"taxonomy":"pcb-width","embeddable":true,"href":"https:\/\/tangooled.com\/es\/wp-json\/wp\/v2\/pcb-width?post=34992"},{"taxonomy":"product-cat","embeddable":true,"href":"https:\/\/tangooled.com\/es\/wp-json\/wp\/v2\/product-cat?post=34992"}],"curies":[{"name":"wp","href":"https:\/\/api.w.org\/{rel}","templated":true}]}}