{"id":34991,"date":"2025-07-01T05:50:39","date_gmt":"2025-07-01T13:50:39","guid":{"rendered":"https:\/\/tangooled.com\/?post_type=product&#038;p=34991"},"modified":"2026-01-25T22:19:17","modified_gmt":"2026-01-26T06:19:17","slug":"75mm-recessed-black-led-aluminum-channel-for-multi-led-strips","status":"publish","type":"product","link":"https:\/\/tangooled.com\/es\/product\/75mm-recessed-black-led-aluminum-channel-for-multi-led-strips\/","title":{"rendered":"Canal de aluminio negro LED empotrado de 75mm para tiras LED m\u00faltiples"},"content":{"rendered":"<div class=\"wp-block-group is-vertical is-layout-flex wp-container-core-group-is-layout-d255d7c4 wp-block-group-is-layout-flex\" style=\"padding-top:var(--wp--preset--spacing--80);padding-bottom:var(--wp--preset--spacing--80)\">\n<p>Nuestro canal de aluminio negro LED empotrado de 75 mm est\u00e1 dise\u00f1ado para una integraci\u00f3n perfecta. Presenta un ancho interior de 65 mm, una altura de 32 mm y 7 mm de flancos en cada lado. Este dise\u00f1o se ha desarrollado para instalaci\u00f3n empotrada, que oculta los espacios entre el accesorio y la estructura de la pared o el techo, haciendo que la transici\u00f3n entre ellos sea suave.<\/p>\n\n\n\n<p>Con un ancho interior de 65 mm, este canal LED negro puede contener m\u00e1s de una tira LED o una tira de PCB r\u00edgida amplia. Esta caracter\u00edstica importante asegura que la salida de luz sea de alto lumen, brind\u00e1ndole una experiencia de iluminaci\u00f3n brillante.<\/p>\n\n\n\n<p>This 75&#215;32 recessed aluminum channel has diffusers that are opal, frosted, or micro-prismatic. This option gives you the choice between a dotless lighting effect and glare-free light, depending on what you need for your design.<\/p>\n<\/div>\n\n\n\n<div class=\"wp-block-group has-background is-vertical is-layout-flex wp-container-core-group-is-layout-d255d7c4 wp-block-group-is-layout-flex\" style=\"background-color:#f1f1f1;padding-top:var(--wp--preset--spacing--80);padding-bottom:var(--wp--preset--spacing--80)\">\n<div class=\"wp-block-group is-vertical is-layout-flex wp-container-core-group-is-layout-8cf370e7 wp-block-group-is-layout-flex\">\n<h2 class=\"wp-block-heading\" style=\"padding-top:var(--wp--preset--spacing--40);padding-bottom:var(--wp--preset--spacing--40);font-size:25px;font-style:normal;font-weight:600;text-transform:capitalize\">\u00bfPor qu\u00e9 elegir nuestro canal LED negro empotrado de 75 mm?<\/h2>\n\n\n\n<ul class=\"wp-block-list\">\n<li>The wide size of 75mm \u00d7 32mm lets you put multiple LED strips inside.<\/li>\n\n\n\n<li>El dise\u00f1o empotrado permite ocultar el canal en su pared o techo. No hay bordes antiest\u00e9ticos, solo l\u00edneas limpias.<\/li>\n\n\n\n<li>El acabado negro mate lo hace perfecto para hogares, oficinas y tiendas modernas donde el estilo importa.<\/li>\n\n\n\n<li>El cuerpo de aluminio enfr\u00eda bien las tiras LED, lo que las hace durar m\u00e1s.<\/li>\n\n\n\n<li>El difusor LED esmerilado proporciona luz uniforme y sin puntos, mientras que el difusor microprism\u00e1tico es libre de deslumbramiento.<\/li>\n\n\n\n<li>It&#8217;s a great choice for high-output lighting in homes, offices, or stores.<\/li>\n<\/ul>\n<\/div>\n<\/div>\n\n\n\n<div class=\"wp-block-group\" style=\"padding-top:var(--wp--preset--spacing--60);padding-bottom:var(--wp--preset--spacing--60)\"><div class=\"wp-block-group__inner-container is-layout-constrained wp-block-group-is-layout-constrained\">\n<div class=\"wp-block-media-text has-media-on-the-right is-stacked-on-mobile\"><div class=\"wp-block-media-text__content\">\n<h2 class=\"wp-block-heading\" style=\"padding-top:var(--wp--preset--spacing--40);padding-bottom:var(--wp--preset--spacing--40);font-size:25px;text-transform:capitalize\">c\u00f3mo instalar<\/h2>\n\n\n\n<ul class=\"wp-block-list\">\n<li>Corte una ranura en paneles de yeso, techo o paneles de madera personalizados de aproximadamente 75 mm de ancho y 32 mm de profundidad.<\/li>\n\n\n\n<li>Pegue las tiras LED dentro del canal.<\/li>\n\n\n\n<li>Coloque la cubierta difusora y ajuste las tapas finales para un acabado perfecto.<\/li>\n\n\n\n<li>Monta los soportes de empotramiento en la parte posterior de este canal.<\/li>\n\n\n\n<li>Inserte el canal de aluminio negro LED empotrado de 75x32 mm a ras de la superficie.<\/li>\n<\/ul>\n<\/div><figure class=\"wp-block-media-text__media\"><img loading=\"lazy\" decoding=\"async\" width=\"500\" height=\"500\" src=\"https:\/\/tangooled.com\/wp-content\/uploads\/2025\/07\/r7532-ins-c.webp\" alt=\"75x32mm recessed black led aluminum channel for multi led strips\" class=\"wp-image-41259 size-full\" srcset=\"https:\/\/tangooled.com\/wp-content\/uploads\/2025\/07\/r7532-ins-c.webp 500w, https:\/\/tangooled.com\/wp-content\/uploads\/2025\/07\/r7532-ins-c-300x300.webp 300w, https:\/\/tangooled.com\/wp-content\/uploads\/2025\/07\/r7532-ins-c-150x150.webp 150w\" sizes=\"auto, (max-width: 500px) 100vw, 500px\" \/><\/figure><\/div>\n<\/div><\/div>\n\n\n\n<div class=\"wp-block-group has-background\" style=\"background-color:#f1f1f1;padding-top:var(--wp--preset--spacing--80);padding-bottom:var(--wp--preset--spacing--80)\"><div class=\"wp-block-group__inner-container is-layout-constrained wp-block-group-is-layout-constrained\">\n<h2 class=\"wp-block-heading\" style=\"padding-top:var(--wp--preset--spacing--40);padding-bottom:var(--wp--preset--spacing--40);font-size:25px;font-style:normal;font-weight:600;text-transform:capitalize\">What&#8217;s in the kit?<\/h2>\n\n\n\n<ul class=\"wp-block-list\">\n<li>Perfil de aluminio con recubrimiento negro<\/li>\n\n\n\n<li>Difusor de luz de PC opalino<\/li>\n\n\n\n<li>Tapones finales de metal<\/li>\n\n\n\n<li>Soportes de resorte<\/li>\n<\/ul>\n<\/div><\/div>\n\n\n\n<div class=\"wp-block-group\" style=\"padding-top:var(--wp--preset--spacing--80);padding-bottom:var(--wp--preset--spacing--80)\"><div class=\"wp-block-group__inner-container is-layout-constrained wp-block-group-is-layout-constrained\">\n<h2 class=\"wp-block-heading\" style=\"padding-top:var(--wp--preset--spacing--40);padding-bottom:var(--wp--preset--spacing--40);font-size:25px;font-style:normal;font-weight:600;text-transform:capitalize\">Perfecto para estos lugares<\/h2>\n\n\n\n<ul class=\"wp-block-list\">\n<li>Grandes oficinas y tiendas: iluminaci\u00f3n principal para espacios de planta abierta. Empotrado para iluminaci\u00f3n brillante y uniforme sin deslumbramiento en centros de datos y \u00e1reas de trabajo compartido.<\/li>\n\n\n\n<li>Espacios p\u00fablicos y especializados: iluminaci\u00f3n de alto est\u00e1ndar para \u00e1reas como salas de conferencias, centros de exposiciones, pasillos de hospitales y grandes vest\u00edbulos. Proporciona una amplia cobertura de luz funcional.<\/li>\n\n\n\n<li>Comercio minorista y exhibici\u00f3n: iluminaci\u00f3n de acento incorporada para paredes y estantes. Ofrece luz suave y brillante que realmente resalta los productos en salas de exposici\u00f3n y tiendas de alta gama.<\/li>\n\n\n\n<li>Iluminaci\u00f3n de elementos para \u00e1reas de alta gama. Crea l\u00edneas de luz que siempre est\u00e1n encendidas y se pueden cambiar en vest\u00edbulos y pasillos de hoteles para guiar a los visitantes y mejorar la atm\u00f3sfera.<\/li>\n<\/ul>\n<\/div><\/div>\n\n\n\n<div class=\"wp-block-group has-background\" style=\"background-color:#f1f1f1;padding-top:var(--wp--preset--spacing--80);padding-bottom:var(--wp--preset--spacing--80)\"><div class=\"wp-block-group__inner-container is-layout-constrained wp-block-group-is-layout-constrained\">\n<h2 class=\"wp-block-heading\" style=\"padding-top:var(--wp--preset--spacing--40);padding-bottom:var(--wp--preset--spacing--40);font-size:25px;font-style:normal;font-weight:600;text-transform:capitalize\">Productos relacionados para diferentes necesidades<\/h2>\n\n\n\n<p style=\"padding-right:var(--wp--preset--spacing--50);padding-left:var(--wp--preset--spacing--50)\">Para opciones de montaje en superficie, consulte el perfil LED de montaje en superficie con difusor esmerilado para luces de cuerda de 10 mm.<mark style=\"background-color:rgba(0, 0, 0, 0)\" class=\"has-inline-color has-vivid-red-color\"> <a href=\"https:\/\/tangooled.com\/es\/product\/surface-mount-led-profile-with-frosted-diffuser-for-10mm-rope-lights\/\">aqu\u00ed<\/a>.<\/mark> Si necesita un canal en forma de U, pruebe el perfil de canal en U de aluminio negro para tiras LED de 10 mm. <a href=\"https:\/\/tangooled.com\/es\/product\/black-aluminum-u-channel-profile-for-10mm-led-strips\/\"><mark style=\"background-color:rgba(0, 0, 0, 0)\" class=\"has-inline-color has-vivid-red-color\">enlace<\/mark><\/a>. Para tiras LED dobles en perfiles m\u00e1s estrechos, consulte el canal de tira LED de gabinete con difusor para tiras LED dobles. <a href=\"https:\/\/tangooled.com\/es\/product\/cabinet-led-strip-channel-with-diffuser-for-double-led-strips\/\"><mark style=\"background-color:rgba(0, 0, 0, 0)\" class=\"has-inline-color has-vivid-red-color\">p\u00e1gina<\/mark><\/a>.<\/p>\n<\/div><\/div>\n\n\n\n<div class=\"wp-block-group\" style=\"padding-top:var(--wp--preset--spacing--80);padding-bottom:var(--wp--preset--spacing--80)\"><div class=\"wp-block-group__inner-container is-layout-constrained wp-block-group-is-layout-constrained\">\n<h2 class=\"wp-block-heading\" style=\"padding-top:var(--wp--preset--spacing--40);padding-bottom:var(--wp--preset--spacing--40);font-size:25px;text-transform:capitalize\">Resumen<\/h2>\n\n\n\n<p>Cuando necesite un alojamiento LED grande con montaje empotrado, acabado negro y fabricado de aluminio anodizado, nuestro canal de aluminio negro LED empotrado de 75x32 mm para m\u00faltiples tiras LED es la mejor soluci\u00f3n. Funciona con muchos tipos diferentes de tiras LED y ayuda a crear una iluminaci\u00f3n que es limpia, brillante y elegante para cualquier espacio.<\/p>\n<\/div><\/div>\n\n\n\n<p><\/p>","protected":false},"featured_media":14746,"template":"","meta":{"_acf_changed":true,"_seopress_robots_primary_cat":"none","_seopress_titles_title":"75mm Wide Recessed LED Channel | Dot-Free Profile | TANGOOLED","_seopress_titles_desc":"The R7532 is a premium 75mm wide recessed LED channel with 32mm depth for a perfect dot-free finish. Ideal for multi-row LED strips in commercial and office lighting projects.","_seopress_robots_index":""},"pcb-width":[233],"product-cat":[193],"class_list":{"0":"post-34991","1":"product","2":"type-product","3":"status-publish","4":"has-post-thumbnail","6":"pcb-width-50-90mm","7":"product-cat-recessed-profile"},"acf":[],"_links":{"self":[{"href":"https:\/\/tangooled.com\/es\/wp-json\/wp\/v2\/product\/34991","targetHints":{"allow":["GET"]}}],"collection":[{"href":"https:\/\/tangooled.com\/es\/wp-json\/wp\/v2\/product"}],"about":[{"href":"https:\/\/tangooled.com\/es\/wp-json\/wp\/v2\/types\/product"}],"wp:featuredmedia":[{"embeddable":true,"href":"https:\/\/tangooled.com\/es\/wp-json\/wp\/v2\/media\/14746"}],"wp:attachment":[{"href":"https:\/\/tangooled.com\/es\/wp-json\/wp\/v2\/media?parent=34991"}],"wp:term":[{"taxonomy":"pcb-width","embeddable":true,"href":"https:\/\/tangooled.com\/es\/wp-json\/wp\/v2\/pcb-width?post=34991"},{"taxonomy":"product-cat","embeddable":true,"href":"https:\/\/tangooled.com\/es\/wp-json\/wp\/v2\/product-cat?post=34991"}],"curies":[{"name":"wp","href":"https:\/\/api.w.org\/{rel}","templated":true}]}}