{"id":34990,"date":"2025-07-01T05:43:20","date_gmt":"2025-07-01T13:43:20","guid":{"rendered":"https:\/\/tangooled.com\/?post_type=product&#038;p=34990"},"modified":"2026-02-02T22:23:03","modified_gmt":"2026-02-03T06:23:03","slug":"inner-66mm-recessed-led-channel-for-led-strip-lighting","status":"publish","type":"product","link":"https:\/\/tangooled.com\/es\/product\/inner-66mm-recessed-led-channel-for-led-strip-lighting\/","title":{"rendered":"canal LED empotrable interno de 66 mm para iluminaci\u00f3n con tiras LED"},"content":{"rendered":"<div class=\"wp-block-group is-vertical is-layout-flex wp-container-core-group-is-layout-d255d7c4 wp-block-group-is-layout-flex\" style=\"padding-top:var(--wp--preset--spacing--80);padding-bottom:var(--wp--preset--spacing--80)\">\n<p>El perfil del canal LED empotrable interno de 66 mm est\u00e1 dise\u00f1ado para soluciones de iluminaci\u00f3n que son brillantes y todo en uno. Tiene una gran altura de 18 mm y un amplio ancho interior de 66 mm, por lo que puede albergar muchas tiras LED de varias filas y emitir m\u00e1s luz.<\/p>\n\n\n\n<p>Este canal de aluminio ancho y poco profundo con alas est\u00e1 hecho para ensamblarse sin costuras. Como se muestra en el diagrama de instalaci\u00f3n, se adhiere de manera segura a los techos con soportes de resorte. A\u00f1adir una cubierta difusora de PC al perfil te proporcionar\u00e1 un efecto de iluminaci\u00f3n m\u00e1s amplio y suave que se ve m\u00e1s profesional al reducir sombras duras y puntos calientes.<\/p>\n\n\n\n<p> .<\/p>\n<\/div>\n\n\n\n<div class=\"wp-block-group has-background\" style=\"background-color:#f1f1f1;padding-top:var(--wp--preset--spacing--80);padding-bottom:var(--wp--preset--spacing--80)\"><div class=\"wp-block-group__inner-container is-layout-constrained wp-block-group-is-layout-constrained\">\n<div class=\"wp-block-group is-vertical is-layout-flex wp-container-core-group-is-layout-8cf370e7 wp-block-group-is-layout-flex\">\n<h2 class=\"wp-block-heading\" style=\"padding-top:var(--wp--preset--spacing--40);padding-bottom:var(--wp--preset--spacing--40);font-size:25px;font-style:normal;font-weight:600;text-transform:capitalize\">\u00bfPor qu\u00e9 elegir nuestro canal LED empotrable interno de 66 mm?<\/h2>\n\n\n\n<ul class=\"wp-block-list\">\n<li>El ancho interno de 66 mm se adapta a muchas luces de tira LED o tiras de luz de doble fila.<\/li>\n\n\n\n<li>Bueno para iluminar edificios, paredes y el espacio debajo de armarios.<\/li>\n\n\n\n<li>Ayuda con la gesti\u00f3n t\u00e9rmica al actuar como un disipador de calor para los LED, lo que hace que la luz dure m\u00e1s tiempo.&nbsp;<\/li>\n\n\n\n<li>F\u00e1cil de instalar con soportes de resorte o alas empotradas para un aspecto sin marco.<\/li>\n\n\n\n<li>Funciona con tiras LED de hasta 65 mm de ancho.<\/li>\n\n\n\n<li>Util\u00edzalo para iluminar tiendas, realizar tareas o incluso dise\u00f1ar la iluminaci\u00f3n de oficinas.<\/li>\n<\/ul>\n<\/div>\n<\/div><\/div>\n\n\n\n<div class=\"wp-block-group\" style=\"padding-top:var(--wp--preset--spacing--60);padding-bottom:var(--wp--preset--spacing--60)\"><div class=\"wp-block-group__inner-container is-layout-constrained wp-block-group-is-layout-constrained\">\n<div class=\"wp-block-media-text has-media-on-the-right is-stacked-on-mobile\" style=\"grid-template-columns:auto 40%\"><div class=\"wp-block-media-text__content\">\n<h2 class=\"wp-block-heading\" style=\"padding-top:var(--wp--preset--spacing--40);padding-bottom:var(--wp--preset--spacing--40);font-size:25px;font-style:normal;font-weight:600;text-transform:capitalize\">C\u00f3mo usar el canal LED empotrable interno de 66 mm<\/h2>\n\n\n\n<ul class=\"wp-block-list\">\n<li>Corta una ranura en la placa de yeso o tableros de yeso que tenga el mismo tama\u00f1o que el canal.<\/li>\n\n\n\n<li>Utiliza clips de resorte para mantener el canal en su lugar, o utiliza la ala empotrada para instalarlo directamente.<\/li>\n\n\n\n<li>Coloca yeso sobre las alas para un acabado suave y sin marco.<\/li>\n\n\n\n<li>Coloca tus tiras LED en el canal.<\/li>\n\n\n\n<li>Coloca el difusor esmerilado para obtener una l\u00ednea de luz clara sin puntos calientes.<\/li>\n<\/ul>\n<\/div><figure class=\"wp-block-media-text__media\"><img loading=\"lazy\" decoding=\"async\" width=\"500\" height=\"500\" src=\"https:\/\/tangooled.com\/wp-content\/uploads\/2025\/07\/r7518-ins.webp\" alt=\"inner 66mm recessed led channel for led strip lighting\" class=\"wp-image-41888 size-full\" srcset=\"https:\/\/tangooled.com\/wp-content\/uploads\/2025\/07\/r7518-ins.webp 500w, https:\/\/tangooled.com\/wp-content\/uploads\/2025\/07\/r7518-ins-300x300.webp 300w, https:\/\/tangooled.com\/wp-content\/uploads\/2025\/07\/r7518-ins-150x150.webp 150w\" sizes=\"auto, (max-width: 500px) 100vw, 500px\" \/><\/figure><\/div>\n<\/div><\/div>\n\n\n\n<div class=\"wp-block-group has-background is-vertical is-layout-flex wp-container-core-group-is-layout-b429018a wp-block-group-is-layout-flex\" style=\"background-color:#f1f1f1f2;padding-top:var(--wp--preset--spacing--70);padding-bottom:var(--wp--preset--spacing--70)\">\n<h2 class=\"wp-block-heading\" style=\"padding-top:var(--wp--preset--spacing--40);padding-bottom:var(--wp--preset--spacing--40);font-size:25px;font-style:normal;font-weight:600\">Genial para estos proyectos de iluminaci\u00f3n<\/h2>\n\n\n\n<ul class=\"wp-block-list\">\n<li>Iluminaci\u00f3n arquitect\u00f3nica: crea una iluminaci\u00f3n lineal larga en el techo con un aspecto moderno.<\/li>\n\n\n\n<li>Iluminaci\u00f3n de paredes: resalta texturas en paredes y otras superficies.<\/li>\n\n\n\n<li>Iluminaci\u00f3n detr\u00e1s de armarios: ideal para cocinas o lugares donde trabajas.<\/li>\n\n\n\n<li>Iluminaci\u00f3n para tiendas y galer\u00edas: una iluminaci\u00f3n brillante y uniforme destacar\u00e1 el arte o los art\u00edculos.<\/li>\n\n\n\n<li>Dise\u00f1o de iluminaci\u00f3n de oficinas: asegura que los espacios de trabajo tengan luz limpia y uniforme para que las personas puedan concentrarse mejor.<\/li>\n<\/ul>\n<\/div>\n\n\n\n<div class=\"wp-block-group\" style=\"padding-top:var(--wp--preset--spacing--80);padding-bottom:var(--wp--preset--spacing--80)\"><div class=\"wp-block-group__inner-container is-layout-constrained wp-block-group-is-layout-constrained\">\n<h2 class=\"wp-block-heading\" style=\"padding-top:var(--wp--preset--spacing--40);padding-bottom:var(--wp--preset--spacing--40);font-size:25px;font-style:normal;font-weight:600;text-transform:capitalize\">What\u2019s in the box?<\/h2>\n\n\n\n<ul class=\"wp-block-list\">\n<li>Canal LED interno de 66 mm con ala<\/li>\n\n\n\n<li>Difusor de luz esmerilado<\/li>\n\n\n\n<li>Tapones finales de metal<\/li>\n\n\n\n<li>Soporte de resorte<\/li>\n<\/ul>\n<\/div><\/div>\n\n\n\n<div class=\"wp-block-group has-background\" style=\"background-color:#f1f1f1;padding-top:var(--wp--preset--spacing--80);padding-bottom:var(--wp--preset--spacing--80)\"><div class=\"wp-block-group__inner-container is-layout-constrained wp-block-group-is-layout-constrained\">\n<h2 class=\"wp-block-heading\" style=\"padding-top:var(--wp--preset--spacing--40);padding-bottom:var(--wp--preset--spacing--40);font-size:25px;font-style:normal;font-weight:600;text-transform:capitalize\">Aprende m\u00e1s y ve productos relacionados<\/h2>\n\n\n\n<ul class=\"wp-block-list\">\n<li>Consulta nuestro <a href=\"https:\/\/tangooled.com\/es\/product\/black-led-profile-with-black-diffuser-for-10mm-led-strip-light\/\"><mark style=\"background-color:rgba(0, 0, 0, 0)\" class=\"has-inline-color has-vivid-red-color\">perfil LED negro con difusor negro para tira LED de 10 mm<\/mark><\/a> para una opci\u00f3n m\u00e1s elegante y peque\u00f1a.<\/li>\n\n\n\n<li>Explora la <a href=\"https:\/\/tangooled.com\/es\/product\/surface-mount-led-profile-with-frosted-diffuser-for-10mm-rope-lights\/\"><mark style=\"background-color:rgba(0, 0, 0, 0)\" class=\"has-inline-color has-vivid-red-color\">perfil LED de montaje superficial con difusor esmerilado para luces de cuerda de 10 mm<\/mark><\/a> para una f\u00e1cil instalaci\u00f3n en superficie.<\/li>\n\n\n\n<li>Ver el <a href=\"https:\/\/tangooled.com\/es\/product\/led-strip-light-channel-aluminum-profile-with-diffused-cover-6mm-height\/\"><mark style=\"background-color:rgba(0, 0, 0, 0)\" class=\"has-inline-color has-vivid-red-color\">Perfil de aluminio para canal de luz LED con cubierta difusa de 6 mm de altura<\/mark><\/a> para una soluci\u00f3n empotrada de perfil bajo.<\/li>\n\n\n\n<li>Descubre <a href=\"https:\/\/tangooled.com\/es\/product\/black-aluminum-u-channel-profile-for-10mm-led-strips\/\"><mark style=\"background-color:rgba(0, 0, 0, 0)\" class=\"has-inline-color has-vivid-red-color\">perfil de canal en aluminio negro U para tiras de LED de 10 mm<\/mark><\/a> para perfiles de montaje simples y elegantes.<\/li>\n<\/ul>\n<\/div><\/div>\n\n\n\n<div class=\"wp-block-group\" style=\"padding-top:var(--wp--preset--spacing--80);padding-bottom:var(--wp--preset--spacing--80)\"><div class=\"wp-block-group__inner-container is-layout-constrained wp-block-group-is-layout-constrained\">\n<h2 class=\"wp-block-heading\" style=\"padding-top:var(--wp--preset--spacing--40);padding-bottom:var(--wp--preset--spacing--40);font-size:25px;font-style:normal;font-weight:600;text-transform:capitalize\">Resumen<\/h2>\n\n\n\n<p>Nuestro canal LED empotrable interno de 66 mm es la opci\u00f3n perfecta para iluminaci\u00f3n arquitect\u00f3nica lineal. Presenta un ancho interno amplio que facilita su uso con tiras LED de alta densidad y forma una l\u00ednea de luz sin puntos. El cuerpo de aluminio anodizado es de gran calidad y ayuda a mantener los LEDs frescos. Se adapta bien en placas de yeso o tableros de yeso, brind\u00e1ndote un aspecto limpio y moderno sin ning\u00fan marco. Puedes utilizarlo para iluminaci\u00f3n general, iluminaci\u00f3n de paredes o iluminaci\u00f3n debajo de armarios tanto en negocios como en hogares.<\/p>\n<\/div><\/div>\n\n\n\n<p><\/p>","protected":false},"featured_media":14754,"template":"","meta":{"_acf_changed":true,"_seopress_robots_primary_cat":"none","_seopress_titles_title":"Inner 66mm Recessed LED Channel Aluminum Profile | TANGOOLED","_seopress_titles_desc":"The R7518 features a spacious 66mm inner width, perfect for multi-row LED strips. This wide recessed channel provides high-output linear lighting and superior heat management for LED lighting.","_seopress_robots_index":""},"pcb-width":[233],"product-cat":[193],"class_list":{"0":"post-34990","1":"product","2":"type-product","3":"status-publish","4":"has-post-thumbnail","6":"pcb-width-50-90mm","7":"product-cat-recessed-profile"},"acf":[],"_links":{"self":[{"href":"https:\/\/tangooled.com\/es\/wp-json\/wp\/v2\/product\/34990","targetHints":{"allow":["GET"]}}],"collection":[{"href":"https:\/\/tangooled.com\/es\/wp-json\/wp\/v2\/product"}],"about":[{"href":"https:\/\/tangooled.com\/es\/wp-json\/wp\/v2\/types\/product"}],"wp:featuredmedia":[{"embeddable":true,"href":"https:\/\/tangooled.com\/es\/wp-json\/wp\/v2\/media\/14754"}],"wp:attachment":[{"href":"https:\/\/tangooled.com\/es\/wp-json\/wp\/v2\/media?parent=34990"}],"wp:term":[{"taxonomy":"pcb-width","embeddable":true,"href":"https:\/\/tangooled.com\/es\/wp-json\/wp\/v2\/pcb-width?post=34990"},{"taxonomy":"product-cat","embeddable":true,"href":"https:\/\/tangooled.com\/es\/wp-json\/wp\/v2\/product-cat?post=34990"}],"curies":[{"name":"wp","href":"https:\/\/api.w.org\/{rel}","templated":true}]}}