{"id":34989,"date":"2025-07-01T05:39:58","date_gmt":"2025-07-01T13:39:58","guid":{"rendered":"https:\/\/tangooled.com\/?post_type=product&#038;p=34989"},"modified":"2026-01-31T01:37:49","modified_gmt":"2026-01-31T09:37:49","slug":"13mm-thin-large-recessed-75mm-width-led-profile","status":"publish","type":"product","link":"https:\/\/tangooled.com\/es\/product\/13mm-thin-large-recessed-75mm-width-led-profile\/","title":{"rendered":"Perfil LED empotrado de 13 mm de grosor y 75 mm de ancho"},"content":{"rendered":"<div class=\"wp-block-group is-vertical is-layout-flex wp-container-core-group-is-layout-d255d7c4 wp-block-group-is-layout-flex\" style=\"padding-top:var(--wp--preset--spacing--80);padding-bottom:var(--wp--preset--spacing--80)\">\n<p>The R7513 is\u00a0a 13mm thin, 75mm wide\u00a0recessed LED profile\u00a0made for high-output, flush-mount lighting. This profile&#8217;s low height of 13mm and large inner size of 63.7mm make it perfect for holding multiple rows of LED strips, ensuring maximum light while staying minimal.<\/p>\n\n\n\n<p>Este perfil de aluminio est\u00e1 dise\u00f1ado para encajar perfectamente en paredes o techos sin juntas. El diagrama de instalaci\u00f3n ilustra que el canal se sostiene en su lugar por soportes de resorte. Un difusor de policarbonato har\u00e1 que la luz LED sea a\u00fan m\u00e1s suave, m\u00e1s uniformemente distribuida y reducir\u00e1 el deslumbramiento para un efecto limpio y profesional.<\/p>\n\n\n\n<p>Este perfil adaptable y de alto rendimiento es ideal para muchos proyectos de iluminaci\u00f3n interior, incluyendo iluminaci\u00f3n general y de acento en entornos profesionales, incluyendo oficinas, f\u00e1bricas, supermercados, espacios comerciales e interiores arquitect\u00f3nicos.<\/p>\n<\/div>\n\n\n\n<div class=\"wp-block-group has-background\" style=\"background-color:#f1f1f1;padding-top:var(--wp--preset--spacing--80);padding-bottom:var(--wp--preset--spacing--80)\"><div class=\"wp-block-group__inner-container is-layout-constrained wp-block-group-is-layout-constrained\">\n<div class=\"wp-block-group\"><div class=\"wp-block-group__inner-container is-layout-constrained wp-block-group-is-layout-constrained\">\n<h2 class=\"wp-block-heading\" style=\"padding-top:var(--wp--preset--spacing--40);padding-bottom:var(--wp--preset--spacing--40);font-size:25px;font-style:normal;font-weight:600;text-transform:capitalize\">\u00bfPor qu\u00e9 elegir nuestro perfil LED empotrado de 75x13 mm?<\/h2>\n\n\n\n<ul class=\"wp-block-list\">\n<li>El perfil ultradelgado de 13 mm se adapta a paredes o techos delgados.<\/li>\n\n\n\n<li>La abertura de 75 mm permite que varias tiras LED se ajusten en su interior, lo que hace que la luz sea fuerte y sin puntos.<\/li>\n\n\n\n<li>Hecho de aluminio anodizado de alta calidad 6063-T5, que act\u00faa como un excelente disipador de calor.&nbsp;<\/li>\n\n\n\n<li>Cuenta con un difusor opal de encastre que hace que la luz sea suave y uniforme sin puntos calientes.<\/li>\n<\/ul>\n<\/div><\/div>\n<\/div><\/div>\n\n\n\n<div class=\"wp-block-group\" style=\"padding-top:var(--wp--preset--spacing--60);padding-bottom:var(--wp--preset--spacing--60)\"><div class=\"wp-block-group__inner-container is-layout-constrained wp-block-group-is-layout-constrained\">\n<div class=\"wp-block-media-text has-media-on-the-right is-stacked-on-mobile\" style=\"grid-template-columns:auto 40%\"><div class=\"wp-block-media-text__content\">\n<h2 class=\"wp-block-heading\" style=\"padding-top:var(--wp--preset--spacing--40);padding-bottom:var(--wp--preset--spacing--40);font-size:25px;font-style:normal;font-weight:600;text-transform:capitalize\">Instalaci\u00f3n Sencilla<\/h2>\n\n\n\n<ul class=\"wp-block-list\">\n<li>Corta el drywall o placa de yeso para que se ajuste al perfil&nbsp;<\/li>\n\n\n\n<li>Fija el perfil a los montantes o vigas del techo&nbsp;<\/li>\n\n\n\n<li>Aplica yeso sobre los agujeros (instalaci\u00f3n empotrada)&nbsp;<\/li>\n\n\n\n<li>Pinta y termina para un aspecto suave y sin marco&nbsp;<\/li>\n\n\n\n<li>Coloca tu tira de luz LED&nbsp;<\/li>\n\n\n\n<li>Coloca el difusor para terminar tu extrusi\u00f3n LED empotrada<\/li>\n<\/ul>\n<\/div><figure class=\"wp-block-media-text__media\"><img loading=\"lazy\" decoding=\"async\" width=\"500\" height=\"500\" src=\"https:\/\/tangooled.com\/wp-content\/uploads\/2025\/07\/r7513-ins.webp\" alt=\"13mm thin large recessed 75mm width led profile\" class=\"wp-image-41879 size-full\" srcset=\"https:\/\/tangooled.com\/wp-content\/uploads\/2025\/07\/r7513-ins.webp 500w, https:\/\/tangooled.com\/wp-content\/uploads\/2025\/07\/r7513-ins-300x300.webp 300w, https:\/\/tangooled.com\/wp-content\/uploads\/2025\/07\/r7513-ins-150x150.webp 150w\" sizes=\"auto, (max-width: 500px) 100vw, 500px\" \/><\/figure><\/div>\n<\/div><\/div>\n\n\n\n<div class=\"wp-block-group has-background is-vertical is-layout-flex wp-container-core-group-is-layout-d255d7c4 wp-block-group-is-layout-flex\" style=\"background-color:#f1f1f1;padding-top:var(--wp--preset--spacing--80);padding-bottom:var(--wp--preset--spacing--80)\">\n<h2 class=\"wp-block-heading\" style=\"padding-top:var(--wp--preset--spacing--40);padding-bottom:var(--wp--preset--spacing--40);font-size:25px;font-style:normal;font-weight:600;text-transform:capitalize\">Ideal para estos usos<\/h2>\n\n\n\n<ul class=\"wp-block-list\">\n<li>Extrusi\u00f3n LED arquitect\u00f3nica para paredes y techos modernos&nbsp;<\/li>\n\n\n\n<li>Iluminaci\u00f3n general para hogares, negocios y tiendas&nbsp;<\/li>\n\n\n\n<li>Iluminaci\u00f3n de exhibici\u00f3n minorista para resaltar el producto<\/li>\n\n\n\n<li>Iluminaci\u00f3n de acento debajo de los gabinetes<\/li>\n<\/ul>\n<\/div>\n\n\n\n<div class=\"wp-block-group\" style=\"padding-top:var(--wp--preset--spacing--80);padding-bottom:var(--wp--preset--spacing--80)\"><div class=\"wp-block-group__inner-container is-layout-constrained wp-block-group-is-layout-constrained\">\n<h2 class=\"wp-block-heading\" style=\"padding-top:var(--wp--preset--spacing--40);padding-bottom:var(--wp--preset--spacing--40);font-size:25px;font-style:normal;font-weight:600;text-transform:capitalize\">Ideal para estos usos<\/h2>\n\n\n\n<ul class=\"wp-block-list\">\n<li>Extrusi\u00f3n LED arquitect\u00f3nica para paredes y techos modernos&nbsp;<\/li>\n\n\n\n<li>Iluminaci\u00f3n general para hogares, negocios y tiendas&nbsp;<\/li>\n\n\n\n<li>Iluminaci\u00f3n de exhibici\u00f3n minorista para resaltar el producto<\/li>\n\n\n\n<li>Iluminaci\u00f3n de acento debajo de los gabinetes<\/li>\n<\/ul>\n<\/div><\/div>\n\n\n\n<div class=\"wp-block-group has-background\" style=\"background-color:#f1f1f1;padding-top:var(--wp--preset--spacing--80);padding-bottom:var(--wp--preset--spacing--80)\"><div class=\"wp-block-group__inner-container is-layout-constrained wp-block-group-is-layout-constrained\">\n<h2 class=\"wp-block-heading\" style=\"padding-top:var(--wp--preset--spacing--40);padding-bottom:var(--wp--preset--spacing--40);font-size:25px;font-style:normal;font-weight:600;text-transform:capitalize\">Para m\u00e1s opciones sobre otros perfiles, visita:<\/h2>\n\n\n\n<ul class=\"wp-block-list\">\n<li><a href=\"https:\/\/tangooled.com\/es\/product\/black-led-diffuser-aluminum-channel-for-12mm-tape-lights\/\"><mark style=\"background-color:rgba(0, 0, 0, 0)\" class=\"has-inline-color has-vivid-red-color\">Canal de aluminio difusor LED negro para luces de cinta de 12 mm<\/mark><\/a><\/li>\n\n\n\n<li><a href=\"https:\/\/tangooled.com\/es\/product\/led-light-diffuser-channel-aluminum-15x12mm-for-10mm-led-strips\/\"><mark style=\"background-color:rgba(0, 0, 0, 0)\" class=\"has-inline-color has-vivid-red-color\">Difusor de luz LED canal de aluminio 15x12mm para tiras LED de 10mm<\/mark><\/a><\/li>\n\n\n\n<li><a href=\"https:\/\/tangooled.com\/es\/product\/surface-mount-30mm-led-diffuser-channel-for-two-led-strips\/\"><mark style=\"background-color:rgba(0, 0, 0, 0)\" class=\"has-inline-color has-vivid-red-color\">Canal difusor LED de 30mm montado en superficie para dos tiras LED<\/mark><\/a><\/li>\n<\/ul>\n<\/div><\/div>\n\n\n\n<div class=\"wp-block-group\" style=\"padding-top:var(--wp--preset--spacing--80);padding-bottom:var(--wp--preset--spacing--80)\"><div class=\"wp-block-group__inner-container is-layout-constrained wp-block-group-is-layout-constrained\">\n<h2 class=\"wp-block-heading\" style=\"padding-top:var(--wp--preset--spacing--40);padding-bottom:var(--wp--preset--spacing--40);font-size:25px;font-style:normal;font-weight:600;text-transform:capitalize\">resumen<\/h2>\n\n\n\n<p style=\"padding-right:var(--wp--preset--spacing--50);padding-left:var(--wp--preset--spacing--50)\">El perfil LED empotrado de 75 mm de ancho y 13 mm de grosor es una excelente manera de a\u00f1adir mucha iluminaci\u00f3n LED empotrada a un espacio moderno. Es f\u00e1cil de instalar con iluminaci\u00f3n lineal sin marco y una iluminaci\u00f3n sin puntos gracias a su tama\u00f1o peque\u00f1o y su amplia abertura. Hecho de aluminio anodizado, enfr\u00eda bien tus LEDs, lo que hace que duren m\u00e1s.&nbsp;<\/p>\n<\/div><\/div>\n\n\n\n<p><\/p>","protected":false},"featured_media":14757,"template":"","meta":{"_acf_changed":true,"_seopress_robots_primary_cat":"none","_seopress_titles_title":"75mm Wide Recessed LED Profile | 13mm Thin Aluminum Lighting Channel","_seopress_titles_desc":"Shop our R7513, a 75x13mm recessed led profile designed for wide-span linear lighting. This ultra-thin 13mm profile is perfect for shallow ceilings, providing a massive light surface without requiring deep cutouts.","_seopress_robots_index":""},"pcb-width":[233],"product-cat":[193],"class_list":{"0":"post-34989","1":"product","2":"type-product","3":"status-publish","4":"has-post-thumbnail","6":"pcb-width-50-90mm","7":"product-cat-recessed-profile"},"acf":[],"_links":{"self":[{"href":"https:\/\/tangooled.com\/es\/wp-json\/wp\/v2\/product\/34989","targetHints":{"allow":["GET"]}}],"collection":[{"href":"https:\/\/tangooled.com\/es\/wp-json\/wp\/v2\/product"}],"about":[{"href":"https:\/\/tangooled.com\/es\/wp-json\/wp\/v2\/types\/product"}],"wp:featuredmedia":[{"embeddable":true,"href":"https:\/\/tangooled.com\/es\/wp-json\/wp\/v2\/media\/14757"}],"wp:attachment":[{"href":"https:\/\/tangooled.com\/es\/wp-json\/wp\/v2\/media?parent=34989"}],"wp:term":[{"taxonomy":"pcb-width","embeddable":true,"href":"https:\/\/tangooled.com\/es\/wp-json\/wp\/v2\/pcb-width?post=34989"},{"taxonomy":"product-cat","embeddable":true,"href":"https:\/\/tangooled.com\/es\/wp-json\/wp\/v2\/product-cat?post=34989"}],"curies":[{"name":"wp","href":"https:\/\/api.w.org\/{rel}","templated":true}]}}