{"id":34988,"date":"2025-07-01T05:35:34","date_gmt":"2025-07-01T13:35:34","guid":{"rendered":"https:\/\/tangooled.com\/?post_type=product&#038;p=34988"},"modified":"2026-01-25T21:08:34","modified_gmt":"2026-01-26T05:08:34","slug":"recessed-large-size-led-aluminum-channel-with-removable-tray-54x67mm","status":"publish","type":"product","link":"https:\/\/tangooled.com\/es\/product\/recessed-large-size-led-aluminum-channel-with-removable-tray-54x67mm\/","title":{"rendered":"canal de aluminio LED grande empotrado con bandeja extra\u00edble 54x67mm"},"content":{"rendered":"<div class=\"wp-block-group\" style=\"padding-top:var(--wp--preset--spacing--80);padding-bottom:var(--wp--preset--spacing--80)\"><div class=\"wp-block-group__inner-container is-layout-constrained wp-block-group-is-layout-constrained\">\n<p>El canal de aluminio LED R5467 con capa interior extra\u00edble es un perfil empotrado profundo (67mm de profundidad) dise\u00f1ado para iluminaci\u00f3n de alta gama sin bordes. Con un ancho de base compacto de 54mm, la nueva caracter\u00edstica significativa es la capa interior extra\u00edble, que facilita el mantenimiento y puede contener tiras LED de hasta 34mm de ancho.<br>Este perfil est\u00e1 dise\u00f1ado para ser instalado firmemente en techos, con un soporte de fijaci\u00f3n empotrado en la parte superior que lo mantiene en su lugar, como se indica en el diagrama. Ofrece a arquitectos y dise\u00f1adores una forma duradera y f\u00e1cil de cuidar para obtener iluminaci\u00f3n arquitect\u00f3nica seamless y de alta luminosidad.<\/p>\n<\/div><\/div>\n\n\n\n<div class=\"wp-block-group has-background is-vertical is-layout-flex wp-container-core-group-is-layout-d255d7c4 wp-block-group-is-layout-flex\" style=\"background-color:#f1f1f1;padding-top:var(--wp--preset--spacing--80);padding-bottom:var(--wp--preset--spacing--80)\">\n<div class=\"wp-block-group is-vertical is-layout-flex wp-container-core-group-is-layout-8cf370e7 wp-block-group-is-layout-flex\">\n<h2 class=\"wp-block-heading\" style=\"padding-top:var(--wp--preset--spacing--40);padding-bottom:var(--wp--preset--spacing--40);font-size:25px;font-style:normal;font-weight:600;text-transform:capitalize\">\u00bfPor qu\u00e9 elegir nuestro canal de aluminio LED con capa interior extra\u00edble?<\/h2>\n\n\n\n<ul class=\"wp-block-list\">\n<li>Capa interior extra\u00edble: f\u00e1cil de instalar y dar servicio a tiras LED sin romper la pared.<\/li>\n\n\n\n<li>Tama\u00f1o grande y fuerte: funciona con tiras LED anchas y \u00e1reas grandes.<\/li>\n\n\n\n<li>Iluminaci\u00f3n sin puntos: un brillo suave y uniforme sin manchas brillantes o \u00e1reas oscuras.<\/li>\n\n\n\n<li>Made of heavy-duty aluminum, it won&#8217;t bend and helps LED strips stay cool.<\/li>\n\n\n\n<li>Dise\u00f1o para enlucido: rellene las alas con yeso para un acabado limpio sin molduras.<\/li>\n\n\n\n<li>Compatible con tiras LED amplias y contempor\u00e1neas: como tiras de doble fila y de alto rendimiento Philips Hue.<\/li>\n<\/ul>\n<\/div>\n<\/div>\n\n\n\n<div class=\"wp-block-group\" style=\"padding-top:var(--wp--preset--spacing--60);padding-bottom:var(--wp--preset--spacing--60)\"><div class=\"wp-block-group__inner-container is-layout-constrained wp-block-group-is-layout-constrained\">\n<div class=\"wp-block-media-text has-media-on-the-right is-stacked-on-mobile\" style=\"grid-template-columns:auto 40%\"><div class=\"wp-block-media-text__content\">\n<h2 class=\"wp-block-heading\" style=\"padding-top:var(--wp--preset--spacing--40);padding-bottom:var(--wp--preset--spacing--40);font-size:25px;font-style:normal;font-weight:600;text-transform:capitalize\">C\u00f3mo usarlo<\/h2>\n\n\n\n<p>Nuestro canal de aluminio LED con capa interior extra\u00edble funciona as\u00ed:<\/p>\n\n\n\n<ul class=\"wp-block-list\">\n<li>Coloque la carcasa de aluminio robusta en el panel de yeso o en el techo y la pared enlucidos.<\/li>\n\n\n\n<li>Put the removable inner layer\u00a0that holds the wire and LED strip in place.<\/li>\n\n\n\n<li>To service or update LEDs, just pull out the tray. You don&#8217;t have to cut or damage the polished surface.<\/li>\n\n\n\n<li>Para una luz suave y sin puntos, agregue el difusor esmerilado de alta calidad.<\/li>\n\n\n\n<li>Este inteligente dise\u00f1o modular facilita la instalaci\u00f3n y el mantenimiento.<\/li>\n<\/ul>\n<\/div><figure class=\"wp-block-media-text__media\"><img loading=\"lazy\" decoding=\"async\" width=\"500\" height=\"500\" src=\"https:\/\/tangooled.com\/wp-content\/uploads\/2025\/07\/r5467-ins.webp\" alt=\"recessed large size led aluminum channel with removable inner layer\" class=\"wp-image-41872 size-full\" srcset=\"https:\/\/tangooled.com\/wp-content\/uploads\/2025\/07\/r5467-ins.webp 500w, https:\/\/tangooled.com\/wp-content\/uploads\/2025\/07\/r5467-ins-300x300.webp 300w, https:\/\/tangooled.com\/wp-content\/uploads\/2025\/07\/r5467-ins-150x150.webp 150w\" sizes=\"auto, (max-width: 500px) 100vw, 500px\" \/><\/figure><\/div>\n<\/div><\/div>\n\n\n\n<div class=\"wp-block-group has-background\" style=\"background-color:#f1f1f1;padding-top:var(--wp--preset--spacing--80);padding-bottom:var(--wp--preset--spacing--80)\"><div class=\"wp-block-group__inner-container is-layout-constrained wp-block-group-is-layout-constrained\">\n<h2 class=\"wp-block-heading\" style=\"padding-top:var(--wp--preset--spacing--40);padding-bottom:var(--wp--preset--spacing--40);font-size:25px;font-style:normal;font-weight:600;text-transform:capitalize\">\u00bfD\u00f3nde usarlo?<\/h2>\n\n\n\n<p style=\"padding-right:var(--wp--preset--spacing--50);padding-left:var(--wp--preset--spacing--50)\">Este gran canal de aluminio LED empotrado es ideal para vest\u00edbulos de hotel, salas de conferencias y exhibiciones comerciales.<\/p>\n\n\n\n<ul class=\"wp-block-list\">\n<li>Hogares: cocinas, pasillos, salas de estar y casas modernas.<\/li>\n\n\n\n<li>Iluminaci\u00f3n de tareas: sobre escritorios e islas de cocina.<\/li>\n\n\n\n<li>Decorative Lighting: Create long, bright lines of light that don&#8217;t have any edges.<\/li>\n<\/ul>\n<\/div><\/div>\n\n\n\n<div class=\"wp-block-group\" style=\"padding-top:var(--wp--preset--spacing--80);padding-bottom:var(--wp--preset--spacing--80)\"><div class=\"wp-block-group__inner-container is-layout-constrained wp-block-group-is-layout-constrained\">\n<h2 class=\"wp-block-heading\" style=\"padding-top:var(--wp--preset--spacing--40);padding-bottom:var(--wp--preset--spacing--40);font-size:25px;font-style:normal;font-weight:600;text-transform:capitalize\">Tipos de LED compatibles<\/h2>\n\n\n\n<ul class=\"wp-block-list\">\n<li>Tiras LED de alta densidad (m\u00e1s de 120 LEDs por metro)<\/li>\n\n\n\n<li>Tiras LED COB para luz sin puntos<\/li>\n\n\n\n<li>Tiras LED Philips Hue y otras tiras LED anchas\u00a0<\/li>\n\n\n\n<li>Tiras LED RGBW y de blanco ajustable<\/li>\n<\/ul>\n<\/div><\/div>\n\n\n\n<div class=\"wp-block-group has-background\" style=\"background-color:#f1f1f1;padding-top:var(--wp--preset--spacing--80);padding-bottom:var(--wp--preset--spacing--80)\"><div class=\"wp-block-group__inner-container is-layout-constrained wp-block-group-is-layout-constrained\">\n<h2 class=\"wp-block-heading\" style=\"padding-top:var(--wp--preset--spacing--40);padding-bottom:var(--wp--preset--spacing--40);font-size:25px;font-style:normal;font-weight:600;text-transform:capitalize\">Accesorios y extras<\/h2>\n\n\n\n<p style=\"padding-right:var(--wp--preset--spacing--50);padding-left:var(--wp--preset--spacing--50)\">Haz que tu instalaci\u00f3n sea f\u00e1cil y ordenada con accesorios como:<\/p>\n\n\n\n<ul class=\"wp-block-list\">\n<li>Tapas finales<\/li>\n\n\n\n<li>Conectores para continuidad en l\u00ednea recta o a 90 grados<\/li>\n\n\n\n<li>Hebilla empotrada para soporte durante la instalaci\u00f3n<\/li>\n<\/ul>\n<\/div><\/div>\n\n\n\n<div class=\"wp-block-group\" style=\"padding-top:var(--wp--preset--spacing--80);padding-bottom:var(--wp--preset--spacing--80)\"><div class=\"wp-block-group__inner-container is-layout-constrained wp-block-group-is-layout-constrained\">\n<h2 class=\"wp-block-heading\" style=\"font-size:25px;font-style:normal;font-weight:600;text-transform:capitalize\">Productos relacionados y enlace<\/h2>\n\n\n\n<ul class=\"wp-block-list\">\n<li>Explora m\u00e1s perfiles de aluminio en <a href=\"https:\/\/tangooled.com\/es\/product\/led-strip-light-channel-aluminum-profile-with-diffused-cover-6mm-height\/\"><mark style=\"background-color:rgba(0, 0, 0, 0)\" class=\"has-inline-color has-vivid-red-color\">Perfil de aluminio para canal de luz LED con cubierta difusa de 6 mm de altura<\/mark><\/a><\/li>\n\n\n\n<li>Consulta nuestra amplia gama de <a href=\"https:\/\/tangooled.com\/es\/product\/25x14m-surface-mounted-led-light-aluminum-profile\/\"><mark style=\"background-color:rgba(0, 0, 0, 0)\" class=\"has-inline-color has-vivid-red-color\">Perfil de aluminio para luz LED montado en superficie de 25x14m<\/mark><\/a><\/li>\n\n\n\n<li>Aprende sobre <a href=\"https:\/\/tangooled.com\/es\/product\/black-led-diffuser-aluminum-channel-for-12mm-tape-lights\/\"><mark style=\"background-color:rgba(0, 0, 0, 0)\" class=\"has-inline-color has-vivid-red-color\">canal de aluminio difusor de led negro para luces de cinta de 12 mm<\/mark><\/a><\/li>\n<\/ul>\n<\/div><\/div>\n\n\n\n<div class=\"wp-block-group\"><div class=\"wp-block-group__inner-container is-layout-constrained wp-block-group-is-layout-constrained\">\n<h2 class=\"wp-block-heading\" style=\"padding-top:var(--wp--preset--spacing--40);padding-bottom:var(--wp--preset--spacing--40);font-size:25px;font-style:normal;font-weight:600;text-transform:capitalize\">Resumen<\/h2>\n\n\n\n<p>This LED aluminum channel with removable inner layer is a smart\u00a0choice for anyone who wants lighting that looks great, lasts a long time, and is easy to keep clean. It also fits flawlessly into walls and ceilings. It is a great choice for both architectural lighting and general lighting because it is made of heavy-duty aluminum. The inner layer can be taken out, making installation and upkeep easy and safe.<\/p>\n<\/div><\/div>","protected":false},"featured_media":14764,"template":"","meta":{"_acf_changed":true,"_seopress_robots_primary_cat":"none","_seopress_titles_title":"Recessed LED Channel with Removable Tray 54x67mm | TANGOOLED","_seopress_titles_desc":"The R5467 is a large-size 54x67mm recessed LED channel featuring a removable tray for easy installation and future maintenance. Perfect for heavy-duty commercial lighting projects requiring long-term reliability.","_seopress_robots_index":""},"pcb-width":[231],"product-cat":[193],"class_list":{"0":"post-34988","1":"product","2":"type-product","3":"status-publish","4":"has-post-thumbnail","6":"pcb-width-25-35mm","7":"product-cat-recessed-profile"},"acf":[],"_links":{"self":[{"href":"https:\/\/tangooled.com\/es\/wp-json\/wp\/v2\/product\/34988","targetHints":{"allow":["GET"]}}],"collection":[{"href":"https:\/\/tangooled.com\/es\/wp-json\/wp\/v2\/product"}],"about":[{"href":"https:\/\/tangooled.com\/es\/wp-json\/wp\/v2\/types\/product"}],"wp:featuredmedia":[{"embeddable":true,"href":"https:\/\/tangooled.com\/es\/wp-json\/wp\/v2\/media\/14764"}],"wp:attachment":[{"href":"https:\/\/tangooled.com\/es\/wp-json\/wp\/v2\/media?parent=34988"}],"wp:term":[{"taxonomy":"pcb-width","embeddable":true,"href":"https:\/\/tangooled.com\/es\/wp-json\/wp\/v2\/pcb-width?post=34988"},{"taxonomy":"product-cat","embeddable":true,"href":"https:\/\/tangooled.com\/es\/wp-json\/wp\/v2\/product-cat?post=34988"}],"curies":[{"name":"wp","href":"https:\/\/api.w.org\/{rel}","templated":true}]}}