{"id":34986,"date":"2025-07-01T05:33:13","date_gmt":"2025-07-01T13:33:13","guid":{"rendered":"https:\/\/tangooled.com\/?post_type=product&#038;p=34986"},"modified":"2026-01-31T01:33:09","modified_gmt":"2026-01-31T09:33:09","slug":"54mm-recessed-black-ceiling-led-profile-deep-channel","status":"publish","type":"product","link":"https:\/\/tangooled.com\/es\/product\/54mm-recessed-black-ceiling-led-profile-deep-channel\/","title":{"rendered":"Canal de techo LED empotrado negro de 54 mm, 32 mm de profundidad"},"content":{"rendered":"<div class=\"wp-block-group is-vertical is-layout-flex wp-container-core-group-is-layout-d255d7c4 wp-block-group-is-layout-flex\" style=\"padding-top:var(--wp--preset--spacing--80);padding-bottom:var(--wp--preset--spacing--80)\">\n<p>Este perfil de LED empotrado negro de 54 mm es una opci\u00f3n de iluminaci\u00f3n profunda y flexible que est\u00e1 dise\u00f1ado para encajar bien con el techo. La base tiene 54 mm de ancho y 32 mm de alto, por lo que puede contener muchas tiras de LED de tama\u00f1o medio a ancho, como tiras COB y SMD de alta densidad.<\/p>\n\n\n\n<p>Este perfil est\u00e1 fabricado con una aleaci\u00f3n de aluminio resistente que hace un gran trabajo para disipar el calor. Esto ayuda a que las tiras de LED duren m\u00e1s. Los clips de resorte y los extremos de metal que vienen con \u00e9l facilitan su instalaci\u00f3n de manera segura en techos de yeso o cart\u00f3n-yeso, como se muestra en el diagrama.<\/p>\n\n\n\n<p>Este perfil es ideal para aplicaciones de iluminaci\u00f3n comercial y arquitect\u00f3nica que necesitan una l\u00ednea de luz clara y recta. Algunos ejemplos son residencias, lugares de trabajo, salas de conferencias, locales comerciales y pasillos.<\/p>\n<\/div>\n\n\n\n<div class=\"wp-block-group has-background is-vertical is-layout-flex wp-container-core-group-is-layout-d255d7c4 wp-block-group-is-layout-flex\" style=\"background-color:#f1f1f1;padding-top:var(--wp--preset--spacing--80);padding-bottom:var(--wp--preset--spacing--80)\">\n<div class=\"wp-block-group is-vertical is-layout-flex wp-container-core-group-is-layout-8cf370e7 wp-block-group-is-layout-flex\">\n<h2 class=\"wp-block-heading\" style=\"padding-top:var(--wp--preset--spacing--40);padding-bottom:var(--wp--preset--spacing--40);font-size:25px;font-style:normal;font-weight:600;text-transform:capitalize\">\u00bfPor qu\u00e9 elegir nuestro perfil LED empotrado negro de 54 mm?<\/h2>\n\n\n\n<ul class=\"wp-block-list\">\n<li>Instalaci\u00f3n sin moldura ni empotrado: El perfil se ajusta a techos de cart\u00f3n-yeso o yeso y cubre los bordes. Esto hace que parezca que la luz proviene del interior del techo en lugar de estar encima.<\/li>\n\n\n\n<li>Construcci\u00f3n de aluminio resistente: La aleaci\u00f3n de aluminio 6063-T5 funciona como un disipador de calor, protegiendo las tiras LED del calor.<\/li>\n\n\n\n<li>El acabado negro mate profundo combina bien con muchos estilos modernos y difusores LED negros.<\/li>\n\n\n\n<li>The opal diffuser clicks into place and makes the light softer and more even, so there aren&#8217;t any glaring spots or LED dots.<\/li>\n\n\n\n<li>F\u00e1cil de usar: Todo el kit viene con una lente difusora y tapas, lo que facilita el ensamblaje.<\/li>\n<\/ul>\n<\/div>\n<\/div>\n\n\n\n<div class=\"wp-block-group\" style=\"padding-top:var(--wp--preset--spacing--60);padding-bottom:var(--wp--preset--spacing--60)\"><div class=\"wp-block-group__inner-container is-layout-constrained wp-block-group-is-layout-constrained\">\n<div class=\"wp-block-media-text has-media-on-the-right is-stacked-on-mobile\" style=\"grid-template-columns:auto 40%\"><div class=\"wp-block-media-text__content\">\n<h2 class=\"wp-block-heading\" style=\"padding-top:var(--wp--preset--spacing--40);padding-bottom:var(--wp--preset--spacing--40);font-size:25px;font-style:normal;font-weight:600;text-transform:capitalize\">Notas de instalaci\u00f3n<\/h2>\n\n\n\n<ul class=\"wp-block-list\">\n<li>Puedes aplicar yeso sobre el flange de empotrar en el cart\u00f3n-yeso. Al pintarlo, el perfil parecer\u00e1 un corte en tu techo.<\/li>\n\n\n\n<li>Utiliza soportes de resorte que se venden por separado para asegurarte de que encajen bien.<\/li>\n\n\n\n<li>Funciona bien para distancias prolongadas cuando conectas muchos perfiles de extremo a extremo.<\/li>\n\n\n\n<li>Es compatible con varios tipos de tiras LED regulables, incluidas tiras COB, RGBW y de tono blanco ajustable.<\/li>\n<\/ul>\n<\/div><figure class=\"wp-block-media-text__media\"><img loading=\"lazy\" decoding=\"async\" width=\"500\" height=\"500\" src=\"https:\/\/tangooled.com\/wp-content\/uploads\/2025\/07\/r5432-ins.webp\" alt=\"54mm recessed black led aluminum profile for ceiling\" class=\"wp-image-41866 size-full\" srcset=\"https:\/\/tangooled.com\/wp-content\/uploads\/2025\/07\/r5432-ins.webp 500w, https:\/\/tangooled.com\/wp-content\/uploads\/2025\/07\/r5432-ins-300x300.webp 300w, https:\/\/tangooled.com\/wp-content\/uploads\/2025\/07\/r5432-ins-150x150.webp 150w\" sizes=\"auto, (max-width: 500px) 100vw, 500px\" \/><\/figure><\/div>\n<\/div><\/div>\n\n\n\n<div class=\"wp-block-group has-background is-vertical is-layout-flex wp-container-core-group-is-layout-b429018a wp-block-group-is-layout-flex\" style=\"background-color:#f1f1f1f2;padding-top:var(--wp--preset--spacing--70);padding-bottom:var(--wp--preset--spacing--70)\">\n<h2 class=\"wp-block-heading\" style=\"padding-top:var(--wp--preset--spacing--40);padding-bottom:var(--wp--preset--spacing--40);font-size:25px;font-style:normal;font-weight:600;text-transform:capitalize\">what&#8217;s in the kit?<\/h2>\n\n\n\n<ul class=\"wp-block-list\">\n<li>1x Canal LED empotrado negro de aluminio<\/li>\n\n\n\n<li>1x Difusor LED opal<\/li>\n\n\n\n<li>Dos tapas de metal <\/li>\n\n\n\n<li>Soporte de resorte<\/li>\n<\/ul>\n<\/div>\n\n\n\n<div class=\"wp-block-group is-vertical is-layout-flex wp-container-core-group-is-layout-d255d7c4 wp-block-group-is-layout-flex\" style=\"padding-top:var(--wp--preset--spacing--80);padding-bottom:var(--wp--preset--spacing--80)\">\n<h2 class=\"wp-block-heading\" style=\"padding-top:var(--wp--preset--spacing--40);padding-bottom:var(--wp--preset--spacing--40);font-size:25px;font-style:normal;font-weight:600;text-transform:capitalize\">\u00bfPara qu\u00e9 puedes usar este perfil LED empotrado negro de 54 mm?<\/h2>\n\n\n\n<p>Este perfil LED de aluminio negro para techo es perfecto para muchos lugares<\/p>\n\n\n\n<ul class=\"wp-block-list\">\n<li>Oficinas y salas de conferencias: Agrega l\u00edneas de luz modernas y elegantes sobre escritorios y mesas de reuniones.<\/li>\n\n\n\n<li>Utiliza luz suave y brillante para destacar productos en tiendas y salas de exposici\u00f3n.<\/li>\n\n\n\n<li>Cocinas y \u00e1reas de estar: Ofrece mucha luz uniforme y amplia sobre mostradores e islas.<\/li>\n\n\n\n<li>Hoteles y vest\u00edbulos: Hace que el espacio se vea elegante y acogedor.<\/li>\n<\/ul>\n<\/div>\n\n\n\n<div class=\"wp-block-group has-background is-vertical is-layout-flex wp-container-core-group-is-layout-b429018a wp-block-group-is-layout-flex\" style=\"background-color:#f1f1f1f2;padding-top:var(--wp--preset--spacing--70);padding-bottom:var(--wp--preset--spacing--70)\">\n<h2 class=\"wp-block-heading\" style=\"padding-top:var(--wp--preset--spacing--40);padding-bottom:var(--wp--preset--spacing--40);font-size:25px;font-style:normal;font-weight:600;text-transform:capitalize\">Productos Relacionados Que Te Puede Gustar<\/h2>\n\n\n\n<ul class=\"wp-block-list\">\n<li><a href=\"https:\/\/tangooled.com\/es\/product\/black-led-diffuser-aluminum-channel-for-12mm-tape-lights\/\"><mark style=\"background-color:rgba(0, 0, 0, 0)\" class=\"has-inline-color has-vivid-red-color\">Canal de aluminio difusor LED negro para luces de cinta de 12 mm<\/mark><\/a><\/li>\n\n\n\n<li><a href=\"https:\/\/tangooled.com\/es\/product\/aluminum-profile-with-60-degree-lens-led-diffuser\/\"><mark style=\"background-color:rgba(0, 0, 0, 0)\" class=\"has-inline-color has-vivid-red-color\">Perfil LED de aluminio con lente difusora LED de 60 grados<\/mark><\/a><\/li>\n\n\n\n<li><a href=\"https:\/\/tangooled.com\/es\/product\/surface-mount-led-profile-with-frosted-diffuser-for-10mm-rope-lights\/\"><mark style=\"background-color:rgba(0, 0, 0, 0)\" class=\"has-inline-color has-vivid-red-color\">Perfil LED de montaje en superficie con difusor esmerilado para luces de cuerda de 10 mm<\/mark><\/a><\/li>\n\n\n\n<li><a href=\"https:\/\/tangooled.com\/es\/product\/recessed-aluminum-channel-with-ceiling-buckle-for-led-10mm-strip-light\/\"><mark style=\"background-color:rgba(0, 0, 0, 0)\" class=\"has-inline-color has-vivid-red-color\">Perfil de aluminio LED empotrado con gancho de techo<\/mark><\/a><\/li>\n<\/ul>\n<\/div>\n\n\n\n<p><\/p>","protected":false},"featured_media":14771,"template":"","meta":{"_acf_changed":true,"_seopress_robots_primary_cat":"none","_seopress_titles_title":"54mm Recessed Black Ceiling LED Profile | TANGOOLED","_seopress_titles_desc":"The R5432 is a premium 54mm recessed black ceiling LED profile. Its 32mm depth ensures a flawless, dot-free glow, while the sleek black finish blends perfectly with modern architectural designs.","_seopress_robots_index":""},"pcb-width":[232],"product-cat":[193],"class_list":{"0":"post-34986","1":"product","2":"type-product","3":"status-publish","4":"has-post-thumbnail","6":"pcb-width-35-45mm","7":"product-cat-recessed-profile"},"acf":[],"_links":{"self":[{"href":"https:\/\/tangooled.com\/es\/wp-json\/wp\/v2\/product\/34986","targetHints":{"allow":["GET"]}}],"collection":[{"href":"https:\/\/tangooled.com\/es\/wp-json\/wp\/v2\/product"}],"about":[{"href":"https:\/\/tangooled.com\/es\/wp-json\/wp\/v2\/types\/product"}],"wp:featuredmedia":[{"embeddable":true,"href":"https:\/\/tangooled.com\/es\/wp-json\/wp\/v2\/media\/14771"}],"wp:attachment":[{"href":"https:\/\/tangooled.com\/es\/wp-json\/wp\/v2\/media?parent=34986"}],"wp:term":[{"taxonomy":"pcb-width","embeddable":true,"href":"https:\/\/tangooled.com\/es\/wp-json\/wp\/v2\/pcb-width?post=34986"},{"taxonomy":"product-cat","embeddable":true,"href":"https:\/\/tangooled.com\/es\/wp-json\/wp\/v2\/product-cat?post=34986"}],"curies":[{"name":"wp","href":"https:\/\/api.w.org\/{rel}","templated":true}]}}