{"id":34983,"date":"2025-07-01T05:20:00","date_gmt":"2025-07-01T13:20:00","guid":{"rendered":"https:\/\/tangooled.com\/?post_type=product&#038;p=34983"},"modified":"2026-01-25T20:19:34","modified_gmt":"2026-01-26T04:19:34","slug":"54x18mm-recessed-trim-led-tape-light-channel","status":"publish","type":"product","link":"https:\/\/tangooled.com\/es\/product\/54x18mm-recessed-trim-led-tape-light-channel\/","title":{"rendered":"Canal de luz LED empotrado de 54x18mm"},"content":{"rendered":"<div class=\"wp-block-group is-vertical is-layout-flex wp-container-core-group-is-layout-d255d7c4 wp-block-group-is-layout-flex\" style=\"padding-top:var(--wp--preset--spacing--80);padding-bottom:var(--wp--preset--spacing--80)\">\n<p>El canal LED empotrado de 54x18mm es una opci\u00f3n ideal para una iluminaci\u00f3n lineal continua y de alta luminosidad. Este canal tiene una profundidad de 18mm y un ancho interior de 45mm. Es excelente para mantener tiras LED anchas o m\u00faltiples cintas para obtener una mejor salida de l\u00famenes.<\/p>\n\n\n\n<p>Este canal LED empotrado est\u00e1 dise\u00f1ado para ser montado en el rebaje utilizando hebillas empotradas para fijarse r\u00e1pida y seguramente a los techos, d\u00e1ndole un acabado limpio y elegante. El amplio canal de aluminio asegura que el calor se distribuya uniformemente, lo que hace que sus LED duren m\u00e1s y proporciona una luz suave y sin puntos.<\/p>\n\n\n\n<p>Este canal empotrado de 54mm es ideal para aplicaciones arquitect\u00f3nicas, comerciales y residenciales de alta gama, como iluminaci\u00f3n indirecta en pasillos, \u00e1reas de exhibici\u00f3n, oficinas y cocinas modernas.<\/p>\n<\/div>\n\n\n\n<div class=\"wp-block-group has-background is-vertical is-layout-flex wp-container-core-group-is-layout-d255d7c4 wp-block-group-is-layout-flex\" style=\"background-color:#f1f1f1;padding-top:var(--wp--preset--spacing--80);padding-bottom:var(--wp--preset--spacing--80)\">\n<div class=\"wp-block-group is-vertical is-layout-flex wp-container-core-group-is-layout-8cf370e7 wp-block-group-is-layout-flex\">\n<h2 class=\"wp-block-heading\" style=\"padding-top:var(--wp--preset--spacing--40);padding-bottom:var(--wp--preset--spacing--40);font-size:25px;font-style:normal;font-weight:600;text-transform:capitalize\">\u00bfPor qu\u00e9 elegir nuestro canal LED empotrado de 54x18mm?<\/h2>\n\n\n\n<ul class=\"wp-block-list\">\n<li>The wide inner width (45mm) allows for generous width\u00a0or multiple LED strips<\/li>\n\n\n\n<li>Dise\u00f1o empotrado que se ajusta a la pared para una instalaci\u00f3n limpia de paneles de yeso o madera<\/li>\n\n\n\n<li>Un disipador de calor de aluminio para mantener las luces frescas y hacer que duren m\u00e1s<\/li>\n\n\n\n<li>Viene con un difusor esmerilado para cubrir puntos y dispersar la luz de manera uniforme<\/li>\n\n\n\n<li>F\u00e1cil de instalar con todos los accesorios de tapas de extremo y clips de resorte<\/li>\n<\/ul>\n<\/div>\n<\/div>\n\n\n\n<div class=\"wp-block-group\" style=\"padding-top:var(--wp--preset--spacing--80);padding-bottom:var(--wp--preset--spacing--80)\"><div class=\"wp-block-group__inner-container is-layout-constrained wp-block-group-is-layout-constrained\">\n<div class=\"wp-block-media-text has-media-on-the-right is-stacked-on-mobile\" style=\"grid-template-columns:auto 40%\"><div class=\"wp-block-media-text__content\">\n<h2 class=\"wp-block-heading\" style=\"padding-top:var(--wp--preset--spacing--40);padding-bottom:var(--wp--preset--spacing--40);font-size:25px;font-style:normal;font-weight:600;text-transform:capitalize\">C\u00f3mo instalar su canal LED empotrado de 54x18mm<\/h2>\n\n\n\n<ul class=\"wp-block-list\">\n<li>Haga un rebaje en el panel de yeso o la madera que sea del tama\u00f1o adecuado.<\/li>\n\n\n\n<li>Coloque el canal LED empotrado, que mide 54x18mm, en el rebaje.<\/li>\n\n\n\n<li>Utilice clips de resorte o pegamento para mantenerlo en su lugar.<\/li>\n\n\n\n<li>Coloque su cinta LED dentro del canal de 45mm de ancho.<\/li>\n\n\n\n<li>Coloque el difusor esmerilado para obtener una luz suave y uniforme.<\/li>\n\n\n\n<li>Coloque las tapas de los extremos para finalizar el aspecto y mantener los cables seguros.<\/li>\n<\/ul>\n\n\n\n<p>Consejos: Para un aspecto limpio sin moldura, explore nuestros canales LED empotrados sin moldura como <a href=\"https:\/\/tangooled.com\/es\/product\/plaster-drywall-aluminum-skirting-board-for-12mm-led-strip-sk12\/\"><mark style=\"background-color:rgba(0, 0, 0, 0)\" class=\"has-inline-color has-vivid-red-color\">Tablero de esquinas de yeso LED empotrado<\/mark><\/a><\/p>\n<\/div><figure class=\"wp-block-media-text__media\"><img loading=\"lazy\" decoding=\"async\" width=\"500\" height=\"500\" src=\"https:\/\/tangooled.com\/wp-content\/uploads\/2025\/07\/r5418-ins.webp\" alt=\"54x18mm recessed trim led tape light channel inner width 45mm\" class=\"wp-image-41862 size-full\" srcset=\"https:\/\/tangooled.com\/wp-content\/uploads\/2025\/07\/r5418-ins.webp 500w, https:\/\/tangooled.com\/wp-content\/uploads\/2025\/07\/r5418-ins-300x300.webp 300w, https:\/\/tangooled.com\/wp-content\/uploads\/2025\/07\/r5418-ins-150x150.webp 150w\" sizes=\"auto, (max-width: 500px) 100vw, 500px\" \/><\/figure><\/div>\n<\/div><\/div>\n\n\n\n<div class=\"wp-block-group has-background\" style=\"background-color:#f1f1f1;padding-top:var(--wp--preset--spacing--80);padding-bottom:var(--wp--preset--spacing--80)\"><div class=\"wp-block-group__inner-container is-layout-constrained wp-block-group-is-layout-constrained\">\n<h2 class=\"wp-block-heading\" style=\"padding-top:var(--wp--preset--spacing--40);padding-bottom:var(--wp--preset--spacing--40);font-size:25px;font-style:normal;font-weight:600;text-transform:capitalize\">What\u2019s Included?<\/h2>\n\n\n\n<ul class=\"wp-block-list\">\n<li>Canal de aluminio empotrado (54x18mm)<\/li>\n\n\n\n<li>Difusor esmerilado a presi\u00f3n<\/li>\n\n\n\n<li>Dos tapas de metal<\/li>\n\n\n\n<li>Clips de resorte<\/li>\n<\/ul>\n<\/div><\/div>\n\n\n\n<div class=\"wp-block-group\" style=\"padding-top:var(--wp--preset--spacing--80);padding-bottom:var(--wp--preset--spacing--80)\"><div class=\"wp-block-group__inner-container is-layout-constrained wp-block-group-is-layout-constrained\">\n<h2 class=\"wp-block-heading\" style=\"padding-top:var(--wp--preset--spacing--40);padding-bottom:var(--wp--preset--spacing--40);font-size:25px;font-style:normal;font-weight:600;text-transform:capitalize\">\u00bfD\u00f3nde usar este canal LED?<\/h2>\n\n\n\n<ul class=\"wp-block-list\">\n<li>Iluminaci\u00f3n de techos y paredes: inst\u00e1lelo en panel de yeso para crear un amplio y suave lavado de luz.<\/li>\n\n\n\n<li>Iluminaci\u00f3n de cocina y armarios: ideal para bajo los armarios y estantes.<\/li>\n\n\n\n<li>Dise\u00f1os arquitect\u00f3nicos personalizados son excelentes para agregar l\u00edneas rectas a casas, negocios y tiendas.<\/li>\n\n\n\n<li>Iluminaci\u00f3n de trabajo y acento: luz brillante y suave para espacios de trabajo o toques decorativos.<\/li>\n<\/ul>\n<\/div><\/div>\n\n\n\n<p><\/p>","protected":false},"featured_media":14777,"template":"","meta":{"_acf_changed":true,"_seopress_robots_primary_cat":"none","_seopress_titles_title":"54x18mm Recessed LED Channel | Wide Trim Aluminum Lighting Profile | TANGOOLED","_seopress_titles_desc":"Upgrade to high-output linear lighting with our 54x18mm recessed LED channel. This wide-trim aluminum profile is designed for professional architectural installations, offering superior diffusion and heat management.","_seopress_robots_index":""},"pcb-width":[232],"product-cat":[193],"class_list":{"0":"post-34983","1":"product","2":"type-product","3":"status-publish","4":"has-post-thumbnail","6":"pcb-width-35-45mm","7":"product-cat-recessed-profile"},"acf":[],"_links":{"self":[{"href":"https:\/\/tangooled.com\/es\/wp-json\/wp\/v2\/product\/34983","targetHints":{"allow":["GET"]}}],"collection":[{"href":"https:\/\/tangooled.com\/es\/wp-json\/wp\/v2\/product"}],"about":[{"href":"https:\/\/tangooled.com\/es\/wp-json\/wp\/v2\/types\/product"}],"wp:featuredmedia":[{"embeddable":true,"href":"https:\/\/tangooled.com\/es\/wp-json\/wp\/v2\/media\/14777"}],"wp:attachment":[{"href":"https:\/\/tangooled.com\/es\/wp-json\/wp\/v2\/media?parent=34983"}],"wp:term":[{"taxonomy":"pcb-width","embeddable":true,"href":"https:\/\/tangooled.com\/es\/wp-json\/wp\/v2\/pcb-width?post=34983"},{"taxonomy":"product-cat","embeddable":true,"href":"https:\/\/tangooled.com\/es\/wp-json\/wp\/v2\/product-cat?post=34983"}],"curies":[{"name":"wp","href":"https:\/\/api.w.org\/{rel}","templated":true}]}}