{"id":34982,"date":"2025-07-01T05:15:02","date_gmt":"2025-07-01T13:15:02","guid":{"rendered":"https:\/\/tangooled.com\/?post_type=product&#038;p=34982"},"modified":"2026-01-25T20:09:23","modified_gmt":"2026-01-26T04:09:23","slug":"50mm-wide-recessed-led-channel-13mm-depth","status":"publish","type":"product","link":"https:\/\/tangooled.com\/es\/product\/50mm-wide-recessed-led-channel-13mm-depth\/","title":{"rendered":"Canal LED empotrado de 50 mm de ancho y perfil poco profundo de 13 mm"},"content":{"rendered":"<div class=\"wp-block-group is-vertical is-layout-flex wp-container-core-group-is-layout-d255d7c4 wp-block-group-is-layout-flex\" style=\"padding-top:var(--wp--preset--spacing--80);padding-bottom:var(--wp--preset--spacing--80)\">\n<p>Este canal LED empotrado de 50 mm de ancho est\u00e1 dise\u00f1ado para una iluminaci\u00f3n lineal simple y empotrada. El perfil tiene un ancho de 50 mm, lo que emite una amplia y brillante franja de luz uniforme en lugar de una peque\u00f1a l\u00ednea. La baja profundidad de 13 mm facilita la instalaci\u00f3n r\u00e1pida y limpia, y se ajusta perfectamente en techos o paredes delgadas.<\/p>\n\n\n\n<p>El canal de aluminio anodizado permite que el calor se disipe bastante bien, lo que mantiene los LED frescos y hace que duren m\u00e1s. El difusor de policarbonato opal o esmerilado tambi\u00e9n oculta bien los puntos de origen de los LED, lo que hace que la salida de luz sea suave y uniforme. Los clips empotrados (clips de resorte) facilitan la instalaci\u00f3n del perfil porque permiten fijarlo r\u00e1pida y seguramente a los techos o paneles de yeso para un aspecto limpio.<\/p>\n\n\n\n<p>Este accesorio se utiliza idealmente para iluminaci\u00f3n de tarea, acento o ambiental en hogares de alta gama, oficinas modernas o tiendas especializadas.<\/p>\n<\/div>\n\n\n\n<div class=\"wp-block-group has-background is-vertical is-layout-flex wp-container-core-group-is-layout-d255d7c4 wp-block-group-is-layout-flex\" style=\"background-color:#f1f1f1;padding-top:var(--wp--preset--spacing--80);padding-bottom:var(--wp--preset--spacing--80)\">\n<div class=\"wp-block-group is-vertical is-layout-flex wp-container-core-group-is-layout-8cf370e7 wp-block-group-is-layout-flex\">\n<h2 class=\"wp-block-heading\" style=\"padding-top:var(--wp--preset--spacing--40);padding-bottom:var(--wp--preset--spacing--40);font-size:25px;font-style:normal;font-weight:600;text-transform:capitalize\">\u00bfQu\u00e9 distingue nuestro canal LED empotrado de 50 mm?<\/h2>\n\n\n\n<ul class=\"wp-block-list\">\n<li>Ancho exterior de 50 mm para l\u00edneas de luz arquitect\u00f3nicas audaces<\/li>\n\n\n\n<li>Es f\u00e1cil de instalar o trabajar con la carpinter\u00eda porque tiene solo 13 mm de profundidad<\/li>\n\n\n\n<li>El difusor opal\/esmerilado sin puntos emite luz suave y uniforme<\/li>\n\n\n\n<li>El ancho interior amplio (alrededor de 43 mm) es bueno para tiras LED que son bastante anchas o tienen muchas filas<\/li>\n\n\n\n<li>Montaje empotrado a ras con un flange de yeso para un aspecto limpio<\/li>\n<\/ul>\n<\/div>\n<\/div>\n\n\n\n<div class=\"wp-block-group\" style=\"padding-top:var(--wp--preset--spacing--60);padding-bottom:var(--wp--preset--spacing--60)\"><div class=\"wp-block-group__inner-container is-layout-constrained wp-block-group-is-layout-constrained\">\n<div class=\"wp-block-media-text has-media-on-the-right is-stacked-on-mobile\" style=\"grid-template-columns:auto 40%\"><div class=\"wp-block-media-text__content\">\n<h2 class=\"wp-block-heading\" style=\"padding-top:var(--wp--preset--spacing--40);padding-bottom:var(--wp--preset--spacing--40);font-size:25px;font-style:normal;font-weight:600;text-transform:capitalize\">C\u00f3mo instalar el canal LED empotrado de 50 mm<\/h2>\n\n\n\n<ul class=\"wp-block-list\">\n<li>Haga una ranura en el techo o panel de yeso que tenga el mismo tama\u00f1o que la base del canal.<\/li>\n\n\n\n<li>Coloque su cinta LED dentro del canal de aluminio.<\/li>\n\n\n\n<li>Fije los tapones de extremo y el difusor.<\/li>\n\n\n\n<li>Utilice el soporte de resorte para mantener la luz del canal en su lugar en la ranura.<\/li>\n\n\n\n<li>Conecte los dispositivos de alimentaci\u00f3n y control adecuados.<\/li>\n<\/ul>\n<\/div><figure class=\"wp-block-media-text__media\"><img loading=\"lazy\" decoding=\"async\" width=\"500\" height=\"500\" src=\"https:\/\/tangooled.com\/wp-content\/uploads\/2025\/07\/r5413-ins.webp\" alt=\"50x13mm recessed led channel \u2013 wide, slim, and built to last\" class=\"wp-image-41857 size-full\" srcset=\"https:\/\/tangooled.com\/wp-content\/uploads\/2025\/07\/r5413-ins.webp 500w, https:\/\/tangooled.com\/wp-content\/uploads\/2025\/07\/r5413-ins-300x300.webp 300w, https:\/\/tangooled.com\/wp-content\/uploads\/2025\/07\/r5413-ins-150x150.webp 150w\" sizes=\"auto, (max-width: 500px) 100vw, 500px\" \/><\/figure><\/div>\n<\/div><\/div>\n\n\n\n<div class=\"wp-block-group has-background\" style=\"background-color:#f1f1f1;padding-top:var(--wp--preset--spacing--80);padding-bottom:var(--wp--preset--spacing--80)\"><div class=\"wp-block-group__inner-container is-layout-constrained wp-block-group-is-layout-constrained\">\n<h2 class=\"wp-block-heading\" style=\"padding-top:var(--wp--preset--spacing--40);padding-bottom:var(--wp--preset--spacing--40);font-size:25px;font-style:normal;font-weight:600;text-transform:capitalize\">What\u2019s in the kit?<\/h2>\n\n\n\n<ul class=\"wp-block-list\">\n<li>Canal de aluminio empotrado de secci\u00f3n transversal de 54x13 mm<\/li>\n\n\n\n<li>Un difusor LED opal<\/li>\n\n\n\n<li>Tapones finales de metal<\/li>\n\n\n\n<li>Soportes de resorte para una f\u00e1cil instalaci\u00f3n.<\/li>\n<\/ul>\n<\/div><\/div>\n\n\n\n<div class=\"wp-block-group is-vertical is-layout-flex wp-container-core-group-is-layout-d255d7c4 wp-block-group-is-layout-flex\" style=\"padding-top:var(--wp--preset--spacing--80);padding-bottom:var(--wp--preset--spacing--80)\">\n<h2 class=\"wp-block-heading\" style=\"padding-top:var(--wp--preset--spacing--40);padding-bottom:var(--wp--preset--spacing--40);font-size:25px;font-style:normal;font-weight:600;text-transform:capitalize\">D\u00f3nde usar su canal LED empotrado de 50 mm<\/h2>\n\n\n\n<p>Este canal LED empotrado mide 50x13 mm y es adecuado para:<\/p>\n\n\n\n<ul class=\"wp-block-list\">\n<li>Techos y paredes de panel de yeso: Perfecto para crear luz lineal amplia y continua, el flange debe estar al ras con la superficie y enyesado para un aspecto limpio y sin molduras.<\/li>\n\n\n\n<li>Lugares de exhibici\u00f3n para negocios y tiendas: Ideal para iluminaci\u00f3n general o para hacer que grandes exhibiciones de productos resalten con luz amplia y uniforme.<\/li>\n\n\n\n<li>En oficinas y negocios, est\u00e1n dise\u00f1ados para proporcionar iluminaci\u00f3n ambiental o de tarea amplia y sin sombras en estaciones de trabajo de planta abierta, salas de conferencias y pasillos.<\/li>\n\n\n\n<li>Iluminaci\u00f3n para caracter\u00edsticas arquitect\u00f3nicas: Este tipo de iluminaci\u00f3n es excelente para vest\u00edbulos, salones y espacios p\u00fablicos que necesitan iluminaci\u00f3n lineal de alto rendimiento incorporada.<\/li>\n<\/ul>\n<\/div>\n\n\n\n<div class=\"wp-block-group has-background is-vertical is-layout-flex wp-container-core-group-is-layout-b429018a wp-block-group-is-layout-flex\" style=\"background-color:#f1f1f1f2;padding-top:var(--wp--preset--spacing--70);padding-bottom:var(--wp--preset--spacing--70)\">\n<h2 class=\"wp-block-heading\" style=\"padding-top:var(--wp--preset--spacing--40);padding-bottom:var(--wp--preset--spacing--40);font-size:25px;font-style:normal;font-weight:600\">Productos Relacionados Que Te Puede Gustar<\/h2>\n\n\n\n<ul class=\"wp-block-list\">\n<li>Explora nuestro <a href=\"https:\/\/tangooled.com\/es\/product\/black-led-diffuser-aluminum-channel-for-12mm-tape-lights\/\"><mark style=\"background-color:rgba(0, 0, 0, 0)\" class=\"has-inline-color has-vivid-red-color\">Canal de aluminio difusor LED negro para luces de cinta de 12mm<\/mark><\/a> para una opci\u00f3n de perfil estrecho.<\/li>\n\n\n\n<li>Verifique la <a href=\"https:\/\/tangooled.com\/es\/product\/surface-mount-led-profile-with-frosted-diffuser-for-10mm-rope-lights\/\"><mark style=\"background-color:rgba(0, 0, 0, 0)\" class=\"has-inline-color has-vivid-red-color\">Perfil LED de montaje en superficie con difusor mate para luces de cuerda de 10mm<\/mark><\/a> si desea montaje en superficie en lugar de empotrado.<\/li>\n\n\n\n<li>\u00bfNecesita un perfil empotrado m\u00e1s peque\u00f1o? Vea <a href=\"https:\/\/tangooled.com\/es\/product\/recessed-15x12mm-black-light-diffuser-aluminum-channel-for-10mm-led-strips\/\"><mark style=\"background-color:rgba(0, 0, 0, 0)\" class=\"has-inline-color has-vivid-red-color\">Canal de aluminio difusor de luz LED empotrado de 15x12 mm para tiras LED de 10 mm<\/mark><\/a><\/li>\n\n\n\n<li>Para instalaciones LED empotradas sin molduras de yeso, consulte <a href=\"https:\/\/tangooled.com\/es\/product\/trimless-drywall-led-channel-for-15mm-led-strip-lights\/\"><mark style=\"background-color:rgba(0, 0, 0, 0)\" class=\"has-inline-color has-vivid-red-color\">Canal LED sin marco para tiras LED de 15 mm<\/mark><\/a><\/li>\n<\/ul>\n<\/div>\n\n\n\n<div class=\"wp-block-group is-vertical is-layout-flex wp-container-core-group-is-layout-d255d7c4 wp-block-group-is-layout-flex\" style=\"padding-top:var(--wp--preset--spacing--80);padding-bottom:var(--wp--preset--spacing--80)\">\n<h2 class=\"wp-block-heading\" style=\"padding-top:var(--wp--preset--spacing--40);padding-bottom:var(--wp--preset--spacing--40);font-size:25px;font-style:normal;font-weight:600;text-transform:capitalize\">Resumen<\/h2>\n\n\n\n<p>The 50mm recessed LED channel features a sleek design that is simple to install and performs well in large architectural lighting areas. It fits in places like drywall or ceilings and gives forth smooth, bright light without any spots. It features a robust anodized aluminum body and a lot of different diffuser options, so it&#8217;s perfect for modern homes, offices, and retailers.<\/p>\n<\/div>\n\n\n\n<p><\/p>","protected":false},"featured_media":14782,"template":"","meta":{"_acf_changed":true,"_seopress_robots_primary_cat":"none","_seopress_titles_title":"50mm Wide Recessed LED Channel 13mm Depth | TANGOOLED","_seopress_titles_desc":"Create bold light ribbons with our 50mm wide recessed LED channel. Featuring a slim 13mm depth, this flanged aluminum profile is perfect for wide-angle linear lighting in shallow ceilings and modern offices.","_seopress_robots_index":""},"pcb-width":[232],"product-cat":[193],"class_list":{"0":"post-34982","1":"product","2":"type-product","3":"status-publish","4":"has-post-thumbnail","6":"pcb-width-35-45mm","7":"product-cat-recessed-profile"},"acf":[],"_links":{"self":[{"href":"https:\/\/tangooled.com\/es\/wp-json\/wp\/v2\/product\/34982","targetHints":{"allow":["GET"]}}],"collection":[{"href":"https:\/\/tangooled.com\/es\/wp-json\/wp\/v2\/product"}],"about":[{"href":"https:\/\/tangooled.com\/es\/wp-json\/wp\/v2\/types\/product"}],"wp:featuredmedia":[{"embeddable":true,"href":"https:\/\/tangooled.com\/es\/wp-json\/wp\/v2\/media\/14782"}],"wp:attachment":[{"href":"https:\/\/tangooled.com\/es\/wp-json\/wp\/v2\/media?parent=34982"}],"wp:term":[{"taxonomy":"pcb-width","embeddable":true,"href":"https:\/\/tangooled.com\/es\/wp-json\/wp\/v2\/pcb-width?post=34982"},{"taxonomy":"product-cat","embeddable":true,"href":"https:\/\/tangooled.com\/es\/wp-json\/wp\/v2\/product-cat?post=34982"}],"curies":[{"name":"wp","href":"https:\/\/api.w.org\/{rel}","templated":true}]}}