{"id":34981,"date":"2025-07-01T05:13:13","date_gmt":"2025-07-01T13:13:13","guid":{"rendered":"https:\/\/tangooled.com\/?post_type=product&#038;p=34981"},"modified":"2026-01-25T20:01:49","modified_gmt":"2026-01-26T04:01:49","slug":"35x35mm-recessed-led-strip-profile-with-driver-space","status":"publish","type":"product","link":"https:\/\/tangooled.com\/es\/product\/35x35mm-recessed-led-strip-profile-with-driver-space\/","title":{"rendered":"Perfil de tira LED empotrado de 35x35mm con espacio para controlador"},"content":{"rendered":"<div class=\"wp-block-group is-vertical is-layout-flex wp-container-core-group-is-layout-d255d7c4 wp-block-group-is-layout-flex\" style=\"padding-top:var(--wp--preset--spacing--80);padding-bottom:var(--wp--preset--spacing--80)\">\n<p>This 35&#215;35 mm recessed LED strip profile with driver space is designed to hide both the LED strip and its power supply seamlessly within the ceiling. This 35x35mm LED profile features a removable middle tray, which is great for installing LED strips up to 21 mm wide. The rigid aluminum profile housing ensures excellent heat management, guaranteeing the long life of your lighting system.<\/p>\n\n\n\n<p>To install, simply attach the specialized recessed buckles to the profile&#8217;s back slots. This preparatory step is vital, as it allows the fixture to be securely pushed into the ceiling cutout, achieving a perfectly flush, trimless finish that integrates cleanly with the surrounding architecture.<\/p>\n\n\n\n<p>This 35&#215;35 mm recessed LED channel is ideally suited for impactful linear lighting in high-end commercial environments. This includes large-scale projects in offices, retail spaces, and hotel lobbies.<\/p>\n<\/div>\n\n\n\n<div class=\"wp-block-group has-background\" style=\"background-color:#f1f1f1;padding-top:var(--wp--preset--spacing--80);padding-bottom:var(--wp--preset--spacing--80)\"><div class=\"wp-block-group__inner-container is-layout-constrained wp-block-group-is-layout-constrained\">\n<div class=\"wp-block-group is-vertical is-layout-flex wp-container-core-group-is-layout-8cf370e7 wp-block-group-is-layout-flex\">\n<h2 class=\"wp-block-heading\" style=\"padding-top:var(--wp--preset--spacing--40);padding-bottom:var(--wp--preset--spacing--40);font-size:25px;font-style:normal;font-weight:600;text-transform:capitalize\">\u00bfPor qu\u00e9 elegir nuestro perfil de tira LED de 35x35 mm?<\/h2>\n\n\n\n<ul class=\"wp-block-list\">\n<li>Espacio para controlador integrado: Disponible para un controlador LED muy delgado y lo mantiene oculto dentro del perfil, por lo que no se muestran cajas voluminosas.<\/li>\n\n\n\n<li>Luz suave sin puntos: El difusor opalino hace que la luz sea suave, sin manchas ni deslumbramientos.<\/li>\n\n\n\n<li>Aluminio de alta calidad: Un excelente disipador de calor que mantiene frescas las LED y las hace durar m\u00e1s.<\/li>\n\n\n\n<li>Dise\u00f1o sin molduras y empotrado: F\u00e1cil de enyesar y hace que la luz se vea suave.<\/li>\n\n\n\n<li>Puede personalizarlo eligiendo la longitud, el acabado de color y los accesorios que mejor se adapten a su proyecto.<\/li>\n<\/ul>\n<\/div>\n<\/div><\/div>\n\n\n\n<div class=\"wp-block-group\" style=\"padding-top:var(--wp--preset--spacing--60);padding-bottom:var(--wp--preset--spacing--60)\"><div class=\"wp-block-group__inner-container is-layout-constrained wp-block-group-is-layout-constrained\">\n<div class=\"wp-block-media-text has-media-on-the-right is-stacked-on-mobile\" style=\"grid-template-columns:auto 40%\"><div class=\"wp-block-media-text__content\">\n<h2 class=\"wp-block-heading\" style=\"padding-top:var(--wp--preset--spacing--40);padding-bottom:var(--wp--preset--spacing--40);font-size:25px;font-style:normal;font-weight:600;text-transform:capitalize\">Accesorios e instalaci\u00f3n<\/h2>\n\n\n\n<ul class=\"wp-block-list\">\n<li>Tapas finales met\u00e1licas: Cierran los extremos para darles un aspecto limpio.<\/li>\n\n\n\n<li>Soporte de resorte: Mantiene el perfil en su lugar mientras lo instala.<\/li>\n\n\n\n<li>Cinta LED: Funciona con cintas de hasta 21 mm de ancho, incluidas tiras LED COB con un alto CRI.<\/li>\n\n\n\n<li>Controladores: Utilice controladores LED ultra delgados de 24V que encajen dentro del interior.<\/li>\n<\/ul>\n<\/div><figure class=\"wp-block-media-text__media\"><img loading=\"lazy\" decoding=\"async\" width=\"500\" height=\"500\" src=\"https:\/\/tangooled.com\/wp-content\/uploads\/2025\/07\/r3535-ins.webp\" alt=\"35x35mm recessed led tape profile with driver space\" class=\"wp-image-41854 size-full\" srcset=\"https:\/\/tangooled.com\/wp-content\/uploads\/2025\/07\/r3535-ins.webp 500w, https:\/\/tangooled.com\/wp-content\/uploads\/2025\/07\/r3535-ins-300x300.webp 300w, https:\/\/tangooled.com\/wp-content\/uploads\/2025\/07\/r3535-ins-150x150.webp 150w\" sizes=\"auto, (max-width: 500px) 100vw, 500px\" \/><\/figure><\/div>\n<\/div><\/div>\n\n\n\n<div class=\"wp-block-group has-background\" style=\"background-color:#f1f1f1;padding-top:var(--wp--preset--spacing--80);padding-bottom:var(--wp--preset--spacing--80)\"><div class=\"wp-block-group__inner-container is-layout-constrained wp-block-group-is-layout-constrained\">\n<h2 class=\"wp-block-heading\" style=\"padding-top:var(--wp--preset--spacing--40);padding-bottom:var(--wp--preset--spacing--40);font-size:25px;font-style:normal;font-weight:600;text-transform:capitalize\">\u00bfD\u00f3nde usar el perfil LED empotrado de 35x35 mm?<\/h2>\n\n\n\n<ul class=\"wp-block-list\">\n<li>Techos y paredes: Utilice el perfil para crear l\u00edneas de luz limpias y modernas en paneles de yeso o yeso.<\/li>\n\n\n\n<li>Iluminaci\u00f3n en coves: Coloque luces en coves para crear una luz suave e indirecta.<\/li>\n\n\n\n<li>Iluminaci\u00f3n de tareas: Ideal para escritorios, gabinetes o \u00e1reas que necesitan luz clara.<\/li>\n\n\n\n<li>Retail y hospitalidad: La iluminaci\u00f3n moderna en tiendas, hoteles u oficinas les da un aspecto contempor\u00e1neo.<\/li>\n<\/ul>\n<\/div><\/div>\n\n\n\n<div class=\"wp-block-group\" style=\"padding-top:var(--wp--preset--spacing--80);padding-bottom:var(--wp--preset--spacing--80)\"><div class=\"wp-block-group__inner-container is-layout-constrained wp-block-group-is-layout-constrained\">\n<h2 class=\"wp-block-heading\" style=\"padding-top:var(--wp--preset--spacing--40);padding-bottom:var(--wp--preset--spacing--40);font-size:25px;font-style:normal;font-weight:600;text-transform:capitalize\">Productos relacionados y fuentes<\/h2>\n\n\n\n<ul class=\"wp-block-list\">\n<li>Aprenda sobre diferentes perfiles LED lineales y accesorios en <a href=\"https:\/\/klusdesign.eu\/en\/profiles-recessed\"><mark style=\"background-color:rgba(0, 0, 0, 0)\" class=\"has-inline-color has-vivid-red-color\">P\u00e1gina de perfiles de Klus Design<\/mark><\/a>.<\/li>\n\n\n\n<li>Para opciones de tira de luz semidifusa, vea <a href=\"https:\/\/lsicorp.com\/lighting\/product\/linear-semi-diffused\/\">L<mark style=\"background-color:rgba(0, 0, 0, 0)\" class=\"has-inline-color has-vivid-red-color\">Producto semidifuso de SI Industries<\/mark><\/a>.<\/li>\n\n\n\n<li>Explorar <a href=\"https:\/\/www.jescolighting.com\/portfolio\/ch-sm-32\/\"><mark style=\"background-color:rgba(0, 0, 0, 0)\" class=\"has-inline-color has-vivid-red-color\">Jesco Lighting\u2019s recessed profiles<\/mark><\/a> para opciones de dise\u00f1o mejoradas<\/li>\n<\/ul>\n<\/div><\/div>\n\n\n\n<div class=\"wp-block-group has-background\" style=\"background-color:#f1f1f1f2;padding-top:var(--wp--preset--spacing--80);padding-bottom:var(--wp--preset--spacing--80)\"><div class=\"wp-block-group__inner-container is-layout-constrained wp-block-group-is-layout-constrained\">\n<h2 class=\"wp-block-heading\" style=\"padding-top:var(--wp--preset--spacing--40);padding-bottom:var(--wp--preset--spacing--40);font-size:25px;font-style:normal;font-weight:600\">El\u00edjanos para sus necesidades de perfil LED<\/h2>\n\n\n\n<p style=\"padding-right:var(--wp--preset--spacing--50);padding-left:var(--wp--preset--spacing--50)\">Este perfil de tira LED empotrado de 35x35 mm con espacio para controlador es una extrusi\u00f3n arquitect\u00f3nica ideal para dise\u00f1adores que desean iluminaci\u00f3n empotrada delgada y sin molduras con espacio para fuente de alimentaci\u00f3n integrada. El cuerpo de aluminio 6063-T5 enfr\u00eda r\u00e1pidamente las luces de tira LED de alta calidad, creando un resplandor limpio y sin puntos a trav\u00e9s de un difusor opalino PC duradero. Se puede adaptar a sus necesidades y es simple de montar. Funciona bien en hogares, negocios, tiendas y hoteles. <\/p>\n<\/div><\/div>\n\n\n\n<p><\/p>","protected":false},"featured_media":14810,"template":"","meta":{"_acf_changed":true,"_seopress_robots_primary_cat":"none","_seopress_titles_title":"35x35mm Recessed LED Strip Profile with Driver Space | TANGOOLED","_seopress_titles_desc":"The R3535 is a 35x35mm recessed LED strip profile with internal driver space. This large-scale aluminum channel simplifies installation by housing the power supply inside the profile.","_seopress_robots_index":""},"pcb-width":[229],"product-cat":[193],"class_list":{"0":"post-34981","1":"product","2":"type-product","3":"status-publish","4":"has-post-thumbnail","6":"pcb-width-15-20mm","7":"product-cat-recessed-profile"},"acf":[],"_links":{"self":[{"href":"https:\/\/tangooled.com\/es\/wp-json\/wp\/v2\/product\/34981","targetHints":{"allow":["GET"]}}],"collection":[{"href":"https:\/\/tangooled.com\/es\/wp-json\/wp\/v2\/product"}],"about":[{"href":"https:\/\/tangooled.com\/es\/wp-json\/wp\/v2\/types\/product"}],"wp:featuredmedia":[{"embeddable":true,"href":"https:\/\/tangooled.com\/es\/wp-json\/wp\/v2\/media\/14810"}],"wp:attachment":[{"href":"https:\/\/tangooled.com\/es\/wp-json\/wp\/v2\/media?parent=34981"}],"wp:term":[{"taxonomy":"pcb-width","embeddable":true,"href":"https:\/\/tangooled.com\/es\/wp-json\/wp\/v2\/pcb-width?post=34981"},{"taxonomy":"product-cat","embeddable":true,"href":"https:\/\/tangooled.com\/es\/wp-json\/wp\/v2\/product-cat?post=34981"}],"curies":[{"name":"wp","href":"https:\/\/api.w.org\/{rel}","templated":true}]}}