{"id":34971,"date":"2025-07-01T02:43:16","date_gmt":"2025-07-01T10:43:16","guid":{"rendered":"https:\/\/tangooled.com\/?post_type=product&#038;p=34971"},"modified":"2026-01-25T19:53:34","modified_gmt":"2026-01-26T03:53:34","slug":"32mm-deep-recessed-led-strip-channel","status":"publish","type":"product","link":"https:\/\/tangooled.com\/es\/product\/32mm-deep-recessed-led-strip-channel\/","title":{"rendered":"Canal de tira LED empotrado de 32 mm de profundidad"},"content":{"rendered":"<div class=\"wp-block-group is-vertical is-layout-flex wp-container-core-group-is-layout-d255d7c4 wp-block-group-is-layout-flex\" style=\"padding-top:var(--wp--preset--spacing--80);padding-bottom:var(--wp--preset--spacing--80)\">\n<p>Nuestro perfil R3532 es un canal LED empotrado de 32 mm de profundidad. Proporcionar\u00e1 luz suave y de alta calidad. La base de este perfil tiene solo 32 mm de profundidad y 35 mm de ancho, pero puede soportar tiras LED de hasta 25 mm de ancho para una distribuci\u00f3n de luz \u00f3ptima.<\/p>\n\n\n\n<p>The aluminum frame isn&#8217;t just for looks; it&#8217;s also a high-performance heatsink that keeps the LED strips&nbsp;functioning smoothly for a long period. The&nbsp;installation process is easy, starting with&nbsp;inserting&nbsp;special&nbsp;recessed&nbsp;buckles&nbsp;into&nbsp;the&nbsp;channel&#8217;s&nbsp;back slot, then pressing the profile into the ceiling&nbsp;or&nbsp;drywall&nbsp;groove,&nbsp;leaving&nbsp;a&nbsp;perfect,&nbsp;trimless&nbsp;finish.<\/p>\n\n\n\n<p>Este accesorio es adecuado para proyectos de arquitectura moderna, ya que proporciona luz lineal continua discreta, ideal para entornos profesionales, incluyendo vest\u00edbulos corporativos, salas de exhibici\u00f3n especializadas y espacios de oficina modernos.<\/p>\n<\/div>\n\n\n\n<div class=\"wp-block-group has-background\" style=\"background-color:#f1f1f1;padding-top:var(--wp--preset--spacing--60);padding-bottom:var(--wp--preset--spacing--60)\"><div class=\"wp-block-group__inner-container is-layout-constrained wp-block-group-is-layout-constrained\">\n<div class=\"wp-block-group\" style=\"padding-top:var(--wp--preset--spacing--80);padding-bottom:var(--wp--preset--spacing--80)\"><div class=\"wp-block-group__inner-container is-layout-constrained wp-block-group-is-layout-constrained\">\n<h2 class=\"wp-block-heading\" style=\"padding-top:var(--wp--preset--spacing--40);padding-bottom:var(--wp--preset--spacing--40);font-size:25px;font-style:normal;font-weight:600;text-transform:capitalize\">\u00bfPor qu\u00e9 elegir nuestro canal LED empotrado de 32 mm?<\/h2>\n\n\n\n<ul class=\"wp-block-list\">\n<li>Ancho interno de 25.6 mm: Esto se adapta a las luces LED de tira de hasta 25 mm de ancho, incluyendo LEDs COB (Chip on Board) de alta densidad o SMD de doble fila, proporcionando la luz m\u00e1s brillante y uniforme.<\/li>\n\n\n\n<li>Dise\u00f1o empotrado: Las bridas empotradas facilitan la instalaci\u00f3n en paneles de yeso, haciendo que la carcasa LED sea invisible.<\/li>\n\n\n\n<li>Difusi\u00f3n suave y sin puntos: Viene con un difusor de PC opal de alta calidad que hace que la salida de luz sea uniforme y sin deslumbramiento, sin puntos LED ni puntos calientes.<\/li>\n\n\n\n<li>Material de alta calidad: Se utiliza aluminio anodizado para fabricar este canal, lo que ayuda a que los LEDs duren m\u00e1s y funcionen mejor al dispersar el calor de manera uniforme.<\/li>\n\n\n\n<li>Se puede utilizar para diferentes aplicaciones: excelente para proyectos de hogar, negocios y arquitectura, incluyendo iluminaci\u00f3n de cove, iluminaci\u00f3n bajo gabinete, iluminaci\u00f3n empotrada en paredes e iluminaci\u00f3n ambiental de techos.<\/li>\n<\/ul>\n<\/div><\/div>\n<\/div><\/div>\n\n\n\n<div class=\"wp-block-group\" style=\"padding-top:var(--wp--preset--spacing--60);padding-bottom:var(--wp--preset--spacing--60)\"><div class=\"wp-block-group__inner-container is-layout-constrained wp-block-group-is-layout-constrained\">\n<div class=\"wp-block-media-text has-media-on-the-right is-stacked-on-mobile\" style=\"grid-template-columns:auto 40%\"><div class=\"wp-block-media-text__content\">\n<h2 class=\"wp-block-heading\" style=\"padding-top:var(--wp--preset--spacing--40);padding-bottom:var(--wp--preset--spacing--40);font-size:25px;font-style:normal;font-weight:600;text-transform:capitalize\">Instalaci\u00f3n Sencilla<\/h2>\n\n\n\n<ul class=\"wp-block-list\">\n<li>Realiza un corte limpio y recto en tu techo o panel de yeso.<\/li>\n\n\n\n<li>Usa las hebillas empotradas que vienen con la extrusi\u00f3n de aluminio para mantenerlo en su lugar.<\/li>\n\n\n\n<li>Coloca tu tira LED en el canal y conecta los cables.<\/li>\n\n\n\n<li>Coloca el difusor en posici\u00f3n para obtener luz suave y uniforme.<\/li>\n<\/ul>\n<\/div><figure class=\"wp-block-media-text__media\"><img loading=\"lazy\" decoding=\"async\" width=\"500\" height=\"500\" src=\"https:\/\/tangooled.com\/wp-content\/uploads\/2025\/07\/r3532-ins.webp\" alt=\"35mm recessed silver led strip light channel\" class=\"wp-image-41828 size-full\" srcset=\"https:\/\/tangooled.com\/wp-content\/uploads\/2025\/07\/r3532-ins.webp 500w, https:\/\/tangooled.com\/wp-content\/uploads\/2025\/07\/r3532-ins-300x300.webp 300w, https:\/\/tangooled.com\/wp-content\/uploads\/2025\/07\/r3532-ins-150x150.webp 150w\" sizes=\"auto, (max-width: 500px) 100vw, 500px\" \/><\/figure><\/div>\n<\/div><\/div>\n\n\n\n<div class=\"wp-block-group has-background is-vertical is-layout-flex wp-container-core-group-is-layout-b429018a wp-block-group-is-layout-flex\" style=\"background-color:#f1f1f1f2;padding-top:var(--wp--preset--spacing--70);padding-bottom:var(--wp--preset--spacing--70)\">\n<h2 class=\"wp-block-heading\" style=\"padding-top:var(--wp--preset--spacing--40);padding-bottom:var(--wp--preset--spacing--40);font-size:25px;font-style:normal;font-weight:600\">\u00bfQu\u00e9 obtienes al comprarlo?<\/h2>\n\n\n\n<ul class=\"wp-block-list\">\n<li>Un canal de aluminio empotrado de 32 mm de profundidad<\/li>\n\n\n\n<li>1 cubierta de difusor de policarbonato opal<\/li>\n\n\n\n<li>Dos tapas finales de metal pintables<\/li>\n\n\n\n<li>Hebillas empotradas para montar el canal de forma segura.<\/li>\n<\/ul>\n<\/div>\n\n\n\n<div class=\"wp-block-group\" style=\"padding-top:var(--wp--preset--spacing--80);padding-bottom:var(--wp--preset--spacing--80)\"><div class=\"wp-block-group__inner-container is-layout-constrained wp-block-group-is-layout-constrained\">\n<h2 class=\"wp-block-heading\" style=\"padding-top:var(--wp--preset--spacing--40);padding-bottom:var(--wp--preset--spacing--40);font-size:25px;font-style:normal;font-weight:600;text-transform:capitalize\">Escenarios de uso ideal para nuestro canal LED empotrado de 32 mm de profundidad<\/h2>\n\n\n\n<ul class=\"wp-block-list\">\n<li>Iluminaci\u00f3n de Cove Arquitect\u00f3nica: Usa el techo para crear l\u00edneas de luz que se prolongan para una iluminaci\u00f3n hermosa.<\/li>\n\n\n\n<li>Iluminaci\u00f3n empotrada en paredes: Ideal para paredes de acento y luz de caracter\u00edsticas en hoteles, lugares de trabajo y comercios.<\/li>\n\n\n\n<li>Under-Cabinet and Shelf Lighting: This type of lighting makes it easier to see what you&#8217;re doing in kitchens and display cabinets.<\/li>\n\n\n\n<li>Espacios Comerciales: Excelente para iluminar oficinas, vest\u00edbulos de hoteles y tiendas de alta gama.<\/li>\n<\/ul>\n<\/div><\/div>\n\n\n\n<p><\/p>","protected":false},"featured_media":14815,"template":"","meta":{"_acf_changed":true,"_seopress_robots_primary_cat":"none","_seopress_titles_title":"32mm Deep Recessed LED Channel | Free-spot Aluminum Profile | TANGOOLED","_seopress_titles_desc":"Achieve flawless, dot-free lighting with our 32mm deep recessed LED channel. This extra-deep aluminum profile provides superior light diffusion for high-end architectural projects, ensuring a seamless linear glow.","_seopress_robots_index":""},"pcb-width":[230],"product-cat":[193],"class_list":{"0":"post-34971","1":"product","2":"type-product","3":"status-publish","4":"has-post-thumbnail","6":"pcb-width-20-25mm","7":"product-cat-recessed-profile"},"acf":[],"_links":{"self":[{"href":"https:\/\/tangooled.com\/es\/wp-json\/wp\/v2\/product\/34971","targetHints":{"allow":["GET"]}}],"collection":[{"href":"https:\/\/tangooled.com\/es\/wp-json\/wp\/v2\/product"}],"about":[{"href":"https:\/\/tangooled.com\/es\/wp-json\/wp\/v2\/types\/product"}],"wp:featuredmedia":[{"embeddable":true,"href":"https:\/\/tangooled.com\/es\/wp-json\/wp\/v2\/media\/14815"}],"wp:attachment":[{"href":"https:\/\/tangooled.com\/es\/wp-json\/wp\/v2\/media?parent=34971"}],"wp:term":[{"taxonomy":"pcb-width","embeddable":true,"href":"https:\/\/tangooled.com\/es\/wp-json\/wp\/v2\/pcb-width?post=34971"},{"taxonomy":"product-cat","embeddable":true,"href":"https:\/\/tangooled.com\/es\/wp-json\/wp\/v2\/product-cat?post=34971"}],"curies":[{"name":"wp","href":"https:\/\/api.w.org\/{rel}","templated":true}]}}